{"id":15306,"date":"2024-01-30T12:35:26","date_gmt":"2024-01-30T11:35:26","guid":{"rendered":"https:\/\/serveiseducatius.xtec.cat\/cda-tarragona\/?page_id=15306"},"modified":"2025-02-27T13:05:27","modified_gmt":"2025-02-27T12:05:27","slug":"tarraco-viva24-participants","status":"publish","type":"page","link":"https:\/\/serveiseducatius.xtec.cat\/cda-tarragona\/tarraco-viva24-participants\/","title":{"rendered":"Participants al Juguem com jugaven les nenes i els nens de T\u00e0rraco"},"content":{"rendered":"<h5><span style=\"color: #800080;\"><strong>CENTRES EDUCATIUS: ALUMNAT I DOCENTS PARTICIPANTS<\/strong><\/span><\/h5>\n<p>&nbsp;<\/p>\n<ul>\n<li><strong>Data de la XXIIa Jornada Jornada d&#8217;Aprenentatge: <em>Juguem com jugaven les nenes i els nens de T\u00e0rraco:<\/em><\/strong>\n<ul>\n<li>Dijous, 16 de maig de 2024, de 9:00 a 12:30 h.<\/li>\n<\/ul>\n<\/li>\n<\/ul>\n<ul>\n<li><strong>Programaci\u00f3:<\/strong>\n<ul>\n<li><a href=\"https:\/\/drive.google.com\/file\/d\/1doRn1y3AQAK4Qp-agrsUS-Dfc5QkSpz1\/view?usp=drive_link\" target=\"_blank\" rel=\"noopener\">Fullet amb la Programaci\u00f3 de la Jornada.<\/a><\/li>\n<\/ul>\n<\/li>\n<\/ul>\n<ul>\n<li><strong>Documents per a la participaci\u00f3:<\/strong>\n<ul>\n<li><a href=\"https:\/\/drive.google.com\/file\/d\/1pnq5y9wFOAvOFGr48GZor59bHt6apap1\/view?usp=sharing\" target=\"_blank\" rel=\"noopener\">Carta per als infants de Tarragona i el Tarragon\u00e8s (2024).<\/a><\/li>\n<li><a href=\"https:\/\/drive.google.com\/file\/d\/1jesvdJ98gdixWuSQuqV0tsrHiv0gKgfM\/view?usp=sharing\" target=\"_blank\" rel=\"noopener\">Instruccions de funcionament: pr\u00e8vies, durant i despr\u00e9s de la Jornada.<\/a><\/li>\n<li><a href=\"https:\/\/drive.google.com\/file\/d\/1qMFZGXdvWA9_tR2-z5YtqeCx-F3S9bJl\/view?usp=sharing\" target=\"_blank\" rel=\"noopener\">Cartell de la XXIIa Jornada d&#8217;Aprenentatge Actiu (2024).<\/a><\/li>\n<li><a href=\"https:\/\/drive.google.com\/file\/d\/1p63SxtWDegW5BB30Qj7s9Ujt6Pvy29l7\/view?usp=sharing\" target=\"_blank\" rel=\"noopener\">Proposta did\u00e0ctica de treball del cartell de la XXIIa Jornada (2024).<\/a><\/li>\n<li><a href=\"https:\/\/drive.google.com\/file\/d\/1ml-0RoUTysSExfOvIOm2HvXwFoWIe-Qm\/view?usp=drive_link\" target=\"_blank\" rel=\"noopener\">Solucionari de la Proposta did\u00e0ctica de treball del cartell de la XXIIa Jornada (2024).<\/a><\/li>\n<li><a href=\"https:\/\/view.genial.ly\/63e38fc25fa26c001aaedb71\/interactive-image-de-mostra\" target=\"_blank\" rel=\"noopener\">Proposta did\u00e0ctica digital del cartell: Genially.<\/a><\/li>\n<li><a href=\"https:\/\/docs.google.com\/document\/d\/1BEaid0DAX-m4LTMkV0i9GBVb3bfuuOi9v7c-_s0C70Y\/edit?usp=sharing\" target=\"_blank\" rel=\"noopener\">Instruccions d&#8217;\u00fas dels gomets en el passaport de joc de l&#8217;alumnat durant la Jornada.<\/a><\/li>\n<li><a href=\"https:\/\/drive.google.com\/file\/d\/1QC4ycC8qQj9S856kWCOJF65OgcHfXCEO\/view\" target=\"_blank\" rel=\"noopener\">Mapa de localitzaci\u00f3 dels jocs en el Parc del Camp de Mart.<\/a><\/li>\n<li><a href=\"https:\/\/docs.google.com\/spreadsheets\/d\/1co_eVecbpqfcPtwuX_CLcFtP6YmZl8NHKf41MAYdmZw\/edit?usp=sharing\" target=\"_blank\" rel=\"noopener\">Taula de jocs, descripcions i tipologia per a la Jornada d&#8217;Aprenentatge Actiu 2024.<\/a><\/li>\n<li><a href=\"https:\/\/drive.google.com\/file\/d\/14UdMQl-DnB8FfbbMe9iPIxx7fCNBf4lD\/view?usp=sharing\" target=\"_blank\" rel=\"noopener\">Instruccions del joc rom\u00e0 obsequiat al centre per a la Jornada d&#8217;Aprenentatge Actiu 2024.<\/a><\/li>\n<\/ul>\n<\/li>\n<\/ul>\n<ul>\n<li><strong>Ubicaci\u00f3:<\/strong>\n<ul>\n<li><a href=\"https:\/\/goo.gl\/maps\/CC8uVTZAvQCWoXqZ6\" target=\"_blank\" rel=\"noopener\">Enlla\u00e7 de l&#8217;entrada al Parc del Camp de Mart pel carrer de la Reina Maria Cristina.<\/a><\/li>\n<\/ul>\n<\/li>\n<\/ul>\n<p><iframe loading=\"lazy\" style=\"border: 0;\" src=\"https:\/\/www.google.com\/maps\/embed?pb=!4v1707818501134!6m8!1m7!1seQaXy3MegV_YHPhsKsXPsA!2m2!1d41.12079526714713!2d1.255891617397738!3f173.4958327386106!4f10.068424973723964!5f0.7820865974627469\" width=\"600\" height=\"450\" allowfullscreen=\"allowfullscreen\"><\/iframe><\/p>\n<ul>\n<li><strong>Canal de comunicaci\u00f3:<\/strong><\/li>\n<\/ul>\n<p><img loading=\"lazy\" decoding=\"async\" class=\"wp-image-15559 alignleft\" src=\"https:\/\/serveiseducatius.xtec.cat\/cda-tarragona\/wp-content\/uploads\/usu1376\/2024\/04\/QR.png\" alt=\"\" width=\"187\" height=\"231\" srcset=\"https:\/\/serveiseducatius.xtec.cat\/cda-tarragona\/wp-content\/uploads\/usu1376\/2024\/04\/QR.png 684w, https:\/\/serveiseducatius.xtec.cat\/cda-tarragona\/wp-content\/uploads\/usu1376\/2024\/04\/QR-242x300.png 242w\" sizes=\"auto, (max-width: 187px) 100vw, 187px\" \/><\/p>\n<p>&nbsp;<\/p>\n<p>&nbsp;<\/p>\n<p>&nbsp;<\/p>\n<p>&nbsp;<\/p>\n<p>&nbsp;<\/p>\n<p>&nbsp;<\/p>\n<ul>\n<li><strong>Valoracions posteriors a la Jornada:<\/strong><\/li>\n<li style=\"list-style-type: none;\">\n<ul>\n<li><a href=\"https:\/\/forms.gle\/xCLRHuVTPYn9ndeCA\" target=\"_blank\" rel=\"noopener\">Enlla\u00e7 al Q\u00fcestionari de valoraci\u00f3 de la Jornada per a l&#8217;alumnat de centres educatius participants.<\/a><\/li>\n<li><a href=\"https:\/\/docs.google.com\/forms\/d\/e\/1FAIpQLSeq7zx9lyZytWpguZYB4wX3-ZaL4BfbUlCJWiU5nUyLhie5VA\/viewform?usp=sf_link\" target=\"_blank\" rel=\"noopener\">Enlla\u00e7 al Q\u00fcestionari de valoraci\u00f3 de la Jornada per als docents de centres educatius participants.<\/a><\/li>\n<\/ul>\n<\/li>\n<\/ul>\n<ol>\n<li style=\"list-style-type: none;\"><\/li>\n<\/ol>\n<p>Aquest acte es fa gr\u00e0cies a la col\u00b7laboraci\u00f3 d&#8217;entitats, empreses i institucions de Tarragona. Gr\u00e0cies a totes i tots!<\/p>\n<p><img loading=\"lazy\" decoding=\"async\" class=\"wp-image-13981 alignleft\" src=\"https:\/\/serveiseducatius.xtec.cat\/cda-tarragona\/wp-content\/uploads\/usu1376\/2023\/04\/Logo_Repsol.png\" alt=\"\" width=\"91\" height=\"75\" srcset=\"https:\/\/serveiseducatius.xtec.cat\/cda-tarragona\/wp-content\/uploads\/usu1376\/2023\/04\/Logo_Repsol.png 696w, https:\/\/serveiseducatius.xtec.cat\/cda-tarragona\/wp-content\/uploads\/usu1376\/2023\/04\/Logo_Repsol-300x250.png 300w\" sizes=\"auto, (max-width: 91px) 100vw, 91px\" \/><img loading=\"lazy\" decoding=\"async\" class=\"wp-image-13979 alignleft\" src=\"https:\/\/serveiseducatius.xtec.cat\/cda-tarragona\/wp-content\/uploads\/usu1376\/2023\/04\/logo_tarraco_viva-1024x218.png\" alt=\"\" width=\"224\" height=\"48\" srcset=\"https:\/\/serveiseducatius.xtec.cat\/cda-tarragona\/wp-content\/uploads\/usu1376\/2023\/04\/logo_tarraco_viva-1024x218.png 1024w, https:\/\/serveiseducatius.xtec.cat\/cda-tarragona\/wp-content\/uploads\/usu1376\/2023\/04\/logo_tarraco_viva-300x64.png 300w, https:\/\/serveiseducatius.xtec.cat\/cda-tarragona\/wp-content\/uploads\/usu1376\/2023\/04\/logo_tarraco_viva-768x164.png 768w, https:\/\/serveiseducatius.xtec.cat\/cda-tarragona\/wp-content\/uploads\/usu1376\/2023\/04\/logo_tarraco_viva-1536x327.png 1536w, https:\/\/serveiseducatius.xtec.cat\/cda-tarragona\/wp-content\/uploads\/usu1376\/2023\/04\/logo_tarraco_viva.png 1990w\" sizes=\"auto, (max-width: 224px) 100vw, 224px\" \/><img loading=\"lazy\" decoding=\"async\" class=\" wp-image-13984 alignleft\" src=\"https:\/\/serveiseducatius.xtec.cat\/cda-tarragona\/wp-content\/uploads\/usu1376\/2023\/04\/tgn_col_lat-1-1024x267.jpg\" alt=\"\" width=\"219\" height=\"57\" srcset=\"https:\/\/serveiseducatius.xtec.cat\/cda-tarragona\/wp-content\/uploads\/usu1376\/2023\/04\/tgn_col_lat-1-1024x267.jpg 1024w, https:\/\/serveiseducatius.xtec.cat\/cda-tarragona\/wp-content\/uploads\/usu1376\/2023\/04\/tgn_col_lat-1-300x78.jpg 300w, https:\/\/serveiseducatius.xtec.cat\/cda-tarragona\/wp-content\/uploads\/usu1376\/2023\/04\/tgn_col_lat-1-768x200.jpg 768w, https:\/\/serveiseducatius.xtec.cat\/cda-tarragona\/wp-content\/uploads\/usu1376\/2023\/04\/tgn_col_lat-1.jpg 1121w\" sizes=\"auto, (max-width: 219px) 100vw, 219px\" \/><img loading=\"lazy\" decoding=\"async\" class=\"wp-image-13980 alignleft\" src=\"https:\/\/serveiseducatius.xtec.cat\/cda-tarragona\/wp-content\/uploads\/usu1376\/2023\/04\/Logo_Departament_Educacio\u0301_Sense_Fons-1024x190.png\" alt=\"\" width=\"242\" height=\"45\" srcset=\"https:\/\/serveiseducatius.xtec.cat\/cda-tarragona\/wp-content\/uploads\/usu1376\/2023\/04\/Logo_Departament_Educacio\u0301_Sense_Fons-1024x190.png 1024w, https:\/\/serveiseducatius.xtec.cat\/cda-tarragona\/wp-content\/uploads\/usu1376\/2023\/04\/Logo_Departament_Educacio\u0301_Sense_Fons-300x56.png 300w, https:\/\/serveiseducatius.xtec.cat\/cda-tarragona\/wp-content\/uploads\/usu1376\/2023\/04\/Logo_Departament_Educacio\u0301_Sense_Fons-768x142.png 768w, https:\/\/serveiseducatius.xtec.cat\/cda-tarragona\/wp-content\/uploads\/usu1376\/2023\/04\/Logo_Departament_Educacio\u0301_Sense_Fons-1536x285.png 1536w, https:\/\/serveiseducatius.xtec.cat\/cda-tarragona\/wp-content\/uploads\/usu1376\/2023\/04\/Logo_Departament_Educacio\u0301_Sense_Fons-2048x380.png 2048w\" sizes=\"auto, (max-width: 242px) 100vw, 242px\" \/><\/p>\n","protected":false},"excerpt":{"rendered":"<p>CENTRES EDUCATIUS: ALUMNAT I DOCENTS PARTICIPANTS &nbsp; Data de la XXIIa Jornada Jornada d&#8217;Aprenentatge: Juguem com jugaven les nenes i els nens de T\u00e0rraco: Dijous, 16 de maig de 2024, de 9:00 a 12:30 h. Programaci\u00f3: Fullet amb la Programaci\u00f3 de la Jornada. Documents per a la participaci\u00f3: Carta per als infants de Tarragona i [&hellip;]<\/p>\n","protected":false},"author":1,"featured_media":0,"parent":0,"menu_order":0,"comment_status":"closed","ping_status":"closed","template":"","meta":{"_bbp_topic_count":0,"_bbp_reply_count":0,"_bbp_total_topic_count":0,"_bbp_total_reply_count":0,"_bbp_voice_count":0,"_bbp_anonymous_reply_count":0,"_bbp_topic_count_hidden":0,"_bbp_reply_count_hidden":0,"_bbp_forum_subforum_count":0,"site-sidebar-layout":"default","site-content-layout":"","ast-site-content-layout":"","site-content-style":"default","site-sidebar-style":"default","ast-global-header-display":"","ast-banner-title-visibility":"","ast-main-header-display":"","ast-hfb-above-header-display":"","ast-hfb-below-header-display":"","ast-hfb-mobile-header-display":"","site-post-title":"","ast-breadcrumbs-content":"","ast-featured-img":"","footer-sml-layout":"","theme-transparent-header-meta":"","adv-header-id-meta":"","stick-header-meta":"","header-above-stick-meta":"","header-main-stick-meta":"","header-below-stick-meta":"","astra-migrate-meta-layouts":"default","ast-page-background-enabled":"default","ast-page-background-meta":{"desktop":{"background-color":"var(--ast-global-color-4)","background-image":"","background-repeat":"repeat","background-position":"center center","background-size":"auto","background-attachment":"scroll","background-type":"","background-media":"","overlay-type":"","overlay-color":"","overlay-opacity":"","overlay-gradient":""},"tablet":{"background-color":"","background-image":"","background-repeat":"repeat","background-position":"center center","background-size":"auto","background-attachment":"scroll","background-type":"","background-media":"","overlay-type":"","overlay-color":"","overlay-opacity":"","overlay-gradient":""},"mobile":{"background-color":"","background-image":"","background-repeat":"repeat","background-position":"center center","background-size":"auto","background-attachment":"scroll","background-type":"","background-media":"","overlay-type":"","overlay-color":"","overlay-opacity":"","overlay-gradient":""}},"ast-content-background-meta":{"desktop":{"background-color":"var(--ast-global-color-5)","background-image":"","background-repeat":"repeat","background-position":"center center","background-size":"auto","background-attachment":"scroll","background-type":"","background-media":"","overlay-type":"","overlay-color":"","overlay-opacity":"","overlay-gradient":""},"tablet":{"background-color":"var(--ast-global-color-5)","background-image":"","background-repeat":"repeat","background-position":"center center","background-size":"auto","background-attachment":"scroll","background-type":"","background-media":"","overlay-type":"","overlay-color":"","overlay-opacity":"","overlay-gradient":""},"mobile":{"background-color":"var(--ast-global-color-5)","background-image":"","background-repeat":"repeat","background-position":"center center","background-size":"auto","background-attachment":"scroll","background-type":"","background-media":"","overlay-type":"","overlay-color":"","overlay-opacity":"","overlay-gradient":""}},"footnotes":""},"class_list":["post-15306","page","type-page","status-publish","hentry"],"post_mailing_queue_ids":[],"_links":{"self":[{"href":"https:\/\/serveiseducatius.xtec.cat\/cda-tarragona\/wp-json\/wp\/v2\/pages\/15306","targetHints":{"allow":["GET"]}}],"collection":[{"href":"https:\/\/serveiseducatius.xtec.cat\/cda-tarragona\/wp-json\/wp\/v2\/pages"}],"about":[{"href":"https:\/\/serveiseducatius.xtec.cat\/cda-tarragona\/wp-json\/wp\/v2\/types\/page"}],"author":[{"embeddable":true,"href":"https:\/\/serveiseducatius.xtec.cat\/cda-tarragona\/wp-json\/wp\/v2\/users\/1"}],"replies":[{"embeddable":true,"href":"https:\/\/serveiseducatius.xtec.cat\/cda-tarragona\/wp-json\/wp\/v2\/comments?post=15306"}],"version-history":[{"count":7,"href":"https:\/\/serveiseducatius.xtec.cat\/cda-tarragona\/wp-json\/wp\/v2\/pages\/15306\/revisions"}],"predecessor-version":[{"id":15310,"href":"https:\/\/serveiseducatius.xtec.cat\/cda-tarragona\/wp-json\/wp\/v2\/pages\/15306\/revisions\/15310"}],"wp:attachment":[{"href":"https:\/\/serveiseducatius.xtec.cat\/cda-tarragona\/wp-json\/wp\/v2\/media?parent=15306"}],"curies":[{"name":"wp","href":"https:\/\/api.w.org\/{rel}","templated":true}]}}