{"id":13952,"date":"2023-03-20T11:20:31","date_gmt":"2023-03-20T10:20:31","guid":{"rendered":"https:\/\/serveiseducatius.xtec.cat\/cda-tarragona\/?page_id=13952"},"modified":"2023-09-28T09:38:56","modified_gmt":"2023-09-28T07:38:56","slug":"pont-del-diable","status":"publish","type":"page","link":"https:\/\/serveiseducatius.xtec.cat\/cda-tarragona\/pont-del-diable\/","title":{"rendered":"Pont del diable"},"content":{"rendered":"<p>Per descarregar els documents cliqueu als noms seg\u00fcents:<\/p>\n<ul>\n<li>Llibre de lectura \u201cEl pont del diable\u201d: <a href=\"https:\/\/drive.google.com\/file\/d\/0B8zYdEWDqCjPZk1xMkg3X1hwM2s\/view?usp=drive_link&amp;resourcekey=0-ea93LOHY9yF1ynXamv9o5Q\" target=\"_blank\" rel=\"noopener\">El Pont Del Diable_Llibre de lectura<\/a><\/li>\n<li>Llibre de lectura en angl\u00e8s \u201cThe Devil\u2019s bridge\u201d: <a href=\"https:\/\/serveiseducatius.xtec.cat\/cda-tarragona\/wp-content\/uploads\/usu1376\/2023\/03\/TheDevilsBridgeBook.pdf\">The Devils Bridge_Book<\/a><\/li>\n<li>Material de l&#8217;alumnat per Cicle Mitj\u00e0 d&#8217;Educaci\u00f3 Prim\u00e0ria: <a href=\"https:\/\/serveiseducatius.xtec.cat\/cda-tarragona\/wp-content\/uploads\/usu1376\/2023\/03\/ElPontDelDiableMaterialAlumnatLlibreEP.pdf\">El Pont Del Diable_Material per a l&#8217;Alumnat_LlibreEP<\/a><\/li>\n<li>Material del professorat per Cicle Mitj\u00e0 d&#8217;Educaci\u00f3 Prim\u00e0ria: <a href=\"https:\/\/serveiseducatius.xtec.cat\/cda-tarragona\/wp-content\/uploads\/usu1376\/2023\/03\/ElPontDelDiableMaterialProfessoratGuiaDidactica.pdf\">El Pont Del Diable_Material per al Professorat_GuiaDidactica<\/a><\/li>\n<\/ul>\n","protected":false},"excerpt":{"rendered":"<p>Per descarregar els documents cliqueu als noms seg\u00fcents: Llibre de lectura \u201cEl pont del diable\u201d: El Pont Del Diable_Llibre de lectura Llibre de lectura en angl\u00e8s \u201cThe Devil\u2019s bridge\u201d: The Devils Bridge_Book Material de l&#8217;alumnat per Cicle Mitj\u00e0 d&#8217;Educaci\u00f3 Prim\u00e0ria: El Pont Del Diable_Material per a l&#8217;Alumnat_LlibreEP Material del professorat per Cicle Mitj\u00e0 d&#8217;Educaci\u00f3 Prim\u00e0ria: [&hellip;]<\/p>\n","protected":false},"author":1,"featured_media":0,"parent":0,"menu_order":0,"comment_status":"closed","ping_status":"closed","template":"","meta":{"_bbp_topic_count":0,"_bbp_reply_count":0,"_bbp_total_topic_count":0,"_bbp_total_reply_count":0,"_bbp_voice_count":0,"_bbp_anonymous_reply_count":0,"_bbp_topic_count_hidden":0,"_bbp_reply_count_hidden":0,"_bbp_forum_subforum_count":0,"site-sidebar-layout":"default","site-content-layout":"","ast-site-content-layout":"","site-content-style":"default","site-sidebar-style":"default","ast-global-header-display":"","ast-banner-title-visibility":"","ast-main-header-display":"","ast-hfb-above-header-display":"","ast-hfb-below-header-display":"","ast-hfb-mobile-header-display":"","site-post-title":"","ast-breadcrumbs-content":"","ast-featured-img":"","footer-sml-layout":"","theme-transparent-header-meta":"","adv-header-id-meta":"","stick-header-meta":"","header-above-stick-meta":"","header-main-stick-meta":"","header-below-stick-meta":"","astra-migrate-meta-layouts":"default","ast-page-background-enabled":"default","ast-page-background-meta":{"desktop":{"background-color":"var(--ast-global-color-4)","background-image":"","background-repeat":"repeat","background-position":"center center","background-size":"auto","background-attachment":"scroll","background-type":"","background-media":"","overlay-type":"","overlay-color":"","overlay-opacity":"","overlay-gradient":""},"tablet":{"background-color":"","background-image":"","background-repeat":"repeat","background-position":"center center","background-size":"auto","background-attachment":"scroll","background-type":"","background-media":"","overlay-type":"","overlay-color":"","overlay-opacity":"","overlay-gradient":""},"mobile":{"background-color":"","background-image":"","background-repeat":"repeat","background-position":"center center","background-size":"auto","background-attachment":"scroll","background-type":"","background-media":"","overlay-type":"","overlay-color":"","overlay-opacity":"","overlay-gradient":""}},"ast-content-background-meta":{"desktop":{"background-color":"var(--ast-global-color-5)","background-image":"","background-repeat":"repeat","background-position":"center center","background-size":"auto","background-attachment":"scroll","background-type":"","background-media":"","overlay-type":"","overlay-color":"","overlay-opacity":"","overlay-gradient":""},"tablet":{"background-color":"var(--ast-global-color-5)","background-image":"","background-repeat":"repeat","background-position":"center center","background-size":"auto","background-attachment":"scroll","background-type":"","background-media":"","overlay-type":"","overlay-color":"","overlay-opacity":"","overlay-gradient":""},"mobile":{"background-color":"var(--ast-global-color-5)","background-image":"","background-repeat":"repeat","background-position":"center center","background-size":"auto","background-attachment":"scroll","background-type":"","background-media":"","overlay-type":"","overlay-color":"","overlay-opacity":"","overlay-gradient":""}},"footnotes":""},"class_list":["post-13952","page","type-page","status-publish","hentry"],"post_mailing_queue_ids":[],"_links":{"self":[{"href":"https:\/\/serveiseducatius.xtec.cat\/cda-tarragona\/wp-json\/wp\/v2\/pages\/13952","targetHints":{"allow":["GET"]}}],"collection":[{"href":"https:\/\/serveiseducatius.xtec.cat\/cda-tarragona\/wp-json\/wp\/v2\/pages"}],"about":[{"href":"https:\/\/serveiseducatius.xtec.cat\/cda-tarragona\/wp-json\/wp\/v2\/types\/page"}],"author":[{"embeddable":true,"href":"https:\/\/serveiseducatius.xtec.cat\/cda-tarragona\/wp-json\/wp\/v2\/users\/1"}],"replies":[{"embeddable":true,"href":"https:\/\/serveiseducatius.xtec.cat\/cda-tarragona\/wp-json\/wp\/v2\/comments?post=13952"}],"version-history":[{"count":3,"href":"https:\/\/serveiseducatius.xtec.cat\/cda-tarragona\/wp-json\/wp\/v2\/pages\/13952\/revisions"}],"predecessor-version":[{"id":14949,"href":"https:\/\/serveiseducatius.xtec.cat\/cda-tarragona\/wp-json\/wp\/v2\/pages\/13952\/revisions\/14949"}],"wp:attachment":[{"href":"https:\/\/serveiseducatius.xtec.cat\/cda-tarragona\/wp-json\/wp\/v2\/media?parent=13952"}],"curies":[{"name":"wp","href":"https:\/\/api.w.org\/{rel}","templated":true}]}}