{"id":13843,"date":"2023-02-09T17:41:56","date_gmt":"2023-02-09T16:41:56","guid":{"rendered":"https:\/\/serveiseducatius.xtec.cat\/cda-tarragona\/?page_id=13843"},"modified":"2025-01-24T19:49:45","modified_gmt":"2025-01-24T18:49:45","slug":"tarraco-viva24","status":"publish","type":"page","link":"https:\/\/serveiseducatius.xtec.cat\/cda-tarragona\/tarraco-viva24\/","title":{"rendered":"Juguem com jugaven les nenes i els nens de T\u00e0rraco 2024"},"content":{"rendered":"<link href=\"https:\/\/cdn.jsdelivr.net\/npm\/bootstrap@5.3.3\/dist\/css\/bootstrap.min.css\" rel=\"stylesheet\">\n<script src=\"https:\/\/cdn.jsdelivr.net\/npm\/bootstrap@5.3.3\/dist\/js\/bootstrap.bundle.min.js\"><\/script><\/p>\n<div class=\"content\" style=\"clear: both;\">\n<div class=\"row\">\n<div class=\"col-xs-0 col-sm-0 col-md-3 col-lg-3 col-xl-4\" style=\"float: left; border: 1px solid #770E4B;\">\n<p style=\"text-align: justify;\"><img loading=\"lazy\" decoding=\"async\" width=\"1024\" height=\"728\" class=\" wp-image-15469 alignleft\" style=\"width: 100%;\" title=\"Imatge dels Jocs Romans\" src=\"https:\/\/serveiseducatius.xtec.cat\/cda-tarragona\/wp-content\/uploads\/usu1376\/2024\/02\/2024_cartell_Jornada_Tarraco_Viva_LQy-1024x728.jpg\" alt=\"Imatge dels Jocs Romans\" srcset=\"https:\/\/serveiseducatius.xtec.cat\/cda-tarragona\/wp-content\/uploads\/usu1376\/2024\/02\/2024_cartell_Jornada_Tarraco_Viva_LQy-1024x728.jpg 1024w, https:\/\/serveiseducatius.xtec.cat\/cda-tarragona\/wp-content\/uploads\/usu1376\/2024\/02\/2024_cartell_Jornada_Tarraco_Viva_LQy-300x213.jpg 300w, https:\/\/serveiseducatius.xtec.cat\/cda-tarragona\/wp-content\/uploads\/usu1376\/2024\/02\/2024_cartell_Jornada_Tarraco_Viva_LQy-768x546.jpg 768w, https:\/\/serveiseducatius.xtec.cat\/cda-tarragona\/wp-content\/uploads\/usu1376\/2024\/02\/2024_cartell_Jornada_Tarraco_Viva_LQy-1536x1092.jpg 1536w, https:\/\/serveiseducatius.xtec.cat\/cda-tarragona\/wp-content\/uploads\/usu1376\/2024\/02\/2024_cartell_Jornada_Tarraco_Viva_LQy-2048x1457.jpg 2048w\" sizes=\"auto, (max-width: 1024px) 100vw, 1024px\" \/><\/p>\n<\/div>\n<div class=\"col-xs-12 col-sm-12 col-md-9 col-lg-9 col-xl-8\" style=\"float: right;\">\n<p style=\"text-align: justify;\">El dijous dia 16 de maig de 2024 reprenem la jornada presencial de la <strong><em>\u00a0Jornada d\u2019Aprenentatge actiu: Juguem com jugaven les nenes i els nens de T\u00e0rraco<\/em><\/strong> amb la participaci\u00f3 de l\u2019alumnat de cinqu\u00e8 d\u2019Educaci\u00f3 Prim\u00e0ria dels centres educatius del Tarragon\u00e8s.<\/p>\n<p style=\"text-align: justify;\">La jornada s&#8217;iniciar\u00e0 a les 9:30 h a l\u2019auditori del Camp de Mart amb l&#8217;acte d&#8217;inauguraci\u00f3, on representants del Departament d&#8217;Educaci\u00f3 i de les entitats col\u00b7laboradores donaran la benvinguda a l\u2019alumnat i als seus docents.<\/p>\n<p style=\"text-align: justify;\">Tot seguit, els infants es distribuiran pels espais dels Jardins de Camp de Mart i podran viure, durant tot el mat\u00ed, una experi\u00e8ncia l\u00fadica i immersiva en el m\u00f3n dels jocs romans d&#8217;infants, a m\u00e9s d&#8217;un espectacle de gladiadors, a c\u00e0rrec del grup de reconstrucci\u00f3 hist\u00f2rica de Cant\u00e0bria <em><strong>Collegium Gladiatorium Hispaniensis,<\/strong><\/em>ofert en tres torns.<\/p>\n<div style=\"clear: both;\"><a href=\"https:\/\/serveiseducatius.xtec.cat\/cda-tarragona\/tarraco-viva24-participants\/\"><input style=\"float: left; width: 45%; height: 50px; background-color: #780f49; color: #fff; border-radius: 15px;\" type=\"button\" value=\"Escoles\" \/><\/a><a href=\"https:\/\/serveiseducatius.xtec.cat\/cda-tarragona\/tarraco-viva24-collaboradors\/\"><input style=\"float: right; width: 45%; height: 50px; background-color: #780f49; color: #fff; border-radius: 15px;\" type=\"button\" value=\"URV i Instituts\" \/><\/a><\/div>\n<\/div>\n<\/div>\n<div class=\"row\" style=\"margin-top:20px!important\">\nAquest acte es fa gr\u00e0cies a la col\u00b7laboraci\u00f3 d&#8217;entitats, empreses i institucions de Tarragona. Gr\u00e0cies a totes i tots!<\/p>\n<div style=\"width: 70%; margin: 10px auto;\"><img loading=\"lazy\" decoding=\"async\" width=\"696\" height=\"577\" class=\"wp-image-13981 alignleft\" style=\"width: 91px; height: 75px; margin: 0px 20px;\" src=\"https:\/\/serveiseducatius.xtec.cat\/cda-tarragona\/wp-content\/uploads\/usu1376\/2023\/04\/Logo_Repsol.png\" alt=\"\" srcset=\"https:\/\/serveiseducatius.xtec.cat\/cda-tarragona\/wp-content\/uploads\/usu1376\/2023\/04\/Logo_Repsol.png 696w, https:\/\/serveiseducatius.xtec.cat\/cda-tarragona\/wp-content\/uploads\/usu1376\/2023\/04\/Logo_Repsol-300x250.png 300w\" sizes=\"auto, (max-width: 696px) 100vw, 696px\" \/><img loading=\"lazy\" decoding=\"async\" width=\"1024\" height=\"218\" class=\"wp-image-13979 alignleft\" style=\"width: 224px; height: 48px; margin: 0px 20px;\" src=\"https:\/\/serveiseducatius.xtec.cat\/cda-tarragona\/wp-content\/uploads\/usu1376\/2023\/04\/logo_tarraco_viva-1024x218.png\" alt=\"\" srcset=\"https:\/\/serveiseducatius.xtec.cat\/cda-tarragona\/wp-content\/uploads\/usu1376\/2023\/04\/logo_tarraco_viva-1024x218.png 1024w, https:\/\/serveiseducatius.xtec.cat\/cda-tarragona\/wp-content\/uploads\/usu1376\/2023\/04\/logo_tarraco_viva-300x64.png 300w, https:\/\/serveiseducatius.xtec.cat\/cda-tarragona\/wp-content\/uploads\/usu1376\/2023\/04\/logo_tarraco_viva-768x164.png 768w, https:\/\/serveiseducatius.xtec.cat\/cda-tarragona\/wp-content\/uploads\/usu1376\/2023\/04\/logo_tarraco_viva-1536x327.png 1536w, https:\/\/serveiseducatius.xtec.cat\/cda-tarragona\/wp-content\/uploads\/usu1376\/2023\/04\/logo_tarraco_viva.png 1990w\" sizes=\"auto, (max-width: 1024px) 100vw, 1024px\" \/><img loading=\"lazy\" decoding=\"async\" width=\"1024\" height=\"267\" class=\" wp-image-13984 alignleft\" style=\"width: 219px; height: 57px; margin: 0px 20px;\" src=\"https:\/\/serveiseducatius.xtec.cat\/cda-tarragona\/wp-content\/uploads\/usu1376\/2023\/04\/tgn_col_lat-1-1024x267.jpg\" alt=\"\" srcset=\"https:\/\/serveiseducatius.xtec.cat\/cda-tarragona\/wp-content\/uploads\/usu1376\/2023\/04\/tgn_col_lat-1-1024x267.jpg 1024w, https:\/\/serveiseducatius.xtec.cat\/cda-tarragona\/wp-content\/uploads\/usu1376\/2023\/04\/tgn_col_lat-1-300x78.jpg 300w, https:\/\/serveiseducatius.xtec.cat\/cda-tarragona\/wp-content\/uploads\/usu1376\/2023\/04\/tgn_col_lat-1-768x200.jpg 768w, https:\/\/serveiseducatius.xtec.cat\/cda-tarragona\/wp-content\/uploads\/usu1376\/2023\/04\/tgn_col_lat-1.jpg 1121w\" sizes=\"auto, (max-width: 1024px) 100vw, 1024px\" \/><img loading=\"lazy\" decoding=\"async\" width=\"1024\" height=\"190\" class=\"wp-image-13980 alignleft\" style=\"width: 242px; height: 45px; margin: 0px 20px;\" src=\"https:\/\/serveiseducatius.xtec.cat\/cda-tarragona\/wp-content\/uploads\/usu1376\/2023\/04\/Logo_Departament_Educacio\u0301_Sense_Fons-1024x190.png\" alt=\"\" srcset=\"https:\/\/serveiseducatius.xtec.cat\/cda-tarragona\/wp-content\/uploads\/usu1376\/2023\/04\/Logo_Departament_Educacio\u0301_Sense_Fons-1024x190.png 1024w, https:\/\/serveiseducatius.xtec.cat\/cda-tarragona\/wp-content\/uploads\/usu1376\/2023\/04\/Logo_Departament_Educacio\u0301_Sense_Fons-300x56.png 300w, https:\/\/serveiseducatius.xtec.cat\/cda-tarragona\/wp-content\/uploads\/usu1376\/2023\/04\/Logo_Departament_Educacio\u0301_Sense_Fons-768x142.png 768w, https:\/\/serveiseducatius.xtec.cat\/cda-tarragona\/wp-content\/uploads\/usu1376\/2023\/04\/Logo_Departament_Educacio\u0301_Sense_Fons-1536x285.png 1536w, https:\/\/serveiseducatius.xtec.cat\/cda-tarragona\/wp-content\/uploads\/usu1376\/2023\/04\/Logo_Departament_Educacio\u0301_Sense_Fons-2048x380.png 2048w\" sizes=\"auto, (max-width: 1024px) 100vw, 1024px\" \/><\/div>\n<\/div>\n<\/div>\n","protected":false},"excerpt":{"rendered":"<p>El dijous dia 16 de maig de 2024 reprenem la jornada presencial de la \u00a0Jornada d\u2019Aprenentatge actiu: Juguem com jugaven les nenes i els nens de T\u00e0rraco amb la participaci\u00f3 de l\u2019alumnat de cinqu\u00e8 d\u2019Educaci\u00f3 Prim\u00e0ria dels centres educatius del Tarragon\u00e8s. La jornada s&#8217;iniciar\u00e0 a les 9:30 h a l\u2019auditori del Camp de Mart amb [&hellip;]<\/p>\n","protected":false},"author":1,"featured_media":0,"parent":0,"menu_order":0,"comment_status":"closed","ping_status":"closed","template":"","meta":{"_bbp_topic_count":0,"_bbp_reply_count":0,"_bbp_total_topic_count":0,"_bbp_total_reply_count":0,"_bbp_voice_count":0,"_bbp_anonymous_reply_count":0,"_bbp_topic_count_hidden":0,"_bbp_reply_count_hidden":0,"_bbp_forum_subforum_count":0,"site-sidebar-layout":"default","site-content-layout":"","ast-site-content-layout":"","site-content-style":"default","site-sidebar-style":"default","ast-global-header-display":"","ast-banner-title-visibility":"","ast-main-header-display":"","ast-hfb-above-header-display":"","ast-hfb-below-header-display":"","ast-hfb-mobile-header-display":"","site-post-title":"","ast-breadcrumbs-content":"","ast-featured-img":"","footer-sml-layout":"","theme-transparent-header-meta":"","adv-header-id-meta":"","stick-header-meta":"","header-above-stick-meta":"","header-main-stick-meta":"","header-below-stick-meta":"","astra-migrate-meta-layouts":"default","ast-page-background-enabled":"default","ast-page-background-meta":{"desktop":{"background-color":"var(--ast-global-color-4)","background-image":"","background-repeat":"repeat","background-position":"center center","background-size":"auto","background-attachment":"scroll","background-type":"","background-media":"","overlay-type":"","overlay-color":"","overlay-opacity":"","overlay-gradient":""},"tablet":{"background-color":"","background-image":"","background-repeat":"repeat","background-position":"center center","background-size":"auto","background-attachment":"scroll","background-type":"","background-media":"","overlay-type":"","overlay-color":"","overlay-opacity":"","overlay-gradient":""},"mobile":{"background-color":"","background-image":"","background-repeat":"repeat","background-position":"center center","background-size":"auto","background-attachment":"scroll","background-type":"","background-media":"","overlay-type":"","overlay-color":"","overlay-opacity":"","overlay-gradient":""}},"ast-content-background-meta":{"desktop":{"background-color":"var(--ast-global-color-5)","background-image":"","background-repeat":"repeat","background-position":"center center","background-size":"auto","background-attachment":"scroll","background-type":"","background-media":"","overlay-type":"","overlay-color":"","overlay-opacity":"","overlay-gradient":""},"tablet":{"background-color":"var(--ast-global-color-5)","background-image":"","background-repeat":"repeat","background-position":"center center","background-size":"auto","background-attachment":"scroll","background-type":"","background-media":"","overlay-type":"","overlay-color":"","overlay-opacity":"","overlay-gradient":""},"mobile":{"background-color":"var(--ast-global-color-5)","background-image":"","background-repeat":"repeat","background-position":"center center","background-size":"auto","background-attachment":"scroll","background-type":"","background-media":"","overlay-type":"","overlay-color":"","overlay-opacity":"","overlay-gradient":""}},"footnotes":""},"class_list":["post-13843","page","type-page","status-publish","hentry"],"post_mailing_queue_ids":[],"_links":{"self":[{"href":"https:\/\/serveiseducatius.xtec.cat\/cda-tarragona\/wp-json\/wp\/v2\/pages\/13843","targetHints":{"allow":["GET"]}}],"collection":[{"href":"https:\/\/serveiseducatius.xtec.cat\/cda-tarragona\/wp-json\/wp\/v2\/pages"}],"about":[{"href":"https:\/\/serveiseducatius.xtec.cat\/cda-tarragona\/wp-json\/wp\/v2\/types\/page"}],"author":[{"embeddable":true,"href":"https:\/\/serveiseducatius.xtec.cat\/cda-tarragona\/wp-json\/wp\/v2\/users\/1"}],"replies":[{"embeddable":true,"href":"https:\/\/serveiseducatius.xtec.cat\/cda-tarragona\/wp-json\/wp\/v2\/comments?post=13843"}],"version-history":[{"count":7,"href":"https:\/\/serveiseducatius.xtec.cat\/cda-tarragona\/wp-json\/wp\/v2\/pages\/13843\/revisions"}],"predecessor-version":[{"id":15772,"href":"https:\/\/serveiseducatius.xtec.cat\/cda-tarragona\/wp-json\/wp\/v2\/pages\/13843\/revisions\/15772"}],"wp:attachment":[{"href":"https:\/\/serveiseducatius.xtec.cat\/cda-tarragona\/wp-json\/wp\/v2\/media?parent=13843"}],"curies":[{"name":"wp","href":"https:\/\/api.w.org\/{rel}","templated":true}]}}