{"id":13826,"date":"2023-01-20T13:58:31","date_gmt":"2023-01-20T12:58:31","guid":{"rendered":"https:\/\/serveiseducatius.xtec.cat\/cda-tarragona\/?page_id=13826"},"modified":"2023-01-20T14:02:56","modified_gmt":"2023-01-20T13:02:56","slug":"la-industria-petroquimica-de-tarragona-exercici-de-simulacio","status":"publish","type":"page","link":"https:\/\/serveiseducatius.xtec.cat\/cda-tarragona\/la-industria-petroquimica-de-tarragona-exercici-de-simulacio\/","title":{"rendered":"La ind\u00fastria petroqu\u00edmica de Tarragona. Exercici de simulaci\u00f3"},"content":{"rendered":"<p>Per descarregar els documents cliqueu als noms seg\u00fcents:<\/p>\n<ul>\n<li>La ind\u00fastria petroqu\u00edmica de Tarragona. Exercici de simulaci\u00f3. Quadern de Treballs previs de l&#8217;alumnat: <a href=\"https:\/\/serveiseducatius.xtec.cat\/cda-tarragona\/wp-content\/uploads\/usu1376\/2023\/01\/Exercici_de_simulacio\u0301_Quadern.pdf\">Exercici_de_simulacio\u0301_Quadern_treballs_previs_alumnat<\/a><\/li>\n<li>La ind\u00fastria petroqu\u00edmica de Tarragona. Exercici de simulaci\u00f3. Quadern de Treballs de camp de l&#8217;alumnat: <a href=\"https:\/\/serveiseducatius.xtec.cat\/cda-tarragona\/wp-content\/uploads\/usu1376\/2023\/01\/Exercici_de_simulacio\u0301_Treballs_de_camp.pdf\">Exercici_de_simulacio\u0301_Treballs_de_camp<\/a><\/li>\n<li>La ind\u00fastria petroqu\u00edmica de Tarragona. Exercici de simulaci\u00f3. Guia did\u00e0ctica: <a href=\"https:\/\/serveiseducatius.xtec.cat\/cda-tarragona\/wp-content\/uploads\/usu1376\/2023\/01\/Exercici_de_simulacio_Guia_didactica.pdf\">Exercici_de_simulaci\u00f3_Guia_did\u00e0ctica<\/a><\/li>\n<li>The Petrochemical Industry of Tarragona. Simulation exercise. Field works: <a href=\"https:\/\/serveiseducatius.xtec.cat\/cda-tarragona\/wp-content\/uploads\/usu1376\/2023\/01\/The-Petrochemical-Industry-of-Tarragona.-Simulation-exercise.-Field-works.pdf\">The Petrochemical Industry of Tarragona. Simulation exercise. Field works<\/a><\/li>\n<li>The Petrochemical Industry of Tarragona. Simulation exercise. Pre.: <a href=\"https:\/\/serveiseducatius.xtec.cat\/cda-tarragona\/wp-content\/uploads\/usu1376\/2023\/01\/The-Petrochemical-Industry-of-Tarragona.-Simulation-exercise.-Pre..pdf\">The Petrochemical Industry of Tarragona. Simulation exercise. Pre.<\/a> <a href=\"https:\/\/serveiseducatius.xtec.cat\/cda-tarragona\/wp-content\/uploads\/usu1376\/2023\/01\/The-Petrochemical-Industry-of-Tarragona.-Simulation-exercise.-Pre.-1.pdf\">The Petrochemical Industry of Tarragona. Simulation exercise. Previous works.<\/a><\/li>\n<\/ul>\n","protected":false},"excerpt":{"rendered":"<p>Per descarregar els documents cliqueu als noms seg\u00fcents: La ind\u00fastria petroqu\u00edmica de Tarragona. Exercici de simulaci\u00f3. Quadern de Treballs previs de l&#8217;alumnat: Exercici_de_simulacio\u0301_Quadern_treballs_previs_alumnat La ind\u00fastria petroqu\u00edmica de Tarragona. Exercici de simulaci\u00f3. Quadern de Treballs de camp de l&#8217;alumnat: Exercici_de_simulacio\u0301_Treballs_de_camp La ind\u00fastria petroqu\u00edmica de Tarragona. Exercici de simulaci\u00f3. Guia did\u00e0ctica: Exercici_de_simulaci\u00f3_Guia_did\u00e0ctica The Petrochemical Industry of Tarragona. [&hellip;]<\/p>\n","protected":false},"author":1,"featured_media":0,"parent":0,"menu_order":0,"comment_status":"closed","ping_status":"closed","template":"","meta":{"_bbp_topic_count":0,"_bbp_reply_count":0,"_bbp_total_topic_count":0,"_bbp_total_reply_count":0,"_bbp_voice_count":0,"_bbp_anonymous_reply_count":0,"_bbp_topic_count_hidden":0,"_bbp_reply_count_hidden":0,"_bbp_forum_subforum_count":0,"site-sidebar-layout":"default","site-content-layout":"","ast-site-content-layout":"","site-content-style":"default","site-sidebar-style":"default","ast-global-header-display":"","ast-banner-title-visibility":"","ast-main-header-display":"","ast-hfb-above-header-display":"","ast-hfb-below-header-display":"","ast-hfb-mobile-header-display":"","site-post-title":"","ast-breadcrumbs-content":"","ast-featured-img":"","footer-sml-layout":"","theme-transparent-header-meta":"","adv-header-id-meta":"","stick-header-meta":"","header-above-stick-meta":"","header-main-stick-meta":"","header-below-stick-meta":"","astra-migrate-meta-layouts":"default","ast-page-background-enabled":"default","ast-page-background-meta":{"desktop":{"background-color":"var(--ast-global-color-4)","background-image":"","background-repeat":"repeat","background-position":"center center","background-size":"auto","background-attachment":"scroll","background-type":"","background-media":"","overlay-type":"","overlay-color":"","overlay-opacity":"","overlay-gradient":""},"tablet":{"background-color":"","background-image":"","background-repeat":"repeat","background-position":"center center","background-size":"auto","background-attachment":"scroll","background-type":"","background-media":"","overlay-type":"","overlay-color":"","overlay-opacity":"","overlay-gradient":""},"mobile":{"background-color":"","background-image":"","background-repeat":"repeat","background-position":"center center","background-size":"auto","background-attachment":"scroll","background-type":"","background-media":"","overlay-type":"","overlay-color":"","overlay-opacity":"","overlay-gradient":""}},"ast-content-background-meta":{"desktop":{"background-color":"var(--ast-global-color-5)","background-image":"","background-repeat":"repeat","background-position":"center center","background-size":"auto","background-attachment":"scroll","background-type":"","background-media":"","overlay-type":"","overlay-color":"","overlay-opacity":"","overlay-gradient":""},"tablet":{"background-color":"var(--ast-global-color-5)","background-image":"","background-repeat":"repeat","background-position":"center center","background-size":"auto","background-attachment":"scroll","background-type":"","background-media":"","overlay-type":"","overlay-color":"","overlay-opacity":"","overlay-gradient":""},"mobile":{"background-color":"var(--ast-global-color-5)","background-image":"","background-repeat":"repeat","background-position":"center center","background-size":"auto","background-attachment":"scroll","background-type":"","background-media":"","overlay-type":"","overlay-color":"","overlay-opacity":"","overlay-gradient":""}},"footnotes":""},"class_list":["post-13826","page","type-page","status-publish","hentry"],"post_mailing_queue_ids":[],"_links":{"self":[{"href":"https:\/\/serveiseducatius.xtec.cat\/cda-tarragona\/wp-json\/wp\/v2\/pages\/13826","targetHints":{"allow":["GET"]}}],"collection":[{"href":"https:\/\/serveiseducatius.xtec.cat\/cda-tarragona\/wp-json\/wp\/v2\/pages"}],"about":[{"href":"https:\/\/serveiseducatius.xtec.cat\/cda-tarragona\/wp-json\/wp\/v2\/types\/page"}],"author":[{"embeddable":true,"href":"https:\/\/serveiseducatius.xtec.cat\/cda-tarragona\/wp-json\/wp\/v2\/users\/1"}],"replies":[{"embeddable":true,"href":"https:\/\/serveiseducatius.xtec.cat\/cda-tarragona\/wp-json\/wp\/v2\/comments?post=13826"}],"version-history":[{"count":1,"href":"https:\/\/serveiseducatius.xtec.cat\/cda-tarragona\/wp-json\/wp\/v2\/pages\/13826\/revisions"}],"predecessor-version":[{"id":13833,"href":"https:\/\/serveiseducatius.xtec.cat\/cda-tarragona\/wp-json\/wp\/v2\/pages\/13826\/revisions\/13833"}],"wp:attachment":[{"href":"https:\/\/serveiseducatius.xtec.cat\/cda-tarragona\/wp-json\/wp\/v2\/media?parent=13826"}],"curies":[{"name":"wp","href":"https:\/\/api.w.org\/{rel}","templated":true}]}}