{"id":12909,"date":"2022-05-13T09:42:37","date_gmt":"2022-05-13T07:42:37","guid":{"rendered":"https:\/\/serveiseducatius.xtec.cat\/cda-tarragona\/?page_id=12909"},"modified":"2023-05-25T09:07:16","modified_gmt":"2023-05-25T07:07:16","slug":"3-tarraco-i-els-seus-monuments-ci-cm-i-cs-dep-activitat-autonoma","status":"publish","type":"page","link":"https:\/\/serveiseducatius.xtec.cat\/cda-tarragona\/3-tarraco-i-els-seus-monuments-ci-cm-i-cs-dep-activitat-autonoma\/","title":{"rendered":"03. T\u00e0rraco i els seus monuments (CM i CS d&#8217;EP) ACTIVITAT SORTIDA AUT\u00d2NOMA"},"content":{"rendered":"<table dir=\"ltr\" style=\"width: 69.9546%; height: 897px;\" border=\"1\" cellspacing=\"0\" cellpadding=\"0\">\n<tbody>\n<tr style=\"height: 33px;\">\n<td style=\"height: 33px; width: 100%;\" data-sheets-value=\"{&quot;1&quot;:2,&quot;2&quot;:&quot;Nom&quot;}\"><strong>Tipus<\/strong><\/td>\n<\/tr>\n<tr style=\"height: 80px;\">\n<td style=\"height: 80px; width: 100%;\">\n<ul>\n<li>Segons la modalitat de relaci\u00f3:\u00a0<strong>SORTIDA (NO ESTADA EDUCATIVA).<\/strong><\/li>\n<li>Segons la implementaci\u00f3 did\u00e0ctica: <strong>AUT\u00d2NOMA<\/strong>.<\/li>\n<li>Activitat <strong>GUIADA<\/strong> per l\u2019equip <strong>DOCENT<\/strong> del <strong>CENTRE EDUCATIU SOL\u00b7LICITANT<\/strong>.<\/li>\n<\/ul>\n<\/td>\n<\/tr>\n<tr style=\"height: 33px;\">\n<td style=\"height: 33px; width: 100%;\" data-sheets-value=\"{&quot;1&quot;:2,&quot;2&quot;:&quot;Nivell&quot;}\"><strong>Nivell<\/strong><\/td>\n<\/tr>\n<tr style=\"height: 17px;\">\n<td style=\"height: 17px; width: 100%;\">\n<ul>\n<li>Cicle mitj\u00e0 i superior d\u2019Educaci\u00f3 prim\u00e0ria.<\/li>\n<\/ul>\n<\/td>\n<\/tr>\n<tr style=\"height: 33px;\">\n<td style=\"height: 33px; width: 100%;\" data-sheets-value=\"{&quot;1&quot;:2,&quot;2&quot;:&quot;\u00c0mbits i Compt\u00e8ncies&quot;}\"><strong>Descripci\u00f3<\/strong><\/td>\n<\/tr>\n<tr style=\"height: 79px;\">\n<td style=\"height: 79px; width: 100%;\"><span data-sheets-value=\"{&quot;1&quot;:2,&quot;2&quot;:&quot;L'activitat facilita el coneixement de les formes de vida romana en general i de T\u00e0rraco en concret. La visita als diferents espais del Museu d'Hist\u00f2ria de Tarragona permet localitzar i la identificar les restes romanes m\u00e9s emblem\u00e0tiques de la ciutat (les muralles, l'amfiteatre, el pretori, el circ, el MNAT...). S'acompanya d'assessorament did\u00e0ctic, log\u00edstic i curricular. Guiada pel professorat del centre sol\u00b7licitant. Cal consultar el preu de l'entrada a la web del MHT. Activitat de sortida.&quot;}\" data-sheets-userformat=\"{&quot;2&quot;:9213,&quot;3&quot;:{&quot;1&quot;:0},&quot;5&quot;:{&quot;1&quot;:[{&quot;1&quot;:2,&quot;2&quot;:0,&quot;5&quot;:{&quot;1&quot;:2,&quot;2&quot;:0}},{&quot;1&quot;:0,&quot;2&quot;:0,&quot;3&quot;:3},{&quot;1&quot;:1,&quot;2&quot;:0,&quot;4&quot;:1}]},&quot;6&quot;:{&quot;1&quot;:[{&quot;1&quot;:2,&quot;2&quot;:0,&quot;5&quot;:{&quot;1&quot;:2,&quot;2&quot;:0}},{&quot;1&quot;:0,&quot;2&quot;:0,&quot;3&quot;:3},{&quot;1&quot;:1,&quot;2&quot;:0,&quot;4&quot;:1}]},&quot;7&quot;:{&quot;1&quot;:[{&quot;1&quot;:2,&quot;2&quot;:0,&quot;5&quot;:{&quot;1&quot;:2,&quot;2&quot;:0}},{&quot;1&quot;:0,&quot;2&quot;:0,&quot;3&quot;:3},{&quot;1&quot;:1,&quot;2&quot;:0,&quot;4&quot;:1}]},&quot;8&quot;:{&quot;1&quot;:[{&quot;1&quot;:2,&quot;2&quot;:0,&quot;5&quot;:{&quot;1&quot;:2,&quot;2&quot;:0}},{&quot;1&quot;:0,&quot;2&quot;:0,&quot;3&quot;:3},{&quot;1&quot;:1,&quot;2&quot;:0,&quot;4&quot;:1}]},&quot;9&quot;:0,&quot;10&quot;:0,&quot;11&quot;:4,&quot;12&quot;:0,&quot;16&quot;:13}\">L&#8217;activitat facilita el coneixement de les formes de vida romana en general i de T\u00e0rraco en concret. La visita als diferents espais del Museu d&#8217;Hist\u00f2ria de Tarragona permet localitzar i la identificar les restes romanes m\u00e9s emblem\u00e0tiques de la ciutat (les muralles, l&#8217;amfiteatre, el pretori, el circ, el MNAT&#8230;). S&#8217;acompanya d&#8217;assessorament did\u00e0ctic, log\u00edstic i curricular.\u00a0<\/span><\/td>\n<\/tr>\n<tr style=\"height: 33px;\">\n<td style=\"height: 33px; width: 100%;\" data-sheets-value=\"{&quot;1&quot;:2,&quot;2&quot;:&quot;Objectius d'aprenentatge&quot;}\"><strong>Objectius d\u2019aprenentatge<\/strong><\/td>\n<\/tr>\n<tr style=\"height: 32px;\">\n<td style=\"height: 32px; width: 100%;\">\n<ol>\n<li aria-level=\"1\">Introduir-se en el M\u00f3n rom\u00e0 Antic amb l\u2019objectiu d\u2019identificar vestigis de generacions passades que han perdurat fins a dia d\u2019avui i recon\u00e8ixer alguns trets de la nostra identitat cultural.<\/li>\n<li><span style=\"font-weight: 400;\">Con\u00e8ixer diversos espais patrimonials de divulgaci\u00f3 hist\u00f2rica, com les muralles, l&#8217;amfiteatre, el pretori, el circ i el Museu Nacional Arqueol\u00f2gic de Tarragona, amb la finalitat de valorar i gaudir del llegat cultural de la ciutat.<\/span><\/li>\n<li>Viure experi\u00e8ncies did\u00e0ctiques en el territori, l&#8217;entorn natural, social, hist\u00f2ric, econ\u00f2mic i cultural de Tarragona, amb la finalitat de construir<span style=\"font-family: inherit; font-size: 1em;\"> aprenentatges competencials a partir del gaudi que genera la descoberta d&#8217;un espai singular i \u00fanic.<\/span><\/li>\n<\/ol>\n<\/td>\n<\/tr>\n<tr style=\"height: 33px;\">\n<td style=\"height: 33px; width: 100%;\" data-sheets-value=\"{&quot;1&quot;:2,&quot;2&quot;:&quot;Ubicaci\u00f3&quot;}\"><strong>Ubicaci\u00f3<\/strong><\/td>\n<\/tr>\n<tr style=\"height: 32px;\">\n<td style=\"height: 32px; width: 100%;\">A la ciutat de Tarragona.<\/td>\n<\/tr>\n<tr style=\"height: 33px;\">\n<td style=\"height: 33px; width: 100%;\" data-sheets-value=\"{&quot;1&quot;:2,&quot;2&quot;:&quot;Durada&quot;}\"><strong>Durada<\/strong><\/td>\n<\/tr>\n<tr style=\"height: 32px;\">\n<td style=\"height: 32px; width: 100%;\">La durada de l\u2019activitat dependr\u00e0 dels monuments visitats per el centre sol\u00b7licitant. En cas de fer tots els proposats la durada ser\u00e0 de 6 hores, aproximadament.<\/td>\n<\/tr>\n<tr style=\"height: 33px;\">\n<td style=\"height: 33px; width: 100%;\" data-sheets-value=\"{&quot;1&quot;:2,&quot;2&quot;:&quot;Cost&quot;}\"><strong>Cost did\u00e0ctic<\/strong><\/td>\n<\/tr>\n<tr style=\"height: 32px;\">\n<td style=\"height: 10px; width: 100%;\">\n<ul>\n<li>Despla\u00e7ament fins els punts de trobada i retorn al centre educatiu sol\u00b7licitant a c\u00e0rrec d&#8217;aquest.<\/li>\n<li>Cal consultar el preu de l\u2019entrada a la web del Museu d&#8217;Hist\u00f2ria de Tarragona. L&#8217;enlla\u00e7 a aquesta \u00e9s el seg\u00fcent: <a href=\"https:\/\/www.tarragona.cat\/patrimoni\/museu-historia\/visites\/preus-i-venda-dentrades\">Preus i venda d&#8217;entrades \u2014 Museu d&#8217;Hist\u00f2ria de Tarragona<\/a><\/li>\n<\/ul>\n<\/td>\n<\/tr>\n<tr style=\"height: 33px;\">\n<td style=\"height: 33px; width: 100%;\" data-sheets-value=\"{&quot;1&quot;:2,&quot;2&quot;:&quot;Altres informacions&quot;}\"><strong>Altres informacions<\/strong><\/td>\n<\/tr>\n<tr style=\"height: 32px;\">\n<td style=\"height: 32px; width: 100%;\" data-sheets-value=\"{&quot;1&quot;:2,&quot;2&quot;:&quot;Nombre d'alumnes m\u00e0xim:&quot;}\">El nombre de grups permesos en l\u2019activitat dependr\u00e0 de la capacitat del monument i disponibilitat de l\u2019equip docent del centre sol\u00b7licitant.<\/td>\n<\/tr>\n<tr style=\"height: 319px;\">\n<td style=\"height: 319px; width: 100%;\"><img loading=\"lazy\" decoding=\"async\" class=\"aligncenter\" src=\"https:\/\/serveiseducatius.xtec.cat\/cda-tarragona\/wp-content\/uploads\/usu1376\/2023\/04\/Ta%CC%80rraco_Hugo_Illustracio%CC%81.png\" width=\"1161\" height=\"693\" \/><\/td>\n<\/tr>\n<\/tbody>\n<\/table>\n","protected":false},"excerpt":{"rendered":"<p>Tipus Segons la modalitat de relaci\u00f3:\u00a0SORTIDA (NO ESTADA EDUCATIVA). Segons la implementaci\u00f3 did\u00e0ctica: AUT\u00d2NOMA. Activitat GUIADA per l\u2019equip DOCENT del CENTRE EDUCATIU SOL\u00b7LICITANT. Nivell Cicle mitj\u00e0 i superior d\u2019Educaci\u00f3 prim\u00e0ria. Descripci\u00f3 L&#8217;activitat facilita el coneixement de les formes de vida romana en general i de T\u00e0rraco en concret. La visita als diferents espais del Museu [&hellip;]<\/p>\n","protected":false},"author":1,"featured_media":0,"parent":0,"menu_order":0,"comment_status":"closed","ping_status":"closed","template":"","meta":{"_bbp_topic_count":0,"_bbp_reply_count":0,"_bbp_total_topic_count":0,"_bbp_total_reply_count":0,"_bbp_voice_count":0,"_bbp_anonymous_reply_count":0,"_bbp_topic_count_hidden":0,"_bbp_reply_count_hidden":0,"_bbp_forum_subforum_count":0,"site-sidebar-layout":"default","site-content-layout":"","ast-site-content-layout":"","site-content-style":"default","site-sidebar-style":"default","ast-global-header-display":"","ast-banner-title-visibility":"","ast-main-header-display":"","ast-hfb-above-header-display":"","ast-hfb-below-header-display":"","ast-hfb-mobile-header-display":"","site-post-title":"","ast-breadcrumbs-content":"","ast-featured-img":"","footer-sml-layout":"","theme-transparent-header-meta":"","adv-header-id-meta":"","stick-header-meta":"","header-above-stick-meta":"","header-main-stick-meta":"","header-below-stick-meta":"","astra-migrate-meta-layouts":"default","ast-page-background-enabled":"default","ast-page-background-meta":{"desktop":{"background-color":"var(--ast-global-color-4)","background-image":"","background-repeat":"repeat","background-position":"center center","background-size":"auto","background-attachment":"scroll","background-type":"","background-media":"","overlay-type":"","overlay-color":"","overlay-opacity":"","overlay-gradient":""},"tablet":{"background-color":"","background-image":"","background-repeat":"repeat","background-position":"center center","background-size":"auto","background-attachment":"scroll","background-type":"","background-media":"","overlay-type":"","overlay-color":"","overlay-opacity":"","overlay-gradient":""},"mobile":{"background-color":"","background-image":"","background-repeat":"repeat","background-position":"center center","background-size":"auto","background-attachment":"scroll","background-type":"","background-media":"","overlay-type":"","overlay-color":"","overlay-opacity":"","overlay-gradient":""}},"ast-content-background-meta":{"desktop":{"background-color":"var(--ast-global-color-5)","background-image":"","background-repeat":"repeat","background-position":"center center","background-size":"auto","background-attachment":"scroll","background-type":"","background-media":"","overlay-type":"","overlay-color":"","overlay-opacity":"","overlay-gradient":""},"tablet":{"background-color":"var(--ast-global-color-5)","background-image":"","background-repeat":"repeat","background-position":"center center","background-size":"auto","background-attachment":"scroll","background-type":"","background-media":"","overlay-type":"","overlay-color":"","overlay-opacity":"","overlay-gradient":""},"mobile":{"background-color":"var(--ast-global-color-5)","background-image":"","background-repeat":"repeat","background-position":"center center","background-size":"auto","background-attachment":"scroll","background-type":"","background-media":"","overlay-type":"","overlay-color":"","overlay-opacity":"","overlay-gradient":""}},"footnotes":""},"class_list":["post-12909","page","type-page","status-publish","hentry"],"post_mailing_queue_ids":[],"_links":{"self":[{"href":"https:\/\/serveiseducatius.xtec.cat\/cda-tarragona\/wp-json\/wp\/v2\/pages\/12909","targetHints":{"allow":["GET"]}}],"collection":[{"href":"https:\/\/serveiseducatius.xtec.cat\/cda-tarragona\/wp-json\/wp\/v2\/pages"}],"about":[{"href":"https:\/\/serveiseducatius.xtec.cat\/cda-tarragona\/wp-json\/wp\/v2\/types\/page"}],"author":[{"embeddable":true,"href":"https:\/\/serveiseducatius.xtec.cat\/cda-tarragona\/wp-json\/wp\/v2\/users\/1"}],"replies":[{"embeddable":true,"href":"https:\/\/serveiseducatius.xtec.cat\/cda-tarragona\/wp-json\/wp\/v2\/comments?post=12909"}],"version-history":[{"count":4,"href":"https:\/\/serveiseducatius.xtec.cat\/cda-tarragona\/wp-json\/wp\/v2\/pages\/12909\/revisions"}],"predecessor-version":[{"id":14537,"href":"https:\/\/serveiseducatius.xtec.cat\/cda-tarragona\/wp-json\/wp\/v2\/pages\/12909\/revisions\/14537"}],"wp:attachment":[{"href":"https:\/\/serveiseducatius.xtec.cat\/cda-tarragona\/wp-json\/wp\/v2\/media?parent=12909"}],"curies":[{"name":"wp","href":"https:\/\/api.w.org\/{rel}","templated":true}]}}