{"id":12733,"date":"2022-02-01T14:53:51","date_gmt":"2022-02-01T13:53:51","guid":{"rendered":"https:\/\/serveiseducatius.xtec.cat\/cda-tarragona\/?page_id=12733"},"modified":"2022-02-01T14:53:51","modified_gmt":"2022-02-01T13:53:51","slug":"quins-son-els-preus","status":"publish","type":"page","link":"https:\/\/serveiseducatius.xtec.cat\/cda-tarragona\/quins-son-els-preus\/","title":{"rendered":"Quins s\u00f3n els preus?"},"content":{"rendered":"<p>El\u00a0<strong>preu p\u00fablic per a les activitats d\u2019ensenyament-aprenentatge<\/strong>\u00a0als Camps d\u2019aprenentatge es troba regulat a l\u2019<a href=\"https:\/\/dogc.gencat.cat\/ca\/document-del-dogc\/?documentId=743883\"><strong>ORDRE ENS\/163\/2016<\/strong><\/a>.<\/p>\n<p>El preu p\u00fablic pel servei d\u2019activitats d\u2019ensenyament-aprenentatge per sortides d\u2019un dia o d\u2019estades de m\u00e9s d\u2019un dia realitzades per l\u2019alumnat dels centres educatius no universitaris, mestres, professorat en actiu, i universitaris, als camps d\u2019aprenentatge del Departament d\u2019Ensenyament, a partir del curs escolar 2016-2017, \u00e9s de\u00a0<strong>3 euros per activitat, persona i dia<\/strong>.<\/p>\n<p>A les persones que utilitzin el servei d\u2019activitats d\u2019ensenyament-aprenentatge se\u2019ls aplicar\u00e0 les exempcions i bonificacions contemplades a l\u2019ordre vigent.<\/p>\n<p>Aquest abonament es realitzar\u00e0 abans del moment de l\u2019inici de l\u2019estada mitjan\u00e7ant transfer\u00e8ncia banc\u00e0ria al cc del camp d\u2019aprenentatge corresponent.<\/p>\n<p>Per a m\u00e9s informaci\u00f3 podeu consultar a:\u00a0<a href=\"http:\/\/xtec.gencat.cat\/ca\/serveis\/sesc\/cda\/\">http:\/\/xtec.gencat.cat\/ca\/serveis\/sesc\/cda\/<\/a>.<\/p>\n<p>Cal tenir en compte que hi ha espais determinats que requereixen pagament d\u2019acc\u00e9s a l\u2019entitat.<\/p>\n","protected":false},"excerpt":{"rendered":"<p>El\u00a0preu p\u00fablic per a les activitats d\u2019ensenyament-aprenentatge\u00a0als Camps d\u2019aprenentatge es troba regulat a l\u2019ORDRE ENS\/163\/2016. El preu p\u00fablic pel servei d\u2019activitats d\u2019ensenyament-aprenentatge per sortides d\u2019un dia o d\u2019estades de m\u00e9s d\u2019un dia realitzades per l\u2019alumnat dels centres educatius no universitaris, mestres, professorat en actiu, i universitaris, als camps d\u2019aprenentatge del Departament d\u2019Ensenyament, a partir del [&hellip;]<\/p>\n","protected":false},"author":1,"featured_media":0,"parent":0,"menu_order":10,"comment_status":"closed","ping_status":"closed","template":"page-templates\/side-menu.php","meta":{"_bbp_topic_count":0,"_bbp_reply_count":0,"_bbp_total_topic_count":0,"_bbp_total_reply_count":0,"_bbp_voice_count":0,"_bbp_anonymous_reply_count":0,"_bbp_topic_count_hidden":0,"_bbp_reply_count_hidden":0,"_bbp_forum_subforum_count":0,"site-sidebar-layout":"default","site-content-layout":"","ast-site-content-layout":"","site-content-style":"default","site-sidebar-style":"default","ast-global-header-display":"","ast-banner-title-visibility":"","ast-main-header-display":"","ast-hfb-above-header-display":"","ast-hfb-below-header-display":"","ast-hfb-mobile-header-display":"","site-post-title":"","ast-breadcrumbs-content":"","ast-featured-img":"","footer-sml-layout":"","theme-transparent-header-meta":"","adv-header-id-meta":"","stick-header-meta":"","header-above-stick-meta":"","header-main-stick-meta":"","header-below-stick-meta":"","astra-migrate-meta-layouts":"default","ast-page-background-enabled":"default","ast-page-background-meta":{"desktop":{"background-color":"var(--ast-global-color-4)","background-image":"","background-repeat":"repeat","background-position":"center center","background-size":"auto","background-attachment":"scroll","background-type":"","background-media":"","overlay-type":"","overlay-color":"","overlay-opacity":"","overlay-gradient":""},"tablet":{"background-color":"","background-image":"","background-repeat":"repeat","background-position":"center center","background-size":"auto","background-attachment":"scroll","background-type":"","background-media":"","overlay-type":"","overlay-color":"","overlay-opacity":"","overlay-gradient":""},"mobile":{"background-color":"","background-image":"","background-repeat":"repeat","background-position":"center center","background-size":"auto","background-attachment":"scroll","background-type":"","background-media":"","overlay-type":"","overlay-color":"","overlay-opacity":"","overlay-gradient":""}},"ast-content-background-meta":{"desktop":{"background-color":"var(--ast-global-color-5)","background-image":"","background-repeat":"repeat","background-position":"center center","background-size":"auto","background-attachment":"scroll","background-type":"","background-media":"","overlay-type":"","overlay-color":"","overlay-opacity":"","overlay-gradient":""},"tablet":{"background-color":"var(--ast-global-color-5)","background-image":"","background-repeat":"repeat","background-position":"center center","background-size":"auto","background-attachment":"scroll","background-type":"","background-media":"","overlay-type":"","overlay-color":"","overlay-opacity":"","overlay-gradient":""},"mobile":{"background-color":"var(--ast-global-color-5)","background-image":"","background-repeat":"repeat","background-position":"center center","background-size":"auto","background-attachment":"scroll","background-type":"","background-media":"","overlay-type":"","overlay-color":"","overlay-opacity":"","overlay-gradient":""}},"footnotes":""},"class_list":["post-12733","page","type-page","status-publish","hentry"],"post_mailing_queue_ids":[],"_links":{"self":[{"href":"https:\/\/serveiseducatius.xtec.cat\/cda-tarragona\/wp-json\/wp\/v2\/pages\/12733","targetHints":{"allow":["GET"]}}],"collection":[{"href":"https:\/\/serveiseducatius.xtec.cat\/cda-tarragona\/wp-json\/wp\/v2\/pages"}],"about":[{"href":"https:\/\/serveiseducatius.xtec.cat\/cda-tarragona\/wp-json\/wp\/v2\/types\/page"}],"author":[{"embeddable":true,"href":"https:\/\/serveiseducatius.xtec.cat\/cda-tarragona\/wp-json\/wp\/v2\/users\/1"}],"replies":[{"embeddable":true,"href":"https:\/\/serveiseducatius.xtec.cat\/cda-tarragona\/wp-json\/wp\/v2\/comments?post=12733"}],"version-history":[{"count":1,"href":"https:\/\/serveiseducatius.xtec.cat\/cda-tarragona\/wp-json\/wp\/v2\/pages\/12733\/revisions"}],"predecessor-version":[{"id":12734,"href":"https:\/\/serveiseducatius.xtec.cat\/cda-tarragona\/wp-json\/wp\/v2\/pages\/12733\/revisions\/12734"}],"wp:attachment":[{"href":"https:\/\/serveiseducatius.xtec.cat\/cda-tarragona\/wp-json\/wp\/v2\/media?parent=12733"}],"curies":[{"name":"wp","href":"https:\/\/api.w.org\/{rel}","templated":true}]}}