{"id":12443,"date":"2022-01-13T13:09:08","date_gmt":"2022-01-13T12:09:08","guid":{"rendered":"https:\/\/serveiseducatius.xtec.cat\/cda-tarragona\/?page_id=12443"},"modified":"2025-04-24T14:22:32","modified_gmt":"2025-04-24T12:22:32","slug":"luci-i-els-seus-amics-de-tarraco","status":"publish","type":"page","link":"https:\/\/serveiseducatius.xtec.cat\/cda-tarragona\/luci-i-els-seus-amics-de-tarraco\/","title":{"rendered":"62. Luci i els seus amics de T\u00e0rraco (I5 i CI d&#8217;EP) ACTIVITAT D&#8217;ESTADA GUIADA"},"content":{"rendered":"<p>&nbsp;<\/p>\n<table dir=\"ltr\" style=\"width: 69.805%; height: 1536px;\" border=\"1\" cellspacing=\"0\" cellpadding=\"0\">\n<colgroup>\n<col width=\"300\" \/><\/colgroup>\n<tbody>\n<tr style=\"height: 58px;\">\n<td style=\"width: 99.8554%; height: 58px;\"><b>Luci i els seus amics de T\u00e0rraco (P5 i CI EP) ACTIVITAT GUIADA\u00a0<\/b><\/td>\n<\/tr>\n<tr style=\"height: 102px;\">\n<td style=\"width: 99.8554%; height: 102px;\">\n<ul>\n<li style=\"font-weight: 400;\" aria-level=\"1\"><span style=\"font-weight: 400;\">Segons la modalitat de relaci\u00f3: <\/span><b>ESTADA.<\/b><\/li>\n<li style=\"font-weight: 400;\" aria-level=\"1\"><span style=\"font-weight: 400;\">Segons la implementaci\u00f3 did\u00e0ctica: <\/span><b>GUIADA<\/b><\/li>\n<li style=\"font-weight: 400;\" aria-level=\"1\"><span style=\"font-weight: 400;\">Activitat <\/span><b>GUIADA<\/b><span style=\"font-weight: 400;\"> per l\u2019equip <\/span><b>DOCENT<\/b><span style=\"font-weight: 400;\"> del <\/span><b>CAMP D\u2019APRENENTATGE<\/b><span style=\"font-weight: 400;\">.<\/span><\/li>\n<\/ul>\n<\/td>\n<\/tr>\n<tr style=\"height: 58px;\">\n<td style=\"width: 99.8554%; height: 58px;\"><b>Nivell<\/b><\/td>\n<\/tr>\n<tr style=\"height: 80px;\">\n<td style=\"width: 99.8554%; height: 80px;\">\n<ul>\n<li style=\"font-weight: 400;\" aria-level=\"1\"><span style=\"font-weight: 400;\">Educaci\u00f3 infantil: P5.<\/span><\/li>\n<li style=\"font-weight: 400;\" aria-level=\"1\"><span style=\"font-weight: 400;\">Cicle inicial d&#8217;Educaci\u00f3 prim\u00e0ria.<\/span><\/li>\n<\/ul>\n<\/td>\n<\/tr>\n<tr style=\"height: 58px;\">\n<td style=\"width: 99.8554%; height: 58px;\"><b>Descripci\u00f3<\/b><\/td>\n<\/tr>\n<tr style=\"height: 98px;\">\n<td style=\"width: 99.8554%; height: 98px;\"><span style=\"font-weight: 400;\">Voleu fer un viatge en el temps per tal que els vostres petits visquin i experimentin el m\u00f3n rom\u00e0 d&#8217;una manera l\u00fadica?<\/span><\/p>\n<p><span style=\"font-weight: 400;\">L&#8217; aniversari d&#8217;en Luci, un nen rom\u00e0 \u00e9s l&#8217;excusa per presentar a la seva fam\u00edlia, la casa, el vestuari dels diferents personatges, objectes i espais de la llar, l&#8217;alimentaci\u00f3 i les seves joguines.<\/span><\/td>\n<\/tr>\n<tr style=\"height: 58px;\">\n<td style=\"width: 99.8554%; height: 58px;\"><b>Objectius d\u2019aprenentatge<\/b><\/td>\n<\/tr>\n<tr style=\"height: 102px;\">\n<td style=\"width: 99.8554%; height: 102px;\">\n<ol>\n<li style=\"font-weight: 400;\" aria-level=\"1\"><span style=\"font-weight: 400;\">Apropar als alumnes m\u00e9s petits a l&#8217;\u00e8poca romana.<\/span><\/li>\n<li style=\"font-weight: 400;\" aria-level=\"1\"><span style=\"font-weight: 400;\">Con\u00e8ixer alguns aspectes de la vida di\u00e0ria en l&#8217;\u00e8poca romana.<\/span><\/li>\n<li style=\"font-weight: 400;\" aria-level=\"1\"><span style=\"font-weight: 400;\">Treballar a partir dels diferents materials aportats pel CdA els sentits.<\/span><\/li>\n<\/ol>\n<\/td>\n<\/tr>\n<tr style=\"height: 58px;\">\n<td style=\"width: 99.8554%; height: 58px;\"><b>Ubicaci\u00f3<\/b><\/td>\n<\/tr>\n<tr style=\"height: 58px;\">\n<td style=\"width: 99.8554%; height: 58px;\"><span style=\"font-weight: 400;\">A les aules del centre educatiu sol\u00b7licitant o a les instal\u00b7lacions del Camp d&#8217;Aprenentatge.<\/span><\/td>\n<\/tr>\n<tr style=\"height: 58px;\">\n<td style=\"width: 99.8554%; height: 58px;\"><b>Durada<\/b><\/td>\n<\/tr>\n<tr style=\"height: 58px;\">\n<td style=\"width: 99.8554%; height: 58px;\"><span style=\"font-weight: 400;\">1 hora i 30 minuts.<\/span><\/td>\n<\/tr>\n<tr style=\"height: 58px;\">\n<td style=\"width: 99.8554%; height: 58px;\"><b>Cost did\u00e0ctic<\/b><\/td>\n<\/tr>\n<tr style=\"height: 120px;\">\n<td style=\"width: 99.8554%; height: 120px;\"><span style=\"font-weight: 400;\">Despla\u00e7aments del centre educatiu sol\u00b7licitant fins el punt de trobada.<\/span><\/p>\n<p><span style=\"font-weight: 400;\">Segons l&#8217;<\/span><a href=\"https:\/\/dogc.gencat.cat\/ca\/document-del-dogc\/?documentId=743883\"><span style=\"font-weight: 400;\">ORDRE ENS\/163\/2016, de 16 de juny, per la qual es crea el preu p\u00fablic pel servei d&#8217;activitats d&#8217;ensenyament-aprenentatge als camps d&#8217;aprenentatge del Departament d&#8217;Ensenyament<\/span><\/a><span style=\"font-weight: 400;\"> l&#8217;import de l&#8217;activitat \u00e9s de 3 \u20ac per alumne\/a i dia. A la normativa es detalla el preu p\u00fablic per a bonificacions i exempcions.<\/span><\/td>\n<\/tr>\n<tr style=\"height: 58px;\">\n<td style=\"width: 99.8554%; height: 58px;\"><b>Altres informacions<\/b><\/td>\n<\/tr>\n<tr style=\"height: 58px;\">\n<td style=\"width: 99.8554%; height: 58px;\"><span style=\"font-weight: 400;\">Activitat per a dos grups com a m\u00e0xim de 25 alumnes (50 persones en total aproximadament).<\/span><\/td>\n<\/tr>\n<tr style=\"height: 33px;\">\n<td style=\"width: 99.8554%; height: 33px;\"><span style=\"font-weight: 400;\"><img loading=\"lazy\" decoding=\"async\" class=\"size-full wp-image-15861 aligncenter\" src=\"https:\/\/serveiseducatius.xtec.cat\/cda-tarragona\/wp-content\/uploads\/usu1376\/2025\/04\/Activitat-del-Luci.png\" alt=\"\" width=\"598\" height=\"449\" srcset=\"https:\/\/serveiseducatius.xtec.cat\/cda-tarragona\/wp-content\/uploads\/usu1376\/2025\/04\/Activitat-del-Luci.png 598w, https:\/\/serveiseducatius.xtec.cat\/cda-tarragona\/wp-content\/uploads\/usu1376\/2025\/04\/Activitat-del-Luci-300x225.png 300w, https:\/\/serveiseducatius.xtec.cat\/cda-tarragona\/wp-content\/uploads\/usu1376\/2025\/04\/Activitat-del-Luci-200x150.png 200w\" sizes=\"auto, (max-width: 598px) 100vw, 598px\" \/><\/span><\/td>\n<\/tr>\n<\/tbody>\n<\/table>\n","protected":false},"excerpt":{"rendered":"<p>&nbsp; Luci i els seus amics de T\u00e0rraco (P5 i CI EP) ACTIVITAT GUIADA\u00a0 Segons la modalitat de relaci\u00f3: ESTADA. Segons la implementaci\u00f3 did\u00e0ctica: GUIADA Activitat GUIADA per l\u2019equip DOCENT del CAMP D\u2019APRENENTATGE. Nivell Educaci\u00f3 infantil: P5. Cicle inicial d&#8217;Educaci\u00f3 prim\u00e0ria. Descripci\u00f3 Voleu fer un viatge en el temps per tal que els vostres petits [&hellip;]<\/p>\n","protected":false},"author":1,"featured_media":0,"parent":0,"menu_order":0,"comment_status":"closed","ping_status":"closed","template":"","meta":{"_bbp_topic_count":0,"_bbp_reply_count":0,"_bbp_total_topic_count":0,"_bbp_total_reply_count":0,"_bbp_voice_count":0,"_bbp_anonymous_reply_count":0,"_bbp_topic_count_hidden":0,"_bbp_reply_count_hidden":0,"_bbp_forum_subforum_count":0,"site-sidebar-layout":"default","site-content-layout":"","ast-site-content-layout":"","site-content-style":"default","site-sidebar-style":"default","ast-global-header-display":"","ast-banner-title-visibility":"","ast-main-header-display":"","ast-hfb-above-header-display":"","ast-hfb-below-header-display":"","ast-hfb-mobile-header-display":"","site-post-title":"","ast-breadcrumbs-content":"","ast-featured-img":"","footer-sml-layout":"","theme-transparent-header-meta":"","adv-header-id-meta":"","stick-header-meta":"","header-above-stick-meta":"","header-main-stick-meta":"","header-below-stick-meta":"","astra-migrate-meta-layouts":"default","ast-page-background-enabled":"default","ast-page-background-meta":{"desktop":{"background-color":"var(--ast-global-color-4)","background-image":"","background-repeat":"repeat","background-position":"center center","background-size":"auto","background-attachment":"scroll","background-type":"","background-media":"","overlay-type":"","overlay-color":"","overlay-opacity":"","overlay-gradient":""},"tablet":{"background-color":"","background-image":"","background-repeat":"repeat","background-position":"center center","background-size":"auto","background-attachment":"scroll","background-type":"","background-media":"","overlay-type":"","overlay-color":"","overlay-opacity":"","overlay-gradient":""},"mobile":{"background-color":"","background-image":"","background-repeat":"repeat","background-position":"center center","background-size":"auto","background-attachment":"scroll","background-type":"","background-media":"","overlay-type":"","overlay-color":"","overlay-opacity":"","overlay-gradient":""}},"ast-content-background-meta":{"desktop":{"background-color":"var(--ast-global-color-5)","background-image":"","background-repeat":"repeat","background-position":"center center","background-size":"auto","background-attachment":"scroll","background-type":"","background-media":"","overlay-type":"","overlay-color":"","overlay-opacity":"","overlay-gradient":""},"tablet":{"background-color":"var(--ast-global-color-5)","background-image":"","background-repeat":"repeat","background-position":"center center","background-size":"auto","background-attachment":"scroll","background-type":"","background-media":"","overlay-type":"","overlay-color":"","overlay-opacity":"","overlay-gradient":""},"mobile":{"background-color":"var(--ast-global-color-5)","background-image":"","background-repeat":"repeat","background-position":"center center","background-size":"auto","background-attachment":"scroll","background-type":"","background-media":"","overlay-type":"","overlay-color":"","overlay-opacity":"","overlay-gradient":""}},"footnotes":""},"class_list":["post-12443","page","type-page","status-publish","hentry"],"post_mailing_queue_ids":[],"_links":{"self":[{"href":"https:\/\/serveiseducatius.xtec.cat\/cda-tarragona\/wp-json\/wp\/v2\/pages\/12443","targetHints":{"allow":["GET"]}}],"collection":[{"href":"https:\/\/serveiseducatius.xtec.cat\/cda-tarragona\/wp-json\/wp\/v2\/pages"}],"about":[{"href":"https:\/\/serveiseducatius.xtec.cat\/cda-tarragona\/wp-json\/wp\/v2\/types\/page"}],"author":[{"embeddable":true,"href":"https:\/\/serveiseducatius.xtec.cat\/cda-tarragona\/wp-json\/wp\/v2\/users\/1"}],"replies":[{"embeddable":true,"href":"https:\/\/serveiseducatius.xtec.cat\/cda-tarragona\/wp-json\/wp\/v2\/comments?post=12443"}],"version-history":[{"count":7,"href":"https:\/\/serveiseducatius.xtec.cat\/cda-tarragona\/wp-json\/wp\/v2\/pages\/12443\/revisions"}],"predecessor-version":[{"id":15884,"href":"https:\/\/serveiseducatius.xtec.cat\/cda-tarragona\/wp-json\/wp\/v2\/pages\/12443\/revisions\/15884"}],"wp:attachment":[{"href":"https:\/\/serveiseducatius.xtec.cat\/cda-tarragona\/wp-json\/wp\/v2\/media?parent=12443"}],"curies":[{"name":"wp","href":"https:\/\/api.w.org\/{rel}","templated":true}]}}