{"id":12438,"date":"2022-01-13T13:08:57","date_gmt":"2022-01-13T12:08:57","guid":{"rendered":"https:\/\/serveiseducatius.xtec.cat\/cda-tarragona\/?page_id=12438"},"modified":"2023-05-09T11:44:10","modified_gmt":"2023-05-09T09:44:10","slug":"lamfiteatre-guiada","status":"publish","type":"page","link":"https:\/\/serveiseducatius.xtec.cat\/cda-tarragona\/lamfiteatre-guiada\/","title":{"rendered":"74. L&#8217;amfiteatre de T\u00e0rraco (CM i CS d&#8217;EP, ESO, CF i BAT) ACTIVITAT ESTADA GUIADA"},"content":{"rendered":"<table dir=\"ltr\" style=\"width: 68.0775%; height: 927px;\" border=\"1\" cellspacing=\"0\" cellpadding=\"0\">\n<colgroup>\n<col width=\"300\" \/><\/colgroup>\n<tbody>\n<tr style=\"height: 33px;\">\n<td style=\"width: 100%; height: 33px;\" data-sheets-value=\"{&quot;1&quot;:2,&quot;2&quot;:&quot;Nom&quot;}\"><strong>Tipus<\/strong><\/td>\n<\/tr>\n<tr style=\"height: 80px;\">\n<td style=\"width: 100%; height: 80px;\">\n<ul>\n<li>Segons la modalitat de relaci\u00f3:\u00a0<strong>ESTADA EDUCATIVA (NO\u00a0<\/strong><strong>SORTIDA).<\/strong><\/li>\n<li>Segons la implementaci\u00f3 did\u00e0ctica:\u00a0<strong>GUIADA<\/strong>.<\/li>\n<li>Activitat\u00a0<strong>GUIADA<\/strong>\u00a0per l\u2019equip\u00a0<strong>DOCENT<\/strong>\u00a0del\u00a0<strong>CAMP D\u2019APRENENTATGE<\/strong>.<\/li>\n<\/ul>\n<\/td>\n<\/tr>\n<tr style=\"height: 33px;\">\n<td style=\"width: 100%; height: 33px;\" data-sheets-value=\"{&quot;1&quot;:2,&quot;2&quot;:&quot;Nivell&quot;}\"><strong>Nivell<\/strong><\/td>\n<\/tr>\n<tr style=\"height: 13px;\">\n<td style=\"width: 100%; height: 13px;\">\n<ul>\n<li>Cicle mitj\u00e0 i superior d&#8217;Educaci\u00f3 prim\u00e0ria.<\/li>\n<li>Educaci\u00f3 secund\u00e0ria obligat\u00f2ria, Cicles Formatius i Batxillerat.<\/li>\n<\/ul>\n<\/td>\n<\/tr>\n<tr style=\"height: 33px;\">\n<td style=\"width: 100%; height: 33px;\" data-sheets-value=\"{&quot;1&quot;:2,&quot;2&quot;:&quot;\u00c0mbits i Compt\u00e8ncies&quot;}\"><strong>Descripci\u00f3<\/strong><\/td>\n<\/tr>\n<tr style=\"height: 32px;\">\n<td style=\"width: 100%; height: 32px;\"><span data-sheets-value=\"{&quot;1&quot;:2,&quot;2&quot;:&quot;Aquesta activitat permet con\u00e8ixer les caracter\u00edstiques principals d'aquest edifici p\u00fablic rom\u00e0 (les parts, els usos, els protagonistes, el p\u00fablic, els horaris, ...) i l'evoluci\u00f3 hist\u00f2rica que ha sofert al llarg del temps. S'acompanya d'assessorament did\u00e0ctic, log\u00edstic i curricular. Cal consultar el preu de l'entrada a la web del MHT. Activitat d'estada.&quot;}\" data-sheets-userformat=\"{&quot;2&quot;:9213,&quot;3&quot;:{&quot;1&quot;:0},&quot;5&quot;:{&quot;1&quot;:[{&quot;1&quot;:2,&quot;2&quot;:0,&quot;5&quot;:{&quot;1&quot;:2,&quot;2&quot;:0}},{&quot;1&quot;:0,&quot;2&quot;:0,&quot;3&quot;:3},{&quot;1&quot;:1,&quot;2&quot;:0,&quot;4&quot;:1}]},&quot;6&quot;:{&quot;1&quot;:[{&quot;1&quot;:2,&quot;2&quot;:0,&quot;5&quot;:{&quot;1&quot;:2,&quot;2&quot;:0}},{&quot;1&quot;:0,&quot;2&quot;:0,&quot;3&quot;:3},{&quot;1&quot;:1,&quot;2&quot;:0,&quot;4&quot;:1}]},&quot;7&quot;:{&quot;1&quot;:[{&quot;1&quot;:2,&quot;2&quot;:0,&quot;5&quot;:{&quot;1&quot;:2,&quot;2&quot;:0}},{&quot;1&quot;:0,&quot;2&quot;:0,&quot;3&quot;:3},{&quot;1&quot;:1,&quot;2&quot;:0,&quot;4&quot;:1}]},&quot;8&quot;:{&quot;1&quot;:[{&quot;1&quot;:2,&quot;2&quot;:0,&quot;5&quot;:{&quot;1&quot;:2,&quot;2&quot;:0}},{&quot;1&quot;:0,&quot;2&quot;:0,&quot;3&quot;:3},{&quot;1&quot;:1,&quot;2&quot;:0,&quot;4&quot;:1}]},&quot;9&quot;:0,&quot;10&quot;:0,&quot;11&quot;:4,&quot;12&quot;:0,&quot;16&quot;:13}\">Aquesta activitat permet con\u00e8ixer les caracter\u00edstiques principals d&#8217;aquest edifici p\u00fablic rom\u00e0 (les parts, els usos, els protagonistes, el p\u00fablic, els horaris, &#8230;) i l&#8217;evoluci\u00f3 hist\u00f2rica que ha sofert al llarg del temps. S&#8217;acompanya d&#8217;assessorament did\u00e0ctic, log\u00edstic i curricular.\u00a0<\/span><\/td>\n<\/tr>\n<tr>\n<td style=\"width: 100%;\"><strong>Objectius d\u2019aprenentatge<\/strong><span data-sheets-value=\"{&quot;1&quot;:2,&quot;2&quot;:&quot;Aquesta activitat permet con\u00e8ixer les caracter\u00edstiques principals d'aquest edifici p\u00fablic rom\u00e0 (les parts, els usos, els protagonistes, el p\u00fablic, els horaris, ...) i l'evoluci\u00f3 hist\u00f2rica que ha sofert al llarg del temps. S'acompanya d'assessorament did\u00e0ctic, log\u00edstic i curricular. Cal consultar el preu de l'entrada a la web del MHT. Activitat d'estada.&quot;}\" data-sheets-userformat=\"{&quot;2&quot;:9213,&quot;3&quot;:{&quot;1&quot;:0},&quot;5&quot;:{&quot;1&quot;:[{&quot;1&quot;:2,&quot;2&quot;:0,&quot;5&quot;:{&quot;1&quot;:2,&quot;2&quot;:0}},{&quot;1&quot;:0,&quot;2&quot;:0,&quot;3&quot;:3},{&quot;1&quot;:1,&quot;2&quot;:0,&quot;4&quot;:1}]},&quot;6&quot;:{&quot;1&quot;:[{&quot;1&quot;:2,&quot;2&quot;:0,&quot;5&quot;:{&quot;1&quot;:2,&quot;2&quot;:0}},{&quot;1&quot;:0,&quot;2&quot;:0,&quot;3&quot;:3},{&quot;1&quot;:1,&quot;2&quot;:0,&quot;4&quot;:1}]},&quot;7&quot;:{&quot;1&quot;:[{&quot;1&quot;:2,&quot;2&quot;:0,&quot;5&quot;:{&quot;1&quot;:2,&quot;2&quot;:0}},{&quot;1&quot;:0,&quot;2&quot;:0,&quot;3&quot;:3},{&quot;1&quot;:1,&quot;2&quot;:0,&quot;4&quot;:1}]},&quot;8&quot;:{&quot;1&quot;:[{&quot;1&quot;:2,&quot;2&quot;:0,&quot;5&quot;:{&quot;1&quot;:2,&quot;2&quot;:0}},{&quot;1&quot;:0,&quot;2&quot;:0,&quot;3&quot;:3},{&quot;1&quot;:1,&quot;2&quot;:0,&quot;4&quot;:1}]},&quot;9&quot;:0,&quot;10&quot;:0,&quot;11&quot;:4,&quot;12&quot;:0,&quot;16&quot;:13}\"><br \/>\n<\/span><\/td>\n<\/tr>\n<tr>\n<td style=\"width: 100%;\">\n<ol>\n<li>Introduir-se en el M\u00f3n rom\u00e0 Antic amb l\u2019objectiu d\u2019identificar vestigis de generacions passades que han perdurat fins a dia d\u2019avui i recon\u00e8ixer alguns trets de la nostra identitat cultural.<\/li>\n<li>Con\u00e8ixer el testimoni de l&#8217;amfiteatre rom\u00e0 de Tarragona, amb la finalitat de valorar i gaudir del llegat patrimonial de la ciutat.<\/li>\n<li>Recon\u00e8ixer l&#8217;estructura arquitect\u00f2nica de l&#8217;edifici, les activitats que s&#8217;hi desenvolupaven i l&#8217;organitzaci\u00f3 social que hi predominava amb l&#8217;objectiu d&#8217;identificar algunes peculiaritats d&#8217;entreteniment i quotidiane\u00eftat que han perviscut fins l&#8217;actualitat.<\/li>\n<li>Viure experi\u00e8ncies did\u00e0ctiques en el territori, l\u2019entorn natural, social, hist\u00f2ric, econ\u00f2mic i cultural de Tarragona, amb la finalitat de construir\u00a0aprenentatges competencials a partir del gaudi que genera la descoberta d\u2019un espai singular i \u00fanic.<\/li>\n<\/ol>\n<\/td>\n<\/tr>\n<tr style=\"height: 33px;\">\n<td style=\"width: 100%; height: 33px;\" data-sheets-value=\"{&quot;1&quot;:2,&quot;2&quot;:&quot;Ubicaci\u00f3&quot;}\"><strong>Ubicaci\u00f3<\/strong><\/td>\n<\/tr>\n<tr style=\"height: 11px;\">\n<td style=\"width: 100%; height: 11px;\">A la ciutat de Tarragona.<\/td>\n<\/tr>\n<tr style=\"height: 33px;\">\n<td style=\"width: 100%; height: 33px;\" data-sheets-value=\"{&quot;1&quot;:2,&quot;2&quot;:&quot;Durada&quot;}\"><strong>Durada<\/strong><\/td>\n<\/tr>\n<tr style=\"height: 32px;\">\n<td style=\"width: 100%; height: 32px;\">1 hora aproximadament.<\/td>\n<\/tr>\n<tr style=\"height: 33px;\">\n<td style=\"width: 100%; height: 33px;\" data-sheets-value=\"{&quot;1&quot;:2,&quot;2&quot;:&quot;Cost&quot;}\"><strong>Cost did\u00e0ctic<\/strong><\/td>\n<\/tr>\n<tr style=\"height: 10px;\">\n<td style=\"width: 100%; height: 10px;\">\n<ul>\n<li>Despla\u00e7ament fins els punts de trobada i retorn al centre educatiu sol\u00b7licitant a c\u00e0rrec d\u2019aquest.<\/li>\n<li>Segons l&#8217;<a href=\"https:\/\/dogc.gencat.cat\/ca\/document-del-dogc\/?documentId=743883\">ORDRE ENS\/163\/2016, de 16 de juny, per la qual es crea el preu p\u00fablic pel servei d&#8217;activitats d&#8217;ensenyament-aprenentatge als camps d&#8217;aprenentatge del Departament d&#8217;Ensenyament<\/a> l&#8217;import de l&#8217;activitat \u00e9s de 3 \u20ac per alumne\/a i dia. A la normativa es detalla el preu p\u00fablic per a bonificacions i exempcions.<\/li>\n<li>Cal consultar el preu de l\u2019entrada a la web del Museu d\u2019Hist\u00f2ria de Tarragona. L\u2019enlla\u00e7 a aquesta \u00e9s el seg\u00fcent: \u00a0<a href=\"https:\/\/www.tarragona.cat\/patrimoni\/museu-historia\/visites\/preus-i-venda-dentrades\">Preus i venda d\u2019entrades \u2014 Museu d\u2019Hist\u00f2ria de Tarragona<\/a><\/li>\n<\/ul>\n<\/td>\n<\/tr>\n<tr style=\"height: 33px;\">\n<td style=\"width: 100%; height: 33px;\" data-sheets-value=\"{&quot;1&quot;:2,&quot;2&quot;:&quot;Altres informacions&quot;}\"><strong>Altres informacions<\/strong><\/td>\n<\/tr>\n<tr style=\"height: 32px;\">\n<td style=\"width: 100%; height: 32px;\" data-sheets-value=\"{&quot;1&quot;:2,&quot;2&quot;:&quot;Nombre d'alumnes m\u00e0xim:&quot;}\">Activitat per a dos grups com a m\u00e0xim de 25 alumnes (50 persones en total aproximadament).<\/td>\n<\/tr>\n<tr style=\"height: 486px;\">\n<td style=\"width: 100%; height: 486px;\"><img loading=\"lazy\" decoding=\"async\" class=\"aligncenter\" src=\"https:\/\/serveiseducatius.xtec.cat\/cda-tarragona\/wp-content\/uploads\/usu1376\/2023\/04\/Amfiteatre.png\" width=\"1001\" height=\"747\" \/><\/td>\n<\/tr>\n<\/tbody>\n<\/table>\n","protected":false},"excerpt":{"rendered":"<p>Tipus Segons la modalitat de relaci\u00f3:\u00a0ESTADA EDUCATIVA (NO\u00a0SORTIDA). Segons la implementaci\u00f3 did\u00e0ctica:\u00a0GUIADA. Activitat\u00a0GUIADA\u00a0per l\u2019equip\u00a0DOCENT\u00a0del\u00a0CAMP D\u2019APRENENTATGE. Nivell Cicle mitj\u00e0 i superior d&#8217;Educaci\u00f3 prim\u00e0ria. Educaci\u00f3 secund\u00e0ria obligat\u00f2ria, Cicles Formatius i Batxillerat. Descripci\u00f3 Aquesta activitat permet con\u00e8ixer les caracter\u00edstiques principals d&#8217;aquest edifici p\u00fablic rom\u00e0 (les parts, els usos, els protagonistes, el p\u00fablic, els horaris, &#8230;) i l&#8217;evoluci\u00f3 hist\u00f2rica [&hellip;]<\/p>\n","protected":false},"author":1,"featured_media":0,"parent":0,"menu_order":0,"comment_status":"closed","ping_status":"closed","template":"","meta":{"_bbp_topic_count":0,"_bbp_reply_count":0,"_bbp_total_topic_count":0,"_bbp_total_reply_count":0,"_bbp_voice_count":0,"_bbp_anonymous_reply_count":0,"_bbp_topic_count_hidden":0,"_bbp_reply_count_hidden":0,"_bbp_forum_subforum_count":0,"site-sidebar-layout":"default","site-content-layout":"","ast-site-content-layout":"","site-content-style":"default","site-sidebar-style":"default","ast-global-header-display":"","ast-banner-title-visibility":"","ast-main-header-display":"","ast-hfb-above-header-display":"","ast-hfb-below-header-display":"","ast-hfb-mobile-header-display":"","site-post-title":"","ast-breadcrumbs-content":"","ast-featured-img":"","footer-sml-layout":"","theme-transparent-header-meta":"","adv-header-id-meta":"","stick-header-meta":"","header-above-stick-meta":"","header-main-stick-meta":"","header-below-stick-meta":"","astra-migrate-meta-layouts":"default","ast-page-background-enabled":"default","ast-page-background-meta":{"desktop":{"background-color":"var(--ast-global-color-4)","background-image":"","background-repeat":"repeat","background-position":"center center","background-size":"auto","background-attachment":"scroll","background-type":"","background-media":"","overlay-type":"","overlay-color":"","overlay-opacity":"","overlay-gradient":""},"tablet":{"background-color":"","background-image":"","background-repeat":"repeat","background-position":"center center","background-size":"auto","background-attachment":"scroll","background-type":"","background-media":"","overlay-type":"","overlay-color":"","overlay-opacity":"","overlay-gradient":""},"mobile":{"background-color":"","background-image":"","background-repeat":"repeat","background-position":"center center","background-size":"auto","background-attachment":"scroll","background-type":"","background-media":"","overlay-type":"","overlay-color":"","overlay-opacity":"","overlay-gradient":""}},"ast-content-background-meta":{"desktop":{"background-color":"var(--ast-global-color-5)","background-image":"","background-repeat":"repeat","background-position":"center center","background-size":"auto","background-attachment":"scroll","background-type":"","background-media":"","overlay-type":"","overlay-color":"","overlay-opacity":"","overlay-gradient":""},"tablet":{"background-color":"var(--ast-global-color-5)","background-image":"","background-repeat":"repeat","background-position":"center center","background-size":"auto","background-attachment":"scroll","background-type":"","background-media":"","overlay-type":"","overlay-color":"","overlay-opacity":"","overlay-gradient":""},"mobile":{"background-color":"var(--ast-global-color-5)","background-image":"","background-repeat":"repeat","background-position":"center center","background-size":"auto","background-attachment":"scroll","background-type":"","background-media":"","overlay-type":"","overlay-color":"","overlay-opacity":"","overlay-gradient":""}},"footnotes":""},"class_list":["post-12438","page","type-page","status-publish","hentry"],"post_mailing_queue_ids":[],"_links":{"self":[{"href":"https:\/\/serveiseducatius.xtec.cat\/cda-tarragona\/wp-json\/wp\/v2\/pages\/12438","targetHints":{"allow":["GET"]}}],"collection":[{"href":"https:\/\/serveiseducatius.xtec.cat\/cda-tarragona\/wp-json\/wp\/v2\/pages"}],"about":[{"href":"https:\/\/serveiseducatius.xtec.cat\/cda-tarragona\/wp-json\/wp\/v2\/types\/page"}],"author":[{"embeddable":true,"href":"https:\/\/serveiseducatius.xtec.cat\/cda-tarragona\/wp-json\/wp\/v2\/users\/1"}],"replies":[{"embeddable":true,"href":"https:\/\/serveiseducatius.xtec.cat\/cda-tarragona\/wp-json\/wp\/v2\/comments?post=12438"}],"version-history":[{"count":3,"href":"https:\/\/serveiseducatius.xtec.cat\/cda-tarragona\/wp-json\/wp\/v2\/pages\/12438\/revisions"}],"predecessor-version":[{"id":14611,"href":"https:\/\/serveiseducatius.xtec.cat\/cda-tarragona\/wp-json\/wp\/v2\/pages\/12438\/revisions\/14611"}],"wp:attachment":[{"href":"https:\/\/serveiseducatius.xtec.cat\/cda-tarragona\/wp-json\/wp\/v2\/media?parent=12438"}],"curies":[{"name":"wp","href":"https:\/\/api.w.org\/{rel}","templated":true}]}}