{"id":12433,"date":"2022-01-13T13:08:44","date_gmt":"2022-01-13T12:08:44","guid":{"rendered":"https:\/\/serveiseducatius.xtec.cat\/cda-tarragona\/?page_id=12433"},"modified":"2023-05-04T16:21:10","modified_gmt":"2023-05-04T14:21:10","slug":"descobrim-tarragona-bagul-destada","status":"publish","type":"page","link":"https:\/\/serveiseducatius.xtec.cat\/cda-tarragona\/descobrim-tarragona-bagul-destada\/","title":{"rendered":"99. Descobrim Tarragona romana (CM i CS d\u2019EP, ESO, CF i BAT) BAGUL D&#8217;ESTADA ACTIVITAT AUT\u00d2NOMA"},"content":{"rendered":"<table dir=\"ltr\" style=\"width: 69.805%;\" border=\"1\" cellspacing=\"0\" cellpadding=\"0\">\n<colgroup>\n<col width=\"300\" \/><\/colgroup>\n<tbody>\n<tr>\n<td style=\"width: 100%;\" data-sheets-value=\"{&quot;1&quot;:2,&quot;2&quot;:&quot;Nom&quot;}\"><strong>Tipus<\/strong><\/td>\n<\/tr>\n<tr>\n<td style=\"width: 100%;\">\n<ul>\n<li>Segons la modalitat de relaci\u00f3:\u00a0<strong>SORTIDA (NO ESTADA EDUCATIVA).<\/strong><\/li>\n<li>Segons la implementaci\u00f3 did\u00e0ctica:\u00a0<strong>AUT\u00d2NOMA<\/strong>.<\/li>\n<li>Activitat\u00a0<strong>GUIADA<\/strong>\u00a0per l\u2019equip\u00a0<strong>DOCENT<\/strong>\u00a0del\u00a0<strong>CENTRE EDUCATIU SOL\u00b7LICITANT<\/strong>.<\/li>\n<\/ul>\n<\/td>\n<\/tr>\n<tr>\n<td style=\"width: 100%;\" data-sheets-value=\"{&quot;1&quot;:2,&quot;2&quot;:&quot;Nivell&quot;}\"><strong>Nivell<\/strong><\/td>\n<\/tr>\n<tr>\n<td style=\"width: 100%;\">\n<ul>\n<li>Cicle mitj\u00e0 i superior d&#8217;Educaci\u00f3 prim\u00e0ria.<\/li>\n<li>Educaci\u00f3 secund\u00e0ria obligat\u00f2ria, Cicle Formatius i Batxillerat.<\/li>\n<\/ul>\n<\/td>\n<\/tr>\n<tr>\n<td style=\"width: 100%;\" data-sheets-value=\"{&quot;1&quot;:2,&quot;2&quot;:&quot;\u00c0mbits i Compt\u00e8ncies&quot;}\"><strong>Descripci\u00f3<\/strong><\/td>\n<\/tr>\n<tr>\n<td style=\"width: 100%;\"><span data-sheets-value=\"{&quot;1&quot;:2,&quot;2&quot;:&quot;Consta d'un bagul amb reproduccions d'objectes romans que permeten la descoberta de la ciutat de Tarragona actual, i espec\u00edficament de T\u00e0rraco, mitjan\u00e7ant la identificaci\u00f3 d'objectes relacionats amb la vida quotidiana i els costums romans. S'acompanya d'assessorament did\u00e0ctic, log\u00edstic i curricular. S'implementa per part del professorat del centre sol\u00b7licitant. Cal retornar el bagul a la seu del Camp d'Aprenentatge en arribar al Campus Educatiu. Activitat d'estada. &quot;}\" data-sheets-userformat=\"{&quot;2&quot;:9213,&quot;3&quot;:{&quot;1&quot;:0},&quot;5&quot;:{&quot;1&quot;:[{&quot;1&quot;:2,&quot;2&quot;:0,&quot;5&quot;:{&quot;1&quot;:2,&quot;2&quot;:0}},{&quot;1&quot;:0,&quot;2&quot;:0,&quot;3&quot;:3},{&quot;1&quot;:1,&quot;2&quot;:0,&quot;4&quot;:1}]},&quot;6&quot;:{&quot;1&quot;:[{&quot;1&quot;:2,&quot;2&quot;:0,&quot;5&quot;:{&quot;1&quot;:2,&quot;2&quot;:0}},{&quot;1&quot;:0,&quot;2&quot;:0,&quot;3&quot;:3},{&quot;1&quot;:1,&quot;2&quot;:0,&quot;4&quot;:1}]},&quot;7&quot;:{&quot;1&quot;:[{&quot;1&quot;:2,&quot;2&quot;:0,&quot;5&quot;:{&quot;1&quot;:2,&quot;2&quot;:0}},{&quot;1&quot;:0,&quot;2&quot;:0,&quot;3&quot;:3},{&quot;1&quot;:1,&quot;2&quot;:0,&quot;4&quot;:1}]},&quot;8&quot;:{&quot;1&quot;:[{&quot;1&quot;:2,&quot;2&quot;:0,&quot;5&quot;:{&quot;1&quot;:2,&quot;2&quot;:0}},{&quot;1&quot;:0,&quot;2&quot;:0,&quot;3&quot;:3},{&quot;1&quot;:1,&quot;2&quot;:0,&quot;4&quot;:1}]},&quot;9&quot;:0,&quot;10&quot;:0,&quot;11&quot;:4,&quot;12&quot;:0,&quot;16&quot;:14}\">Consta d&#8217;un bagul amb reproduccions d&#8217;objectes romans que permeten la descoberta de la ciutat de Tarragona actual, i espec\u00edficament de T\u00e0rraco, mitjan\u00e7ant la identificaci\u00f3 d&#8217;objectes relacionats amb la vida quotidiana i els costums romans. S&#8217;acompanya d&#8217;assessorament did\u00e0ctic, log\u00edstic i curricular.\u00a0<\/span><\/td>\n<\/tr>\n<tr>\n<td style=\"width: 100%;\" data-sheets-value=\"{&quot;1&quot;:2,&quot;2&quot;:&quot;Objectius d'aprenentatge&quot;}\"><strong>Objectius d&#8217;aprenentatge<\/strong><\/td>\n<\/tr>\n<tr>\n<td style=\"width: 100%;\">\n<ol>\n<li aria-level=\"1\">Con\u00e8ixer reproduccions d&#8217;objectes d&#8217;\u00c8poca romana per fer-se una idea aproximada de com devia ser la quotidiane\u00eftat en aquell temps hist\u00f2ric.<\/li>\n<li aria-level=\"1\">Fer \u00fas d&#8217;instruments d&#8217;organitzaci\u00f3 del pensament per facilitar la descoberta, identificaci\u00f3 i vinculaci\u00f3 del temps passat amb el m\u00f3n actual.<\/li>\n<li>Analitzar diversos aspectes de Tarragona (urban\u00edstics, culturals, mar\u00edtims, industrials,&#8230;) amb l\u2019objectiu d&#8217;ampliar el coneixement de la ciutat contempor\u00e0nia.<\/li>\n<li>Introduir-se en el M\u00f3n rom\u00e0 Antic amb l\u2019objectiu d\u2019identificar vestigis de generacions passades que han perdurat fins a dia d\u2019avui i recon\u00e8ixer alguns trets de la nostra identitat cultural.<\/li>\n<li>Viure experi\u00e8ncies did\u00e0ctiques en el territori, l&#8217;entorn natural, social, hist\u00f2ric, econ\u00f2mic i cultural de Tarragona, amb la finalitat de construir<span style=\"font-family: inherit; font-size: 1em;\"> aprenentatges competencials a partir del gaudi que genera la descoberta d&#8217;un espai singular i \u00fanic.<\/span><\/li>\n<\/ol>\n<\/td>\n<\/tr>\n<tr>\n<td style=\"width: 100%;\" data-sheets-value=\"{&quot;1&quot;:2,&quot;2&quot;:&quot;Ubicaci\u00f3&quot;}\"><strong>Ubicaci\u00f3<\/strong><\/td>\n<\/tr>\n<tr>\n<td style=\"width: 100%;\">A les aules del centre educatiu sol\u00b7licitant.<\/td>\n<\/tr>\n<tr>\n<td style=\"width: 100%;\" data-sheets-value=\"{&quot;1&quot;:2,&quot;2&quot;:&quot;Durada&quot;}\"><strong>Durada<\/strong><\/td>\n<\/tr>\n<tr>\n<td style=\"width: 100%;\">1 setmana.<\/td>\n<\/tr>\n<tr>\n<td style=\"width: 100%;\" data-sheets-value=\"{&quot;1&quot;:2,&quot;2&quot;:&quot;Cost&quot;}\"><strong>Cost did\u00e0ctic<\/strong><\/td>\n<\/tr>\n<tr>\n<td style=\"width: 100%;\">\n<ul>\n<li><span data-sheets-value=\"{&quot;1&quot;:2,&quot;2&quot;:&quot;Consta d'un bagul amb reproduccions d'objectes romans que permeten la descoberta de la ciutat de Tarragona actual, i espec\u00edficament de T\u00e0rraco, mitjan\u00e7ant la identificaci\u00f3 d'objectes relacionats amb la vida quotidiana i els costums romans. S'acompanya d'assessorament did\u00e0ctic, log\u00edstic i curricular. S'implementa per part del professorat del centre sol\u00b7licitant. Cal retornar el bagul a la seu del Camp d'Aprenentatge en arribar al Campus Educatiu. Activitat d'estada. &quot;}\" data-sheets-userformat=\"{&quot;2&quot;:9213,&quot;3&quot;:{&quot;1&quot;:0},&quot;5&quot;:{&quot;1&quot;:[{&quot;1&quot;:2,&quot;2&quot;:0,&quot;5&quot;:{&quot;1&quot;:2,&quot;2&quot;:0}},{&quot;1&quot;:0,&quot;2&quot;:0,&quot;3&quot;:3},{&quot;1&quot;:1,&quot;2&quot;:0,&quot;4&quot;:1}]},&quot;6&quot;:{&quot;1&quot;:[{&quot;1&quot;:2,&quot;2&quot;:0,&quot;5&quot;:{&quot;1&quot;:2,&quot;2&quot;:0}},{&quot;1&quot;:0,&quot;2&quot;:0,&quot;3&quot;:3},{&quot;1&quot;:1,&quot;2&quot;:0,&quot;4&quot;:1}]},&quot;7&quot;:{&quot;1&quot;:[{&quot;1&quot;:2,&quot;2&quot;:0,&quot;5&quot;:{&quot;1&quot;:2,&quot;2&quot;:0}},{&quot;1&quot;:0,&quot;2&quot;:0,&quot;3&quot;:3},{&quot;1&quot;:1,&quot;2&quot;:0,&quot;4&quot;:1}]},&quot;8&quot;:{&quot;1&quot;:[{&quot;1&quot;:2,&quot;2&quot;:0,&quot;5&quot;:{&quot;1&quot;:2,&quot;2&quot;:0}},{&quot;1&quot;:0,&quot;2&quot;:0,&quot;3&quot;:3},{&quot;1&quot;:1,&quot;2&quot;:0,&quot;4&quot;:1}]},&quot;9&quot;:0,&quot;10&quot;:0,&quot;11&quot;:4,&quot;12&quot;:0,&quot;16&quot;:14}\">Retorn del bagul a la seu del Camp d&#8217;Aprenentatge a c\u00e0rrec del centre educatiu sol\u00b7licitant.<\/span><\/li>\n<li>Despla\u00e7ament fins els punts de trobada i retorn al centre educatiu sol\u00b7licitant a c\u00e0rrec d\u2019aquest.<\/li>\n<\/ul>\n<\/td>\n<\/tr>\n<tr>\n<td style=\"width: 100%;\" data-sheets-value=\"{&quot;1&quot;:2,&quot;2&quot;:&quot;Altres informacions&quot;}\"><strong>Altres informacions<\/strong><\/td>\n<\/tr>\n<tr>\n<td style=\"width: 100%;\" data-sheets-value=\"{&quot;1&quot;:2,&quot;2&quot;:&quot;Nombre d'alumnes m\u00e0xim:&quot;}\"><span data-sheets-value=\"{&quot;1&quot;:2,&quot;2&quot;:&quot;Consta d'un bagul amb reproduccions d'objectes romans que permeten la descoberta de la ciutat de Tarragona actual, i espec\u00edficament de T\u00e0rraco, mitjan\u00e7ant la identificaci\u00f3 d'objectes relacionats amb la vida quotidiana i els costums romans. S'acompanya d'assessorament did\u00e0ctic, log\u00edstic i curricular. S'implementa per part del professorat del centre sol\u00b7licitant. Cal retornar el bagul a la seu del Camp d'Aprenentatge en arribar al Campus Educatiu. Activitat d'estada. &quot;}\" data-sheets-userformat=\"{&quot;2&quot;:9213,&quot;3&quot;:{&quot;1&quot;:0},&quot;5&quot;:{&quot;1&quot;:[{&quot;1&quot;:2,&quot;2&quot;:0,&quot;5&quot;:{&quot;1&quot;:2,&quot;2&quot;:0}},{&quot;1&quot;:0,&quot;2&quot;:0,&quot;3&quot;:3},{&quot;1&quot;:1,&quot;2&quot;:0,&quot;4&quot;:1}]},&quot;6&quot;:{&quot;1&quot;:[{&quot;1&quot;:2,&quot;2&quot;:0,&quot;5&quot;:{&quot;1&quot;:2,&quot;2&quot;:0}},{&quot;1&quot;:0,&quot;2&quot;:0,&quot;3&quot;:3},{&quot;1&quot;:1,&quot;2&quot;:0,&quot;4&quot;:1}]},&quot;7&quot;:{&quot;1&quot;:[{&quot;1&quot;:2,&quot;2&quot;:0,&quot;5&quot;:{&quot;1&quot;:2,&quot;2&quot;:0}},{&quot;1&quot;:0,&quot;2&quot;:0,&quot;3&quot;:3},{&quot;1&quot;:1,&quot;2&quot;:0,&quot;4&quot;:1}]},&quot;8&quot;:{&quot;1&quot;:[{&quot;1&quot;:2,&quot;2&quot;:0,&quot;5&quot;:{&quot;1&quot;:2,&quot;2&quot;:0}},{&quot;1&quot;:0,&quot;2&quot;:0,&quot;3&quot;:3},{&quot;1&quot;:1,&quot;2&quot;:0,&quot;4&quot;:1}]},&quot;9&quot;:0,&quot;10&quot;:0,&quot;11&quot;:4,&quot;12&quot;:0,&quot;16&quot;:14}\">Cal retornar el bagul a la seu del Camp d&#8217;Aprenentatge en arribar al Campus Educatiu.\u00a0<\/span><\/td>\n<\/tr>\n<tr>\n<td style=\"width: 100%;\"><img loading=\"lazy\" decoding=\"async\" class=\"aligncenter\" src=\"https:\/\/serveiseducatius.xtec.cat\/cda-tarragona\/wp-content\/uploads\/usu1376\/2022\/02\/bagul-estades.png\" width=\"1156\" height=\"669\" \/><\/td>\n<\/tr>\n<\/tbody>\n<\/table>\n","protected":false},"excerpt":{"rendered":"<p>Tipus Segons la modalitat de relaci\u00f3:\u00a0SORTIDA (NO ESTADA EDUCATIVA). Segons la implementaci\u00f3 did\u00e0ctica:\u00a0AUT\u00d2NOMA. Activitat\u00a0GUIADA\u00a0per l\u2019equip\u00a0DOCENT\u00a0del\u00a0CENTRE EDUCATIU SOL\u00b7LICITANT. Nivell Cicle mitj\u00e0 i superior d&#8217;Educaci\u00f3 prim\u00e0ria. Educaci\u00f3 secund\u00e0ria obligat\u00f2ria, Cicle Formatius i Batxillerat. Descripci\u00f3 Consta d&#8217;un bagul amb reproduccions d&#8217;objectes romans que permeten la descoberta de la ciutat de Tarragona actual, i espec\u00edficament de T\u00e0rraco, mitjan\u00e7ant la [&hellip;]<\/p>\n","protected":false},"author":1,"featured_media":0,"parent":0,"menu_order":0,"comment_status":"closed","ping_status":"closed","template":"","meta":{"_bbp_topic_count":0,"_bbp_reply_count":0,"_bbp_total_topic_count":0,"_bbp_total_reply_count":0,"_bbp_voice_count":0,"_bbp_anonymous_reply_count":0,"_bbp_topic_count_hidden":0,"_bbp_reply_count_hidden":0,"_bbp_forum_subforum_count":0,"site-sidebar-layout":"default","site-content-layout":"","ast-site-content-layout":"","site-content-style":"default","site-sidebar-style":"default","ast-global-header-display":"","ast-banner-title-visibility":"","ast-main-header-display":"","ast-hfb-above-header-display":"","ast-hfb-below-header-display":"","ast-hfb-mobile-header-display":"","site-post-title":"","ast-breadcrumbs-content":"","ast-featured-img":"","footer-sml-layout":"","theme-transparent-header-meta":"","adv-header-id-meta":"","stick-header-meta":"","header-above-stick-meta":"","header-main-stick-meta":"","header-below-stick-meta":"","astra-migrate-meta-layouts":"default","ast-page-background-enabled":"default","ast-page-background-meta":{"desktop":{"background-color":"var(--ast-global-color-4)","background-image":"","background-repeat":"repeat","background-position":"center center","background-size":"auto","background-attachment":"scroll","background-type":"","background-media":"","overlay-type":"","overlay-color":"","overlay-opacity":"","overlay-gradient":""},"tablet":{"background-color":"","background-image":"","background-repeat":"repeat","background-position":"center center","background-size":"auto","background-attachment":"scroll","background-type":"","background-media":"","overlay-type":"","overlay-color":"","overlay-opacity":"","overlay-gradient":""},"mobile":{"background-color":"","background-image":"","background-repeat":"repeat","background-position":"center center","background-size":"auto","background-attachment":"scroll","background-type":"","background-media":"","overlay-type":"","overlay-color":"","overlay-opacity":"","overlay-gradient":""}},"ast-content-background-meta":{"desktop":{"background-color":"var(--ast-global-color-5)","background-image":"","background-repeat":"repeat","background-position":"center center","background-size":"auto","background-attachment":"scroll","background-type":"","background-media":"","overlay-type":"","overlay-color":"","overlay-opacity":"","overlay-gradient":""},"tablet":{"background-color":"var(--ast-global-color-5)","background-image":"","background-repeat":"repeat","background-position":"center center","background-size":"auto","background-attachment":"scroll","background-type":"","background-media":"","overlay-type":"","overlay-color":"","overlay-opacity":"","overlay-gradient":""},"mobile":{"background-color":"var(--ast-global-color-5)","background-image":"","background-repeat":"repeat","background-position":"center center","background-size":"auto","background-attachment":"scroll","background-type":"","background-media":"","overlay-type":"","overlay-color":"","overlay-opacity":"","overlay-gradient":""}},"footnotes":""},"class_list":["post-12433","page","type-page","status-publish","hentry"],"post_mailing_queue_ids":[],"_links":{"self":[{"href":"https:\/\/serveiseducatius.xtec.cat\/cda-tarragona\/wp-json\/wp\/v2\/pages\/12433","targetHints":{"allow":["GET"]}}],"collection":[{"href":"https:\/\/serveiseducatius.xtec.cat\/cda-tarragona\/wp-json\/wp\/v2\/pages"}],"about":[{"href":"https:\/\/serveiseducatius.xtec.cat\/cda-tarragona\/wp-json\/wp\/v2\/types\/page"}],"author":[{"embeddable":true,"href":"https:\/\/serveiseducatius.xtec.cat\/cda-tarragona\/wp-json\/wp\/v2\/users\/1"}],"replies":[{"embeddable":true,"href":"https:\/\/serveiseducatius.xtec.cat\/cda-tarragona\/wp-json\/wp\/v2\/comments?post=12433"}],"version-history":[{"count":3,"href":"https:\/\/serveiseducatius.xtec.cat\/cda-tarragona\/wp-json\/wp\/v2\/pages\/12433\/revisions"}],"predecessor-version":[{"id":14549,"href":"https:\/\/serveiseducatius.xtec.cat\/cda-tarragona\/wp-json\/wp\/v2\/pages\/12433\/revisions\/14549"}],"wp:attachment":[{"href":"https:\/\/serveiseducatius.xtec.cat\/cda-tarragona\/wp-json\/wp\/v2\/media?parent=12433"}],"curies":[{"name":"wp","href":"https:\/\/api.w.org\/{rel}","templated":true}]}}