{"id":12397,"date":"2022-01-13T12:55:23","date_gmt":"2022-01-13T11:55:23","guid":{"rendered":"https:\/\/serveiseducatius.xtec.cat\/cda-tarragona\/?page_id=12397"},"modified":"2023-06-23T10:06:29","modified_gmt":"2023-06-23T08:06:29","slug":"roma-a-la-moda-i-bagul-prestec","status":"publish","type":"page","link":"https:\/\/serveiseducatius.xtec.cat\/cda-tarragona\/roma-a-la-moda-i-bagul-prestec\/","title":{"rendered":"48. Roma a la moda I (CM i CS d&#8217;EP) ACTIVITAT AUT\u00d2NOMA BAGUL PR\u00c9STEC"},"content":{"rendered":"<table dir=\"ltr\" style=\"width: 69.805%;\" border=\"1\" cellspacing=\"0\" cellpadding=\"0\">\n<colgroup>\n<col width=\"300\" \/><\/colgroup>\n<tbody>\n<tr>\n<td style=\"width: 100%;\" data-sheets-value=\"{&quot;1&quot;:2,&quot;2&quot;:&quot;Nom&quot;}\"><strong>Tipus<\/strong><\/td>\n<\/tr>\n<tr>\n<td style=\"width: 100%;\">\n<ul>\n<li>Segons la modalitat de relaci\u00f3:\u00a0<strong>SORTIDA (NO ESTADA EDUCATIVA).<\/strong><\/li>\n<li>Segons la implementaci\u00f3 did\u00e0ctica:\u00a0<strong>AUT\u00d2NOMA<\/strong>.<\/li>\n<li>Activitat\u00a0<strong>GUIADA<\/strong>\u00a0per l\u2019equip\u00a0<strong>DOCENT<\/strong>\u00a0del\u00a0<strong>CENTRE EDUCATIU SOL\u00b7LICITANT<\/strong>.<\/li>\n<\/ul>\n<\/td>\n<\/tr>\n<tr>\n<td style=\"width: 100%;\" data-sheets-value=\"{&quot;1&quot;:2,&quot;2&quot;:&quot;Nivell&quot;}\"><strong>Nivell<\/strong><\/td>\n<\/tr>\n<tr>\n<td style=\"width: 100%;\">Cicle mitj\u00e0 i superior d&#8217;Educaci\u00f3 prim\u00e0ria.<\/td>\n<\/tr>\n<tr>\n<td style=\"width: 100%;\" data-sheets-value=\"{&quot;1&quot;:2,&quot;2&quot;:&quot;\u00c0mbits i Compt\u00e8ncies&quot;}\"><strong>Descripci\u00f3<\/strong><\/td>\n<\/tr>\n<tr>\n<td style=\"width: 100%;\">Consta d&#8217;un bagul amb reproduccions de vestuari femen\u00ed i mascul\u00ed d&#8217;\u00c8poca romana. Inclou diverses peces t\u00e8xtils que expliquen l&#8217;abillament b\u00e0sic segons els grups socials i les diferents \u00e8poques de l&#8217;any per tal d&#8217;identificar-ne els materials i la funci\u00f3, aix\u00ed com una documentaci\u00f3 escrita i uns retallables. <span data-sheets-value=\"{&quot;1&quot;:2,&quot;2&quot;:&quot;Consta d'un bagul amb reproduccions d'objectes romans que permeten la descoberta de la ciutat de Tarragona actual, i espec\u00edficament de T\u00e0rraco, mitjan\u00e7ant la identificaci\u00f3 d'objectes relacionats amb la vida quotidiana i els costums romans. S'acompanya d'assessorament did\u00e0ctic, log\u00edstic i curricular. Guiada pel professorat del centre sol\u00b7licitant. Cal recollir i retornar el bagul a la seu del Camp d'Aprenentatge. Consultar a la web el cost del pr\u00e9stec. Activitat de sortida.&quot;}\" data-sheets-userformat=\"{&quot;2&quot;:9213,&quot;3&quot;:{&quot;1&quot;:0},&quot;5&quot;:{&quot;1&quot;:[{&quot;1&quot;:2,&quot;2&quot;:0,&quot;5&quot;:{&quot;1&quot;:2,&quot;2&quot;:0}},{&quot;1&quot;:0,&quot;2&quot;:0,&quot;3&quot;:3},{&quot;1&quot;:1,&quot;2&quot;:0,&quot;4&quot;:1}]},&quot;6&quot;:{&quot;1&quot;:[{&quot;1&quot;:2,&quot;2&quot;:0,&quot;5&quot;:{&quot;1&quot;:2,&quot;2&quot;:0}},{&quot;1&quot;:0,&quot;2&quot;:0,&quot;3&quot;:3},{&quot;1&quot;:1,&quot;2&quot;:0,&quot;4&quot;:1}]},&quot;7&quot;:{&quot;1&quot;:[{&quot;1&quot;:2,&quot;2&quot;:0,&quot;5&quot;:{&quot;1&quot;:2,&quot;2&quot;:0}},{&quot;1&quot;:0,&quot;2&quot;:0,&quot;3&quot;:3},{&quot;1&quot;:1,&quot;2&quot;:0,&quot;4&quot;:1}]},&quot;8&quot;:{&quot;1&quot;:[{&quot;1&quot;:2,&quot;2&quot;:0,&quot;5&quot;:{&quot;1&quot;:2,&quot;2&quot;:0}},{&quot;1&quot;:0,&quot;2&quot;:0,&quot;3&quot;:3},{&quot;1&quot;:1,&quot;2&quot;:0,&quot;4&quot;:1}]},&quot;9&quot;:0,&quot;10&quot;:0,&quot;11&quot;:4,&quot;12&quot;:0,&quot;16&quot;:13}\">S&#8217;acompanya d&#8217;assessorament did\u00e0ctic, log\u00edstic i curricular.<\/span><\/td>\n<\/tr>\n<tr>\n<td style=\"width: 100%;\" data-sheets-value=\"{&quot;1&quot;:2,&quot;2&quot;:&quot;Objectius d'aprenentatge&quot;}\"><strong>Objectius d&#8217;aprenentatge<\/strong><\/td>\n<\/tr>\n<tr>\n<td style=\"width: 100%;\">\n<ol>\n<li><span style=\"color: #000000;\">Recon\u00e8ixer les principals peces del vestuari rom\u00e0 amb els seus complements, i en relaci\u00f3 als grups socials, per tal de vincular-les amb la indument\u00e0ria actual i ser conscients de com ha evolucionat aquest tema fins a la nostra realitat.<\/span><\/li>\n<li><span style=\"color: #000000;\">Con\u00e8ixer els teixits i els tints emprats per a la confecci\u00f3 del vestuari rom\u00e0 per valorar la complexitat de l&#8217;elaboraci\u00f3 en aquella \u00e8poca i relacionar aquella ind\u00fastria t\u00e8xtil amb l&#8217;actual.<\/span><\/li>\n<li><span style=\"color: #000000;\">Analitzar detingudament les fonts documentals del patrimoni rom\u00e0 (escultura, pintura, mosaics,&#8230;) per concebre-les com l&#8217;origen de la informaci\u00f3 sobre el passat.<\/span><\/li>\n<li>Fer \u00fas dels materials de reconstrucci\u00f3 hist\u00f2rica que facilita el Camp d&#8217;Aprenentatge per tal de promoure experi\u00e8ncies\u00a0competencials a partir del gaudi que genera la descoberta.<\/li>\n<\/ol>\n<\/td>\n<\/tr>\n<tr>\n<td style=\"width: 100%;\" data-sheets-value=\"{&quot;1&quot;:2,&quot;2&quot;:&quot;Ubicaci\u00f3&quot;}\"><strong>Ubicaci\u00f3<\/strong><\/td>\n<\/tr>\n<tr>\n<td style=\"width: 100%;\">A les aules del centre educatiu sol\u00b7licitant.<\/td>\n<\/tr>\n<tr>\n<td style=\"width: 100%;\" data-sheets-value=\"{&quot;1&quot;:2,&quot;2&quot;:&quot;Durada&quot;}\"><strong>Durada<\/strong><\/td>\n<\/tr>\n<tr>\n<td style=\"width: 100%;\">1 setmana.<\/td>\n<\/tr>\n<tr>\n<td style=\"width: 100%;\" data-sheets-value=\"{&quot;1&quot;:2,&quot;2&quot;:&quot;Cost&quot;}\"><strong>Cost did\u00e0ctic<\/strong><\/td>\n<\/tr>\n<tr>\n<td style=\"width: 100%;\">\n<ul>\n<li>Despla\u00e7ament fins els punts de recollida i retorn a c\u00e0rrec del centre educatiu sol\u00b7licitant.<\/li>\n<li>50 \u20ac a la setmana.<\/li>\n<\/ul>\n<\/td>\n<\/tr>\n<tr>\n<td style=\"width: 100%;\" data-sheets-value=\"{&quot;1&quot;:2,&quot;2&quot;:&quot;Altres informacions&quot;}\"><strong>Altres informacions<\/strong><\/td>\n<\/tr>\n<tr>\n<td style=\"width: 100%;\" data-sheets-value=\"{&quot;1&quot;:2,&quot;2&quot;:&quot;Nombre d'alumnes m\u00e0xim:&quot;}\"><span data-sheets-value=\"{&quot;1&quot;:2,&quot;2&quot;:&quot;Consta d'un bagul amb reproduccions d'objectes romans que permeten la descoberta de la ciutat de Tarragona actual, i espec\u00edficament de T\u00e0rraco, mitjan\u00e7ant la identificaci\u00f3 d'objectes relacionats amb la vida quotidiana i els costums romans. S'acompanya d'assessorament did\u00e0ctic, log\u00edstic i curricular. Guiada pel professorat del centre sol\u00b7licitant. Cal recollir i retornar el bagul a la seu del Camp d'Aprenentatge. Consultar a la web el cost del pr\u00e9stec. Activitat de sortida.&quot;}\" data-sheets-userformat=\"{&quot;2&quot;:9213,&quot;3&quot;:{&quot;1&quot;:0},&quot;5&quot;:{&quot;1&quot;:[{&quot;1&quot;:2,&quot;2&quot;:0,&quot;5&quot;:{&quot;1&quot;:2,&quot;2&quot;:0}},{&quot;1&quot;:0,&quot;2&quot;:0,&quot;3&quot;:3},{&quot;1&quot;:1,&quot;2&quot;:0,&quot;4&quot;:1}]},&quot;6&quot;:{&quot;1&quot;:[{&quot;1&quot;:2,&quot;2&quot;:0,&quot;5&quot;:{&quot;1&quot;:2,&quot;2&quot;:0}},{&quot;1&quot;:0,&quot;2&quot;:0,&quot;3&quot;:3},{&quot;1&quot;:1,&quot;2&quot;:0,&quot;4&quot;:1}]},&quot;7&quot;:{&quot;1&quot;:[{&quot;1&quot;:2,&quot;2&quot;:0,&quot;5&quot;:{&quot;1&quot;:2,&quot;2&quot;:0}},{&quot;1&quot;:0,&quot;2&quot;:0,&quot;3&quot;:3},{&quot;1&quot;:1,&quot;2&quot;:0,&quot;4&quot;:1}]},&quot;8&quot;:{&quot;1&quot;:[{&quot;1&quot;:2,&quot;2&quot;:0,&quot;5&quot;:{&quot;1&quot;:2,&quot;2&quot;:0}},{&quot;1&quot;:0,&quot;2&quot;:0,&quot;3&quot;:3},{&quot;1&quot;:1,&quot;2&quot;:0,&quot;4&quot;:1}]},&quot;9&quot;:0,&quot;10&quot;:0,&quot;11&quot;:4,&quot;12&quot;:0,&quot;16&quot;:13}\">Cal recollir i retornar el bagul a la seu del Camp d&#8217;Aprenentatge.<\/span><\/td>\n<\/tr>\n<tr>\n<td style=\"width: 100%;\"><img loading=\"lazy\" decoding=\"async\" class=\"aligncenter\" src=\"https:\/\/serveiseducatius.xtec.cat\/cda-tarragona\/wp-content\/uploads\/usu1376\/2022\/02\/roma_a_la_moda.png\" width=\"1161\" height=\"1095\" \/><\/td>\n<\/tr>\n<\/tbody>\n<\/table>\n","protected":false},"excerpt":{"rendered":"<p>Tipus Segons la modalitat de relaci\u00f3:\u00a0SORTIDA (NO ESTADA EDUCATIVA). Segons la implementaci\u00f3 did\u00e0ctica:\u00a0AUT\u00d2NOMA. Activitat\u00a0GUIADA\u00a0per l\u2019equip\u00a0DOCENT\u00a0del\u00a0CENTRE EDUCATIU SOL\u00b7LICITANT. Nivell Cicle mitj\u00e0 i superior d&#8217;Educaci\u00f3 prim\u00e0ria. Descripci\u00f3 Consta d&#8217;un bagul amb reproduccions de vestuari femen\u00ed i mascul\u00ed d&#8217;\u00c8poca romana. Inclou diverses peces t\u00e8xtils que expliquen l&#8217;abillament b\u00e0sic segons els grups socials i les diferents \u00e8poques de l&#8217;any [&hellip;]<\/p>\n","protected":false},"author":1,"featured_media":0,"parent":0,"menu_order":0,"comment_status":"closed","ping_status":"closed","template":"","meta":{"_bbp_topic_count":0,"_bbp_reply_count":0,"_bbp_total_topic_count":0,"_bbp_total_reply_count":0,"_bbp_voice_count":0,"_bbp_anonymous_reply_count":0,"_bbp_topic_count_hidden":0,"_bbp_reply_count_hidden":0,"_bbp_forum_subforum_count":0,"site-sidebar-layout":"default","site-content-layout":"","ast-site-content-layout":"","site-content-style":"default","site-sidebar-style":"default","ast-global-header-display":"","ast-banner-title-visibility":"","ast-main-header-display":"","ast-hfb-above-header-display":"","ast-hfb-below-header-display":"","ast-hfb-mobile-header-display":"","site-post-title":"","ast-breadcrumbs-content":"","ast-featured-img":"","footer-sml-layout":"","theme-transparent-header-meta":"","adv-header-id-meta":"","stick-header-meta":"","header-above-stick-meta":"","header-main-stick-meta":"","header-below-stick-meta":"","astra-migrate-meta-layouts":"default","ast-page-background-enabled":"default","ast-page-background-meta":{"desktop":{"background-color":"var(--ast-global-color-4)","background-image":"","background-repeat":"repeat","background-position":"center center","background-size":"auto","background-attachment":"scroll","background-type":"","background-media":"","overlay-type":"","overlay-color":"","overlay-opacity":"","overlay-gradient":""},"tablet":{"background-color":"","background-image":"","background-repeat":"repeat","background-position":"center center","background-size":"auto","background-attachment":"scroll","background-type":"","background-media":"","overlay-type":"","overlay-color":"","overlay-opacity":"","overlay-gradient":""},"mobile":{"background-color":"","background-image":"","background-repeat":"repeat","background-position":"center center","background-size":"auto","background-attachment":"scroll","background-type":"","background-media":"","overlay-type":"","overlay-color":"","overlay-opacity":"","overlay-gradient":""}},"ast-content-background-meta":{"desktop":{"background-color":"var(--ast-global-color-5)","background-image":"","background-repeat":"repeat","background-position":"center center","background-size":"auto","background-attachment":"scroll","background-type":"","background-media":"","overlay-type":"","overlay-color":"","overlay-opacity":"","overlay-gradient":""},"tablet":{"background-color":"var(--ast-global-color-5)","background-image":"","background-repeat":"repeat","background-position":"center center","background-size":"auto","background-attachment":"scroll","background-type":"","background-media":"","overlay-type":"","overlay-color":"","overlay-opacity":"","overlay-gradient":""},"mobile":{"background-color":"var(--ast-global-color-5)","background-image":"","background-repeat":"repeat","background-position":"center center","background-size":"auto","background-attachment":"scroll","background-type":"","background-media":"","overlay-type":"","overlay-color":"","overlay-opacity":"","overlay-gradient":""}},"footnotes":""},"class_list":["post-12397","page","type-page","status-publish","hentry"],"post_mailing_queue_ids":[],"_links":{"self":[{"href":"https:\/\/serveiseducatius.xtec.cat\/cda-tarragona\/wp-json\/wp\/v2\/pages\/12397","targetHints":{"allow":["GET"]}}],"collection":[{"href":"https:\/\/serveiseducatius.xtec.cat\/cda-tarragona\/wp-json\/wp\/v2\/pages"}],"about":[{"href":"https:\/\/serveiseducatius.xtec.cat\/cda-tarragona\/wp-json\/wp\/v2\/types\/page"}],"author":[{"embeddable":true,"href":"https:\/\/serveiseducatius.xtec.cat\/cda-tarragona\/wp-json\/wp\/v2\/users\/1"}],"replies":[{"embeddable":true,"href":"https:\/\/serveiseducatius.xtec.cat\/cda-tarragona\/wp-json\/wp\/v2\/comments?post=12397"}],"version-history":[{"count":4,"href":"https:\/\/serveiseducatius.xtec.cat\/cda-tarragona\/wp-json\/wp\/v2\/pages\/12397\/revisions"}],"predecessor-version":[{"id":14775,"href":"https:\/\/serveiseducatius.xtec.cat\/cda-tarragona\/wp-json\/wp\/v2\/pages\/12397\/revisions\/14775"}],"wp:attachment":[{"href":"https:\/\/serveiseducatius.xtec.cat\/cda-tarragona\/wp-json\/wp\/v2\/media?parent=12397"}],"curies":[{"name":"wp","href":"https:\/\/api.w.org\/{rel}","templated":true}]}}