{"id":12379,"date":"2022-01-13T12:28:18","date_gmt":"2022-01-13T11:28:18","guid":{"rendered":"https:\/\/serveiseducatius.xtec.cat\/cda-tarragona\/?page_id=12379"},"modified":"2023-05-25T09:07:16","modified_gmt":"2023-05-25T07:07:16","slug":"puerorum-ludi","status":"publish","type":"page","link":"https:\/\/serveiseducatius.xtec.cat\/cda-tarragona\/puerorum-ludi\/","title":{"rendered":"161. Puerorum ludi (6\u00e8 EP) ACTIVITAT SORTIDA GUIADA VIRTUAL TARRACO VIVA"},"content":{"rendered":"<table dir=\"ltr\" style=\"width: 69.805%; height: 799px;\" border=\"1\" cellspacing=\"0\" cellpadding=\"0\">\n<colgroup>\n<col width=\"300\" \/><\/colgroup>\n<tbody>\n<tr style=\"height: 33px;\">\n<td style=\"width: 100%; height: 33px;\" data-sheets-value=\"{&quot;1&quot;:2,&quot;2&quot;:&quot;Nom&quot;}\"><strong><span style=\"font-size: 16px;\">Tipus<\/span><\/strong><\/td>\n<\/tr>\n<tr style=\"height: 80px;\">\n<td style=\"width: 100%; height: 80px;\">\n<ul>\n<li><span style=\"font-size: 16px;\">Segons la modalitat de relaci\u00f3:\u00a0<strong>ESTADA EDUCATIVA (NO\u00a0SORTIDA).<\/strong><\/span><\/li>\n<li><span style=\"font-size: 16px;\">Segons la implementaci\u00f3 did\u00e0ctica:\u00a0<strong>GUIADA.<\/strong><\/span><\/li>\n<li><span style=\"font-size: 16px;\">Activitat\u00a0<strong>GUIADA<\/strong>\u00a0per l\u2019equip\u00a0<strong>DOCENT<\/strong>\u00a0del\u00a0<strong>CAMP D\u2019APRENENTATGE.<\/strong><\/span><\/li>\n<\/ul>\n<\/td>\n<\/tr>\n<tr style=\"height: 33px;\">\n<td style=\"width: 100%; height: 33px;\" data-sheets-value=\"{&quot;1&quot;:2,&quot;2&quot;:&quot;Nivell&quot;}\"><strong><span style=\"font-size: 16px;\">Nivell<\/span><\/strong><\/td>\n<\/tr>\n<tr style=\"height: 32px;\">\n<td style=\"width: 100%; height: 32px;\"><span style=\"font-size: 16px;\">6\u00e8 d&#8217;Educaci\u00f3 prim\u00e0ria.<\/span><\/td>\n<\/tr>\n<tr style=\"height: 33px;\">\n<td style=\"width: 100%; height: 33px;\" data-sheets-value=\"{&quot;1&quot;:2,&quot;2&quot;:&quot;\u00c0mbits i Compt\u00e8ncies&quot;}\"><strong><span style=\"font-size: 16px;\">Descripci\u00f3<\/span><\/strong><\/td>\n<\/tr>\n<tr style=\"height: 64px;\">\n<td style=\"width: 100%; height: 64px;\"><span style=\"font-size: 16px;\" data-sheets-value=\"{&quot;1&quot;:2,&quot;2&quot;:&quot;Amb l'activitat Puerorum ludi, l'alumnat de 6\u00e8 d'EP de les escoles del Tarragon\u00e8s s'apropar\u00e0 virtualment durant un mat\u00ed als jocs que jugaven els infants de T\u00e0rraco. A l'\u00c8poca Romana el joc era molt present, tant per als infants com per als adults. Aquesta activitat permetr\u00e0 descobrir-ne alguns, saber quins han perviscut fins als nostres dies i, fins i tot, crear una pe\u00e7a de joc. Activitat de sortida.&quot;}\" data-sheets-userformat=\"{&quot;2&quot;:9213,&quot;3&quot;:{&quot;1&quot;:0},&quot;5&quot;:{&quot;1&quot;:[{&quot;1&quot;:2,&quot;2&quot;:0,&quot;5&quot;:{&quot;1&quot;:2,&quot;2&quot;:0}},{&quot;1&quot;:0,&quot;2&quot;:0,&quot;3&quot;:3},{&quot;1&quot;:1,&quot;2&quot;:0,&quot;4&quot;:1}]},&quot;6&quot;:{&quot;1&quot;:[{&quot;1&quot;:2,&quot;2&quot;:0,&quot;5&quot;:{&quot;1&quot;:2,&quot;2&quot;:0}},{&quot;1&quot;:0,&quot;2&quot;:0,&quot;3&quot;:3},{&quot;1&quot;:1,&quot;2&quot;:0,&quot;4&quot;:1}]},&quot;7&quot;:{&quot;1&quot;:[{&quot;1&quot;:2,&quot;2&quot;:0,&quot;5&quot;:{&quot;1&quot;:2,&quot;2&quot;:0}},{&quot;1&quot;:0,&quot;2&quot;:0,&quot;3&quot;:3},{&quot;1&quot;:1,&quot;2&quot;:0,&quot;4&quot;:1}]},&quot;8&quot;:{&quot;1&quot;:[{&quot;1&quot;:2,&quot;2&quot;:0,&quot;5&quot;:{&quot;1&quot;:2,&quot;2&quot;:0}},{&quot;1&quot;:0,&quot;2&quot;:0,&quot;3&quot;:3},{&quot;1&quot;:1,&quot;2&quot;:0,&quot;4&quot;:1}]},&quot;9&quot;:0,&quot;10&quot;:0,&quot;11&quot;:4,&quot;12&quot;:0,&quot;16&quot;:13}\">Amb l&#8217;activitat Puerorum ludi, l&#8217;alumnat de 6\u00e8 d&#8217;EP de les escoles del Tarragon\u00e8s s&#8217;apropar\u00e0 virtualment durant un mat\u00ed als jocs que jugaven els infants de T\u00e0rraco. A l&#8217;\u00c8poca Romana el joc era molt present, tant per als infants com per als adults. Aquesta activitat permetr\u00e0 descobrir-ne alguns, saber quins han perviscut fins als nostres dies i, fins i tot, crear una pe\u00e7a de joc. S&#8217;acompanya d&#8217;assessorament did\u00e0ctic, log\u00edstic i curricular.\u00a0<\/span><\/td>\n<\/tr>\n<tr style=\"height: 33px;\">\n<td style=\"width: 100%; height: 33px;\" data-sheets-value=\"{&quot;1&quot;:2,&quot;2&quot;:&quot;Objectius d'aprenentatge&quot;}\"><strong><span style=\"font-size: 16px;\">Objectius d&#8217;aprenentatge<\/span><\/strong><\/td>\n<\/tr>\n<tr style=\"height: 32px;\">\n<td style=\"width: 100%; height: 32px;\">\n<ol>\n<li>Promoure la descoberta dels jocs d\u2019infants i adults a l\u2019Antiga Roma per con\u00e8ixer la seva import\u00e0ncia i l&#8217;evoluci\u00f3 d&#8217;aquests fins a l&#8217;\u00e8poca actual.<\/li>\n<li>Participar en una jornada l\u00fadica d&#8217;aprenentatge per a les escoles de la comarca que, de manera virtual, es troben simult\u00e0niament, amb la finalitat de fomentar l\u2019arrelament al territori i l\u2019apropament entre centres.<\/li>\n<li>Vivenciar el joc com a llenguatge universal que facilita el coneixement, la relaci\u00f3 i el vincle entre tot l\u2019alumnat.<\/li>\n<li><span style=\"color: #000000;\">Fer \u00fas dels materials de reconstrucci\u00f3 hist\u00f2rica que facilita el Camp d&#8217;Aprenentatge per tal de promoure experi\u00e8ncies competencials a partir del gaudi que genera la descoberta.<\/span><\/li>\n<\/ol>\n<\/td>\n<\/tr>\n<tr style=\"height: 33px;\">\n<td style=\"width: 100%; height: 33px;\" data-sheets-value=\"{&quot;1&quot;:2,&quot;2&quot;:&quot;Ubicaci\u00f3&quot;}\"><strong><span style=\"font-size: 16px;\">Ubicaci\u00f3<\/span><\/strong><\/td>\n<\/tr>\n<tr style=\"height: 32px;\">\n<td style=\"width: 100%; height: 32px;\"><span style=\"font-size: 16px;\">A les aules del centre educatiu sol\u00b7licitant.<\/span><\/td>\n<\/tr>\n<tr style=\"height: 33px;\">\n<td style=\"width: 100%; height: 33px;\" data-sheets-value=\"{&quot;1&quot;:2,&quot;2&quot;:&quot;Durada&quot;}\"><strong><span style=\"font-size: 16px;\">Durada<\/span><\/strong><\/td>\n<\/tr>\n<tr style=\"height: 32px;\">\n<td style=\"width: 100%; height: 32px;\"><span style=\"font-size: 16px;\">3 hores i 30 minuts.<\/span><\/td>\n<\/tr>\n<tr style=\"height: 33px;\">\n<td style=\"width: 100%; height: 33px;\" data-sheets-value=\"{&quot;1&quot;:2,&quot;2&quot;:&quot;Cost&quot;}\"><strong><span style=\"font-size: 16px;\">Cost did\u00e0ctic<\/span><\/strong><\/td>\n<\/tr>\n<tr style=\"height: 32px;\">\n<td style=\"width: 100%; height: 32px;\"><span style=\"font-size: 16px;\" data-sheets-value=\"{&quot;1&quot;:2,&quot;2&quot;:&quot;En aquesta activitat s'analitza la ubicaci\u00f3 de les ind\u00fastries petroqu\u00edmiques de Tarragona, els productes que s'hi elaboren i la import\u00e0ncia d'aquests en la nostra vida quotidiana. S'estudien el diferents processos a qu\u00e8 est\u00e0 sotm\u00e8s el petroli des de la seva extracci\u00f3 fins al seu consum. Es treballa a les aules especialitzades del Camp d'Aprenentatge. Activitat subvencionada per l'AEQT. S'acompanya d'assessorament did\u00e0ctic, log\u00edstic i curricular. Activitat de sortida i d'estada.&quot;}\" data-sheets-userformat=\"{&quot;2&quot;:9213,&quot;3&quot;:{&quot;1&quot;:0},&quot;5&quot;:{&quot;1&quot;:[{&quot;1&quot;:2,&quot;2&quot;:0,&quot;5&quot;:{&quot;1&quot;:2,&quot;2&quot;:0}},{&quot;1&quot;:0,&quot;2&quot;:0,&quot;3&quot;:3},{&quot;1&quot;:1,&quot;2&quot;:0,&quot;4&quot;:1}]},&quot;6&quot;:{&quot;1&quot;:[{&quot;1&quot;:2,&quot;2&quot;:0,&quot;5&quot;:{&quot;1&quot;:2,&quot;2&quot;:0}},{&quot;1&quot;:0,&quot;2&quot;:0,&quot;3&quot;:3},{&quot;1&quot;:1,&quot;2&quot;:0,&quot;4&quot;:1}]},&quot;7&quot;:{&quot;1&quot;:[{&quot;1&quot;:2,&quot;2&quot;:0,&quot;5&quot;:{&quot;1&quot;:2,&quot;2&quot;:0}},{&quot;1&quot;:0,&quot;2&quot;:0,&quot;3&quot;:3},{&quot;1&quot;:1,&quot;2&quot;:0,&quot;4&quot;:1}]},&quot;8&quot;:{&quot;1&quot;:[{&quot;1&quot;:2,&quot;2&quot;:0,&quot;5&quot;:{&quot;1&quot;:2,&quot;2&quot;:0}},{&quot;1&quot;:0,&quot;2&quot;:0,&quot;3&quot;:3},{&quot;1&quot;:1,&quot;2&quot;:0,&quot;4&quot;:1}]},&quot;9&quot;:0,&quot;10&quot;:0,&quot;11&quot;:4,&quot;12&quot;:0,&quot;16&quot;:14}\">Activitat gratu\u00efta, subvencionada per l&#8217;Ajuntament de Tarragona.<\/span><\/td>\n<\/tr>\n<tr style=\"height: 33px;\">\n<td style=\"width: 100%; height: 33px;\" data-sheets-value=\"{&quot;1&quot;:2,&quot;2&quot;:&quot;Altres informacions&quot;}\"><strong><span style=\"font-size: 16px;\">Altres informacions<\/span><\/strong><\/td>\n<\/tr>\n<tr style=\"height: 10px;\">\n<td style=\"width: 100%; height: 10px;\" data-sheets-value=\"{&quot;1&quot;:2,&quot;2&quot;:&quot;Nombre d'alumnes m\u00e0xim:&quot;}\"><span style=\"font-size: 16px;\">Activitat exclusiva per a escoles de la comarca del Tarragon\u00e8s.<\/span><\/td>\n<\/tr>\n<tr style=\"height: 221px;\">\n<td style=\"width: 100%; height: 221px;\"><img loading=\"lazy\" decoding=\"async\" class=\"aligncenter\" src=\"https:\/\/serveiseducatius.xtec.cat\/cda-tarragona\/wp-content\/uploads\/usu1376\/2023\/04\/PuerorumLudi.jpg\" width=\"1163\" height=\"589\" \/><\/td>\n<\/tr>\n<\/tbody>\n<\/table>\n","protected":false},"excerpt":{"rendered":"<p>Tipus Segons la modalitat de relaci\u00f3:\u00a0ESTADA EDUCATIVA (NO\u00a0SORTIDA). Segons la implementaci\u00f3 did\u00e0ctica:\u00a0GUIADA. Activitat\u00a0GUIADA\u00a0per l\u2019equip\u00a0DOCENT\u00a0del\u00a0CAMP D\u2019APRENENTATGE. Nivell 6\u00e8 d&#8217;Educaci\u00f3 prim\u00e0ria. Descripci\u00f3 Amb l&#8217;activitat Puerorum ludi, l&#8217;alumnat de 6\u00e8 d&#8217;EP de les escoles del Tarragon\u00e8s s&#8217;apropar\u00e0 virtualment durant un mat\u00ed als jocs que jugaven els infants de T\u00e0rraco. A l&#8217;\u00c8poca Romana el joc era molt present, tant [&hellip;]<\/p>\n","protected":false},"author":1,"featured_media":0,"parent":0,"menu_order":0,"comment_status":"closed","ping_status":"closed","template":"","meta":{"_bbp_topic_count":0,"_bbp_reply_count":0,"_bbp_total_topic_count":0,"_bbp_total_reply_count":0,"_bbp_voice_count":0,"_bbp_anonymous_reply_count":0,"_bbp_topic_count_hidden":0,"_bbp_reply_count_hidden":0,"_bbp_forum_subforum_count":0,"site-sidebar-layout":"default","site-content-layout":"","ast-site-content-layout":"","site-content-style":"default","site-sidebar-style":"default","ast-global-header-display":"","ast-banner-title-visibility":"","ast-main-header-display":"","ast-hfb-above-header-display":"","ast-hfb-below-header-display":"","ast-hfb-mobile-header-display":"","site-post-title":"","ast-breadcrumbs-content":"","ast-featured-img":"","footer-sml-layout":"","theme-transparent-header-meta":"","adv-header-id-meta":"","stick-header-meta":"","header-above-stick-meta":"","header-main-stick-meta":"","header-below-stick-meta":"","astra-migrate-meta-layouts":"default","ast-page-background-enabled":"default","ast-page-background-meta":{"desktop":{"background-color":"var(--ast-global-color-4)","background-image":"","background-repeat":"repeat","background-position":"center center","background-size":"auto","background-attachment":"scroll","background-type":"","background-media":"","overlay-type":"","overlay-color":"","overlay-opacity":"","overlay-gradient":""},"tablet":{"background-color":"","background-image":"","background-repeat":"repeat","background-position":"center center","background-size":"auto","background-attachment":"scroll","background-type":"","background-media":"","overlay-type":"","overlay-color":"","overlay-opacity":"","overlay-gradient":""},"mobile":{"background-color":"","background-image":"","background-repeat":"repeat","background-position":"center center","background-size":"auto","background-attachment":"scroll","background-type":"","background-media":"","overlay-type":"","overlay-color":"","overlay-opacity":"","overlay-gradient":""}},"ast-content-background-meta":{"desktop":{"background-color":"var(--ast-global-color-5)","background-image":"","background-repeat":"repeat","background-position":"center center","background-size":"auto","background-attachment":"scroll","background-type":"","background-media":"","overlay-type":"","overlay-color":"","overlay-opacity":"","overlay-gradient":""},"tablet":{"background-color":"var(--ast-global-color-5)","background-image":"","background-repeat":"repeat","background-position":"center center","background-size":"auto","background-attachment":"scroll","background-type":"","background-media":"","overlay-type":"","overlay-color":"","overlay-opacity":"","overlay-gradient":""},"mobile":{"background-color":"var(--ast-global-color-5)","background-image":"","background-repeat":"repeat","background-position":"center center","background-size":"auto","background-attachment":"scroll","background-type":"","background-media":"","overlay-type":"","overlay-color":"","overlay-opacity":"","overlay-gradient":""}},"footnotes":""},"class_list":["post-12379","page","type-page","status-publish","hentry"],"post_mailing_queue_ids":[],"_links":{"self":[{"href":"https:\/\/serveiseducatius.xtec.cat\/cda-tarragona\/wp-json\/wp\/v2\/pages\/12379","targetHints":{"allow":["GET"]}}],"collection":[{"href":"https:\/\/serveiseducatius.xtec.cat\/cda-tarragona\/wp-json\/wp\/v2\/pages"}],"about":[{"href":"https:\/\/serveiseducatius.xtec.cat\/cda-tarragona\/wp-json\/wp\/v2\/types\/page"}],"author":[{"embeddable":true,"href":"https:\/\/serveiseducatius.xtec.cat\/cda-tarragona\/wp-json\/wp\/v2\/users\/1"}],"replies":[{"embeddable":true,"href":"https:\/\/serveiseducatius.xtec.cat\/cda-tarragona\/wp-json\/wp\/v2\/comments?post=12379"}],"version-history":[{"count":4,"href":"https:\/\/serveiseducatius.xtec.cat\/cda-tarragona\/wp-json\/wp\/v2\/pages\/12379\/revisions"}],"predecessor-version":[{"id":14605,"href":"https:\/\/serveiseducatius.xtec.cat\/cda-tarragona\/wp-json\/wp\/v2\/pages\/12379\/revisions\/14605"}],"wp:attachment":[{"href":"https:\/\/serveiseducatius.xtec.cat\/cda-tarragona\/wp-json\/wp\/v2\/media?parent=12379"}],"curies":[{"name":"wp","href":"https:\/\/api.w.org\/{rel}","templated":true}]}}