{"id":11656,"date":"2018-06-29T10:55:29","date_gmt":"2018-06-29T08:55:29","guid":{"rendered":"http:\/\/serveiseducatius.xtec.cat\/cda-tarragona\/?page_id=11656"},"modified":"2023-06-06T10:21:20","modified_gmt":"2023-06-06T08:21:20","slug":"tarraco-viva18","status":"publish","type":"page","link":"https:\/\/serveiseducatius.xtec.cat\/cda-tarragona\/tarraco-viva18\/","title":{"rendered":"Juguem com jugaven les nenes i els nens romans de T\u00e0rraco 2018"},"content":{"rendered":"<p>El proper dia 17 de maig de 2018 celebrarem la XX Jornada d\u2019Aprenentatge Actiu\u00a0<em>Juguem com jugaven les nenes i els nens de T\u00e0rraco,\u00a0<\/em>en la qual participaran l\u2019alumnat de cinqu\u00e8 d\u2019Educaci\u00f3 Prim\u00e0ria dels centres educatius de Tarragona i del Tarragon\u00e8s.<\/p>\n<p>Els diversos representants i col\u00b7laboradors del m\u00f3n de l\u2019ensenyament donaran la benvinguda al professorat i a l\u2019alumnat a les 9,30h a l\u2019auditori del Camp de Mart. Tot seguit, els nens i les nenes es distribuiran pels espais de jocs romans i, en tres sessions, podran veure un espectacle de gladiadors, a c\u00e0rrec del grup de reconstrucci\u00f3 hist\u00f2rica de Cantabria\u00a0<em>Collegium Gladiatorium Hispaniensis<\/em>.<\/p>\n<p><img loading=\"lazy\" decoding=\"async\" class=\"aligncenter size-full wp-image-14743\" src=\"https:\/\/serveiseducatius.xtec.cat\/cda-tarragona\/wp-content\/uploads\/usu1376\/2023\/06\/cartell-2018.jpg\" alt=\"\" width=\"731\" height=\"1024\" srcset=\"https:\/\/serveiseducatius.xtec.cat\/cda-tarragona\/wp-content\/uploads\/usu1376\/2023\/06\/cartell-2018.jpg 731w, https:\/\/serveiseducatius.xtec.cat\/cda-tarragona\/wp-content\/uploads\/usu1376\/2023\/06\/cartell-2018-214x300.jpg 214w\" sizes=\"auto, (max-width: 731px) 100vw, 731px\" \/><\/p>\n<p><strong>Materials de T\u00e0rraco Viva 2018, dirigits als MONITORS\u00a0i MONITORES:<\/strong><\/p>\n<ul>\n<li>Normes monitors i monitores.<\/li>\n<li>Graella \u2013 Resum de tots els jocs.<\/li>\n<li>Instruccions per a la inscripci\u00f3 al programa de monitors i monitores.<\/li>\n<li>Mapa + \u00cdndex Camp de Mart.<\/li>\n<li>Gomets de colors.<\/li>\n<li>Llibre dels jocs.<\/li>\n<li>Tots els jocs.<\/li>\n<\/ul>\n<p><strong>Materials de T\u00e0rraco Viva 2018, dirigits als CENTRES:<\/strong><\/p>\n<ul>\n<li>Proposta did\u00e0ctica 2018. PROFESSORAT.<\/li>\n<li>Activitat cartell 2018. ALUMNAT.<\/li>\n<li>Solucionari activitat cartell.<\/li>\n<li>Mapa + \u00cdndex Camp de Mart.<\/li>\n<li>Gomets de colors.<\/li>\n<li>Llibre dels jocs.<\/li>\n<\/ul>\n","protected":false},"excerpt":{"rendered":"<p>El proper dia 17 de maig de 2018 celebrarem la XX Jornada d\u2019Aprenentatge Actiu\u00a0Juguem com jugaven les nenes i els nens de T\u00e0rraco,\u00a0en la qual participaran l\u2019alumnat de cinqu\u00e8 d\u2019Educaci\u00f3 Prim\u00e0ria dels centres educatius de Tarragona i del Tarragon\u00e8s. Els diversos representants i col\u00b7laboradors del m\u00f3n de l\u2019ensenyament donaran la benvinguda al professorat i a [&hellip;]<\/p>\n","protected":false},"author":1,"featured_media":0,"parent":0,"menu_order":1,"comment_status":"closed","ping_status":"closed","template":"page-templates\/side-menu.php","meta":{"_bbp_topic_count":0,"_bbp_reply_count":0,"_bbp_total_topic_count":0,"_bbp_total_reply_count":0,"_bbp_voice_count":0,"_bbp_anonymous_reply_count":0,"_bbp_topic_count_hidden":0,"_bbp_reply_count_hidden":0,"_bbp_forum_subforum_count":0,"site-sidebar-layout":"default","site-content-layout":"","ast-site-content-layout":"","site-content-style":"default","site-sidebar-style":"default","ast-global-header-display":"","ast-banner-title-visibility":"","ast-main-header-display":"","ast-hfb-above-header-display":"","ast-hfb-below-header-display":"","ast-hfb-mobile-header-display":"","site-post-title":"","ast-breadcrumbs-content":"","ast-featured-img":"","footer-sml-layout":"","theme-transparent-header-meta":"","adv-header-id-meta":"","stick-header-meta":"","header-above-stick-meta":"","header-main-stick-meta":"","header-below-stick-meta":"","astra-migrate-meta-layouts":"default","ast-page-background-enabled":"default","ast-page-background-meta":{"desktop":{"background-color":"var(--ast-global-color-4)","background-image":"","background-repeat":"repeat","background-position":"center center","background-size":"auto","background-attachment":"scroll","background-type":"","background-media":"","overlay-type":"","overlay-color":"","overlay-opacity":"","overlay-gradient":""},"tablet":{"background-color":"","background-image":"","background-repeat":"repeat","background-position":"center center","background-size":"auto","background-attachment":"scroll","background-type":"","background-media":"","overlay-type":"","overlay-color":"","overlay-opacity":"","overlay-gradient":""},"mobile":{"background-color":"","background-image":"","background-repeat":"repeat","background-position":"center center","background-size":"auto","background-attachment":"scroll","background-type":"","background-media":"","overlay-type":"","overlay-color":"","overlay-opacity":"","overlay-gradient":""}},"ast-content-background-meta":{"desktop":{"background-color":"var(--ast-global-color-5)","background-image":"","background-repeat":"repeat","background-position":"center center","background-size":"auto","background-attachment":"scroll","background-type":"","background-media":"","overlay-type":"","overlay-color":"","overlay-opacity":"","overlay-gradient":""},"tablet":{"background-color":"var(--ast-global-color-5)","background-image":"","background-repeat":"repeat","background-position":"center center","background-size":"auto","background-attachment":"scroll","background-type":"","background-media":"","overlay-type":"","overlay-color":"","overlay-opacity":"","overlay-gradient":""},"mobile":{"background-color":"var(--ast-global-color-5)","background-image":"","background-repeat":"repeat","background-position":"center center","background-size":"auto","background-attachment":"scroll","background-type":"","background-media":"","overlay-type":"","overlay-color":"","overlay-opacity":"","overlay-gradient":""}},"footnotes":""},"class_list":["post-11656","page","type-page","status-publish","hentry"],"post_mailing_queue_ids":[],"_links":{"self":[{"href":"https:\/\/serveiseducatius.xtec.cat\/cda-tarragona\/wp-json\/wp\/v2\/pages\/11656","targetHints":{"allow":["GET"]}}],"collection":[{"href":"https:\/\/serveiseducatius.xtec.cat\/cda-tarragona\/wp-json\/wp\/v2\/pages"}],"about":[{"href":"https:\/\/serveiseducatius.xtec.cat\/cda-tarragona\/wp-json\/wp\/v2\/types\/page"}],"author":[{"embeddable":true,"href":"https:\/\/serveiseducatius.xtec.cat\/cda-tarragona\/wp-json\/wp\/v2\/users\/1"}],"replies":[{"embeddable":true,"href":"https:\/\/serveiseducatius.xtec.cat\/cda-tarragona\/wp-json\/wp\/v2\/comments?post=11656"}],"version-history":[{"count":3,"href":"https:\/\/serveiseducatius.xtec.cat\/cda-tarragona\/wp-json\/wp\/v2\/pages\/11656\/revisions"}],"predecessor-version":[{"id":14744,"href":"https:\/\/serveiseducatius.xtec.cat\/cda-tarragona\/wp-json\/wp\/v2\/pages\/11656\/revisions\/14744"}],"wp:attachment":[{"href":"https:\/\/serveiseducatius.xtec.cat\/cda-tarragona\/wp-json\/wp\/v2\/media?parent=11656"}],"curies":[{"name":"wp","href":"https:\/\/api.w.org\/{rel}","templated":true}]}}