{"id":11650,"date":"2018-06-29T10:35:20","date_gmt":"2018-06-29T08:35:20","guid":{"rendered":"http:\/\/serveiseducatius.xtec.cat\/cda-tarragona\/?page_id=11650"},"modified":"2023-06-06T10:35:19","modified_gmt":"2023-06-06T08:35:19","slug":"tarraco-viva17","status":"publish","type":"page","link":"https:\/\/serveiseducatius.xtec.cat\/cda-tarragona\/tarraco-viva17\/","title":{"rendered":"Juguem com jugaven les nenes i els nens romans de T\u00e0rraco 2017"},"content":{"rendered":"<p>El passat dijous dia 18 de maig, al Camp de Mart de Tarragona, vam celebrar les XIX Jornades d\u2019aprenentatge actiu\u00a0<em>Juguem com jugaven les nenes i els nens romans de T\u00e0rraco\u00a0<\/em>organitzades pel Camp d\u2019Aprenentatge de la ciutat de Tarragona, un servei educatiu del Departament d\u2019Ensenyament. Hem comptat amb la col\u00b7laboraci\u00f3 dels instituts Vidal i Barraquer, Sant Pere i Sant Pau, Pons d\u2019Icart, Jaume I de Salou, Comte de Rius, Mart\u00ed i Franqu\u00e8s, l\u2019Escola d\u2019Hoteleria i Turisme de Cambrils, a m\u00e9s del Conservatori de m\u00fasica de Tarragona i la universitat Rovira i Virgili, a trav\u00e9s de la Facultat de Ci\u00e8ncies de l\u2019Educaci\u00f3. Hem tingut la sort d\u2019haver rebut el suport i el patrocini de l\u2019empresa Repsol, l\u2019Ajuntament de Tarragona, el Museu d\u2019Hist\u00f2ria de Tarragona, el Complex Educatiu de Tarragona, l\u2019institut Pere Martell, l\u2019AEQT, Modes Serrano, el Mercat Central i el Mercat del Camp.<\/p>\n<p>Vam reunir m\u00e9s de 2500 alumnes provinents dels centres de Tarragona i del Tarragon\u00e8s amb la finalitat de passar un mat\u00ed gaudint de l\u2019aprenentatge de la hist\u00f2ria a trav\u00e9s del joc i les diferents recreacions sobre els costums a l\u2019antiga T\u00e0rraco. Aquesta jornada no hagu\u00e9s estat possible sense l\u2019ajuda de m\u00e9s de 300 monitores i monitors dels diferents centres escolars i universitaris.<\/p>\n<p>Al llarg del mat\u00ed els infants varen poder practicar jocs d\u2019habilitat manual, motrius, d\u2019imitaci\u00f3, d\u2019atzar, sensorials, art\u00edstics, intel\u00b7lectuals i d\u2019algunes representacions de mites o llegendes.<\/p>\n<p><img loading=\"lazy\" decoding=\"async\" class=\"aligncenter size-large wp-image-14740\" src=\"https:\/\/serveiseducatius.xtec.cat\/cda-tarragona\/wp-content\/uploads\/usu1376\/2023\/06\/CARTELL_2017-724x1024.jpg\" alt=\"\" width=\"724\" height=\"1024\" srcset=\"https:\/\/serveiseducatius.xtec.cat\/cda-tarragona\/wp-content\/uploads\/usu1376\/2023\/06\/CARTELL_2017-724x1024.jpg 724w, https:\/\/serveiseducatius.xtec.cat\/cda-tarragona\/wp-content\/uploads\/usu1376\/2023\/06\/CARTELL_2017-212x300.jpg 212w, https:\/\/serveiseducatius.xtec.cat\/cda-tarragona\/wp-content\/uploads\/usu1376\/2023\/06\/CARTELL_2017-768x1086.jpg 768w, https:\/\/serveiseducatius.xtec.cat\/cda-tarragona\/wp-content\/uploads\/usu1376\/2023\/06\/CARTELL_2017-1086x1536.jpg 1086w, https:\/\/serveiseducatius.xtec.cat\/cda-tarragona\/wp-content\/uploads\/usu1376\/2023\/06\/CARTELL_2017-1448x2048.jpg 1448w, https:\/\/serveiseducatius.xtec.cat\/cda-tarragona\/wp-content\/uploads\/usu1376\/2023\/06\/CARTELL_2017-scaled.jpg 1810w\" sizes=\"auto, (max-width: 724px) 100vw, 724px\" \/><\/p>\n<p>Recull de fotografies de la XIX Jornada de Juguem com jugaven les nenes i nens romans:<\/p>\n<p><img loading=\"lazy\" decoding=\"async\" class=\"aligncenter size-large wp-image-14730\" src=\"https:\/\/serveiseducatius.xtec.cat\/cda-tarragona\/wp-content\/uploads\/usu1376\/2023\/06\/312-300x225-1.jpg\" alt=\"\" width=\"300\" height=\"225\" srcset=\"https:\/\/serveiseducatius.xtec.cat\/cda-tarragona\/wp-content\/uploads\/usu1376\/2023\/06\/312-300x225-1.jpg 300w, https:\/\/serveiseducatius.xtec.cat\/cda-tarragona\/wp-content\/uploads\/usu1376\/2023\/06\/312-300x225-1-200x150.jpg 200w\" sizes=\"auto, (max-width: 300px) 100vw, 300px\" \/> <img loading=\"lazy\" decoding=\"async\" class=\"aligncenter size-large wp-image-14731\" src=\"https:\/\/serveiseducatius.xtec.cat\/cda-tarragona\/wp-content\/uploads\/usu1376\/2023\/06\/412-300x225-1.jpg\" alt=\"\" width=\"300\" height=\"225\" srcset=\"https:\/\/serveiseducatius.xtec.cat\/cda-tarragona\/wp-content\/uploads\/usu1376\/2023\/06\/412-300x225-1.jpg 300w, https:\/\/serveiseducatius.xtec.cat\/cda-tarragona\/wp-content\/uploads\/usu1376\/2023\/06\/412-300x225-1-200x150.jpg 200w\" sizes=\"auto, (max-width: 300px) 100vw, 300px\" \/> <img loading=\"lazy\" decoding=\"async\" class=\"aligncenter size-large wp-image-14732\" src=\"https:\/\/serveiseducatius.xtec.cat\/cda-tarragona\/wp-content\/uploads\/usu1376\/2023\/06\/512-300x225-1.jpg\" alt=\"\" width=\"300\" height=\"225\" srcset=\"https:\/\/serveiseducatius.xtec.cat\/cda-tarragona\/wp-content\/uploads\/usu1376\/2023\/06\/512-300x225-1.jpg 300w, https:\/\/serveiseducatius.xtec.cat\/cda-tarragona\/wp-content\/uploads\/usu1376\/2023\/06\/512-300x225-1-200x150.jpg 200w\" sizes=\"auto, (max-width: 300px) 100vw, 300px\" \/> <img loading=\"lazy\" decoding=\"async\" class=\"aligncenter size-large wp-image-14733\" src=\"https:\/\/serveiseducatius.xtec.cat\/cda-tarragona\/wp-content\/uploads\/usu1376\/2023\/06\/612-300x225-1.jpg\" alt=\"\" width=\"300\" height=\"225\" srcset=\"https:\/\/serveiseducatius.xtec.cat\/cda-tarragona\/wp-content\/uploads\/usu1376\/2023\/06\/612-300x225-1.jpg 300w, https:\/\/serveiseducatius.xtec.cat\/cda-tarragona\/wp-content\/uploads\/usu1376\/2023\/06\/612-300x225-1-200x150.jpg 200w\" sizes=\"auto, (max-width: 300px) 100vw, 300px\" \/> <img loading=\"lazy\" decoding=\"async\" class=\"aligncenter size-large wp-image-14734\" src=\"https:\/\/serveiseducatius.xtec.cat\/cda-tarragona\/wp-content\/uploads\/usu1376\/2023\/06\/712-225x300-1.jpg\" alt=\"\" width=\"225\" height=\"300\" \/> <img loading=\"lazy\" decoding=\"async\" class=\"aligncenter size-large wp-image-14735\" src=\"https:\/\/serveiseducatius.xtec.cat\/cda-tarragona\/wp-content\/uploads\/usu1376\/2023\/06\/812-300x225-1.jpg\" alt=\"\" width=\"300\" height=\"225\" srcset=\"https:\/\/serveiseducatius.xtec.cat\/cda-tarragona\/wp-content\/uploads\/usu1376\/2023\/06\/812-300x225-1.jpg 300w, https:\/\/serveiseducatius.xtec.cat\/cda-tarragona\/wp-content\/uploads\/usu1376\/2023\/06\/812-300x225-1-200x150.jpg 200w\" sizes=\"auto, (max-width: 300px) 100vw, 300px\" \/> <img loading=\"lazy\" decoding=\"async\" class=\"aligncenter size-large wp-image-14736\" src=\"https:\/\/serveiseducatius.xtec.cat\/cda-tarragona\/wp-content\/uploads\/usu1376\/2023\/06\/912-300x225-1.jpg\" alt=\"\" width=\"300\" height=\"225\" srcset=\"https:\/\/serveiseducatius.xtec.cat\/cda-tarragona\/wp-content\/uploads\/usu1376\/2023\/06\/912-300x225-1.jpg 300w, https:\/\/serveiseducatius.xtec.cat\/cda-tarragona\/wp-content\/uploads\/usu1376\/2023\/06\/912-300x225-1-200x150.jpg 200w\" sizes=\"auto, (max-width: 300px) 100vw, 300px\" \/> <img loading=\"lazy\" decoding=\"async\" class=\"aligncenter size-large wp-image-14737\" src=\"https:\/\/serveiseducatius.xtec.cat\/cda-tarragona\/wp-content\/uploads\/usu1376\/2023\/06\/1012-300x225-1.jpg\" alt=\"\" width=\"300\" height=\"225\" srcset=\"https:\/\/serveiseducatius.xtec.cat\/cda-tarragona\/wp-content\/uploads\/usu1376\/2023\/06\/1012-300x225-1.jpg 300w, https:\/\/serveiseducatius.xtec.cat\/cda-tarragona\/wp-content\/uploads\/usu1376\/2023\/06\/1012-300x225-1-200x150.jpg 200w\" sizes=\"auto, (max-width: 300px) 100vw, 300px\" \/> <img loading=\"lazy\" decoding=\"async\" class=\"aligncenter size-large wp-image-14738\" src=\"https:\/\/serveiseducatius.xtec.cat\/cda-tarragona\/wp-content\/uploads\/usu1376\/2023\/06\/1111-300x225-1.jpg\" alt=\"\" width=\"300\" height=\"225\" srcset=\"https:\/\/serveiseducatius.xtec.cat\/cda-tarragona\/wp-content\/uploads\/usu1376\/2023\/06\/1111-300x225-1.jpg 300w, https:\/\/serveiseducatius.xtec.cat\/cda-tarragona\/wp-content\/uploads\/usu1376\/2023\/06\/1111-300x225-1-200x150.jpg 200w\" sizes=\"auto, (max-width: 300px) 100vw, 300px\" \/> <img loading=\"lazy\" decoding=\"async\" class=\"aligncenter size-large wp-image-14739\" src=\"https:\/\/serveiseducatius.xtec.cat\/cda-tarragona\/wp-content\/uploads\/usu1376\/2023\/06\/1211-300x225-1.jpg\" alt=\"\" width=\"300\" height=\"225\" srcset=\"https:\/\/serveiseducatius.xtec.cat\/cda-tarragona\/wp-content\/uploads\/usu1376\/2023\/06\/1211-300x225-1.jpg 300w, https:\/\/serveiseducatius.xtec.cat\/cda-tarragona\/wp-content\/uploads\/usu1376\/2023\/06\/1211-300x225-1-200x150.jpg 200w\" sizes=\"auto, (max-width: 300px) 100vw, 300px\" \/><\/p>\n<p>&nbsp;<\/p>\n<p><strong>Materials de T\u00e0rraco Viva 2017, dirigits als monitors i monitores:<\/strong><\/p>\n<ul>\n<li>Normes monitors i monitores<\/li>\n<li>Graella &#8211; Resum de tots els Jocs<\/li>\n<li>Instruccions per a la inscripci\u00f3 al programa de monitors i monitores<\/li>\n<li>Mapa+\u00cdndex Camp de Mart<\/li>\n<li>Gomets de Colors<\/li>\n<li>Llibre de Jocs<\/li>\n<li>Tots els Jocs<\/li>\n<\/ul>\n<p><strong>Materials de T\u00e0rraco Viva 2017, dirigits als\u00a0centres:<\/strong><\/p>\n<ul>\n<li>Proposta did\u00e0ctica 2017. Professorat<\/li>\n<li>Activitat Cartell 2017. Alumnat<\/li>\n<li>PowerPoint 2017. Activitats<\/li>\n<li>Mapa+\u00cdndex Camp de Mart<\/li>\n<li>Gomets de Colors<\/li>\n<li>Llibre dels Jocs<\/li>\n<\/ul>\n","protected":false},"excerpt":{"rendered":"<p>El passat dijous dia 18 de maig, al Camp de Mart de Tarragona, vam celebrar les XIX Jornades d\u2019aprenentatge actiu\u00a0Juguem com jugaven les nenes i els nens romans de T\u00e0rraco\u00a0organitzades pel Camp d\u2019Aprenentatge de la ciutat de Tarragona, un servei educatiu del Departament d\u2019Ensenyament. Hem comptat amb la col\u00b7laboraci\u00f3 dels instituts Vidal i Barraquer, Sant [&hellip;]<\/p>\n","protected":false},"author":1,"featured_media":0,"parent":0,"menu_order":2,"comment_status":"closed","ping_status":"closed","template":"page-templates\/side-menu.php","meta":{"_bbp_topic_count":0,"_bbp_reply_count":0,"_bbp_total_topic_count":0,"_bbp_total_reply_count":0,"_bbp_voice_count":0,"_bbp_anonymous_reply_count":0,"_bbp_topic_count_hidden":0,"_bbp_reply_count_hidden":0,"_bbp_forum_subforum_count":0,"site-sidebar-layout":"default","site-content-layout":"","ast-site-content-layout":"","site-content-style":"default","site-sidebar-style":"default","ast-global-header-display":"","ast-banner-title-visibility":"","ast-main-header-display":"","ast-hfb-above-header-display":"","ast-hfb-below-header-display":"","ast-hfb-mobile-header-display":"","site-post-title":"","ast-breadcrumbs-content":"","ast-featured-img":"","footer-sml-layout":"","theme-transparent-header-meta":"","adv-header-id-meta":"","stick-header-meta":"","header-above-stick-meta":"","header-main-stick-meta":"","header-below-stick-meta":"","astra-migrate-meta-layouts":"default","ast-page-background-enabled":"default","ast-page-background-meta":{"desktop":{"background-color":"var(--ast-global-color-4)","background-image":"","background-repeat":"repeat","background-position":"center center","background-size":"auto","background-attachment":"scroll","background-type":"","background-media":"","overlay-type":"","overlay-color":"","overlay-opacity":"","overlay-gradient":""},"tablet":{"background-color":"","background-image":"","background-repeat":"repeat","background-position":"center center","background-size":"auto","background-attachment":"scroll","background-type":"","background-media":"","overlay-type":"","overlay-color":"","overlay-opacity":"","overlay-gradient":""},"mobile":{"background-color":"","background-image":"","background-repeat":"repeat","background-position":"center center","background-size":"auto","background-attachment":"scroll","background-type":"","background-media":"","overlay-type":"","overlay-color":"","overlay-opacity":"","overlay-gradient":""}},"ast-content-background-meta":{"desktop":{"background-color":"var(--ast-global-color-5)","background-image":"","background-repeat":"repeat","background-position":"center center","background-size":"auto","background-attachment":"scroll","background-type":"","background-media":"","overlay-type":"","overlay-color":"","overlay-opacity":"","overlay-gradient":""},"tablet":{"background-color":"var(--ast-global-color-5)","background-image":"","background-repeat":"repeat","background-position":"center center","background-size":"auto","background-attachment":"scroll","background-type":"","background-media":"","overlay-type":"","overlay-color":"","overlay-opacity":"","overlay-gradient":""},"mobile":{"background-color":"var(--ast-global-color-5)","background-image":"","background-repeat":"repeat","background-position":"center center","background-size":"auto","background-attachment":"scroll","background-type":"","background-media":"","overlay-type":"","overlay-color":"","overlay-opacity":"","overlay-gradient":""}},"footnotes":""},"class_list":["post-11650","page","type-page","status-publish","hentry"],"post_mailing_queue_ids":[],"_links":{"self":[{"href":"https:\/\/serveiseducatius.xtec.cat\/cda-tarragona\/wp-json\/wp\/v2\/pages\/11650","targetHints":{"allow":["GET"]}}],"collection":[{"href":"https:\/\/serveiseducatius.xtec.cat\/cda-tarragona\/wp-json\/wp\/v2\/pages"}],"about":[{"href":"https:\/\/serveiseducatius.xtec.cat\/cda-tarragona\/wp-json\/wp\/v2\/types\/page"}],"author":[{"embeddable":true,"href":"https:\/\/serveiseducatius.xtec.cat\/cda-tarragona\/wp-json\/wp\/v2\/users\/1"}],"replies":[{"embeddable":true,"href":"https:\/\/serveiseducatius.xtec.cat\/cda-tarragona\/wp-json\/wp\/v2\/comments?post=11650"}],"version-history":[{"count":3,"href":"https:\/\/serveiseducatius.xtec.cat\/cda-tarragona\/wp-json\/wp\/v2\/pages\/11650\/revisions"}],"predecessor-version":[{"id":14752,"href":"https:\/\/serveiseducatius.xtec.cat\/cda-tarragona\/wp-json\/wp\/v2\/pages\/11650\/revisions\/14752"}],"wp:attachment":[{"href":"https:\/\/serveiseducatius.xtec.cat\/cda-tarragona\/wp-json\/wp\/v2\/media?parent=11650"}],"curies":[{"name":"wp","href":"https:\/\/api.w.org\/{rel}","templated":true}]}}