{"id":11647,"date":"2018-06-29T10:31:29","date_gmt":"2018-06-29T08:31:29","guid":{"rendered":"http:\/\/serveiseducatius.xtec.cat\/cda-tarragona\/?page_id=11647"},"modified":"2023-06-06T10:25:00","modified_gmt":"2023-06-06T08:25:00","slug":"tarraco-viva16","status":"publish","type":"page","link":"https:\/\/serveiseducatius.xtec.cat\/cda-tarragona\/tarraco-viva16\/","title":{"rendered":"Juguem com jugaven les nenes i els nens romans de T\u00e0rraco 2016"},"content":{"rendered":"<p><a href=\"http:\/\/serveiseducatius.xtec.cat\/cda-tarragona\/wp-content\/uploads\/usu1376\/2018\/06\/tarraco-16.jpg\"><img loading=\"lazy\" decoding=\"async\" class=\"wp-image-11648 aligncenter\" src=\"http:\/\/serveiseducatius.xtec.cat\/cda-tarragona\/wp-content\/uploads\/usu1376\/2018\/06\/tarraco-16-724x1024.jpg\" alt=\"\" width=\"519\" height=\"734\" srcset=\"https:\/\/serveiseducatius.xtec.cat\/cda-tarragona\/wp-content\/uploads\/usu1376\/2018\/06\/tarraco-16-724x1024.jpg 724w, https:\/\/serveiseducatius.xtec.cat\/cda-tarragona\/wp-content\/uploads\/usu1376\/2018\/06\/tarraco-16-212x300.jpg 212w, https:\/\/serveiseducatius.xtec.cat\/cda-tarragona\/wp-content\/uploads\/usu1376\/2018\/06\/tarraco-16-768x1086.jpg 768w\" sizes=\"auto, (max-width: 519px) 100vw, 519px\" \/><\/a><\/p>\n<p style=\"text-align: center;\">\n<p><strong>Materials de T\u00e0rraco Viva 2016, dirigits als monitors i monitores:<\/strong><\/p>\n<ul>\n<li style=\"text-align: left;\">Resum dels jocs monitors<\/li>\n<li style=\"text-align: left;\">Normes per als monitors<\/li>\n<li style=\"text-align: left;\">Gomets de colors<\/li>\n<li style=\"text-align: left;\">Inscripci\u00f3 als jocs romans.<\/li>\n<li style=\"text-align: left;\">Llibre dels jocs romans<\/li>\n<li style=\"text-align: left;\">Informaci\u00f3 de cada joc<\/li>\n<li style=\"text-align: left;\">Pl\u00e0nol del camp de Mart<\/li>\n<\/ul>\n<p style=\"text-align: left;\"><strong>Materials de T\u00e0rraco Viva 2016 per als centres:<\/strong><\/p>\n<ul>\n<li style=\"text-align: left;\">Cartell 2016<\/li>\n<li style=\"text-align: left;\">Power Point cartell 2016<\/li>\n<li style=\"text-align: left;\">Activitats sobre el cartell 2016. Alumnat.<\/li>\n<li style=\"text-align: left;\">Gomets de colors<\/li>\n<li style=\"text-align: left;\">Llibre dels jocs romans<\/li>\n<li style=\"text-align: left;\">Pl\u00e0nol del camp de Mart<\/li>\n<li style=\"text-align: left;\">Activitat complement\u00e0ria: T\u00e0rraco des de l\u2019aire. Alumnat.<\/li>\n<li style=\"text-align: left;\">Activitat complement\u00e0ria: T\u00e0rraco des de l\u2019 aire. Professorat.<\/li>\n<\/ul>\n<p style=\"text-align: left;\"><a title=\"Fotos Jocs Romans 2016\" href=\"http:\/\/cdatarragona.net\/fotosphotos\/fotos-tarraco-viva-2016\/\"><strong>Galeria de Fotos dels jocs romans 2016<\/strong><\/a><\/p>\n","protected":false},"excerpt":{"rendered":"<p>Materials de T\u00e0rraco Viva 2016, dirigits als monitors i monitores: Resum dels jocs monitors Normes per als monitors Gomets de colors Inscripci\u00f3 als jocs romans. Llibre dels jocs romans Informaci\u00f3 de cada joc Pl\u00e0nol del camp de Mart Materials de T\u00e0rraco Viva 2016 per als centres: Cartell 2016 Power Point cartell 2016 Activitats sobre el [&hellip;]<\/p>\n","protected":false},"author":1,"featured_media":0,"parent":0,"menu_order":3,"comment_status":"closed","ping_status":"closed","template":"page-templates\/side-menu.php","meta":{"_bbp_topic_count":0,"_bbp_reply_count":0,"_bbp_total_topic_count":0,"_bbp_total_reply_count":0,"_bbp_voice_count":0,"_bbp_anonymous_reply_count":0,"_bbp_topic_count_hidden":0,"_bbp_reply_count_hidden":0,"_bbp_forum_subforum_count":0,"site-sidebar-layout":"default","site-content-layout":"","ast-site-content-layout":"","site-content-style":"default","site-sidebar-style":"default","ast-global-header-display":"","ast-banner-title-visibility":"","ast-main-header-display":"","ast-hfb-above-header-display":"","ast-hfb-below-header-display":"","ast-hfb-mobile-header-display":"","site-post-title":"","ast-breadcrumbs-content":"","ast-featured-img":"","footer-sml-layout":"","theme-transparent-header-meta":"","adv-header-id-meta":"","stick-header-meta":"","header-above-stick-meta":"","header-main-stick-meta":"","header-below-stick-meta":"","astra-migrate-meta-layouts":"default","ast-page-background-enabled":"default","ast-page-background-meta":{"desktop":{"background-color":"var(--ast-global-color-4)","background-image":"","background-repeat":"repeat","background-position":"center center","background-size":"auto","background-attachment":"scroll","background-type":"","background-media":"","overlay-type":"","overlay-color":"","overlay-opacity":"","overlay-gradient":""},"tablet":{"background-color":"","background-image":"","background-repeat":"repeat","background-position":"center center","background-size":"auto","background-attachment":"scroll","background-type":"","background-media":"","overlay-type":"","overlay-color":"","overlay-opacity":"","overlay-gradient":""},"mobile":{"background-color":"","background-image":"","background-repeat":"repeat","background-position":"center center","background-size":"auto","background-attachment":"scroll","background-type":"","background-media":"","overlay-type":"","overlay-color":"","overlay-opacity":"","overlay-gradient":""}},"ast-content-background-meta":{"desktop":{"background-color":"var(--ast-global-color-5)","background-image":"","background-repeat":"repeat","background-position":"center center","background-size":"auto","background-attachment":"scroll","background-type":"","background-media":"","overlay-type":"","overlay-color":"","overlay-opacity":"","overlay-gradient":""},"tablet":{"background-color":"var(--ast-global-color-5)","background-image":"","background-repeat":"repeat","background-position":"center center","background-size":"auto","background-attachment":"scroll","background-type":"","background-media":"","overlay-type":"","overlay-color":"","overlay-opacity":"","overlay-gradient":""},"mobile":{"background-color":"var(--ast-global-color-5)","background-image":"","background-repeat":"repeat","background-position":"center center","background-size":"auto","background-attachment":"scroll","background-type":"","background-media":"","overlay-type":"","overlay-color":"","overlay-opacity":"","overlay-gradient":""}},"footnotes":""},"class_list":["post-11647","page","type-page","status-publish","hentry"],"post_mailing_queue_ids":[],"_links":{"self":[{"href":"https:\/\/serveiseducatius.xtec.cat\/cda-tarragona\/wp-json\/wp\/v2\/pages\/11647","targetHints":{"allow":["GET"]}}],"collection":[{"href":"https:\/\/serveiseducatius.xtec.cat\/cda-tarragona\/wp-json\/wp\/v2\/pages"}],"about":[{"href":"https:\/\/serveiseducatius.xtec.cat\/cda-tarragona\/wp-json\/wp\/v2\/types\/page"}],"author":[{"embeddable":true,"href":"https:\/\/serveiseducatius.xtec.cat\/cda-tarragona\/wp-json\/wp\/v2\/users\/1"}],"replies":[{"embeddable":true,"href":"https:\/\/serveiseducatius.xtec.cat\/cda-tarragona\/wp-json\/wp\/v2\/comments?post=11647"}],"version-history":[{"count":3,"href":"https:\/\/serveiseducatius.xtec.cat\/cda-tarragona\/wp-json\/wp\/v2\/pages\/11647\/revisions"}],"predecessor-version":[{"id":14746,"href":"https:\/\/serveiseducatius.xtec.cat\/cda-tarragona\/wp-json\/wp\/v2\/pages\/11647\/revisions\/14746"}],"wp:attachment":[{"href":"https:\/\/serveiseducatius.xtec.cat\/cda-tarragona\/wp-json\/wp\/v2\/media?parent=11647"}],"curies":[{"name":"wp","href":"https:\/\/api.w.org\/{rel}","templated":true}]}}