{"id":9796,"date":"2021-12-15T10:14:05","date_gmt":"2021-12-15T09:14:05","guid":{"rendered":"https:\/\/serveiseducatius.xtec.cat\/cda-ripolles\/?page_id=9796"},"modified":"2023-05-22T10:22:45","modified_gmt":"2023-05-22T08:22:45","slug":"taller-jocs-medievals","status":"publish","type":"page","link":"https:\/\/serveiseducatius.xtec.cat\/cda-ripolles\/taller-jocs-medievals\/","title":{"rendered":"Taller Jocs Medievals"},"content":{"rendered":"<h4 style=\"text-align: justify;\"><span style=\"color: #993300;\"><strong>Fitxa did\u00e0ctica<\/strong><\/span><\/h4>\n<ul>\n<li style=\"text-align: justify;\"><strong>Nivell educatiu recomanat:<\/strong> cicle superior de prim\u00e0ria i ESO.<\/li>\n<li style=\"text-align: justify;\"><strong>Mat\u00e8ries<\/strong>: \u00c0rea de coneixement del medi social i cultural, educaci\u00f3 en valors socials i c\u00edvics o religi\u00f3, cultura cl\u00e0ssica, hist\u00f2ria, hist\u00f2ria de l\u2019art, educaci\u00f3 f\u00edsica.<\/li>\n<li style=\"text-align: justify;\"><strong>Durada:<\/strong> 45&#8242; aprox.<\/li>\n<li style=\"text-align: justify;\"><strong>Tipus d\u2019activitat:<\/strong> immersi\u00f3 en un dels aspectes de l&#8217;\u00e8poca medieval per a la seva contextualitzaci\u00f3.<\/li>\n<li><b>Localitzaci\u00f3:<\/b> a l&#8217;exterior del CdA<\/li>\n<li style=\"text-align: justify;\"><strong>Compet\u00e8ncies:<\/strong>\n<ul>\n<li>\u00c0mbit social (ci\u00e8ncies socials)<\/li>\n<li>\u00c0mbit de la cultura i valors.<\/li>\n<li>\u00c0mbit educaci\u00f3 f\u00edsica.<\/li>\n<\/ul>\n<\/li>\n<li style=\"text-align: justify;\"><strong>Objectius:<\/strong>\n<ul>\n<li>Entendre el model de jerarquitzaci\u00f3 de la societat i les diferents pr\u00e0ctiques de cada estament a partir dels rols i la practica l\u00fadic esportiva.<\/li>\n<\/ul>\n<\/li>\n<li style=\"text-align: justify;\"><strong>Descripci\u00f3 de l\u2019activitat:<\/strong>\n<ul>\n<li style=\"text-align: left;\"><strong>Activitat: <\/strong>els i les alumnes descobriran alguns jocs que tenen or\u00edgens medievals. A trav\u00e9s de l&#8217;explicaci\u00f3 i pr\u00e0ctica dels mateixos entendran diferents din\u00e0miques dels diferents estaments.<\/li>\n<li><strong>Propostes de treball posterior:<\/strong>\n<ul>\n<li style=\"font-weight: 400;\" aria-level=\"1\"><span style=\"font-weight: 400;\">Recerca de jocs i esports medievals.<\/span><\/li>\n<li style=\"font-weight: 400;\" aria-level=\"1\"><span style=\"font-weight: 400;\">L\u2019origen dels esports actuals.<\/span><\/li>\n<li style=\"font-weight: 400;\" aria-level=\"1\"><span style=\"font-weight: 400;\">Constru\u00efm els nostres propis jocs.<\/span><\/li>\n<li style=\"font-weight: 400;\" aria-level=\"1\"><span style=\"font-weight: 400;\">Dinamitzaci\u00f3 d\u2019espais al centre. (pati, menjador\u2026)<\/span><\/li>\n<li style=\"font-weight: 400;\" aria-level=\"1\"><span style=\"font-weight: 400;\">Organitzar unes Olimpiades medievals.<\/span><\/li>\n<\/ul>\n<\/li>\n<\/ul>\n<\/li>\n<li style=\"text-align: justify;\"><strong>Material que han de dur els alumnes:<\/strong> No \u00e9s necessari.<\/li>\n<\/ul>\n","protected":false},"excerpt":{"rendered":"<p>Fitxa did\u00e0ctica<\/p>\n<ul>\n<li style=\"text-align: justify;\">Nivell educatiu recomanat: cicle superior de prim\u00e0ria i ESO.<\/li>\n<li style=\"text-align: justify;\">Mat\u00e8ries: \u00c0rea de coneixement del medi social i cultural, educaci\u00f3 en valors socials i c\u00edvics o religi\u00f3, cultura cl\u00e0ssica, hist\u00f2ria, hist\u00f2ria de l\u2019art, educaci\u00f3 f\u00edsica.<\/li>\n<li style=\"text-align: justify;\">Durada: 45&#8242; aprox.<\/li>\n<li style=\"text-align: justify;\">Tipus d\u2019activitat:&hellip;  <a href=\"https:\/\/serveiseducatius.xtec.cat\/cda-ripolles\/taller-jocs-medievals\/\" title=\"Read Taller Jocs Medievals\">Llegeix m\u00e9s\u00bb<\/a><br \/>\n","protected":false},"author":1,"featured_media":0,"parent":0,"menu_order":0,"comment_status":"closed","ping_status":"closed","template":"","meta":{"_bbp_topic_count":0,"_bbp_reply_count":0,"_bbp_total_topic_count":0,"_bbp_total_reply_count":0,"_bbp_voice_count":0,"_bbp_anonymous_reply_count":0,"_bbp_topic_count_hidden":0,"_bbp_reply_count_hidden":0,"_bbp_forum_subforum_count":0,"footnotes":""},"class_list":["post-9796","page","type-page","status-publish","hentry"],"post_mailing_queue_ids":[],"_links":{"self":[{"href":"https:\/\/serveiseducatius.xtec.cat\/cda-ripolles\/wp-json\/wp\/v2\/pages\/9796","targetHints":{"allow":["GET"]}}],"collection":[{"href":"https:\/\/serveiseducatius.xtec.cat\/cda-ripolles\/wp-json\/wp\/v2\/pages"}],"about":[{"href":"https:\/\/serveiseducatius.xtec.cat\/cda-ripolles\/wp-json\/wp\/v2\/types\/page"}],"author":[{"embeddable":true,"href":"https:\/\/serveiseducatius.xtec.cat\/cda-ripolles\/wp-json\/wp\/v2\/users\/1"}],"replies":[{"embeddable":true,"href":"https:\/\/serveiseducatius.xtec.cat\/cda-ripolles\/wp-json\/wp\/v2\/comments?post=9796"}],"version-history":[{"count":3,"href":"https:\/\/serveiseducatius.xtec.cat\/cda-ripolles\/wp-json\/wp\/v2\/pages\/9796\/revisions"}],"predecessor-version":[{"id":10210,"href":"https:\/\/serveiseducatius.xtec.cat\/cda-ripolles\/wp-json\/wp\/v2\/pages\/9796\/revisions\/10210"}],"wp:attachment":[{"href":"https:\/\/serveiseducatius.xtec.cat\/cda-ripolles\/wp-json\/wp\/v2\/media?parent=9796"}],"curies":[{"name":"wp","href":"https:\/\/api.w.org\/{rel}","templated":true}]}}