{"id":9793,"date":"2021-12-15T10:13:13","date_gmt":"2021-12-15T09:13:13","guid":{"rendered":"https:\/\/serveiseducatius.xtec.cat\/cda-ripolles\/?page_id=9793"},"modified":"2023-05-22T11:52:23","modified_gmt":"2023-05-22T09:52:23","slug":"via-annia","status":"publish","type":"page","link":"https:\/\/serveiseducatius.xtec.cat\/cda-ripolles\/via-annia\/","title":{"rendered":"Via Annia"},"content":{"rendered":"<h4><b><a href=\"https:\/\/serveiseducatius.xtec.cat\/cda-ripolles\/wp-content\/uploads\/usu1377\/2023\/05\/via-aniaa.jpg\"><img loading=\"lazy\" decoding=\"async\" class=\"size-medium wp-image-10195 alignright\" src=\"https:\/\/serveiseducatius.xtec.cat\/cda-ripolles\/wp-content\/uploads\/usu1377\/2023\/05\/via-aniaa-225x300.jpg\" alt=\"\" width=\"225\" height=\"300\" srcset=\"https:\/\/serveiseducatius.xtec.cat\/cda-ripolles\/wp-content\/uploads\/usu1377\/2023\/05\/via-aniaa-225x300.jpg 225w, https:\/\/serveiseducatius.xtec.cat\/cda-ripolles\/wp-content\/uploads\/usu1377\/2023\/05\/via-aniaa-768x1024.jpg 768w, https:\/\/serveiseducatius.xtec.cat\/cda-ripolles\/wp-content\/uploads\/usu1377\/2023\/05\/via-aniaa-1152x1536.jpg 1152w, https:\/\/serveiseducatius.xtec.cat\/cda-ripolles\/wp-content\/uploads\/usu1377\/2023\/05\/via-aniaa.jpg 1440w\" sizes=\"auto, (max-width: 225px) 100vw, 225px\" \/><\/a>Fitxa did\u00e0ctica<\/b><\/h4>\n<ul>\n<li><b>Nivell educatiu recomanat:<\/b><span style=\"font-weight: 400;\"> ESO, batxillerat i cicles formatius.<\/span><\/li>\n<li><b style=\"font-family: inherit; font-size: 1em;\">Mat\u00e8ries: <\/b><span style=\"font-weight: 400;\">ci\u00e8ncies naturals, historia <\/span><span style=\"font-weight: 400;\">romana i medieval<\/span><span style=\"font-weight: 400;\">, llengua catalana i llat\u00ed, educaci\u00f3 f\u00edsica.<\/span><\/li>\n<li><b style=\"font-family: inherit; font-size: 1em;\">Durada:<\/b><span style=\"font-weight: 400;\"> 4.5 hores aprox.<\/span><\/li>\n<li><b style=\"font-family: inherit; font-size: 1em;\">Tipus d&#8217;activitat:<\/b><span style=\"font-weight: 400;\"> itinerari a peu no circular per la via romana que comunica la Garrotxa amb el Ripoll\u00e8s pel coll del Capsacosta, fent\u00a0<\/span>d&#8217;investigadors per esbrinar si el recorregut \u00e9s d&#8217;inter\u00e8s cultural i\/o natural, s\u00ed est\u00e0 ben conservat o si caldria m\u00e9s mesures de protecci\u00f3.<\/li>\n<li><strong>\u00a0Aportaci\u00f3 a les c<\/strong><b style=\"font-family: inherit; font-size: 1em;\">ompet\u00e8ncies:<\/b>\n<ul>\n<li>\u00c0mbit cultura i valors<\/li>\n<li>\u00c0mbit ling\u00fc\u00edstic<\/li>\n<li>\u00c0mbit social (ci\u00e8ncies socials)<\/li>\n<li>\u00c0mbit personal i social<\/li>\n<li>\u00c0mbit de l&#8217;educaci\u00f3 f\u00edsica<\/li>\n<li>\u00c0mbit cientificotecnol\u00f2gic (biologia i geologia)<\/li>\n<\/ul>\n<\/li>\n<li><b>Objectius:<\/b>\n<ul>\n<li><span style=\"font-weight: 400;\">Interpretar la cosmovisi\u00f3 que contenen els fets hist\u00f2rics i les manifestacions culturals romanes, i establir vincles amb els temps actuals.<\/span><\/li>\n<li>Valorar el patrimoni cultural grecorom\u00e0 com a her\u00e8ncia rebuda del passat, per defensar-ne la conservaci\u00f3.<\/li>\n<li>Gaudir de les experi\u00e8ncies i creacions art\u00edstiques com a font d&#8217;enriquiment personal i social.<\/li>\n<li>Gaudir amb la pr\u00e0ctica d&#8217;activitats f\u00edsiques recreatives, amb una atenci\u00f3 especial a les que es realitzen en el medi natural.<\/li>\n<li><span style=\"font-family: inherit; font-size: 1em;\">Interpretar que el present \u00e9s producte del passat, per comprendre que el futur \u00e9s fruit de les decisions i accions actuals.<\/span><\/li>\n<li>Adoptar mesures amb criteris cient\u00edfics que evitin o minimitzin els impactes mediambientals derivats de la intervenci\u00f3 humana<\/li>\n<\/ul>\n<\/li>\n<li><b>Descripci\u00f3 de l&#8217;activitat:<\/b>\n<ul>\n<li><b style=\"font-family: inherit; font-size: 1em;\">Treball previ a l&#8217;escola: <\/b><span style=\"font-weight: 400;\">Per familiaritzar-se amb l&#8217;imperi rom\u00e0 elaboren una m\u00e0scara individualment (opcional), i en grups una poesia que resumeixen mitologia romana, una recepta de <\/span><i style=\"font-family: inherit; font-size: 1em;\">sirapa<\/i><span style=\"font-weight: 400;\"> per menjar i reservar-ne una mica per oferir als d\u00e9us en una libaci\u00f3 a mig cam\u00ed.<\/span><\/li>\n<li><b style=\"font-family: inherit; font-size: 1em;\">Itinerari durant l&#8217;estada: <\/b><span style=\"font-weight: 400;\">Durant la ruta els alumnes han de fer d&#8217;investigadors. Han de marcar en una fitxa els indicis de la pres\u00e8ncia d&#8217;elements naturals (rastres d&#8217;animals, pol\u00b7linitzadors, microclimes&#8230;) i de la via romana (mil\u00b7liari, clavegueres, voreres). Segons el nivell educatiu, es fa m\u00e9s o menys incid\u00e8ncia sobre l&#8217;impacte de l&#8217;activitat humana sobre el medi. A mig cam\u00ed en un escenari natural roc\u00f3s interpreten els seus poemes mitol\u00f2gics amb les mascares decorades per ells i elles, per acabar fem una libaci\u00f3 als d\u00e9us amb aigua i oli.<\/span><\/li>\n<li><strong>Recorregut:<\/strong> <a href=\"https:\/\/ca.wikiloc.com\/rutes-senderisme\/via-annia-74442199\">https:\/\/ca.wikiloc.com\/rutes-senderisme\/via-annia-74442199<\/a><\/li>\n<li><b style=\"font-family: inherit; font-size: 1em;\">Proposta de treball posterior:<\/b>\n<ul>\n<li><span style=\"font-weight: 400;\">A partir de les dades obtingudes durant l&#8217;itinerari, l&#8217;alumnat haur\u00e0 de treure conclusions guiat pels \u00cdndexs de conservaci\u00f3 del patrimoni i qualitat natural.<\/span><\/li>\n<li style=\"font-weight: 400;\" aria-level=\"1\"><span style=\"font-weight: 400;\">A partir de les dades obtingudes durant l&#8217;itinerari, l&#8217;alumnat haur\u00e0 de treure conclusions guiat pels \u00cdndexs de conservaci\u00f3 del patrimoni i qualitat natural.<\/span><\/li>\n<li style=\"font-weight: 400;\" aria-level=\"1\"><span style=\"font-weight: 400;\">Estudi de la vegetaci\u00f3 segons solei\/obaga.<\/span><\/li>\n<li style=\"font-weight: 400;\" aria-level=\"1\"><span style=\"font-weight: 400;\">Crequem restes arqueol\u00f2giques al territori, les documentem i les geolocalitzem.<\/span><\/li>\n<li style=\"font-weight: 400;\" aria-level=\"1\"><span style=\"font-weight: 400;\">Mobile History Map<\/span><\/li>\n<li style=\"font-weight: 400;\" aria-level=\"1\"><span style=\"font-weight: 400;\">Els camins de l\u2019imperi Rom\u00e0 passat, present i futur.<\/span><\/li>\n<\/ul>\n<\/li>\n<\/ul>\n<\/li>\n<li><span style=\"font-weight: 400;\">\u00a0<\/span><b>Material que han de dur els alumnes: <\/b><span style=\"font-weight: 400;\">motxilla, aigua i esmorzar, roba adequada a l&#8217;\u00e8poca de l&#8217;any i cal\u00e7at c\u00f2mode. Important portar impermeable encara que les previsions meteorol\u00f2giques no marquin pluja.<\/span><\/li>\n<\/ul>\n","protected":false},"excerpt":{"rendered":"<p><a href=\"https:\/\/serveiseducatius.xtec.cat\/cda-ripolles\/wp-content\/uploads\/usu1377\/2023\/05\/via-aniaa.jpg\"><\/a>Fitxa did\u00e0ctica<\/p>\n<ul>\n<li>Nivell educatiu recomanat: ESO, batxillerat i cicles formatius.<\/li>\n<li>Mat\u00e8ries: ci\u00e8ncies naturals, historia romana i medieval, llengua catalana i llat\u00ed, educaci\u00f3 f\u00edsica.<\/li>\n<li>Durada: 4.5 hores aprox.<\/li>\n<li>Tipus d&#8217;activitat: itinerari a peu no circular per la via romana que comunica la Garrotxa amb el Ripoll\u00e8s pel coll del&hellip;  <a href=\"https:\/\/serveiseducatius.xtec.cat\/cda-ripolles\/via-annia\/\" title=\"Read Via Annia\">Llegeix m\u00e9s\u00bb<\/a><br \/>\n","protected":false},"author":1,"featured_media":0,"parent":0,"menu_order":0,"comment_status":"closed","ping_status":"closed","template":"","meta":{"_bbp_topic_count":0,"_bbp_reply_count":0,"_bbp_total_topic_count":0,"_bbp_total_reply_count":0,"_bbp_voice_count":0,"_bbp_anonymous_reply_count":0,"_bbp_topic_count_hidden":0,"_bbp_reply_count_hidden":0,"_bbp_forum_subforum_count":0,"footnotes":""},"class_list":["post-9793","page","type-page","status-publish","hentry"],"post_mailing_queue_ids":[],"_links":{"self":[{"href":"https:\/\/serveiseducatius.xtec.cat\/cda-ripolles\/wp-json\/wp\/v2\/pages\/9793","targetHints":{"allow":["GET"]}}],"collection":[{"href":"https:\/\/serveiseducatius.xtec.cat\/cda-ripolles\/wp-json\/wp\/v2\/pages"}],"about":[{"href":"https:\/\/serveiseducatius.xtec.cat\/cda-ripolles\/wp-json\/wp\/v2\/types\/page"}],"author":[{"embeddable":true,"href":"https:\/\/serveiseducatius.xtec.cat\/cda-ripolles\/wp-json\/wp\/v2\/users\/1"}],"replies":[{"embeddable":true,"href":"https:\/\/serveiseducatius.xtec.cat\/cda-ripolles\/wp-json\/wp\/v2\/comments?post=9793"}],"version-history":[{"count":4,"href":"https:\/\/serveiseducatius.xtec.cat\/cda-ripolles\/wp-json\/wp\/v2\/pages\/9793\/revisions"}],"predecessor-version":[{"id":10225,"href":"https:\/\/serveiseducatius.xtec.cat\/cda-ripolles\/wp-json\/wp\/v2\/pages\/9793\/revisions\/10225"}],"wp:attachment":[{"href":"https:\/\/serveiseducatius.xtec.cat\/cda-ripolles\/wp-json\/wp\/v2\/media?parent=9793"}],"curies":[{"name":"wp","href":"https:\/\/api.w.org\/{rel}","templated":true}]}}