{"id":9790,"date":"2021-12-15T10:12:09","date_gmt":"2021-12-15T09:12:09","guid":{"rendered":"https:\/\/serveiseducatius.xtec.cat\/cda-ripolles\/?page_id=9790"},"modified":"2023-05-22T11:06:59","modified_gmt":"2023-05-22T09:06:59","slug":"descoberta-de-ripoll-escape-town","status":"publish","type":"page","link":"https:\/\/serveiseducatius.xtec.cat\/cda-ripolles\/descoberta-de-ripoll-escape-town\/","title":{"rendered":"Descoberta de Ripoll &#8211; Escape Town"},"content":{"rendered":"<h4><span style=\"color: #808080;\"><strong>Fitxa did\u00e0ctica<a href=\"https:\/\/serveiseducatius.xtec.cat\/cda-ripolles\/wp-content\/uploads\/usu1377\/2022\/02\/FotoPromoScapeRoom-1.png\"><img loading=\"lazy\" decoding=\"async\" class=\"size-medium wp-image-9843 alignright\" src=\"https:\/\/serveiseducatius.xtec.cat\/cda-ripolles\/wp-content\/uploads\/usu1377\/2022\/02\/FotoPromoScapeRoom-1-225x300.png\" alt=\"\" width=\"225\" height=\"300\" srcset=\"https:\/\/serveiseducatius.xtec.cat\/cda-ripolles\/wp-content\/uploads\/usu1377\/2022\/02\/FotoPromoScapeRoom-1-225x300.png 225w, https:\/\/serveiseducatius.xtec.cat\/cda-ripolles\/wp-content\/uploads\/usu1377\/2022\/02\/FotoPromoScapeRoom-1.png 480w\" sizes=\"auto, (max-width: 225px) 100vw, 225px\" \/><\/a><\/strong><\/span><\/h4>\n<ul>\n<li><strong>Nivell educatiu recomanat:<\/strong> a partir de cicle superior de prim\u00e0ria en endavant.<\/li>\n<li><strong>Mat\u00e8ries:<\/strong> Coneixement del medi social i cultural, hist\u00f2ria, llengua i literatura catalanes.<\/li>\n<li><strong>Durada:<\/strong> 2 hores aprox.<\/li>\n<li><strong>Tipus d&#8217;activitat:<\/strong> Joc de pistes que ens portar\u00e0 a descobrir part de la hist\u00f2ria i llegendes del poble.<\/li>\n<li><strong>Aportaci\u00f3 a les compet\u00e8ncies:<\/strong>\n<ul>\n<li>\u00c0mbit cultura i valors<\/li>\n<li>\u00c0mbit ling\u00fc\u00edstic<\/li>\n<li>\u00c0mbit social (ci\u00e8ncies socials)<\/li>\n<li>\u00c0mbit personal i social<\/li>\n<li>\u00c0mbit de l&#8217;educaci\u00f3 f\u00edsica<\/li>\n<\/ul>\n<\/li>\n<li><strong>Objectius:<\/strong>\n<ul>\n<li style=\"text-align: justify;\">Aprendre a orientar-se per la poblaci\u00f3 de Ripoll.<\/li>\n<li>Fomentar l&#8217;observaci\u00f3 atenta del patrimoni cultural.<\/li>\n<li>Gaudir de l&#8217;itinerari i comportar-se respectuosament amb el medi ambient, natural i urb\u00e0.<\/li>\n<li>Aprendre a observar, identificar, descriure i valorar elements significatius i b\u00e9ns que componen el patrimoni cultural de la localitat.<\/li>\n<\/ul>\n<\/li>\n<li><strong>Descripci\u00f3 de l&#8217;activitat:<\/strong>\n<ul>\n<li>A partir de la llegenda d&#8217;un monjo que va fer tractes amb el diable i amb el repte d&#8217;ajudar-lo a escapar, els i les alumnes hauran de localitzar diferents punts d&#8217;inter\u00e8s on podran resoldre diferents enigmes.\u00a0 Cada vegada que solucionin un dels enigmes plantejats col\u00b7leccionaran un\u00a0 dels versos de l&#8217;encanteri redactat en llat\u00ed que ha d&#8217;ajudar a alliberar el monjo del diable.\u00a0 Gr\u00e0cies a aquest joc els alumnes descobriran els diferents racons de la vila i la hist\u00f2ria que s&#8217;hi amaga.<\/li>\n<\/ul>\n<\/li>\n<li><strong>Proposta d&#8217;activitats posteriors:<\/strong>\n<ul>\n<li style=\"font-weight: 400;\" aria-level=\"1\"><span style=\"font-weight: 400;\">Creem el nostre propi escape town d\u2019escola\/barri\/poble.<\/span><\/li>\n<li style=\"font-weight: 400;\" aria-level=\"1\"><span style=\"font-weight: 400;\">Creem un itinerari de llocs d\u2019inter\u00e8s al nostres poble\/barri.<\/span><\/li>\n<li style=\"font-weight: 400;\" aria-level=\"1\"><span style=\"font-weight: 400;\">Agermanament amb una altra escola i fer de guies del nostre poble\/barri.<\/span><\/li>\n<li style=\"font-weight: 400;\" aria-level=\"1\"><span style=\"font-weight: 400;\">Organitzar una cursa d\u2019orientaci\u00f3 urbana.<\/span><\/li>\n<li style=\"font-weight: 400;\" aria-level=\"1\"><span style=\"font-weight: 400;\">Treballem diferents tipus de mapes.<\/span><\/li>\n<li style=\"font-weight: 400;\" aria-level=\"1\"><span style=\"font-weight: 400;\">Mobile History Map<\/span><\/li>\n<li style=\"font-weight: 400;\" aria-level=\"1\"><span style=\"font-weight: 400;\">Personatges singulars relacionats amb la nostra poblaci\u00f3.<\/span><\/li>\n<li style=\"font-weight: 400;\" aria-level=\"1\"><span style=\"font-weight: 400;\">Llegendes i mites relacionats amb la nostra poblaci\u00f3.<\/span><\/li>\n<\/ul>\n<\/li>\n<li><strong>Material:<\/strong>\n<ul>\n<li>Per grups redu\u00efts, des del CdA es facilitar\u00e0 una motxilleta per grup on hi ha diferents materials per al desenvolupament del joc, com ara: caixes tancades amb cadenats, sobres, pergamins, mapes, jerogl\u00edfics, etc. <em>(subjecte a modificacions)<\/em><\/li>\n<li>Per grups m\u00e9s nombrosos i principalment de secund\u00e0ria es pot dur a terme a partir d&#8217;una versi\u00f3 m\u00f2bil on els alumnes duen a terme l&#8217;activitat aut\u00f2nomament.<\/li>\n<li>\u00c9s recomanable portar roba adequada a l&#8217;\u00e8poca de l&#8217;any i cal\u00e7at c\u00f2mode. Important portar impermeable encara que les previsions meteorol\u00f2giques no marquin pluja.<\/li>\n<\/ul>\n<\/li>\n<\/ul>\n","protected":false},"excerpt":{"rendered":"<p>Fitxa did\u00e0ctica<a href=\"https:\/\/serveiseducatius.xtec.cat\/cda-ripolles\/wp-content\/uploads\/usu1377\/2022\/02\/FotoPromoScapeRoom-1.png\"><\/a><\/p>\n<ul>\n<li>Nivell educatiu recomanat: a partir de cicle superior de prim\u00e0ria en endavant.<\/li>\n<li>Mat\u00e8ries: Coneixement del medi social i cultural, hist\u00f2ria, llengua i literatura catalanes.<\/li>\n<li>Durada: 2 hores aprox.<\/li>\n<li>Tipus d&#8217;activitat: Joc de pistes que ens portar\u00e0 a descobrir part de la hist\u00f2ria i llegendes del poble.<\/li>\n<li>Aportaci\u00f3&hellip;  <a href=\"https:\/\/serveiseducatius.xtec.cat\/cda-ripolles\/descoberta-de-ripoll-escape-town\/\" title=\"Read Descoberta de Ripoll &#8211; Escape Town\">Llegeix m\u00e9s\u00bb<\/a><br \/>\n","protected":false},"author":1,"featured_media":0,"parent":0,"menu_order":0,"comment_status":"closed","ping_status":"closed","template":"","meta":{"_bbp_topic_count":0,"_bbp_reply_count":0,"_bbp_total_topic_count":0,"_bbp_total_reply_count":0,"_bbp_voice_count":0,"_bbp_anonymous_reply_count":0,"_bbp_topic_count_hidden":0,"_bbp_reply_count_hidden":0,"_bbp_forum_subforum_count":0,"footnotes":""},"class_list":["post-9790","page","type-page","status-publish","hentry"],"post_mailing_queue_ids":[],"_links":{"self":[{"href":"https:\/\/serveiseducatius.xtec.cat\/cda-ripolles\/wp-json\/wp\/v2\/pages\/9790","targetHints":{"allow":["GET"]}}],"collection":[{"href":"https:\/\/serveiseducatius.xtec.cat\/cda-ripolles\/wp-json\/wp\/v2\/pages"}],"about":[{"href":"https:\/\/serveiseducatius.xtec.cat\/cda-ripolles\/wp-json\/wp\/v2\/types\/page"}],"author":[{"embeddable":true,"href":"https:\/\/serveiseducatius.xtec.cat\/cda-ripolles\/wp-json\/wp\/v2\/users\/1"}],"replies":[{"embeddable":true,"href":"https:\/\/serveiseducatius.xtec.cat\/cda-ripolles\/wp-json\/wp\/v2\/comments?post=9790"}],"version-history":[{"count":3,"href":"https:\/\/serveiseducatius.xtec.cat\/cda-ripolles\/wp-json\/wp\/v2\/pages\/9790\/revisions"}],"predecessor-version":[{"id":10220,"href":"https:\/\/serveiseducatius.xtec.cat\/cda-ripolles\/wp-json\/wp\/v2\/pages\/9790\/revisions\/10220"}],"wp:attachment":[{"href":"https:\/\/serveiseducatius.xtec.cat\/cda-ripolles\/wp-json\/wp\/v2\/media?parent=9790"}],"curies":[{"name":"wp","href":"https:\/\/api.w.org\/{rel}","templated":true}]}}