{"id":9479,"date":"2020-03-19T18:07:07","date_gmt":"2020-03-19T17:07:07","guid":{"rendered":"http:\/\/serveiseducatius.xtec.cat\/cda-ripolles\/?page_id=9479"},"modified":"2024-09-19T13:39:06","modified_gmt":"2024-09-19T11:39:06","slug":"recursos","status":"publish","type":"page","link":"https:\/\/serveiseducatius.xtec.cat\/cda-ripolles\/recursos\/","title":{"rendered":"Recursos"},"content":{"rendered":"<p>Des del camp d&#8217;aprenentatge del Ripoll\u00e8s volem ajudar als centres a treure el m\u00e0xim profit dels serveis educatius que oferim. Per aix\u00f2, en aquesta p\u00e0gina oferirem diferents tipus de recursos de producci\u00f3 pr\u00f2pia relacionats amb els continguts que treballem per fer servir de la manera i en el temps que es creguin m\u00e9s convenients. M\u00e9s avall els trobareu enlla\u00e7ats segons les eines emprades. (<a href=\"https:\/\/mhm.mobileworldcapital.com\/ca_ES\/escenari\/1757\/showedit#\">MHM<\/a>, <a href=\"https:\/\/drive.google.com\/drive\/folders\/1SU3qgGhuektw2lyvDpMgZTMDPXSdMV8B\">Socrative<\/a>, <a href=\"https:\/\/docs.google.com\/document\/d\/1D13aTx1NiJDh27qHYpyKsGCVdT2SymHPDlZu3CWnK58\/edit?usp=sharing\">Kahoot&#8217;s del CdA,<\/a> <a href=\"https:\/\/drive.google.com\/drive\/folders\/1ARHSLf6mA8BNM4gib7zykiAsRCJsdYrN?usp=sharing\">Documents propis al Drive<\/a>, <a href=\"https:\/\/docs.google.com\/document\/d\/1patNIJVx9SvW_W0NBHEWQrNOPW20l3mKfEvU70ZERSk\/edit?usp=sharing\">Enlla\u00e7os externs d&#8217;inter\u00e8s<\/a>, <a href=\"https:\/\/drive.google.com\/file\/d\/1utaqSpHy_6ORqyztPPQrjcBfmfULmem5\/view?usp=sharing\">Fotos 360\u00ba<\/a> , <a href=\"https:\/\/drive.google.com\/drive\/folders\/1LAQy8mnr2jauWsj2N5Hu1oUNhPZFe-jQ?usp=sharing\">Videos i Fotos del nostre fototrameig<\/a>, <a href=\"https:\/\/docs.google.com\/document\/d\/1ic3JHhqnEKDWh7mAh0EvywbpKc0jaMAkmkfnNHYnHMk\/edit?usp=sharing\">R<\/a><a href=\"https:\/\/docs.google.com\/document\/d\/1ic3JHhqnEKDWh7mAh0EvywbpKc0jaMAkmkfnNHYnHMk\/edit?usp=sharing\">ecursos agrupats per itineraris<\/a> , <a href=\"https:\/\/drive.google.com\/drive\/folders\/1Lbsh2y34LTqMNlgVf6NmW4cX1spXXa5P?usp=sharing\">Imatges i v\u00eddeos antics de Ripoll i el Monestir<\/a> i <a href=\"https:\/\/sites.google.com\/view\/freescaperoomripolles\">Scaperroms virtuals<\/a>). Les podeu descarregar i modificar-les segons us convinguin, per\u00f2 us agrairem molt\u00edssim que ens ho comuniqueu si les feu servir. Segur que entre totes i tots en podem fer m\u00e9s i millor.<\/p>\n<p>En el per\u00edode que ens trobem degut a <b>COVID-19<\/b> creiem que aquest apartat pot ser d&#8217;especial inter\u00e8s. Aquesta p\u00e0gina estar\u00e0 en constant construcci\u00f3.<\/p>\n<p>Per altra banda, volem recordar que sempre que ho necessiteu us podeu posar en contacte amb nosaltres.<\/p>\n<p>&nbsp;<\/p>\n<table style=\"width: 728px;\">\n<tbody>\n<tr>\n<td style=\"width: 262px; text-align: center;\"><a href=\"https:\/\/sites.google.com\/view\/freescaperoomripolles\"><img loading=\"lazy\" decoding=\"async\" class=\"alignnone wp-image-9501\" src=\"https:\/\/serveiseducatius.xtec.cat\/cda-ripolles\/wp-content\/uploads\/usu1377\/2020\/04\/escape-room-1200x630.jpg\" alt=\"\" width=\"219\" height=\"115\" srcset=\"https:\/\/serveiseducatius.xtec.cat\/cda-ripolles\/wp-content\/uploads\/usu1377\/2020\/04\/escape-room-1200x630.jpg 1200w, https:\/\/serveiseducatius.xtec.cat\/cda-ripolles\/wp-content\/uploads\/usu1377\/2020\/04\/escape-room-1200x630-300x158.jpg 300w, https:\/\/serveiseducatius.xtec.cat\/cda-ripolles\/wp-content\/uploads\/usu1377\/2020\/04\/escape-room-1200x630-768x403.jpg 768w, https:\/\/serveiseducatius.xtec.cat\/cda-ripolles\/wp-content\/uploads\/usu1377\/2020\/04\/escape-room-1200x630-1024x538.jpg 1024w\" sizes=\"auto, (max-width: 219px) 100vw, 219px\" \/><\/a><\/p>\n<p><a href=\"https:\/\/sites.google.com\/view\/freescaperoomripolles\">Scaperroms del Ripoll\u00e8s online<\/a><\/p>\n<p>&nbsp;<\/td>\n<td style=\"width: 250px; text-align: center;\"><a href=\"https:\/\/docs.google.com\/document\/d\/1QGOCrftD-l3sTLOc474sU6wAF-Yu-avL\/edit?usp=sharing&amp;ouid=107535929534909914153&amp;rtpof=true&amp;sd=true\"><img loading=\"lazy\" decoding=\"async\" class=\"size-full wp-image-9540 aligncenter\" src=\"https:\/\/serveiseducatius.xtec.cat\/cda-ripolles\/wp-content\/uploads\/usu1377\/2020\/11\/Ripoll-1835.jpg\" alt=\"\" width=\"543\" height=\"367\" srcset=\"https:\/\/serveiseducatius.xtec.cat\/cda-ripolles\/wp-content\/uploads\/usu1377\/2020\/11\/Ripoll-1835.jpg 543w, https:\/\/serveiseducatius.xtec.cat\/cda-ripolles\/wp-content\/uploads\/usu1377\/2020\/11\/Ripoll-1835-300x203.jpg 300w\" sizes=\"auto, (max-width: 543px) 100vw, 543px\" \/><\/a><\/p>\n<p><a href=\"https:\/\/drive.google.com\/drive\/folders\/1Lbsh2y34LTqMNlgVf6NmW4cX1spXXa5P?usp=sharing\">Imatges Monestir i Ripoll antics<\/a><\/p>\n<p>&nbsp;<\/td>\n<td style=\"width: 206px; text-align: center;\"><a href=\"https:\/\/docs.google.com\/document\/d\/1QGOCrftD-l3sTLOc474sU6wAF-Yu-avL\/edit?usp=sharing&amp;ouid=107535929534909914153&amp;rtpof=true&amp;sd=true\"><img loading=\"lazy\" decoding=\"async\" class=\"alignnone size-large\" src=\"https:\/\/encrypted-tbn0.gstatic.com\/images?q=tbn:ANd9GcSDjMn3lRJRMQlhWd7wCp3vA48eXf0a-eb091BPMJlAkpNlEHovkFGcnQRoLeEydTn-lKI&amp;usqp=CAU\" width=\"254\" height=\"199\" \/><\/a><\/p>\n<p><a href=\"https:\/\/drive.google.com\/file\/d\/1_msDBA3sSvARpYCxJoxDw_N5t5rdYgis\/view?usp=sharing\">Mapes definici\u00f3 territorial al llarg del temps<\/a><\/td>\n<\/tr>\n<tr>\n<td style=\"width: 262px; text-align: center;\"><a href=\"https:\/\/docs.google.com\/document\/d\/1QGOCrftD-l3sTLOc474sU6wAF-Yu-avL\/edit?usp=sharing&amp;ouid=107535929534909914153&amp;rtpof=true&amp;sd=true\"><img loading=\"lazy\" decoding=\"async\" class=\"alignnone size-full wp-image-10025\" src=\"https:\/\/serveiseducatius.xtec.cat\/cda-ripolles\/wp-content\/uploads\/usu1377\/2023\/02\/baixa.png\" alt=\"\" width=\"225\" height=\"225\" srcset=\"https:\/\/serveiseducatius.xtec.cat\/cda-ripolles\/wp-content\/uploads\/usu1377\/2023\/02\/baixa.png 225w, https:\/\/serveiseducatius.xtec.cat\/cda-ripolles\/wp-content\/uploads\/usu1377\/2023\/02\/baixa-150x150.png 150w\" sizes=\"auto, (max-width: 225px) 100vw, 225px\" \/><\/a><\/p>\n<p><a href=\"https:\/\/sketchfab.com\/search?q=ripoll&amp;type=models\">Escaneig de models 3D de Ripoll<\/a><\/td>\n<td style=\"width: 250px; text-align: center;\"><a href=\"https:\/\/docs.google.com\/document\/d\/1QGOCrftD-l3sTLOc474sU6wAF-Yu-avL\/edit?usp=sharing&amp;ouid=107535929534909914153&amp;rtpof=true&amp;sd=true\"><img loading=\"lazy\" decoding=\"async\" class=\"alignnone wp-image-9490\" src=\"https:\/\/serveiseducatius.xtec.cat\/cda-ripolles\/wp-content\/uploads\/usu1377\/2020\/03\/street-view.png\" alt=\"\" width=\"117\" height=\"117\" srcset=\"https:\/\/serveiseducatius.xtec.cat\/cda-ripolles\/wp-content\/uploads\/usu1377\/2020\/03\/street-view.png 225w, https:\/\/serveiseducatius.xtec.cat\/cda-ripolles\/wp-content\/uploads\/usu1377\/2020\/03\/street-view-150x150.png 150w\" sizes=\"auto, (max-width: 117px) 100vw, 117px\" \/><\/a><\/p>\n<p><a href=\"https:\/\/docs.google.com\/document\/d\/1QGOCrftD-l3sTLOc474sU6wAF-Yu-avL\/edit?usp=sharing&amp;ouid=107535929534909914153&amp;rtpof=true&amp;sd=true\">Fotos en 360\u00ba<\/a><\/td>\n<td style=\"width: 206px; text-align: center;\"><a href=\"https:\/\/drive.google.com\/drive\/folders\/12NG2CxjGF9A5mkfaqEbZzm33yaCZ27Kc?usp=sharing\"><img loading=\"lazy\" decoding=\"async\" class=\"alignnone size-medium wp-image-10157\" src=\"https:\/\/serveiseducatius.xtec.cat\/cda-ripolles\/wp-content\/uploads\/usu1377\/2023\/05\/arbre-genealogic-300x231.jpg\" alt=\"\" width=\"300\" height=\"231\" srcset=\"https:\/\/serveiseducatius.xtec.cat\/cda-ripolles\/wp-content\/uploads\/usu1377\/2023\/05\/arbre-genealogic-300x231.jpg 300w, https:\/\/serveiseducatius.xtec.cat\/cda-ripolles\/wp-content\/uploads\/usu1377\/2023\/05\/arbre-genealogic.jpg 700w\" sizes=\"auto, (max-width: 300px) 100vw, 300px\" \/><\/a><a href=\"https:\/\/drive.google.com\/drive\/folders\/12NG2CxjGF9A5mkfaqEbZzm33yaCZ27Kc?usp=sharing\">Arbre geneal\u00f2gic Comptats Catalans<\/a><\/td>\n<\/tr>\n<tr>\n<td style=\"width: 262px; text-align: center;\"><a href=\"https:\/\/drive.google.com\/drive\/folders\/1ARHSLf6mA8BNM4gib7zykiAsRCJsdYrN?usp=sharing\" target=\"_blank\" rel=\"noopener noreferrer\"><img loading=\"lazy\" decoding=\"async\" class=\"alignnone wp-image-9483\" src=\"https:\/\/serveiseducatius.xtec.cat\/cda-ripolles\/wp-content\/uploads\/usu1377\/2020\/03\/drive.jpg\" alt=\"\" width=\"90\" height=\"90\" srcset=\"https:\/\/serveiseducatius.xtec.cat\/cda-ripolles\/wp-content\/uploads\/usu1377\/2020\/03\/drive.jpg 225w, https:\/\/serveiseducatius.xtec.cat\/cda-ripolles\/wp-content\/uploads\/usu1377\/2020\/03\/drive-150x150.jpg 150w\" sizes=\"auto, (max-width: 90px) 100vw, 90px\" \/><\/a><\/p>\n<p><a href=\"https:\/\/drive.google.com\/drive\/folders\/1ARHSLf6mA8BNM4gib7zykiAsRCJsdYrN?usp=sharing\" target=\"_blank\" rel=\"noopener noreferrer\">Documents propis (material variat referent al rom\u00e0nic, medi sociocultural i natural)<\/a><\/td>\n<td style=\"width: 250px; text-align: center;\">\n<p style=\"font-family: 'Helvetica Neue', Helvetica, Helvetica, Arial, sans-serif; font-size: 14px; background-color: #f9f9f9;\"><a style=\"color: #2795b6;\" href=\"https:\/\/docs.google.com\/document\/d\/1patNIJVx9SvW_W0NBHEWQrNOPW20l3mKfEvU70ZERSk\/edit?usp=sharing\"><img loading=\"lazy\" decoding=\"async\" class=\"alignnone wp-image-9505\" src=\"https:\/\/serveiseducatius.xtec.cat\/cda-ripolles\/wp-content\/uploads\/usu1377\/2020\/04\/Backlinks.jpg\" alt=\"\" width=\"128\" height=\"128\" srcset=\"https:\/\/serveiseducatius.xtec.cat\/cda-ripolles\/wp-content\/uploads\/usu1377\/2020\/04\/Backlinks.jpg 300w, https:\/\/serveiseducatius.xtec.cat\/cda-ripolles\/wp-content\/uploads\/usu1377\/2020\/04\/Backlinks-150x150.jpg 150w\" sizes=\"auto, (max-width: 128px) 100vw, 128px\" \/><\/a><\/p>\n<p style=\"font-family: 'Helvetica Neue', Helvetica, Helvetica, Arial, sans-serif; font-size: 14px; background-color: #f9f9f9;\"><a href=\"https:\/\/docs.google.com\/document\/d\/1patNIJVx9SvW_W0NBHEWQrNOPW20l3mKfEvU70ZERSk\/edit?usp=sharing\">Enlla\u00e7os externs d&#8217;inter\u00e8s<\/a><\/p>\n<\/td>\n<td style=\"width: 206px; text-align: center;\"><a href=\"https:\/\/serveiseducatius.xtec.cat\/cda-ripolles\/wp-content\/uploads\/usu1377\/2022\/11\/IMG_7178-rotated.jpg\"><img loading=\"lazy\" decoding=\"async\" class=\" wp-image-10006 aligncenter\" src=\"https:\/\/serveiseducatius.xtec.cat\/cda-ripolles\/wp-content\/uploads\/usu1377\/2022\/11\/IMG_7178-225x300.jpg\" alt=\"\" width=\"164\" height=\"219\" srcset=\"https:\/\/serveiseducatius.xtec.cat\/cda-ripolles\/wp-content\/uploads\/usu1377\/2022\/11\/IMG_7178-225x300.jpg 225w, https:\/\/serveiseducatius.xtec.cat\/cda-ripolles\/wp-content\/uploads\/usu1377\/2022\/11\/IMG_7178-768x1024.jpg 768w, https:\/\/serveiseducatius.xtec.cat\/cda-ripolles\/wp-content\/uploads\/usu1377\/2022\/11\/IMG_7178-rotated.jpg 960w\" sizes=\"auto, (max-width: 164px) 100vw, 164px\" \/><\/a><\/p>\n<p><a href=\"https:\/\/drive.google.com\/drive\/folders\/1LAQy8mnr2jauWsj2N5Hu1oUNhPZFe-jQ?usp=sharing\">El nostre Fototrameig<\/a><\/td>\n<\/tr>\n<tr>\n<td style=\"width: 262px; text-align: center;\"><a href=\"https:\/\/mhm.mobileworldcapital.com\/ca_ES\/escenari\/1757\/showedit#\" target=\"_blank\" rel=\"noopener noreferrer\"><img loading=\"lazy\" decoding=\"async\" class=\"alignnone wp-image-9481\" src=\"https:\/\/serveiseducatius.xtec.cat\/cda-ripolles\/wp-content\/uploads\/usu1377\/2020\/03\/mhm.jpg\" alt=\"\" width=\"201\" height=\"80\" srcset=\"https:\/\/serveiseducatius.xtec.cat\/cda-ripolles\/wp-content\/uploads\/usu1377\/2020\/03\/mhm.jpg 379w, https:\/\/serveiseducatius.xtec.cat\/cda-ripolles\/wp-content\/uploads\/usu1377\/2020\/03\/mhm-300x120.jpg 300w\" sizes=\"auto, (max-width: 201px) 100vw, 201px\" \/><\/a><\/p>\n<p><a href=\"https:\/\/mhm.mobileworldcapital.com\/ca_ES\/escenari\/1757\/showedit#\" target=\"_blank\" rel=\"noopener noreferrer\">Escenari general Mobile History Map<\/a><\/td>\n<td style=\"width: 250px; text-align: center;\"><a href=\"https:\/\/drive.google.com\/drive\/folders\/1SU3qgGhuektw2lyvDpMgZTMDPXSdMV8B?usp=sharing\" target=\"_blank\" rel=\"noopener noreferrer\"><img loading=\"lazy\" decoding=\"async\" class=\"alignnone wp-image-9476\" src=\"https:\/\/serveiseducatius.xtec.cat\/cda-ripolles\/wp-content\/uploads\/usu1377\/2020\/03\/socrative.png\" alt=\"\" width=\"162\" height=\"79\" srcset=\"https:\/\/serveiseducatius.xtec.cat\/cda-ripolles\/wp-content\/uploads\/usu1377\/2020\/03\/socrative.png 512w, https:\/\/serveiseducatius.xtec.cat\/cda-ripolles\/wp-content\/uploads\/usu1377\/2020\/03\/socrative-300x146.png 300w\" sizes=\"auto, (max-width: 162px) 100vw, 162px\" \/><\/a><\/p>\n<p><a href=\"https:\/\/drive.google.com\/drive\/folders\/1SU3qgGhuektw2lyvDpMgZTMDPXSdMV8B?usp=sharing\" target=\"_blank\" rel=\"noopener noreferrer\">Socrative<\/a><\/td>\n<td style=\"width: 206px; text-align: center;\">\n<p style=\"font-family: 'Helvetica Neue', Helvetica, Helvetica, Arial, sans-serif; font-size: 14px; background-color: #ffffff;\"><a style=\"color: #2795b6;\" href=\"https:\/\/docs.google.com\/document\/d\/1D13aTx1NiJDh27qHYpyKsGCVdT2SymHPDlZu3CWnK58\/edit?usp=sharing\"><img loading=\"lazy\" decoding=\"async\" class=\"alignnone size-large\" src=\"data:image\/png;base64,iVBORw0KGgoAAAANSUhEUgAAAUEAAACdCAMAAAAdWzrjAAACf1BMVEVGF48lB2vCpN+FS77\/\/\/8FQrhmvjklBmvGqONEFY5HGI8WAGVIGJF9Rrd9ZaYwAIial7wjAGoAAGFAFIg6AIowAIc1D3ykiMcAAFu+uNX\/owBDD44AAFUmAGcAQLkuDHTw7vUyDnlgLqEAZM1mM6ZVP5gAOrt1P7EAWcsAfABSIpeuj9Ha1eZpwi4ANb4AM7XhGzteOZzo5e\/U1NvFo+QAAACEZbO0aJ2eWprgACgpAI0AYc2UfLiFRMC6zbtXMJirocjKxNwTAIFaR5r\/xoRkYY2MiKhXVYa8uMwjHGkVL5vfAAD76OtpxCM1d5PhHDyItniVbcMmiAutyqq7ptQ8RLlDLnxyXZ09G3yPXMJoVY8uFXN5RaqXhq3b29p\/V7AZDkGqqqnExcJ4cIdBLmN2dnioo66QkJMAADZ2V01yJ4VKPILHxM49AGVOQHE8NwDv1Sa+Y2bXfqbZxeM5N0otF1P6zTP7d4GOcLzugIHuYWXvsr+IioL5fXD8mqxHAJrmSUvyp6njxd0QFB6McSerbG2JTJvah0r4wby+z\/JjOHbcpE7uWFr96NL\/rjxui9X\/kZ3zv5f0sJ7Whp0ddtebtejSn6\/0pUzooHfLocT\/1JSfWqjYxIenwNM+kTHrzLn\/yWpmiXZYnVaMpZWzfLDVcI1voOI\/hcaCplGXcqP\/xElgMrx5davoaIFRnXdop16TvYu0lJC\/2rh+fsYAQ44qWI9ebcxqlaIwV3NDi3CCyl6z1606foeQzXTi8d0gZZSt353gpMIAGLl3lrdZrFc0d43G1pdioX9EiYALL4tTjlVxnKaOz1xmatn\/8dxFe1vf06ier6JUhrCc0Ie9t2z52qDIAAAeRElEQVR4nO2djV8Td57HkxAyzEx4mDDhaRQihAAhQRK6WBANTyqoWERKsCic2rW3F663V25XoLc+9O66cqdEt4ltvYosbdnblgr1gVufsOvSXbfd7ra79wfd7\/ebTDIJ8zwRuVs\/L18SQpKZeef79PvN78Fg1KV8q+GvXvoIFjwnqJfgsz79DSB9BLc869PfAHpOUK\/0ESx7HgefE9St5wT1Sh\/B53HwOUH9AhgoksKU4MLWvmqj1YM40Hof02gkB4LdNgUQscHBNa\/ZYASt5U5nOc7Q9HpiNFLdpixTYTBks0lCJElyMAD+S37NBmsX5zsPH8yuaux6hXhKDIU+lTIWZplMWRDiACluidRgoGrIWFUVGOK\/AttoBKna2iNHRo4O+3OszFP4fNwtcL22HAAQioUobomDSEPJTxJP4TR1CC8YGfmbY8e7Wj3DJ161K2LIj5uydos73WufDJkSghBzQkPCloiRg4MpPmzElF\/cOqmgbNP3jzuGTx4fPp7nZmg5iDhO8MwqIPvybPdayi1ZJlMqxCHBxIKhf0kqU3ZZ6xjXrXTw5GvHGhzHvu85\/trf\/uDvmpslqOC425mdURV7BROolSGOGzLK115LMkAWYlZtTshoo4QYJktZ9yDjppl1g8h0jB5veO34977390de\/4cf\/vAf3xAzLBYflBOeHE74fCM+n2RYwt0ZVWsvZA3AhCWuRZgquURCwBPCy8dqfQxtSDm5p8WUzj\/qOHbs+\/\/0Izf9gx\/\/8Men3hD49kDVaC2vyuCEghsR8I0HAtIEyzOyFRJEEFtscgBlwiABCzOcsNdOTL45NtKcHNnxp2aWeK49+M\/HR3cVAA+e+Mmp0y825yYfChyahw+I9WPGPS5ZA+HABp3OtRW7GEFTVmGRHEGZfgWmsnEk4MbPvHW2qanp3FuFAV6YYXzSp6tHBM5079p97F\/+9d\/ot9\/Ytu306ReJBEPwlSbjQ0aI\/oxLRkGCcJcD23WXu1PsVJxgrSxBmTDIjDQybjd98HxTPdDZS2\/1l+fSsdMJ+BoDApVBumRlmEEQBX\/6xovNzYEXAcPmZhZSPPglSSC6rZEbcAcEgSM7kxGKEzQVyTX0ZI5J0CPjIImMnZ9sanrzXFPTvrGpsUbajsOQPFLZ2CEdtvWK+ff\/+PGPL5x+u5lppiFDN2QohC9hhJICvk8AgoQh1Y9FCZqyUqu\/NU4se1S6snBk5OJ057lTZ1+qr78QrghPjRXCzIzTgXHZYk2nGPrtS5dOn94WaGZoAjLEc93C\/JQZIcwk2UpzMUtQLhkraNIxxHjW5ZKS6c6fnarf906koiIzEm3r99EEjFbqoagTbnhxm+\/IO4hhM2IoSjBDUUQBLqyOYIhEoDCKItd0KShwYiiCPrL\/ypV3p6dLOi+f6q+uqJgKV0ei\/kJ6XcpsnKYZhgHotgG7p5ltp98QJehUdDpWoddJEHyFNFK2oiKbcSj0SrCDTAW4RUk5TddeLHnv\/bH9JSUlV3dGI5nRcEWFa2qEVgtDu\/BmN0jH20Bp0+z+T1GC2coa0dkCbRIJgkGSGmgprH0hC8o0kOLTWL6SQ7p3HO6\/PP3e+1feLfmgpm\/pWnj79orI2Po1UdBJNOOQYSCXKRclqCSXiPQsSBDMIYsKEbwYT7V5BB3T7eQYLvX11cwAhtVTB9fRBKEIJhfa4Yu4U5ygIjfGU2tBKAmCLbaBRKs5y2TT1rkKSqgdO0zXZ6\/ntf5852JNX2+D58x69jXgIBSCKqS5GcTDw+IEMxRdjtA9BAmChUX8jpsUI1QUBbmjAobjo3Nzr\/WfnOurWam1E4p8JlWglaje\/ZmqjKoqZ3m520ozb0sR1HRKUFIEB5J\/TapulETBuABDZsf4yd6Zn7fmfeg5Q+MBn+pikDnyxkctjVaV14njcUTleO6a5hxPykpCAYkTNNUWJnV9ZYVsFIVh7B07tcPecBQQiw\/NfNX2wvhIgA6MqD1hurHpQiRSqDKE8kJfNo+mgLK1tpAkCK61yYEhjESi1H9hLMP+nY4jvsbC8cbxgMqPYLZNfDwfblSbhHjNOLdBiqBQ56kiKScIew1NtbWF4znBkA\/X0CZjGR5kGJp2+2R71Ne8++P6jyJRlR06OL8VUiXeJNHjxioIshTZ+qZ2XDUCA2JYjiI2SJAq38oE3vvpsV\/M29X5Gp4U+STKQejGKs+IU5ZmjWjqGdA6poBu7Jz+r76TuQoJwsELoIxJtjqRjhlOGrKxFaSDQnWqTUgbQa1q\/uXs7KH7C7QCgvAGnLvcWVVVJYMsRcraxglZrURBmdFArhW1VhgnVMgwsEh9Kre0xdX8\/iefzMzlKEgkuFslOU7qAiHgtwXeezNgakUVWHF8\/Uf4EGc+HT960id\/VOl0ISkVneZWa35ZrIdKugtQQM9sAgRokSiop0H2zdYqxfWM1cDxU08QU96aewpSdIUEJ+6R1EuSnlV6GtB\/41JJENtgw92EhIsrTUco4CNRR\/DZWuAGUX5ZUieVOoLPJ4EZrPkptzvUEPy\/4MJPWVZrQeroIRUEyzbYcMtnIKuhbM0NN+UEtxj+6gHyahj1BDfaeN9nI6EhCAoJPs\/BMIcIolFEsExVl\/7\/U61JwsoJggzy3AJBO0RkFJEsQWB\/z\/lBCSQRBQSxguf8WFm3iDESJ4hhW\/INz\/2XlbVAlJOhYG2NCPGVFTzHl5BIGmYJWq14fn7BlrKyMth9Cn5sKSjIB7njOT6+xAGiMYDJuMDjZ0SPIOQnIT0bFUiM5n3W58YT3d4eaG1Z52FdSiTlwxuJIN3S5jCbWzciwZRCBkuaqp6eY2ge98RTrsds1kYweR4IDednp3OWAM8EMYp\/SxNLI0HN4554ym3TSBAPVLYnBoPQLS1B2t5uT+NUPs7iMBsVCuXEFAwN2NAEznQcAXcrGzBBGBhaHJBmgkylvy0nbof2VrPZ4Sk+muPLz1X9UUKKl4KYMSc+7IUd+dICJ7XrPwKOM84MQv42Dk7b7ZULC6KE7MWaCYL46eGG8dA5ZlYOT6uCxK7AUrkoSHXXps4kzjK1hFSfb7Lg8IoqN7Aup9PtFhpknDjVQE6r32wujg8dSkVO6yJorozPEjZz8ksbIW51G5gRuYiZaI1QIcGRWKrPN0mEE46NKscNOBxnUSU00p1Tbh66qjhBBk8p\/tJE0GD3cwQ9dsn34e5ywjfik5kZlEjEZGjtXGwg1eebcha4gR3PVg7+l5zwmkyQoCsdjtZgLo8XS7BYK0FuWDEBAyErmW8DdzpxekQm+vASMZnzNAga0A3u8mxC9n52EkGC7vCjUJWTMEO6NS0EDfQCR1CmOsedVbj0hFhDUpdCUctTIohysXz9xSdI0D5HzEyI+FxtbTYIBwnGvJgLD8HYZ5ulB3q5y61Wt3whmyiebYVPjSD4NuUzGo8gkdsYu8jidtpOByoDsMiJEbTn2mla2UInBmh\/HR2VHfDTAlwBiAc8sWTcIfUpRLmTwJ3lcl99wokpo\/CoXoVnKqaY6ypoAiQIAheOAWzLpReKPX6\/v63Fznmx72ibx1PcwRtpSQjF19igIfCpDj9KHR0Bhs5FU9nZrwKkYrfk94DDOChXg\/E6Vqmhp0GQCShuzyUI0h0xL2uz++KVR5udzjPzFOQ8kMm1Mz7CnsunwYDSMhdlcrqR9x6Hoxgm1tyjsVQsExBgHJQ97YQTkwNqCBIKhznR44qHAscJ2nNiFuhhmHZH\/PKP2o\/yCXpYu8NzfXkev8PvaQ3EeeC57pzW4tacgJ0hmEpz0rvgF8pVhMUybRJQzchdJb9XhnxFMAwKEgSVGiHtAdwpHKn0+RQO\/OQItnNtBo+P5lUeZn+gJQkGSgO4\/SjH2L9gZ6+XoY+yFZ+j2EfjAQf\/TYggzrDPtcqNWrfKnjq\/c18FQRz3NYaVzR2ix4+otUGu1nBUglDHBD2twWAeIhJkCTo8HgSgFaQcxl7Mw5OHTonJb0u47QKd70+8AHgxCiq0J\/Ed6BP\/\/hIZVEoQd3\/0WX91WNHEN9yteK5\/jKA\/ZjOOIMoVBA4ybzv6U04L+3yuHSUaTzth4JkoFEg3oHXdxn8qx8792hIMdlSyZ8PmJHNHGroayzQRJLY1fRydVzb9SnkPUm5SojC30dzRDHiMIHJvh48hUET0g+zMWmVxsJL1ZYeb4fze0dbGfhVBu91OwIdBuCAAezps54JD7bQzIWFaCALXnJwMV6idAiinFILxYo1mBluQ1zWy1w3atywBmmn3s+4M6kM2eLbSbPVs9lTSdCV6l6edYVAs5Pks+yJ\/vn6C\/O59FQTx5s\/OHrux5EzvTZ8Ugma2mwu3d3Bu2MjZoIEOwke+XGSCflS1sAHRn8s6qMMHK3A2iSzQuNsf\/zz2AuwQrob2Yap4Q2UwTEUmIZqvTM8uLon35GlSKkGYKUBUS0S6xgWOIIMC4UKswxB1sMR6\/QK5yCyL2eda2XCAM\/DJo4nahUDvTMMdFy4Vwwmtxm6hzi1hggb6l52dvTOvndF9BnwlCPqR+4E4ZyDaeamCR9ANCbawN07yaHgzlnGj1+S08+yX7UIAzkojgomuLAIF0DRYACKIkUVkKNhSKMxPpB4MdJZ88Lu8dNw+SihO0IOzpTNIlaxleY4WJxEk8lEXX\/EQsrfdVBlQAYXeszsX\/WAbLLGEQTCpBNlAGExPMYMZQ4Wm+HodCgkamt8\/P16V5hVNOIKeAM2gB0ftuBtaWRvTjtg1oujnCFFGYxFEMtrNEkRr+JHdLEGKI2g1WGME3SzBPB5BPODndXdpF+xdpUImUXjiBHHrmbQPHogRBACtbI5tszOogQzSKjLKV\/awBElAcBQ8avgR\/N88itbiJHehd++yoR8nyLKCgnz2bQ4cR+7eyu+QpotBBtJtAThD2mybhPtVZQhqngQsoRhBkEDYQA8bJTnIBA3tu+Hve153xAl2wUev7o5RwzDK1oUed29CP7rgqnSUkS1n7AaUXmB2ibfiAFxYkesTQ\/hagGqlAaanf1CJ4j0L8V7kHJRHWimsiCUYQtXJK3GCr7Oe69i1qWgTC7OhyNaAntpjo8hN7AfmxQh2gcLQzi3UyFTybmlpFO2r5W5rbiiCqLnL9lAXt3excc52EhEcQM\/u4Qiad8cYmRtGG9gHu0mSRek4sWfXKPuom8JISNAT7AgebYu1Q4h23a1iJiAT\/54lQQPbmPUgQl02KkawGxHclSBo6471NsfUYKMoMtaTwHXJwESzqYF7yuPmCHr0FjPMuDKAz8CLCRSmoF7fw5raJpYgmSB4ko12lK2BB9DTTcVTCqc8EBGxTcPxl3AE7a1BnamQEb4rshEIgtZmQYi1H5Q7zP4uPxvbUgi2bcKo7q54\/9\/oAInq2xMJfo48mKiFCDIdevsVmFqFC3akgY0ycQRz88uMFFvqdbHeGqMRI3gCcLKh1zo2YUbKtgfxNTcskLH1JG27ON8e3YMqHWxT3FI9Q2jkPEHTujfYYEYagXLklR48ChQj2GVDhoTQObqLRhMI99h25+XlFcNMQu7qgmJfarO9GgrBDVTinSS2PXldo127Q7bYupyJLwI4OlYAV5ZfWFjQu0opA74Fu8A6HqlKDx4F4giiJZpjrgho7epqiOl1ygaFrIodpsfyQYuYUvxF0yjSRpK8TSzI1zlX74KcsQI6pbNGq6QHr8aUBjbKRC90dRW3efJsLAMPYObfDcq6ok0xJa3NF1+ZRUTJfyX3oP5WRxe7lwCbbdLQu2UQm8f0LAha8wughRljK\/BR3UgUB0ual6xIMrTrxK4QC5AiUWxwVKahYSo2kWndCVpxdjQ8FvdGdiEgPdSShJYrjrk1xUbZdHXObASCVoP4jKCnIcq2228efZ0s0D+jTcGJp4OQtODqQLpcVL0oW2g3TES61zVQkkrSQ0nyJBTEkrSLihU\/uhnKf\/fpwSQqq+R0oHUQps+VFQTCtLESPoFnYoDJ0mWGCtw4fbQEDm\/Y8tT5KJGuZXJkXShdtAS0EQyQlQ4zlHfjdCJLPvQ6lzDS0hwN5d04vdh4RybSYIBprLnLNCPUuVGQVknMqpdR4oQp20BoSHo7VjWfq9GTZa8kzeQ4bdF6oZSR62HYTObt3Dm8GxTGmzenhaLWhCJz8LRyi8mqpEEuLDL0+R7guZsBtPaFmzU1fTdvbd27d2\/ZZoUUsUGJv23RNHdfzgjTjk9hr5rIRZKdVzuNm41792aWvjxcc2ilt8+zNRNp79DmzfIfQCXvDpwqTZ4sEwnTzk90dSU5wXdh5Oedn2\/ZC4mVVu+s2Wleqhmuy4xp715MliGZPSiVfDQFQxkjTD9BTc04jCoqgr17VPfx23WlCFipp29xaXWuOPYrC1GaIWYcWrPDcooUreKZcn8gdZUADQTVLAa7RTU9eOnknq7RvAGSar9z4\/ZX1S4Ibevy8NzM4sp\/3652uRIMh6TiIRUIkIOBtbvNq0SIp9xi0b1SBc4Y3OVOZ1WVE241Izl02ir9dYnKdmL\/xOS50YFfuTLv3rl791FFaWld9Z2lFfPNez2We6sH6nhmaJQwQ5J0rtmlOlWyCwHi9HjKuC\/JhoksPiJ1o8vUYYW8X624NoBUyNPUdGHfpfs9c3eePHjy5O6j7dU3vD09D80Wr8Vi8Xpv8115SAphlbQFQskt5hnwNfpSd+HVvt6MtXzNEvfJsxAZX2LvOc1VDHnizX0T+5vqh3u8PV4vQOe1PMi8AeCt9FiQVg9k8qOhOMLNAekwiCS9yxnuG2ms7Ei2E6nsKA2QEVr\/n784AeEeGSfc8oeRFiS4f\/8lQBBZ3NyjGa\/l9uPbFstDL0vQa5mrSEIoeiRFpyDdxGOAF6fer7eK50fpr0Nol4BsA1MViG2JjQdGKn0jvhhAzXU0NeA529S07\/QXENiDA7fz7t\/rmatzWTjdu34uL1YWlrpkrFCJMFGEhIFm1mQSJNGLkyYouKkMQ\/\/6HVPjGTua+EaPFHKTgXU0vchd+y9NvLkCjO1JXZ1rKlw99dBSXRoneL1pcmIZoat7ebnOlQ6Ews0T2t5c2C+ym57Y5WkgSDee2rfvrahpHJ0Ewe7XoN2FoahXvSvmhyjofVl3Kzw\/VRF9XIoIgrDotVw\/dX4yDI3QNX9\/cSdiKZVOlEjACnGaHul3+M0ZgveZRS9QmqDgLo1MYVP92Wh1ZKocHoqtEHU0hY1w8vNcz1\/MsZhX\/Zv58FQkWpfpuuv1rj748tGj23mXJq8A\/y0F7ZSZpZlryBolW28KlLqDOkOfGR\/zT4W3T\/WfEbRB0ZVsJQkK7pBX9c6lcxPhSKQ\/cUdbJ0DqT17LvZsojVgsN7w3w8vXluoyS+tW51x1LqDbv5mq27o8H3Z9s9RrnrnGRkSdHTYYPyMj8\/NPzW+vrqiI+KuEBzuIraasnuDBz16qfz\/sCRcmZvJrLKRZUcZfQXL3oAE+egIeee+vWLx3SkHTmK1hSm+vLj1ajkbmo3XXFueWwmx9vVdv7ytXWgN81sIxTzSyffv2ioqKas9BkeEiwgglCRqE9jvaUTvxUlN0eySamN6uZHCEqKjuz2c\/uMfGvHtP5lDu3bl67wbgVBqrYFy3H5VGI9FwdLkuOvzhDVRfu+68qhchauAB7x3p9\/jDFdUVEc88ILh9fkzYjUUcWcoCcauQCe74aLbz\/HxFdX98yx\/tHdJQ5O7Zi52\/hab38P79nSzC321\/cofXGAYx8PEUuL75W3du3ATl9hPYcvY+0H0LIB9naOfBsf3n6uEG6YBgGLhxeMpxWGzEjVDFJgFQZMutHdtKSj746sNr8emzOvoDoQDB6+9CgpabMzOLO+9aQJuk54BllV9CA5MLw9z1BLT0elYtXtBSrvuyrl0nQtJGV\/V7zp9qApmxFUTA7dXVFVHPzsWVWtExSwKbQ4jys4rts7qj8OL0Uk1NfPasToDGzb+\/2fkt9OKHS0vmr+73oPRbUcc3QajHX6+M1j34g8X7YBXQfnRjDjSg9d1DwQKFY+cnmvY11b9U33Qusr06Mn9tZ29fTc0h\/6fiA+fWOJwYQEJ0yzfoxYsri6Px70nPVQBRv7esoDBoOTTX+9UX3gMw\/ZYm4yt1uW4cuBmuuzz7W8vtVRgpUZ34Iz1GSAbGzk0C85s8BxGejUamdi7N1NT09fUtmiU3+U7xZDGC4ru+7Xin5IOZQ4tcLaMrDRvh3YtMNg2DOHjz5v0eb2YKPeTDo53fPrr35JvZP85+6XpwINZU8f5JD0Fqy9iFpvr6+on9gGPTZ45DqwBf7xwg2LcyJj0zOHmnKxGC4puE7vjovQ9napZimVhXGobavLfuSawHpufhiuWJIMDouxdnu24fuPtB52+f3PB6udbearcuhAf3A4AvNe0DZnj96uwSML9e8yEAsOaQQ2YJk\/wtifgh8hJGYs\/4HTsyjgRb3KgxojcIAoKg3EP4eixzN5aSOgJ5BKcvfnJ8dc4Lyu4EP6Bf6SGInfFP1jfte+n0+cuzJSUl38709c0cmgOGuDTcnyHdGW\/l1TViNii1XzdLES7cqB8gNpQJm2+Wni+31z0+YBGyQBgHRzuvu1Z7YmW3FwVB3W5spLLON106f7GzBKmzF5pfX+\/OsYPg6uQW8+HtOqmNIFQVg+O6RxRs3gsLZkDwTl2p69FqtWvr1q2paRgQfNlv6b3\/FxbdvcXe3t7FVQhyVRdB22HH9c7pkpLpy+C\/kumbNX2rS6O1h3fsyC5XsL0l2nkSEyGI424Fu69mlzudg0NytyUUEMzcOufteVQXyXxwx7U85Ykub03GB5smS5Zry+FrXy5+XdxvegGpv\/i73lWbnsOTzNhVaH1XzZfRj6XvTMD8sp1uhdOrgR3C3XeFAK7t2hdXQGdZCwm6Hnm9X314rv8Xd8NT4eqwZ9nF57d8C\/z+1VLEEzXVAnLxKYGQYkvISMofQ0zU+B8hOmiD07PXx8ZBcKpyq5mebgWGKPQ8o8CFE5K8xS0nzMhSWvXemzh14dad4Ug1bHvwCLqib068Gc6883VUaL5vlqlwwKb5BEi3YxrFwOmrDbWHz1izywkmLdP71RGssukgaDSyhpZZ9+eJ05MnD0xlTpmj1VM8gOFL+yb3vXm3Z6lfeHJqVlbLUHz+GEmqokkx\/d9CfPuzDn+6o8pJpG1xDnUEs3UQxDYbOV+tXjp3ZXvmVCQyVRGZSmTkrf1nT+0\/e+nhsReEAUKGtQMIIUl2+1rKVCEkD\/6x82LMexUkDxUE1WybXKUxEGGbSbJscJBDVXf3i0ePH38zFamL8OPg1ujEqdMXTveLA4RmGLRRNqqjsH8+mqPqbLAz\/S98CsxvkErz2jBKpK9LCyRhbNAHElZ2PGPc9s7NzVgeNjimEMBSpMzS6rZT9Z\/JTTcHCBt\/PfFOuDrSryo5Y4PA+gLA\/Z\/Frrh4fE6hJoDkEBsq4gQzH\/\/u\/s2HPd5Fs2sr7EmoXobKBL+07VcwXz+Yc2Hf2fn5+ai6hh4VGMRIdAnrDlDXjRHYMcKF0bi7hkFQv3y\/xzv8ONNVfYvbg6F2OfOJkgUPsnI+vjD5PkCYoy4sU9ztlvXeV1PfzU3w1WekEixtKLl8seQiaLg9Kr2VKFyyskytCgCC6vDXpyYmKqAbazyn9d7aVZcJJiwwQTBzuMRsnr56z+tdVLjQS6oV1u\/bFw1\/fXxAY3mYevtTkSS3IpCUrjRCDfKKoZc5L26bfnd2+qL3L0ta8EG9Mfnet3M1veqyMU+qjRBnGHelwqWQ10jfjPQMAYKu6uHOzosPH\/ZqBWjKmi2ZnVvqbbVpPDnpIV1CADtawmFta31IjGRSIF4QhE2aeOvjzsqKxfuwVaryk9QLP5t9t\/dQ76F8rUaosqKhG0+dDYdvaSKoZAEHUWFDSf0WiYLQdf8Lr7dXM0CT6f2L0x\/U1Cy2aG0kqTRCxvfZ5C\/nw1oA6uvZT4qC\/FRS9+QPFq9k40NOV37aufRh10HNPQ3qjJBo3jb5WeTPWgDquztHBpIJvpxwY+DEegACZfUfLNfeV4SpA8GM\/OS9pRktBHUkYowkbSn9FnE3drlWez7USRCopVt7j6E6I2R8nSX\/c0gDQR3FNDkUWDsQ4uVY58zyeN53yqpnaTM0hTQjVGmEzVeuzmqwQR3TNsmAUOc3zMal1bWg+fGCfgtECLXfBFVnhHTOJ+9+p56g9ihIBQT4ISMsXZZdrFMNwkKjVoSYKoK4tfCg+lW7tZtgahJOGCEAmD5+EGFQsx+ra5jgZzQs0ic751tMGCXa9f1NegGasmo138LT1DpWB1DzPXZRE8zIqE0zQZMppDkSPv0uGu2Tr31iAA+nm58pS3P3gvrO6v8F+T\/eCHd1bMgAAAAASUVORK5CYII=\" width=\"321\" height=\"157\" \/><\/a><\/p>\n<p style=\"font-family: 'Helvetica Neue', Helvetica, Helvetica, Arial, sans-serif; font-size: 14px; background-color: #ffffff;\"><a href=\"https:\/\/docs.google.com\/document\/d\/1D13aTx1NiJDh27qHYpyKsGCVdT2SymHPDlZu3CWnK58\/edit?usp=sharing\">llista de Kahoot&#8217;s del CdA<\/a><\/p>\n<\/td>\n<\/tr>\n<tr>\n<td style=\"width: 262px; text-align: center;\"><\/td>\n<td style=\"width: 250px; text-align: center;\"><\/td>\n<td style=\"width: 206px; text-align: center;\"><\/td>\n<\/tr>\n<\/tbody>\n<\/table>\n<p>&nbsp;<\/p>\n<p>&nbsp;<\/p>\n<p>&nbsp;<\/p>\n<p>&nbsp;<\/p>\n<p>&nbsp;<\/p>\n<p>&nbsp;<\/p>\n<p>&nbsp;<\/p>\n<p>&nbsp;<\/p>\n<p>&nbsp;<\/p>\n","protected":false},"excerpt":{"rendered":"<p>Des del camp d&#8217;aprenentatge del Ripoll\u00e8s volem ajudar als centres a treure el m\u00e0xim profit dels serveis educatius que oferim. Per aix\u00f2, en aquesta p\u00e0gina oferirem diferents tipus de recursos de producci\u00f3 pr\u00f2pia relacionats amb els continguts que treballem per fer servir de la manera&hellip;  <a href=\"https:\/\/serveiseducatius.xtec.cat\/cda-ripolles\/recursos\/\" title=\"Read Recursos\">Llegeix m\u00e9s\u00bb<\/a><\/p>\n","protected":false},"author":1,"featured_media":0,"parent":0,"menu_order":0,"comment_status":"closed","ping_status":"closed","template":"page-templates\/side-menu.php","meta":{"_bbp_topic_count":0,"_bbp_reply_count":0,"_bbp_total_topic_count":0,"_bbp_total_reply_count":0,"_bbp_voice_count":0,"_bbp_anonymous_reply_count":0,"_bbp_topic_count_hidden":0,"_bbp_reply_count_hidden":0,"_bbp_forum_subforum_count":0,"footnotes":""},"class_list":["post-9479","page","type-page","status-publish","hentry"],"post_mailing_queue_ids":[],"_links":{"self":[{"href":"https:\/\/serveiseducatius.xtec.cat\/cda-ripolles\/wp-json\/wp\/v2\/pages\/9479","targetHints":{"allow":["GET"]}}],"collection":[{"href":"https:\/\/serveiseducatius.xtec.cat\/cda-ripolles\/wp-json\/wp\/v2\/pages"}],"about":[{"href":"https:\/\/serveiseducatius.xtec.cat\/cda-ripolles\/wp-json\/wp\/v2\/types\/page"}],"author":[{"embeddable":true,"href":"https:\/\/serveiseducatius.xtec.cat\/cda-ripolles\/wp-json\/wp\/v2\/users\/1"}],"replies":[{"embeddable":true,"href":"https:\/\/serveiseducatius.xtec.cat\/cda-ripolles\/wp-json\/wp\/v2\/comments?post=9479"}],"version-history":[{"count":4,"href":"https:\/\/serveiseducatius.xtec.cat\/cda-ripolles\/wp-json\/wp\/v2\/pages\/9479\/revisions"}],"predecessor-version":[{"id":10409,"href":"https:\/\/serveiseducatius.xtec.cat\/cda-ripolles\/wp-json\/wp\/v2\/pages\/9479\/revisions\/10409"}],"wp:attachment":[{"href":"https:\/\/serveiseducatius.xtec.cat\/cda-ripolles\/wp-json\/wp\/v2\/media?parent=9479"}],"curies":[{"name":"wp","href":"https:\/\/api.w.org\/{rel}","templated":true}]}}