{"id":8858,"date":"2017-01-18T09:56:16","date_gmt":"2017-01-18T08:56:16","guid":{"rendered":"http:\/\/serveiseducatius.xtec.cat\/cda-ripolles\/?page_id=8858"},"modified":"2023-05-08T13:13:31","modified_gmt":"2023-05-08T11:13:31","slug":"descobrim-el-riu","status":"publish","type":"page","link":"https:\/\/serveiseducatius.xtec.cat\/cda-ripolles\/descobrim-el-riu\/","title":{"rendered":"Descobrim el riu"},"content":{"rendered":"<h4><span style=\"color: #00ccff;\"><strong>Fitxa did\u00e0ctica<\/strong><\/span><\/h4>\n<ul>\n<li style=\"text-align: justify;\"><strong>Nivell educatiu recomanat:<\/strong> cicle inicial, mitj\u00e0 i superior de prim\u00e0ria.<a href=\"https:\/\/serveiseducatius.xtec.cat\/cda-ripolles\/wp-content\/uploads\/usu1377\/2023\/05\/riu.jpeg\"><img loading=\"lazy\" decoding=\"async\" class=\" wp-image-10174 alignright\" src=\"https:\/\/serveiseducatius.xtec.cat\/cda-ripolles\/wp-content\/uploads\/usu1377\/2023\/05\/riu-300x225.jpeg\" alt=\"\" width=\"407\" height=\"305\" srcset=\"https:\/\/serveiseducatius.xtec.cat\/cda-ripolles\/wp-content\/uploads\/usu1377\/2023\/05\/riu-300x225.jpeg 300w, https:\/\/serveiseducatius.xtec.cat\/cda-ripolles\/wp-content\/uploads\/usu1377\/2023\/05\/riu-1024x768.jpeg 1024w, https:\/\/serveiseducatius.xtec.cat\/cda-ripolles\/wp-content\/uploads\/usu1377\/2023\/05\/riu-768x576.jpeg 768w, https:\/\/serveiseducatius.xtec.cat\/cda-ripolles\/wp-content\/uploads\/usu1377\/2023\/05\/riu-1536x1152.jpeg 1536w, https:\/\/serveiseducatius.xtec.cat\/cda-ripolles\/wp-content\/uploads\/usu1377\/2023\/05\/riu-200x150.jpeg 200w, https:\/\/serveiseducatius.xtec.cat\/cda-ripolles\/wp-content\/uploads\/usu1377\/2023\/05\/riu.jpeg 1600w\" sizes=\"auto, (max-width: 407px) 100vw, 407px\" \/><\/a><\/li>\n<li style=\"text-align: justify;\"><strong>Mat\u00e8ries: <\/strong>medi natural, social i cultural i llengua catalana.<\/li>\n<li style=\"text-align: justify;\"><strong>Durada:<\/strong> 2 hores aprox..<\/li>\n<li style=\"text-align: justify;\"><strong>Tipus d&#8217;activitat:<\/strong> treball de camp realitzat al riu Rigat (prop de l&#8217;alberg).<\/li>\n<li style=\"text-align: justify;\"><strong>Aportaci\u00f3 a les compet\u00e8ncies:<\/strong>\n<ul>\n<li>\u00c0mbit cultura i valors<\/li>\n<li>\u00c0mbit ling\u00fc\u00edstic<\/li>\n<li>\u00c0mbit cientificotecnol\u00f2gic (biologia i geologia)<\/li>\n<\/ul>\n<\/li>\n<li style=\"text-align: justify;\"><strong>Objectius:<\/strong>\n<ul>\n<li>Estudiar la din\u00e0mica d&#8217;un ecosistema fluvial.<\/li>\n<li>Treure conclusions a partir d&#8217;un problema plantejat, fent una investigaci\u00f3.<\/li>\n<li>Saber prendre mesures i analitzar les dades obtingudes.<\/li>\n<li>Recon\u00e8ixer i identificar els arbres m\u00e9s representatius del bosc de ribera.<\/li>\n<li>Identificar els macroinvertebrats del riu.<\/li>\n<\/ul>\n<\/li>\n<li style=\"text-align: justify;\"><strong>Descripci\u00f3 de l&#8217;activitat:<\/strong>\n<ul>\n<li><strong>Treball previ a l\u2019escola:<\/strong>\n<ul>\n<li>A partir d\u2019un power point, i amb el fil conductor d&#8217;una merla d&#8217;aigua, l&#8217;alumnat coneixer\u00e0 les caracter\u00edstiques d&#8217;un riu i les necessitats biol\u00f2giques i de qualitat ambiental que necessita la merla d&#8217;aigua per viure. Es planteja la pregunta: <em>\u00e9s adequat el riu Rigat perqu\u00e8 hi visqui la merla d&#8217;\u00a1aigua?<\/em><\/li>\n<\/ul>\n<\/li>\n<li><strong>Activitat durant l\u2019estada:<\/strong>\n<ul>\n<li>Durant l&#8217;activitat els alumnes han de fer d&#8217;investigadors per tal de saber si el riu Rigat reuneix les caracter\u00edstiques adequades perqu\u00e8 hi visqui la merla d&#8217;aigua. Han de prendre diferents mesures (temperatura, amplada, fond\u00e0ria, etc), capturar i classificar macroinvertebrats, determinar la qualitat de l&#8217;aigua.<\/li>\n<\/ul>\n<\/li>\n<li><strong>Treball posterior:<\/strong>\n<ul>\n<li>Es posen en com\u00fa les dades obtingudes i es redacten les conclusions. Es pot fer al CdA en acabar l&#8217;activitat, o posteriorment a l&#8217;escola.<\/li>\n<\/ul>\n<\/li>\n<\/ul>\n<\/li>\n<li style=\"text-align: justify;\"><strong>Material que han de dur els alumnes:<\/strong> \u00a0roba adequada a l&#8217;\u00e8poca de l&#8217;any i cal\u00e7at c\u00f2mode. Important portar impermeable encara que les previsions meteorol\u00f2giques no marquin pluja.<\/li>\n<li style=\"text-align: justify;\"><strong>Observacions:<\/strong> l&#8217;alumnat entra al riu amb botes d&#8217;aigua de canya alta que proporciona el CdA. Important portar roba de recanvi per si es mullen.\u00a0 Hi ha la possibilitat d&#8217;observar m\u00e9s detingudament a l&#8217;aula amb lupes binoculars els macroinvertebrats capturats. Despr\u00e9s es retornen al riu.<\/li>\n<li style=\"text-align: justify;\"><strong>Estacionalitat<\/strong>: setembre, octubre, abril, maig i juny (la resta de mesos l&#8217;aigua i l&#8217;ambient pot estar excessivament fred).<\/li>\n<\/ul>\n","protected":false},"excerpt":{"rendered":"<p>Fitxa did\u00e0ctica<\/p>\n<ul>\n<li style=\"text-align: justify;\">Nivell educatiu recomanat: cicle inicial, mitj\u00e0 i superior de prim\u00e0ria.<a href=\"https:\/\/serveiseducatius.xtec.cat\/cda-ripolles\/wp-content\/uploads\/usu1377\/2023\/05\/riu.jpeg\"><\/a><\/li>\n<li style=\"text-align: justify;\">Mat\u00e8ries: medi natural, social i cultural i llengua catalana.<\/li>\n<li style=\"text-align: justify;\">Durada: 2 hores aprox..<\/li>\n<li style=\"text-align: justify;\">Tipus d&#8217;activitat: treball de camp realitzat al riu Rigat (prop de l&#8217;alberg).<\/li>\n<li style=\"text-align: justify;\">Aportaci\u00f3 a&hellip;  <a href=\"https:\/\/serveiseducatius.xtec.cat\/cda-ripolles\/descobrim-el-riu\/\" title=\"Read Descobrim el riu\">Llegeix m\u00e9s\u00bb<\/a><br \/>\n","protected":false},"author":1,"featured_media":0,"parent":0,"menu_order":0,"comment_status":"closed","ping_status":"closed","template":"","meta":{"_bbp_topic_count":0,"_bbp_reply_count":0,"_bbp_total_topic_count":0,"_bbp_total_reply_count":0,"_bbp_voice_count":0,"_bbp_anonymous_reply_count":0,"_bbp_topic_count_hidden":0,"_bbp_reply_count_hidden":0,"_bbp_forum_subforum_count":0,"footnotes":""},"class_list":["post-8858","page","type-page","status-publish","hentry"],"post_mailing_queue_ids":[],"_links":{"self":[{"href":"https:\/\/serveiseducatius.xtec.cat\/cda-ripolles\/wp-json\/wp\/v2\/pages\/8858","targetHints":{"allow":["GET"]}}],"collection":[{"href":"https:\/\/serveiseducatius.xtec.cat\/cda-ripolles\/wp-json\/wp\/v2\/pages"}],"about":[{"href":"https:\/\/serveiseducatius.xtec.cat\/cda-ripolles\/wp-json\/wp\/v2\/types\/page"}],"author":[{"embeddable":true,"href":"https:\/\/serveiseducatius.xtec.cat\/cda-ripolles\/wp-json\/wp\/v2\/users\/1"}],"replies":[{"embeddable":true,"href":"https:\/\/serveiseducatius.xtec.cat\/cda-ripolles\/wp-json\/wp\/v2\/comments?post=8858"}],"version-history":[{"count":4,"href":"https:\/\/serveiseducatius.xtec.cat\/cda-ripolles\/wp-json\/wp\/v2\/pages\/8858\/revisions"}],"predecessor-version":[{"id":10175,"href":"https:\/\/serveiseducatius.xtec.cat\/cda-ripolles\/wp-json\/wp\/v2\/pages\/8858\/revisions\/10175"}],"wp:attachment":[{"href":"https:\/\/serveiseducatius.xtec.cat\/cda-ripolles\/wp-json\/wp\/v2\/media?parent=8858"}],"curies":[{"name":"wp","href":"https:\/\/api.w.org\/{rel}","templated":true}]}}