{"id":8720,"date":"2016-12-22T11:17:44","date_gmt":"2016-12-22T10:17:44","guid":{"rendered":"http:\/\/serveiseducatius.xtec.cat\/cda-ripolles\/?page_id=8720"},"modified":"2023-03-29T12:00:19","modified_gmt":"2023-03-29T10:00:19","slug":"preu-public","status":"publish","type":"page","link":"https:\/\/serveiseducatius.xtec.cat\/cda-ripolles\/amb-els-centres\/preu-public\/","title":{"rendered":"Preu P\u00fablic"},"content":{"rendered":"<p style=\"text-align: justify;\">Des de la <strong>Generalitat de Catalunya<\/strong>\u00a0es marca un <a href=\"http:\/\/Els CAC (Centres d\u2019alta complexitat) estan exempts de pagar el preu p\u00fablic.\">preu p\u00fablic<\/a> pel servei d&#8217;activitats d&#8217;ensenyament-aprenentatge dels Camps i Entorns d&#8217;Aprenentatge.<\/p>\n<ul style=\"text-align: justify;\">\n<li><strong>Quin cost tenen les activitats?<\/strong>\n<ul>\n<li>Activitats d\u2019<strong>un dia<\/strong> de durada: <strong>3 euros<\/strong> per alumne\/a i dia.<\/li>\n<li>Activitats de <strong>m\u00e9s d\u2019un dia<\/strong> de durada: <strong>3 euros<\/strong> per alumne\/a i dia.<\/li>\n<\/ul>\n<\/li>\n<\/ul>\n<ul style=\"text-align: justify;\">\n<li><b>Bonificacions i exempcions:<\/b>\n<ul>\n<li>Els centres de m\u00e0xima complexitat estan <strong>exempts<\/strong> de pagar el preu p\u00fablic.<\/li>\n<li>Hi ha una s\u00e8rie d&#8217;alumnes, que pr\u00e8via justificaci\u00f3, poden gaudir de <strong>bonificacions<\/strong> o <strong>exempcions<\/strong> en aquest preu p\u00fablic (alumnes amb un grau de disminuci\u00f3 d\u2019un 33 % o m\u00e9s, membres de fam\u00edlies nombroses, fam\u00edlies monoparentals&#8230;). Per tal de justificar aquestes bonificacions i exempcions, la direcci\u00f3 del centre visitant haur\u00e0 de segellar i signar un <a href=\"https:\/\/drive.google.com\/drive\/u\/0\/folders\/1cTBA9fh1vFiNd3hbIqzJ77XDSg0Uaa48\">certificat<\/a> on s&#8217;especifica la quantitat d&#8217;alumnes que en poden gaudir.\u00a0 No cal entregar cap document m\u00e9s. Podeu trobar la informaci\u00f3 m\u00e9s detallada al document del preu p\u00fablic al seg\u00fcent <a href=\"https:\/\/serveiseducatius.xtec.cat\/cda-ripolles\/wp-content\/uploads\/usu1377\/2023\/03\/Preu-public-22-23-3.pdf\">enlla\u00e7<\/a>.<\/li>\n<\/ul>\n<\/li>\n<\/ul>\n<ul>\n<li><strong>Quan i com s&#8217;ha d&#8217;abonar l&#8217;import del preu p\u00fablic?<\/strong>\n<ul>\n<li style=\"text-align: justify;\"><strong>Un cop finalitzada l&#8217;estada<\/strong>, el tutor o tutora assignat del CdA far\u00e0 arribar la factura amb el n\u00famero real d&#8217;assistents i amb els descomptes aplicats segons el certificat de direcci\u00f3 que podreu pagar tot fent l&#8217;ingr\u00e9s al <strong>n\u00famero de compte<\/strong> que es facilitar\u00e0.<\/li>\n<\/ul>\n<\/li>\n<\/ul>\n<p>&nbsp;<\/p>\n","protected":false},"excerpt":{"rendered":"<p>Des de la Generalitat de Catalunya\u00a0es marca un <a href=\"http:\/\/Els CAC (Centres d\u2019alta complexitat) estan exempts de pagar el preu p\u00fablic.\">preu p\u00fablic<\/a> pel servei d&#8217;activitats d&#8217;ensenyament-aprenentatge dels Camps i Entorns d&#8217;Aprenentatge.<\/p>\n<ul style=\"text-align: justify;\">\n<li>Quin cost tenen les activitats?\n<ul>\n<li>Activitats d\u2019un dia de durada: 3 euros per alumne\/a&hellip;  <a href=\"https:\/\/serveiseducatius.xtec.cat\/cda-ripolles\/amb-els-centres\/preu-public\/\" title=\"Read Preu P\u00fablic\">Llegeix m\u00e9s\u00bb<\/a><br \/>\n","protected":false},"author":1,"featured_media":0,"parent":8272,"menu_order":30,"comment_status":"closed","ping_status":"closed","template":"","meta":{"_bbp_topic_count":0,"_bbp_reply_count":0,"_bbp_total_topic_count":0,"_bbp_total_reply_count":0,"_bbp_voice_count":0,"_bbp_anonymous_reply_count":0,"_bbp_topic_count_hidden":0,"_bbp_reply_count_hidden":0,"_bbp_forum_subforum_count":0,"footnotes":""},"class_list":["post-8720","page","type-page","status-publish","hentry"],"post_mailing_queue_ids":[],"_links":{"self":[{"href":"https:\/\/serveiseducatius.xtec.cat\/cda-ripolles\/wp-json\/wp\/v2\/pages\/8720","targetHints":{"allow":["GET"]}}],"collection":[{"href":"https:\/\/serveiseducatius.xtec.cat\/cda-ripolles\/wp-json\/wp\/v2\/pages"}],"about":[{"href":"https:\/\/serveiseducatius.xtec.cat\/cda-ripolles\/wp-json\/wp\/v2\/types\/page"}],"author":[{"embeddable":true,"href":"https:\/\/serveiseducatius.xtec.cat\/cda-ripolles\/wp-json\/wp\/v2\/users\/1"}],"replies":[{"embeddable":true,"href":"https:\/\/serveiseducatius.xtec.cat\/cda-ripolles\/wp-json\/wp\/v2\/comments?post=8720"}],"version-history":[{"count":3,"href":"https:\/\/serveiseducatius.xtec.cat\/cda-ripolles\/wp-json\/wp\/v2\/pages\/8720\/revisions"}],"predecessor-version":[{"id":10138,"href":"https:\/\/serveiseducatius.xtec.cat\/cda-ripolles\/wp-json\/wp\/v2\/pages\/8720\/revisions\/10138"}],"up":[{"embeddable":true,"href":"https:\/\/serveiseducatius.xtec.cat\/cda-ripolles\/wp-json\/wp\/v2\/pages\/8272"}],"wp:attachment":[{"href":"https:\/\/serveiseducatius.xtec.cat\/cda-ripolles\/wp-json\/wp\/v2\/media?parent=8720"}],"curies":[{"name":"wp","href":"https:\/\/api.w.org\/{rel}","templated":true}]}}