{"id":8661,"date":"2016-12-21T11:47:21","date_gmt":"2016-12-21T10:47:21","guid":{"rendered":"http:\/\/serveiseducatius.xtec.cat\/cda-ripolles\/?page_id=8661"},"modified":"2023-05-10T08:39:01","modified_gmt":"2023-05-10T06:39:01","slug":"ecologia-dun-riu-pirinenc","status":"publish","type":"page","link":"https:\/\/serveiseducatius.xtec.cat\/cda-ripolles\/ecologia-dun-riu-pirinenc\/","title":{"rendered":"Ecologia d&#8217;un riu pirinenc"},"content":{"rendered":"<h4 style=\"text-align: justify;\"><span style=\"color: #99ccff;\"><strong>Fitxa did\u00e0ctica<\/strong><\/span><\/h4>\n<ul>\n<li style=\"text-align: justify;\"><strong>Nivell educatiu recomanat:<\/strong> ESO, batxillerat i cicles formatius.<a href=\"https:\/\/serveiseducatius.xtec.cat\/cda-ripolles\/wp-content\/uploads\/usu1377\/2023\/05\/ecologiaderiua.jpg\"><img loading=\"lazy\" decoding=\"async\" class=\"size-medium wp-image-10193 alignright\" src=\"https:\/\/serveiseducatius.xtec.cat\/cda-ripolles\/wp-content\/uploads\/usu1377\/2023\/05\/ecologiaderiua-225x300.jpg\" alt=\"\" width=\"225\" height=\"300\" srcset=\"https:\/\/serveiseducatius.xtec.cat\/cda-ripolles\/wp-content\/uploads\/usu1377\/2023\/05\/ecologiaderiua-225x300.jpg 225w, https:\/\/serveiseducatius.xtec.cat\/cda-ripolles\/wp-content\/uploads\/usu1377\/2023\/05\/ecologiaderiua-768x1024.jpg 768w, https:\/\/serveiseducatius.xtec.cat\/cda-ripolles\/wp-content\/uploads\/usu1377\/2023\/05\/ecologiaderiua-1152x1536.jpg 1152w, https:\/\/serveiseducatius.xtec.cat\/cda-ripolles\/wp-content\/uploads\/usu1377\/2023\/05\/ecologiaderiua.jpg 1440w\" sizes=\"auto, (max-width: 225px) 100vw, 225px\" \/><\/a><\/li>\n<li style=\"text-align: justify;\"><strong>Mat\u00e8ries: <\/strong>ci\u00e8ncies de la naturalesa, biologia i geologia, ci\u00e8ncies de la terra i medi ambient, matem\u00e0tiques, tecnologia, llengua catalana..<\/li>\n<li style=\"text-align: justify;\"><strong>Durada:<\/strong> 2 horesaprox.<\/li>\n<li style=\"text-align: justify;\"><strong>Tipus d\u2019activitat:<\/strong> treball de camp realitzat al riu Rigat (prop de l&#8217;alberg).<\/li>\n<li style=\"text-align: justify;\"><strong>Aportaci\u00f3 a les compet\u00e8ncies:<\/strong>\n<ul>\n<li>\u00c0mbit cultura i valors<\/li>\n<li>\u00c0mbit ling\u00fc\u00edstic<\/li>\n<li>\u00c0mbit cientificotecnol\u00f2gic (biologia i geologia)<\/li>\n<\/ul>\n<\/li>\n<li style=\"text-align: justify;\"><strong>Objectius:<\/strong>\n<ul>\n<li>Estudiar la din\u00e0mica d&#8217;un ecosistema fluvial.<\/li>\n<li>Treure conclusions a partir d\u2019un problema plantejat, fent una investigaci\u00f3.<\/li>\n<li>Analitzar l&#8217;estat biol\u00f2gic, qu\u00edmic i f\u00edsic d&#8217;un riu.<\/li>\n<li>Recon\u00e8ixer i identificar els arbres m\u00e9s representatius del bosc de ribera.<\/li>\n<li>Identificar i classificar els macroinvertebrats del riu per tal d\u2019obtenir l\u2019\u00edndex biol\u00f2gic de qualitat de l\u2019aigua.<\/li>\n<\/ul>\n<\/li>\n<li style=\"text-align: justify;\"><strong>Descripci\u00f3 de l\u2019activitat:<\/strong>\n<ul>\n<li><strong>Treball previ a l\u2019institut:<\/strong>\n<ul>\n<li>A partir d\u2019un power point, i amb el fil conductor d\u2019una merla d\u2019aigua, l\u2019alumnat coneix les caracter\u00edstiques d\u2019un riu i les necessitats biol\u00f2giques, qu\u00edmiques i f\u00edsiques que necessita la merla d\u2019aigua per viure. Es planteja la pregunta: <em>\u00e9s adequat el riu Rigat perqu\u00e8 hi visqui la merla d\u2019aigua? <\/em>Hi ha un quadern de treball previ associat.<\/li>\n<\/ul>\n<\/li>\n<li><strong>Activitat durant l\u2019estada:<\/strong>\n<ul>\n<li>Durant l\u2019activitat els alumnes han de fer d\u2019investigadors per tal de saber si el riu Rigat reuneix les caracter\u00edstiques biol\u00f2giques, qu\u00edmiques i f\u00edsiques adequades perqu\u00e8 hi visqui la merla d\u2019aigua. Han de prendre diferents mesures f\u00edsiques(temperatura, amplada, fond\u00e0ria, etc), fer c\u00e0lculs (velocitat,cabal, etc), fer una an\u00e0lisi qu\u00edmica(pH, nitrats i oxigen) i capturar i classificar macroinvertebrats per tal de determinar la qualitat de l\u2019aigua. Finalment, s\u2019identifiquen els principals arbres de ribera i la qualitat del bosc de ribera.<\/li>\n<\/ul>\n<\/li>\n<li><strong>Treball posterior:<\/strong>\n<ul>\n<li>Es posen en com\u00fa les dades obtingudes i es redacten les conclusions. Es pot fer al CdA en acabar l\u2019activitat, o posteriorment a l\u2019institut.<\/li>\n<\/ul>\n<\/li>\n<\/ul>\n<\/li>\n<li style=\"text-align: justify;\"><strong>Material que han de dur els alumnes:<\/strong> \u00a0roba adequada a l\u2019\u00e8poca de l\u2019any i cal\u00e7at c\u00f2mode. Important portar impermeable encara que les previsions meteorol\u00f2giques no marquin pluja.<\/li>\n<li style=\"text-align: justify;\"><strong>Observacions:<\/strong> l\u2019alumnat entra al riu amb botes d\u2019aigua de canya alta que proporciona el CdA. Important portar roba de recanvi per si es mullen. Hi ha la possibilitat d\u2019observar m\u00e9s detingudament a l\u2019aula amb lupes binoculars els macroinvertebrats capturats. Despr\u00e9s es retornen al riu.<\/li>\n<li style=\"text-align: justify;\"><strong>Estacionalitat<\/strong>: setembre, octubre, abril, maig i juny (la resta de mesos l\u2019aigua pot estar excessivament freda).<\/li>\n<\/ul>\n","protected":false},"excerpt":{"rendered":"<p>Fitxa did\u00e0ctica<\/p>\n<ul>\n<li style=\"text-align: justify;\">Nivell educatiu recomanat: ESO, batxillerat i cicles formatius.<a href=\"https:\/\/serveiseducatius.xtec.cat\/cda-ripolles\/wp-content\/uploads\/usu1377\/2023\/05\/ecologiaderiua.jpg\"><\/a><\/li>\n<li style=\"text-align: justify;\">Mat\u00e8ries: ci\u00e8ncies de la naturalesa, biologia i geologia, ci\u00e8ncies de la terra i medi ambient, matem\u00e0tiques, tecnologia, llengua catalana..<\/li>\n<li style=\"text-align: justify;\">Durada: 2 horesaprox.<\/li>\n<li style=\"text-align: justify;\">Tipus d\u2019activitat: treball de camp realitzat al riu&hellip;  <a href=\"https:\/\/serveiseducatius.xtec.cat\/cda-ripolles\/ecologia-dun-riu-pirinenc\/\" title=\"Read Ecologia d&#8217;un riu pirinenc\">Llegeix m\u00e9s\u00bb<\/a><br \/>\n","protected":false},"author":1,"featured_media":0,"parent":0,"menu_order":0,"comment_status":"closed","ping_status":"closed","template":"","meta":{"_bbp_topic_count":0,"_bbp_reply_count":0,"_bbp_total_topic_count":0,"_bbp_total_reply_count":0,"_bbp_voice_count":0,"_bbp_anonymous_reply_count":0,"_bbp_topic_count_hidden":0,"_bbp_reply_count_hidden":0,"_bbp_forum_subforum_count":0,"footnotes":""},"class_list":["post-8661","page","type-page","status-publish","hentry"],"post_mailing_queue_ids":[],"_links":{"self":[{"href":"https:\/\/serveiseducatius.xtec.cat\/cda-ripolles\/wp-json\/wp\/v2\/pages\/8661","targetHints":{"allow":["GET"]}}],"collection":[{"href":"https:\/\/serveiseducatius.xtec.cat\/cda-ripolles\/wp-json\/wp\/v2\/pages"}],"about":[{"href":"https:\/\/serveiseducatius.xtec.cat\/cda-ripolles\/wp-json\/wp\/v2\/types\/page"}],"author":[{"embeddable":true,"href":"https:\/\/serveiseducatius.xtec.cat\/cda-ripolles\/wp-json\/wp\/v2\/users\/1"}],"replies":[{"embeddable":true,"href":"https:\/\/serveiseducatius.xtec.cat\/cda-ripolles\/wp-json\/wp\/v2\/comments?post=8661"}],"version-history":[{"count":3,"href":"https:\/\/serveiseducatius.xtec.cat\/cda-ripolles\/wp-json\/wp\/v2\/pages\/8661\/revisions"}],"predecessor-version":[{"id":10194,"href":"https:\/\/serveiseducatius.xtec.cat\/cda-ripolles\/wp-json\/wp\/v2\/pages\/8661\/revisions\/10194"}],"wp:attachment":[{"href":"https:\/\/serveiseducatius.xtec.cat\/cda-ripolles\/wp-json\/wp\/v2\/media?parent=8661"}],"curies":[{"name":"wp","href":"https:\/\/api.w.org\/{rel}","templated":true}]}}