{"id":8614,"date":"2016-12-20T13:23:01","date_gmt":"2016-12-20T12:23:01","guid":{"rendered":"http:\/\/serveiseducatius.xtec.cat\/cda-ripolles\/?page_id=8614"},"modified":"2023-05-22T10:55:59","modified_gmt":"2023-05-22T08:55:59","slug":"scriptorium","status":"publish","type":"page","link":"https:\/\/serveiseducatius.xtec.cat\/cda-ripolles\/scriptorium\/","title":{"rendered":"Scriptorium"},"content":{"rendered":"<h4><span style=\"color: #ff6600;\"><strong>Fitxa did\u00e0ctica<\/strong><\/span><\/h4>\n<ul>\n<li style=\"text-align: justify;\"><strong>Nivell educatiu: <\/strong>adaptable a tots els cicles i etapes de prim\u00e0ria, secund\u00e0ria, batxillerat i cicles.<a href=\"https:\/\/serveiseducatius.xtec.cat\/cda-ripolles\/wp-content\/uploads\/usu1377\/2023\/05\/Scriptoriuma.jpg\"><img loading=\"lazy\" decoding=\"async\" class=\"size-medium wp-image-10183 alignright\" src=\"https:\/\/serveiseducatius.xtec.cat\/cda-ripolles\/wp-content\/uploads\/usu1377\/2023\/05\/Scriptoriuma-300x225.jpg\" alt=\"\" width=\"300\" height=\"225\" srcset=\"https:\/\/serveiseducatius.xtec.cat\/cda-ripolles\/wp-content\/uploads\/usu1377\/2023\/05\/Scriptoriuma-300x225.jpg 300w, https:\/\/serveiseducatius.xtec.cat\/cda-ripolles\/wp-content\/uploads\/usu1377\/2023\/05\/Scriptoriuma-1024x768.jpg 1024w, https:\/\/serveiseducatius.xtec.cat\/cda-ripolles\/wp-content\/uploads\/usu1377\/2023\/05\/Scriptoriuma-768x576.jpg 768w, https:\/\/serveiseducatius.xtec.cat\/cda-ripolles\/wp-content\/uploads\/usu1377\/2023\/05\/Scriptoriuma-1536x1152.jpg 1536w, https:\/\/serveiseducatius.xtec.cat\/cda-ripolles\/wp-content\/uploads\/usu1377\/2023\/05\/Scriptoriuma-200x150.jpg 200w, https:\/\/serveiseducatius.xtec.cat\/cda-ripolles\/wp-content\/uploads\/usu1377\/2023\/05\/Scriptoriuma.jpg 1920w\" sizes=\"auto, (max-width: 300px) 100vw, 300px\" \/><\/a><\/li>\n<li style=\"text-align: justify;\"><strong>Mat\u00e8ries:<\/strong> coneixement del medi natural, social i cultural, educaci\u00f3 art\u00edstica, llat\u00ed, grec, cultura cl\u00e0ssica.<\/li>\n<li style=\"text-align: justify;\"><strong>Durada:<\/strong> 1 hora i 30 minuts aprox.<\/li>\n<li style=\"text-align: left;\"><strong>Tipus d\u2019activitat:<\/strong>\u00a0 Visita comentada a l\u2019exposici\u00f3 permanent de l&#8217;Scriptorium de Ripoll i taller de monjo copista.<\/li>\n<li style=\"text-align: justify;\"><strong>Aportacions a les compet\u00e8ncies:<\/strong>\n<ul>\n<li>\u00c0mbit social (ci\u00e8ncies socials)<\/li>\n<li>\u00c0mbit personal i social.<\/li>\n<li>\u00c0mbit cultura i valors.<\/li>\n<li>\u00c0mbit art\u00edstic.<\/li>\n<\/ul>\n<\/li>\n<li style=\"text-align: justify;\"><strong>Objectius:<\/strong>\n<ul>\n<li>Con\u00e8ixer el passat hist\u00f2ric en les t\u00e8cniques d\u2019escriptura, la cal\u00b7ligrafia i els tipus de lletra.<\/li>\n<li>Con\u00e8ixer la import\u00e0ncia dels scriptoriums dels monestirs, fent especial incid\u00e8ncia en el de Ripoll.<\/li>\n<li>Recon\u00e8ixer i identificar en la iconografia de les obres d\u2019art presents i exposades al Scriptorium els principals referents literaris de la literatura occidental (batxillerat).<\/li>\n<\/ul>\n<\/li>\n<li><strong>Descripci\u00f3 de l\u2019activitat:<\/strong>\n<ul>\n<li style=\"text-align: justify;\"><strong>Treball previ a l\u2019escola:<\/strong>\n<ul>\n<li>A partir d\u2019un power point, l\u2019alumnat s\u2019introdueix en el coneixement del m\u00f3n medieval, el monestir de Ripoll i en la feina dels monjos copistes.<\/li>\n<\/ul>\n<\/li>\n<li><strong>Activitat durant l&#8217;estada:<\/strong>\n<ul>\n<li style=\"text-align: justify;\">Es visita l&#8217;exposici\u00f3 permanent de l&#8217;scriptorium en la qual s\u2019introdueix als alumnes en l\u2019art de l\u2019escriptura, la vida mon\u00e0stica i els monjos copistes de l\u2019edat mitjana. Tot seguit es fa un taller, en el qual l\u2019alumnat experimenta amb plomes, canyes i tinta el treball dels monjos copistes.\u00a0 A la part final, els i les alumnes podran elaborar un punt de llibre que s&#8217;enduran de record.<\/li>\n<\/ul>\n<\/li>\n<li>Proposta d&#8217;activitat posterior:\n<ul>\n<li style=\"font-weight: 400;\" aria-level=\"1\"><span style=\"font-weight: 400;\">Lettering<\/span><\/li>\n<li style=\"font-weight: 400;\" aria-level=\"1\"><span style=\"font-weight: 400;\">Creaci\u00f3 de lletres capitals\/caplletres<\/span><\/li>\n<li style=\"font-weight: 400;\" aria-level=\"1\"><span style=\"font-weight: 400;\">Creem el nostre propi scriptorium, tinta, paper, plomes, etc.<\/span><\/li>\n<li style=\"font-weight: 400;\" aria-level=\"1\"><span style=\"font-weight: 400;\">Coneixements actuals provinents dels scriptoriums medievals.<\/span><\/li>\n<li style=\"font-weight: 400;\" aria-level=\"1\"><span style=\"font-weight: 400;\">Personatges rellevants sorgits dels scriptoriums medievals, com Gerbert d\u2019Orlhac.<\/span><\/li>\n<\/ul>\n<\/li>\n<\/ul>\n<\/li>\n<\/ul>\n","protected":false},"excerpt":{"rendered":"<p>Fitxa did\u00e0ctica<\/p>\n<ul>\n<li style=\"text-align: justify;\">Nivell educatiu: adaptable a tots els cicles i etapes de prim\u00e0ria, secund\u00e0ria, batxillerat i cicles.<a href=\"https:\/\/serveiseducatius.xtec.cat\/cda-ripolles\/wp-content\/uploads\/usu1377\/2023\/05\/Scriptoriuma.jpg\"><\/a><\/li>\n<li style=\"text-align: justify;\">Mat\u00e8ries: coneixement del medi natural, social i cultural, educaci\u00f3 art\u00edstica, llat\u00ed, grec, cultura cl\u00e0ssica.<\/li>\n<li style=\"text-align: justify;\">Durada: 1 hora i 30 minuts aprox.<\/li>\n<li style=\"text-align: left;\">Tipus d\u2019activitat:\u00a0&hellip;  <a href=\"https:\/\/serveiseducatius.xtec.cat\/cda-ripolles\/scriptorium\/\" title=\"Read Scriptorium\">Llegeix m\u00e9s\u00bb<\/a><br \/>\n","protected":false},"author":1,"featured_media":0,"parent":0,"menu_order":0,"comment_status":"closed","ping_status":"closed","template":"","meta":{"_bbp_topic_count":0,"_bbp_reply_count":0,"_bbp_total_topic_count":0,"_bbp_total_reply_count":0,"_bbp_voice_count":0,"_bbp_anonymous_reply_count":0,"_bbp_topic_count_hidden":0,"_bbp_reply_count_hidden":0,"_bbp_forum_subforum_count":0,"footnotes":""},"class_list":["post-8614","page","type-page","status-publish","hentry"],"post_mailing_queue_ids":[],"_links":{"self":[{"href":"https:\/\/serveiseducatius.xtec.cat\/cda-ripolles\/wp-json\/wp\/v2\/pages\/8614","targetHints":{"allow":["GET"]}}],"collection":[{"href":"https:\/\/serveiseducatius.xtec.cat\/cda-ripolles\/wp-json\/wp\/v2\/pages"}],"about":[{"href":"https:\/\/serveiseducatius.xtec.cat\/cda-ripolles\/wp-json\/wp\/v2\/types\/page"}],"author":[{"embeddable":true,"href":"https:\/\/serveiseducatius.xtec.cat\/cda-ripolles\/wp-json\/wp\/v2\/users\/1"}],"replies":[{"embeddable":true,"href":"https:\/\/serveiseducatius.xtec.cat\/cda-ripolles\/wp-json\/wp\/v2\/comments?post=8614"}],"version-history":[{"count":3,"href":"https:\/\/serveiseducatius.xtec.cat\/cda-ripolles\/wp-json\/wp\/v2\/pages\/8614\/revisions"}],"predecessor-version":[{"id":10217,"href":"https:\/\/serveiseducatius.xtec.cat\/cda-ripolles\/wp-json\/wp\/v2\/pages\/8614\/revisions\/10217"}],"wp:attachment":[{"href":"https:\/\/serveiseducatius.xtec.cat\/cda-ripolles\/wp-json\/wp\/v2\/media?parent=8614"}],"curies":[{"name":"wp","href":"https:\/\/api.w.org\/{rel}","templated":true}]}}