{"id":8612,"date":"2016-12-20T13:22:07","date_gmt":"2016-12-20T12:22:07","guid":{"rendered":"http:\/\/serveiseducatius.xtec.cat\/cda-ripolles\/?page_id=8612"},"modified":"2023-05-22T10:46:49","modified_gmt":"2023-05-22T08:46:49","slug":"el-monestir-de-ripoll","status":"publish","type":"page","link":"https:\/\/serveiseducatius.xtec.cat\/cda-ripolles\/el-monestir-de-ripoll\/","title":{"rendered":"El monestir de Ripoll"},"content":{"rendered":"<h4 style=\"text-align: justify;\"><span style=\"color: #ff6600;\">Fitxa did\u00e0ctica<\/span><\/h4>\n<ul>\n<li style=\"text-align: justify;\"><strong>Nivell educatiu recomanat:<\/strong> adaptable a tots els cicles i etapes de prim\u00e0ria, secund\u00e0ria, batxillerat i cicles.<a href=\"https:\/\/serveiseducatius.xtec.cat\/cda-ripolles\/wp-content\/uploads\/usu1377\/2023\/05\/monestira.jpg\"><img loading=\"lazy\" decoding=\"async\" class=\"size-medium wp-image-10181 alignright\" src=\"https:\/\/serveiseducatius.xtec.cat\/cda-ripolles\/wp-content\/uploads\/usu1377\/2023\/05\/monestira-300x225.jpg\" alt=\"\" width=\"300\" height=\"225\" srcset=\"https:\/\/serveiseducatius.xtec.cat\/cda-ripolles\/wp-content\/uploads\/usu1377\/2023\/05\/monestira-300x225.jpg 300w, https:\/\/serveiseducatius.xtec.cat\/cda-ripolles\/wp-content\/uploads\/usu1377\/2023\/05\/monestira-1024x769.jpg 1024w, https:\/\/serveiseducatius.xtec.cat\/cda-ripolles\/wp-content\/uploads\/usu1377\/2023\/05\/monestira-768x576.jpg 768w, https:\/\/serveiseducatius.xtec.cat\/cda-ripolles\/wp-content\/uploads\/usu1377\/2023\/05\/monestira-1536x1153.jpg 1536w, https:\/\/serveiseducatius.xtec.cat\/cda-ripolles\/wp-content\/uploads\/usu1377\/2023\/05\/monestira-200x150.jpg 200w, https:\/\/serveiseducatius.xtec.cat\/cda-ripolles\/wp-content\/uploads\/usu1377\/2023\/05\/monestira.jpg 1920w\" sizes=\"auto, (max-width: 300px) 100vw, 300px\" \/><\/a><\/li>\n<li style=\"text-align: justify;\"><b>Mat\u00e8ries relacionades: <\/b>medi social i cultural, hist\u00f2ria, hist\u00f2ria de l\u2019art, cultura cl\u00e0ssica, visual i pl\u00e0stica, llengua i literatura catalanes.<\/li>\n<li style=\"text-align: justify;\"><strong>Durada:<\/strong> 2&#8217;5 hores aprox.<\/li>\n<li style=\"text-align: justify;\"><strong>Tipus d\u2019activitat:<\/strong>\u00a0recorregut pels diversos espais del complex mon\u00e0stic de Ripoll amb un quadern de treball que convida a fer una recerca.<\/li>\n<li style=\"text-align: justify;\"><strong>Aportaci\u00f3 a les compet\u00e8ncies:<\/strong>\n<ul>\n<li>\u00c0mbit de la cultura i valors.<\/li>\n<li>\u00c0mbit social (ci\u00e8ncies socials)<\/li>\n<li>\u00c0mbit personal i social.<\/li>\n<li>\u00c0mbit cultura i valors.<\/li>\n<li>\u00c0mbit art\u00edstic.<\/li>\n<\/ul>\n<\/li>\n<li style=\"text-align: justify;\"><strong>Objectius:<\/strong>\n<ul>\n<li>Con\u00e8ixer i entendre part de la hist\u00f2ria de Catalunya, aix\u00ed com el naixement de la naci\u00f3 Catalana a partir del recorregut per l\u2019esgl\u00e9sia.<\/li>\n<li>Con\u00e8ixer i entendre part de la hist\u00f2ria de Catalunya, aix\u00ed com de l&#8217;esgl\u00e9sia posant l&#8217;accent al g\u00e8nere femen\u00ed.<\/li>\n<li>Recon\u00e8ixer i identificar els diferents tipus de formes arquitect\u00f2niques i art\u00edstiques que defineixen el rom\u00e0nic.<\/li>\n<li>Con\u00e8ixer diferents llegendes de Ripoll i Catalunya.<\/li>\n<li>Recon\u00e8ixer i identificar en la iconografia de les obres d\u2019art presents i exposades al monestir els principals referents literaris de la literatura occidental (batxillerat).<\/li>\n<\/ul>\n<\/li>\n<li><strong>Descripci\u00f3 de l\u2019activitat:<\/strong>\n<ul>\n<li style=\"text-align: justify;\"><strong>Treball previ a l\u2019escola:<\/strong>\n<ul>\n<li>A partir d\u2019un power point, l\u2019alumnat s\u2019introdueix en el coneixement del m\u00f3n medieval i el monestir de Ripoll.<\/li>\n<\/ul>\n<\/li>\n<li style=\"text-align: justify;\"><strong>Itinerari durant l\u2019estada:<\/strong>\n<ul>\n<li>\u00a0A partir de la visita a l&#8217;esgl\u00e9sia del monestir interpretarem la pres\u00e8ncia de les diverses civilitzacions que han ocupat el territori, tot fent un passeig per la hist\u00f2ria de Catalunya. Coneixerem el simbolisme i la import\u00e0ncia de la portalada rom\u00e0nica i recorrerem el claustre, fent especial incid\u00e8ncia en el simbolisme dels seus capitells.<\/li>\n<\/ul>\n<\/li>\n<li style=\"text-align: justify;\"><strong>Treball posterior:<\/strong>\n<ul>\n<li style=\"font-weight: 400;\" aria-level=\"1\"><span style=\"font-weight: 400;\">La dona en els diferents temps medievals. Quin paper hi juga, com es representa art\u00edsticament, dones referents, etc.<\/span><\/li>\n<li style=\"font-weight: 400;\" aria-level=\"1\"><span style=\"font-weight: 400;\">Recerca i estudi de llegendes de personatges del territori proper.<\/span><\/li>\n<li style=\"font-weight: 400;\" aria-level=\"1\"><span style=\"font-weight: 400;\">Recerca i estudi de personatges hist\u00f2rics de la hist\u00f2ria de Catalunya.<\/span><\/li>\n<li style=\"font-weight: 400;\" aria-level=\"1\"><span style=\"font-weight: 400;\">Els comtats Catalans abans, durant i despr\u00e9s.<\/span><\/li>\n<li style=\"font-weight: 400;\" aria-level=\"1\"><span style=\"font-weight: 400;\">Qui t\u00e9 el t\u00edtol de comte de Catalunya avui?<\/span><\/li>\n<li style=\"font-weight: 400;\" aria-level=\"1\"><span style=\"font-weight: 400;\">Cultura de les religions: semblances i difer\u00e8ncies entre cultures.<\/span><\/li>\n<li style=\"font-weight: 400;\" aria-level=\"1\"><span style=\"font-weight: 400;\">M\u00f3n mon\u00e0stic.<\/span><\/li>\n<li style=\"font-weight: 400;\" aria-level=\"1\"><span style=\"font-weight: 400;\">Arquitectura medieval hereva del passat (domus), evoluci\u00f3 i precursora de noves arquitectures.<\/span><\/li>\n<\/ul>\n<\/li>\n<\/ul>\n<\/li>\n<li><strong>Variants:<\/strong> depenent dels objectius de l&#8217;estada al CdA aquesta activitat es pot dur a terme des de diferents enfocs:\n<ul>\n<li>El monestir de Ripoll en clau de dona. Es reorganitzar\u00e0 l&#8217;itinerari de la visita i el discurs durant la visita per tal d&#8217;evidenciar el paper de la dona en el moment del naixement de Catalunya, i l&#8217;\u00e8poca medieval, aix\u00ed com quin ha estat el seu paper en el cristianisme.<\/li>\n<li>Els sentits.\u00a0 Es dur\u00e0 a terme un treball de sensibilitzaci\u00f3 dels sentits en els diferents espais que es visitaran.<\/li>\n<li>Les llegendes.\u00a0 Els punts d&#8217;atenci\u00f3 i visita se centraran en les diferents llegendes que ens envolten i que podem trobar dins el monestir. (Guifr\u00e9, St. Eudald, Ramon Berenguer IV el sant, etc.)<\/li>\n<li>Valors. Treball centrat sobretot a la portalada i al claustre on es far\u00e0 especial incid\u00e8ncia en l&#8217;educaci\u00f3 en valors.<\/li>\n<\/ul>\n<\/li>\n<\/ul>\n","protected":false},"excerpt":{"rendered":"<p>Fitxa did\u00e0ctica<\/p>\n<ul>\n<li style=\"text-align: justify;\">Nivell educatiu recomanat: adaptable a tots els cicles i etapes de prim\u00e0ria, secund\u00e0ria, batxillerat i cicles.<a href=\"https:\/\/serveiseducatius.xtec.cat\/cda-ripolles\/wp-content\/uploads\/usu1377\/2023\/05\/monestira.jpg\"><\/a><\/li>\n<li style=\"text-align: justify;\">Mat\u00e8ries relacionades: medi social i cultural, hist\u00f2ria, hist\u00f2ria de l\u2019art, cultura cl\u00e0ssica, visual i pl\u00e0stica, llengua i literatura catalanes.<\/li>\n<li style=\"text-align: justify;\">Durada: 2&#8217;5 hores aprox.<\/li>\n<li&hellip;  <a href=\"https:\/\/serveiseducatius.xtec.cat\/cda-ripolles\/el-monestir-de-ripoll\/\" title=\"Read El monestir de Ripoll\">Llegeix m\u00e9s\u00bb<\/a><br \/>\n","protected":false},"author":1,"featured_media":0,"parent":0,"menu_order":0,"comment_status":"closed","ping_status":"closed","template":"","meta":{"_bbp_topic_count":0,"_bbp_reply_count":0,"_bbp_total_topic_count":0,"_bbp_total_reply_count":0,"_bbp_voice_count":0,"_bbp_anonymous_reply_count":0,"_bbp_topic_count_hidden":0,"_bbp_reply_count_hidden":0,"_bbp_forum_subforum_count":0,"footnotes":""},"class_list":["post-8612","page","type-page","status-publish","hentry"],"post_mailing_queue_ids":[],"_links":{"self":[{"href":"https:\/\/serveiseducatius.xtec.cat\/cda-ripolles\/wp-json\/wp\/v2\/pages\/8612","targetHints":{"allow":["GET"]}}],"collection":[{"href":"https:\/\/serveiseducatius.xtec.cat\/cda-ripolles\/wp-json\/wp\/v2\/pages"}],"about":[{"href":"https:\/\/serveiseducatius.xtec.cat\/cda-ripolles\/wp-json\/wp\/v2\/types\/page"}],"author":[{"embeddable":true,"href":"https:\/\/serveiseducatius.xtec.cat\/cda-ripolles\/wp-json\/wp\/v2\/users\/1"}],"replies":[{"embeddable":true,"href":"https:\/\/serveiseducatius.xtec.cat\/cda-ripolles\/wp-json\/wp\/v2\/comments?post=8612"}],"version-history":[{"count":4,"href":"https:\/\/serveiseducatius.xtec.cat\/cda-ripolles\/wp-json\/wp\/v2\/pages\/8612\/revisions"}],"predecessor-version":[{"id":10216,"href":"https:\/\/serveiseducatius.xtec.cat\/cda-ripolles\/wp-json\/wp\/v2\/pages\/8612\/revisions\/10216"}],"wp:attachment":[{"href":"https:\/\/serveiseducatius.xtec.cat\/cda-ripolles\/wp-json\/wp\/v2\/media?parent=8612"}],"curies":[{"name":"wp","href":"https:\/\/api.w.org\/{rel}","templated":true}]}}