{"id":8606,"date":"2016-12-20T13:07:46","date_gmt":"2016-12-20T12:07:46","guid":{"rendered":"http:\/\/serveiseducatius.xtec.cat\/cda-ripolles\/?page_id=8606"},"modified":"2023-05-22T10:27:29","modified_gmt":"2023-05-22T08:27:29","slug":"dorria-un-poble-pirinenc","status":"publish","type":"page","link":"https:\/\/serveiseducatius.xtec.cat\/cda-ripolles\/dorria-un-poble-pirinenc\/","title":{"rendered":"D\u00f2rria, un poble pirinenc"},"content":{"rendered":"<h4><span style=\"color: #ff0000;\"><strong>Fitxa did\u00e0ctica<\/strong><\/span><\/h4>\n<ul>\n<li style=\"text-align: justify;\"><strong>Nivell educatiu recomanat:<\/strong> adaptable a tots els cicles i etapes de prim\u00e0ria, secund\u00e0ria, cicles i batxillerat<a href=\"https:\/\/serveiseducatius.xtec.cat\/cda-ripolles\/wp-content\/uploads\/usu1377\/2023\/05\/Dorriaa.jpg\"><img loading=\"lazy\" decoding=\"async\" class=\" wp-image-10179 alignright\" src=\"https:\/\/serveiseducatius.xtec.cat\/cda-ripolles\/wp-content\/uploads\/usu1377\/2023\/05\/Dorriaa-200x300.jpg\" alt=\"\" width=\"200\" height=\"300\" srcset=\"https:\/\/serveiseducatius.xtec.cat\/cda-ripolles\/wp-content\/uploads\/usu1377\/2023\/05\/Dorriaa-200x300.jpg 200w, https:\/\/serveiseducatius.xtec.cat\/cda-ripolles\/wp-content\/uploads\/usu1377\/2023\/05\/Dorriaa-683x1024.jpg 683w, https:\/\/serveiseducatius.xtec.cat\/cda-ripolles\/wp-content\/uploads\/usu1377\/2023\/05\/Dorriaa-768x1152.jpg 768w, https:\/\/serveiseducatius.xtec.cat\/cda-ripolles\/wp-content\/uploads\/usu1377\/2023\/05\/Dorriaa-1024x1536.jpg 1024w, https:\/\/serveiseducatius.xtec.cat\/cda-ripolles\/wp-content\/uploads\/usu1377\/2023\/05\/Dorriaa.jpg 1280w\" sizes=\"auto, (max-width: 200px) 100vw, 200px\" \/><\/a><\/li>\n<li style=\"text-align: justify;\"><strong>Mat\u00e8ries: <\/strong>\u00a0Coneixement del medi social i natural<strong>, <\/strong>Educaci\u00f3 art\u00edstica, Llengua catalana i literatura, Educaci\u00f3 en valors socials i c\u00edvics o religi\u00f3, <strong>\u00a0<\/strong>Hist\u00f2ria, Hist\u00f2ria de l\u2019Art, Cultura Cl\u00e0ssica.<\/li>\n<li style=\"text-align: justify;\"><strong>Durada:<\/strong> 3 hores aproximadament comptant el viatge en bus des de Planoles.<\/li>\n<li style=\"text-align: justify;\"><strong>Tipus d\u2019activitat:<\/strong> recorregut a peu pel poble de D\u00f2rria amb visita i comentari de les pintures murals rom\u00e0niques de l\u2019 esgl\u00e9sia de sant V\u00edctor.<\/li>\n<li style=\"text-align: justify;\"><strong>Aportacions a les compet\u00e8ncies:<\/strong>\n<ul>\n<li>\u00c0mbit de la cultura i valors.<\/li>\n<li>\u00c0mbit social (ci\u00e8ncies socials)<\/li>\n<li>\u00c0mbit personal i social.<\/li>\n<li>\u00c0mbit cultura i valors.<\/li>\n<li>\u00c0mbit art\u00edstic.<\/li>\n<\/ul>\n<\/li>\n<li style=\"text-align: justify;\"><strong>Objectius:<\/strong>\n<ul>\n<li>Trobar rastres del passat hist\u00f2ric de Catalunya en el reconegut pel poble i l&#8217;esgl\u00e9sia.<\/li>\n<li>Recon\u00e8ixer i identificar els diferents tipus de formes arquitect\u00f2niques i art\u00edstiques que defineixen el rom\u00e0nic.<\/li>\n<li>Con\u00e8ixer la manera de viure de la gent d\u2019un poble d\u2019alta muntanya al llarg del temps.<\/li>\n<\/ul>\n<\/li>\n<li style=\"text-align: justify;\"><strong>Descripci\u00f3 de l\u2019activitat:<\/strong>\n<ul>\n<li><strong>Treball previ a l\u2019escola: <\/strong>A partir d\u2019un power point, l\u2019alumnat s\u2019introdueix en el coneixement de la iconografia pict\u00f2rica rom\u00e0nica (significat de les pintures, dels colors, etc)<\/li>\n<li><strong>Itinerari durant l\u2019estada:<\/strong>\n<ul>\n<li>L\u2019activitat es divideix en dues parts. Un correspon a l&#8217;estudi socioecon\u00f2mic del poble a partir de les llegendes de l&#8217;origen del nom del poble, i el segon se centra en l\u2019esgl\u00e9sia, els seus elements arquitect\u00f2nics, i les pintures murals originals del sg.XII<\/li>\n<\/ul>\n<\/li>\n<li><strong>proposta de treball posterior:<\/strong>\n<ul>\n<li style=\"font-weight: 400;\" aria-level=\"1\"><span style=\"font-weight: 400;\">Interpretaci\u00f3 de pintures medievals.<\/span><\/li>\n<li style=\"font-weight: 400;\" aria-level=\"1\"><span style=\"font-weight: 400;\">Interpretar el m\u00f3n des del punt de vista medieval.<\/span><\/li>\n<li style=\"font-weight: 400;\" aria-level=\"1\"><span style=\"font-weight: 400;\">Recerca de l\u2019origen de llegendes i dels noms de pobles i ciutats conegudes.<\/span><\/li>\n<li style=\"font-weight: 400;\" aria-level=\"1\"><span style=\"font-weight: 400;\">Estudis socioecon\u00f2mic comparatius de diferents zones, etc.<\/span><\/li>\n<li style=\"font-weight: 400;\" aria-level=\"1\"><span style=\"font-weight: 400;\">Exili, contraban, passos fronteres, etc.<\/span><\/li>\n<\/ul>\n<\/li>\n<\/ul>\n<\/li>\n<li style=\"text-align: justify;\"><strong>Material que han de dur els alumnes:<\/strong>\u00a0roba i cal\u00e7at adequats a l&#8217;\u00e8poca de l&#8217;any. Important portar impermeable encara que les previsions meteorol\u00f2giques no marquin pluja.<\/li>\n<li><strong>Variants:<\/strong> hi ha la possibilitat d&#8217;anar-hi a peu des de Planoles i que el bus ens vingui a recollir despr\u00e9s de l&#8217;activitat.\u00a0 Aquesta est\u00e0 contraindicada en cas de mal temps o durant l&#8217;hivern.\u00a0 Si el centre decideix d&#8217;incloure la caminada en el pla de treball, es convertiria en una activitat de tot el dia i durant el cam\u00ed fins a D\u00f2rria es faria un treball semblant al que es fa en el l&#8217;activitat del <a href=\"https:\/\/serveiseducatius.xtec.cat\/cda-ripolles\/cami-de-neva\/\">cam\u00ed de Nev\u00e0<\/a>.\u00a0 En el cas que interess\u00e9s s&#8217;ha de parlar amb anterioritat durant les reunions de coordinaci\u00f3 amb els docents del CdA.<\/li>\n<li><strong>Adaptaci\u00f3 referent a la guerra civil:<\/strong>\u00a0 si l&#8217;estada al camp d&#8217;aprenentatge del Ripoll\u00e8s es basa en aquesta tem\u00e0tica es donar\u00e0 m\u00e9s rellev\u00e0ncia als aspectes de lloc de pas tan per mil\u00edcies com per exiliats.\u00a0 Si \u00e9s el cas, es recomana arribar-hi a peu per tal de viure en primera persona un tram de l&#8217;exili.\u00a0 Aix\u00f2 comportaria convertir la visita a D\u00f2rria en una activitat de tot el dia.<\/li>\n<\/ul>\n","protected":false},"excerpt":{"rendered":"<p>Fitxa did\u00e0ctica<\/p>\n<ul>\n<li style=\"text-align: justify;\">Nivell educatiu recomanat: adaptable a tots els cicles i etapes de prim\u00e0ria, secund\u00e0ria, cicles i batxillerat<a href=\"https:\/\/serveiseducatius.xtec.cat\/cda-ripolles\/wp-content\/uploads\/usu1377\/2023\/05\/Dorriaa.jpg\"><\/a><\/li>\n<li style=\"text-align: justify;\">Mat\u00e8ries: \u00a0Coneixement del medi social i natural, Educaci\u00f3 art\u00edstica, Llengua catalana i literatura, Educaci\u00f3 en valors socials i c\u00edvics o religi\u00f3, \u00a0Hist\u00f2ria, Hist\u00f2ria de&hellip;  <a href=\"https:\/\/serveiseducatius.xtec.cat\/cda-ripolles\/dorria-un-poble-pirinenc\/\" title=\"Read D\u00f2rria, un poble pirinenc\">Llegeix m\u00e9s\u00bb<\/a><br \/>\n","protected":false},"author":1,"featured_media":0,"parent":0,"menu_order":0,"comment_status":"closed","ping_status":"closed","template":"","meta":{"_bbp_topic_count":0,"_bbp_reply_count":0,"_bbp_total_topic_count":0,"_bbp_total_reply_count":0,"_bbp_voice_count":0,"_bbp_anonymous_reply_count":0,"_bbp_topic_count_hidden":0,"_bbp_reply_count_hidden":0,"_bbp_forum_subforum_count":0,"footnotes":""},"class_list":["post-8606","page","type-page","status-publish","hentry"],"post_mailing_queue_ids":[],"_links":{"self":[{"href":"https:\/\/serveiseducatius.xtec.cat\/cda-ripolles\/wp-json\/wp\/v2\/pages\/8606","targetHints":{"allow":["GET"]}}],"collection":[{"href":"https:\/\/serveiseducatius.xtec.cat\/cda-ripolles\/wp-json\/wp\/v2\/pages"}],"about":[{"href":"https:\/\/serveiseducatius.xtec.cat\/cda-ripolles\/wp-json\/wp\/v2\/types\/page"}],"author":[{"embeddable":true,"href":"https:\/\/serveiseducatius.xtec.cat\/cda-ripolles\/wp-json\/wp\/v2\/users\/1"}],"replies":[{"embeddable":true,"href":"https:\/\/serveiseducatius.xtec.cat\/cda-ripolles\/wp-json\/wp\/v2\/comments?post=8606"}],"version-history":[{"count":3,"href":"https:\/\/serveiseducatius.xtec.cat\/cda-ripolles\/wp-json\/wp\/v2\/pages\/8606\/revisions"}],"predecessor-version":[{"id":10213,"href":"https:\/\/serveiseducatius.xtec.cat\/cda-ripolles\/wp-json\/wp\/v2\/pages\/8606\/revisions\/10213"}],"wp:attachment":[{"href":"https:\/\/serveiseducatius.xtec.cat\/cda-ripolles\/wp-json\/wp\/v2\/media?parent=8606"}],"curies":[{"name":"wp","href":"https:\/\/api.w.org\/{rel}","templated":true}]}}