{"id":8602,"date":"2016-12-20T13:06:23","date_gmt":"2016-12-20T12:06:23","guid":{"rendered":"http:\/\/serveiseducatius.xtec.cat\/cda-ripolles\/?page_id=8602"},"modified":"2023-05-22T10:22:23","modified_gmt":"2023-05-22T08:22:23","slug":"taller-darquitectura","status":"publish","type":"page","link":"https:\/\/serveiseducatius.xtec.cat\/cda-ripolles\/taller-darquitectura\/","title":{"rendered":"Taller d&#8217;Arquitectura"},"content":{"rendered":"<h4 style=\"text-align: justify;\"><span style=\"color: #993300;\"><strong>Fitxa did\u00e0ctica<\/strong><\/span><\/h4>\n<ul>\n<li style=\"text-align: justify;\"><strong>Nivell educatiu recomanat:<\/strong> cicle superior de prim\u00e0ria i ESO.<a href=\"https:\/\/serveiseducatius.xtec.cat\/cda-ripolles\/wp-content\/uploads\/usu1377\/2023\/05\/Taller-arquitectura.jpg\"><img loading=\"lazy\" decoding=\"async\" class=\" wp-image-10161 alignright\" src=\"https:\/\/serveiseducatius.xtec.cat\/cda-ripolles\/wp-content\/uploads\/usu1377\/2023\/05\/Taller-arquitectura-300x169.jpg\" alt=\"\" width=\"427\" height=\"241\" srcset=\"https:\/\/serveiseducatius.xtec.cat\/cda-ripolles\/wp-content\/uploads\/usu1377\/2023\/05\/Taller-arquitectura-300x169.jpg 300w, https:\/\/serveiseducatius.xtec.cat\/cda-ripolles\/wp-content\/uploads\/usu1377\/2023\/05\/Taller-arquitectura-768x432.jpg 768w, https:\/\/serveiseducatius.xtec.cat\/cda-ripolles\/wp-content\/uploads\/usu1377\/2023\/05\/Taller-arquitectura.jpg 800w\" sizes=\"auto, (max-width: 427px) 100vw, 427px\" \/><\/a><\/li>\n<li style=\"text-align: justify;\"><strong>Mat\u00e8ries<\/strong>: \u00c0rea de coneixement del medi social i cultural, educaci\u00f3 en valors socials i c\u00edvics o religi\u00f3, cultura cl\u00e0ssica, hist\u00f2ria, hist\u00f2ria de l\u2019art.<\/li>\n<li style=\"text-align: justify;\"><strong>Durada:<\/strong> 45&#8242; aprox.<\/li>\n<li style=\"text-align: justify;\"><strong>Tipus d\u2019activitat:<\/strong> immersi\u00f3 en un dels aspectes de l&#8217;\u00e8poca medieval per a la seva contextualitzaci\u00f3.<\/li>\n<li><b>Localitzaci\u00f3:<\/b> en una aula del CdA.<\/li>\n<li style=\"text-align: justify;\"><strong>Compet\u00e8ncies:<\/strong>\n<ul>\n<li>\u00c0mbit social (ci\u00e8ncies socials)<\/li>\n<li>\u00c0mbit de la cultura i valors.<\/li>\n<li>\u00c0mbit art\u00edstic.<\/li>\n<\/ul>\n<\/li>\n<li style=\"text-align: justify;\"><strong>Objectius:<\/strong>\n<ul>\n<li>Entendre el model d&#8217;arquitectura medieval a partir de la construcci\u00f3 de diferents maquetes com: espais d&#8217;un monestir, arcs i voltes de can\u00f3.<\/li>\n<li>Diferenciar les principals formes arquitect\u00f2niques medievals.<\/li>\n<\/ul>\n<\/li>\n<li style=\"text-align: justify;\"><strong>Descripci\u00f3 de l\u2019activitat:<\/strong>\n<ul>\n<li style=\"text-align: left;\"><strong>Treball previ recomanat: <\/strong>power point sobre el monestir de Ripoll que el CdA envia al centre abans de l&#8217;estada.<\/li>\n<li style=\"text-align: left;\"><strong>Activitat:\u00a0<\/strong>despr\u00e9s de situar cronol\u00f2gicament el Rom\u00e0nic, i havent definit aquesta \u00e8poca, els alumnes construiran actuant com a aut\u00e8ntics mestres d\u2019obres o arquitectes medievals diferents formes a partir de la descoberta i manipulaci\u00f3 de diferents maquetes.<\/li>\n<li><strong>Propostes de treball posterior:<\/strong>\n<ul>\n<li style=\"font-weight: 400;\" aria-level=\"1\"><span style=\"font-weight: 400;\">Creem i constru\u00efm les nostres pr\u00f2pies maquetes.<\/span><\/li>\n<li style=\"font-weight: 400;\" aria-level=\"1\"><span style=\"font-weight: 400;\">Concurs de diferents construccions, com ara ponts o edificis a partir de diferents materials.<\/span><\/li>\n<li style=\"font-weight: 400;\" aria-level=\"1\"><span style=\"font-weight: 400;\">Estudi de l\u2019evoluci\u00f3 de la construcci\u00f3.<\/span><\/li>\n<li style=\"font-weight: 400;\" aria-level=\"1\"><span style=\"font-weight: 400;\">Forces.<\/span><\/li>\n<li style=\"font-weight: 400;\" aria-level=\"1\"><span style=\"font-weight: 400;\">Riscos laborals.<\/span><\/li>\n<\/ul>\n<\/li>\n<\/ul>\n<\/li>\n<li style=\"text-align: justify;\"><strong>Material que han de dur els alumnes:<\/strong> No \u00e9s necessari.<\/li>\n<\/ul>\n","protected":false},"excerpt":{"rendered":"<p>Fitxa did\u00e0ctica<\/p>\n<ul>\n<li style=\"text-align: justify;\">Nivell educatiu recomanat: cicle superior de prim\u00e0ria i ESO.<a href=\"https:\/\/serveiseducatius.xtec.cat\/cda-ripolles\/wp-content\/uploads\/usu1377\/2023\/05\/Taller-arquitectura.jpg\"><\/a><\/li>\n<li style=\"text-align: justify;\">Mat\u00e8ries: \u00c0rea de coneixement del medi social i cultural, educaci\u00f3 en valors socials i c\u00edvics o religi\u00f3, cultura cl\u00e0ssica, hist\u00f2ria, hist\u00f2ria de l\u2019art.<\/li>\n<li style=\"text-align: justify;\">Durada: 45&#8242; aprox.<\/li>\n<li style=\"text-align: justify;\">Tipus d\u2019activitat: immersi\u00f3&hellip;  <a href=\"https:\/\/serveiseducatius.xtec.cat\/cda-ripolles\/taller-darquitectura\/\" title=\"Read Taller d&#8217;Arquitectura\">Llegeix m\u00e9s\u00bb<\/a><br \/>\n","protected":false},"author":1,"featured_media":0,"parent":0,"menu_order":0,"comment_status":"closed","ping_status":"closed","template":"","meta":{"_bbp_topic_count":0,"_bbp_reply_count":0,"_bbp_total_topic_count":0,"_bbp_total_reply_count":0,"_bbp_voice_count":0,"_bbp_anonymous_reply_count":0,"_bbp_topic_count_hidden":0,"_bbp_reply_count_hidden":0,"_bbp_forum_subforum_count":0,"footnotes":""},"class_list":["post-8602","page","type-page","status-publish","hentry"],"post_mailing_queue_ids":[],"_links":{"self":[{"href":"https:\/\/serveiseducatius.xtec.cat\/cda-ripolles\/wp-json\/wp\/v2\/pages\/8602","targetHints":{"allow":["GET"]}}],"collection":[{"href":"https:\/\/serveiseducatius.xtec.cat\/cda-ripolles\/wp-json\/wp\/v2\/pages"}],"about":[{"href":"https:\/\/serveiseducatius.xtec.cat\/cda-ripolles\/wp-json\/wp\/v2\/types\/page"}],"author":[{"embeddable":true,"href":"https:\/\/serveiseducatius.xtec.cat\/cda-ripolles\/wp-json\/wp\/v2\/users\/1"}],"replies":[{"embeddable":true,"href":"https:\/\/serveiseducatius.xtec.cat\/cda-ripolles\/wp-json\/wp\/v2\/comments?post=8602"}],"version-history":[{"count":4,"href":"https:\/\/serveiseducatius.xtec.cat\/cda-ripolles\/wp-json\/wp\/v2\/pages\/8602\/revisions"}],"predecessor-version":[{"id":10209,"href":"https:\/\/serveiseducatius.xtec.cat\/cda-ripolles\/wp-json\/wp\/v2\/pages\/8602\/revisions\/10209"}],"wp:attachment":[{"href":"https:\/\/serveiseducatius.xtec.cat\/cda-ripolles\/wp-json\/wp\/v2\/media?parent=8602"}],"curies":[{"name":"wp","href":"https:\/\/api.w.org\/{rel}","templated":true}]}}