{"id":8541,"date":"2016-12-16T12:49:25","date_gmt":"2016-12-16T11:49:25","guid":{"rendered":"http:\/\/serveiseducatius.xtec.cat\/cda-ripolles\/?page_id=8541"},"modified":"2023-05-22T11:42:57","modified_gmt":"2023-05-22T09:42:57","slug":"cami-de-neva","status":"publish","type":"page","link":"https:\/\/serveiseducatius.xtec.cat\/cda-ripolles\/cami-de-neva\/","title":{"rendered":"Cam\u00ed de Nev\u00e0"},"content":{"rendered":"<h4 style=\"text-align: justify;\"><span style=\"color: #808000;\"><strong>Fitxa did\u00e0ctica<\/strong><\/span><\/h4>\n<ul style=\"list-style-type: disc;\">\n<li style=\"text-align: justify;\"><strong>Nivell educatiu recomanat:<\/strong> adaptable a tots els cicles i etapes a partir de prim\u00e0ria.<a href=\"https:\/\/serveiseducatius.xtec.cat\/cda-ripolles\/wp-content\/uploads\/usu1377\/2023\/05\/cami-de-neva.jpeg\"><img loading=\"lazy\" decoding=\"async\" class=\" wp-image-10166 alignright\" src=\"https:\/\/serveiseducatius.xtec.cat\/cda-ripolles\/wp-content\/uploads\/usu1377\/2023\/05\/cami-de-neva-225x300.jpeg\" alt=\"\" width=\"304\" height=\"405\" srcset=\"https:\/\/serveiseducatius.xtec.cat\/cda-ripolles\/wp-content\/uploads\/usu1377\/2023\/05\/cami-de-neva-225x300.jpeg 225w, https:\/\/serveiseducatius.xtec.cat\/cda-ripolles\/wp-content\/uploads\/usu1377\/2023\/05\/cami-de-neva.jpeg 768w\" sizes=\"auto, (max-width: 304px) 100vw, 304px\" \/><\/a><\/li>\n<li style=\"text-align: justify;\"><strong>Mat\u00e8ries:<\/strong> medi natural, social i cultural, educaci\u00f3 f\u00edsica, llengua catalana i llengua castellana.<\/li>\n<li style=\"text-align: justify;\"><strong>Durada:<\/strong> 3 hores.<\/li>\n<li style=\"text-align: justify;\"><strong>Tipus d&#8217;activitat:<\/strong> itinerari a peu circular, que ressegueix un tram de l&#8217;antic cam\u00ed de Planoles a Nev\u00e0, creuant el riu Rigat i tornant per la solana.<\/li>\n<li style=\"text-align: justify;\"><strong>Aportaci\u00f3 a les compet\u00e8ncies:<br \/>\n<\/strong><\/p>\n<ul>\n<li>\u00c0mbit cultura i valors<\/li>\n<li>\u00c0mbit ling\u00fc\u00edstic<\/li>\n<li>\u00c0mbit social (ci\u00e8ncies socials)<\/li>\n<li>\u00c0mbit personal i social<\/li>\n<li>\u00c0mbit de l&#8217;educaci\u00f3 f\u00edsica<\/li>\n<li style=\"text-align: left;\">\u00c0mbit cientificotecnol\u00f2gic (biologia i geologia)<\/li>\n<\/ul>\n<\/li>\n<li style=\"text-align: justify;\"><strong>Objectius:<\/strong>\n<ul>\n<li>Con\u00e8ixer l&#8217;entorn natural de Planoles i gaudir-ne fent salut.<\/li>\n<li>Recon\u00e8ixer i identificar diferents tipus de plantes.<\/li>\n<li style=\"text-align: left;\">Buscar i interpretar la vida al bosc mitjan\u00e7ant els rastres d&#8217;animals.<\/li>\n<li>Interpretar el paisatge.<\/li>\n<\/ul>\n<\/li>\n<li style=\"text-align: justify;\"><strong>Descripci\u00f3 de l&#8217;activitat:<\/strong>\n<ul>\n<li><strong>Treball previ a l&#8217;escola:<\/strong>\n<ul>\n<li>A partir d&#8217;un power point, l&#8217;alumnat s&#8217;introdueix en el coneixement del picot garser gros (com \u00e9s, on viu, qu\u00e8 menja, com es reprodueix, etc.)<\/li>\n<\/ul>\n<\/li>\n<li><strong>Itinerari durant l&#8217;estada:<\/strong>\n<ul>\n<li>Durant la ruta els alumnes han de fer d&#8217;investigadors. Han de buscar indicis de la pres\u00e8ncia d&#8217;animals, com poden ser excrements, restes de menjar, petjades, nius, plomes, etc. s&#8217;observen els diferents tipus de boscos, es classifiquen alguns arbres i arbusts amb l&#8217;ajuda d&#8217;una guia de vegetaci\u00f3. S&#8217;expliquen llegendes i curiositats de l&#8217;entorn. S&#8217;adapta el discurs segons el nivell educatiu.<\/li>\n<li><strong>Recorregut:<\/strong> <a href=\"https:\/\/ca.wikiloc.com\/rutes-senderisme\/cami-de-neva-40838189\">https:\/\/ca.wikiloc.com\/rutes-senderisme\/cami-de-neva-40838189<\/a><\/li>\n<\/ul>\n<\/li>\n<li><strong>Propostes de treballs posteriors:<\/strong>\n<ul>\n<li style=\"font-weight: 400;\" aria-level=\"1\"><span style=\"font-weight: 400;\">Tipus de boscos, arbres i arbustos propers al centre\/poblaci\u00f3.<\/span><\/li>\n<li style=\"font-weight: 400;\" aria-level=\"1\"><span style=\"font-weight: 400;\">Col\u00b7lecci\u00f3 i classificaci\u00f3 d\u2019arbres i arbustos.<\/span><\/li>\n<li style=\"font-weight: 400;\" aria-level=\"1\"><span style=\"font-weight: 400;\">Treballem amb diferents tipus de mapes. Localitzaci\u00f3 de punts d\u2019inter\u00e8s, etc.<\/span><\/li>\n<li style=\"font-weight: 400;\" aria-level=\"1\"><span style=\"font-weight: 400;\">Orientaci\u00f3 i tipus de camins (gr, pr, sender local, itiner\u00e0nia, etc)<\/span><\/li>\n<li style=\"font-weight: 400;\" aria-level=\"1\"><span style=\"font-weight: 400;\">Ocells aut\u00f2ctons i migratoris.<\/span><\/li>\n<li style=\"font-weight: 400;\" aria-level=\"1\"><span style=\"font-weight: 400;\">L\u2019erosi\u00f3 dels rius i rieres.<\/span><\/li>\n<li style=\"font-weight: 400;\" aria-level=\"1\"><span style=\"font-weight: 400;\">Cerquem rastres i petjades.<\/span><\/li>\n<\/ul>\n<\/li>\n<\/ul>\n<\/li>\n<li style=\"text-align: justify;\"><strong>Material que han de dur els alumnes:<\/strong> motxilla, cantimplora, roba adequada a l&#8217;\u00e8poca de l&#8217;any i cal\u00e7at c\u00f2mode. Important portar impermeable encara que les previsions meteorol\u00f2giques no marquin pluja.<a href=\"http:\/\/serveiseducatius.xtec.cat\/cda-ripolles\/wp-content\/uploads\/usu1377\/2016\/12\/Nev\u00e0.jpg\"><br \/>\n<\/a><\/li>\n<\/ul>\n<p>&nbsp;<\/p>\n<p>&nbsp;<\/p>\n","protected":false},"excerpt":{"rendered":"<p>Fitxa did\u00e0ctica<\/p>\n<ul style=\"list-style-type: disc;\">\n<li style=\"text-align: justify;\">Nivell educatiu recomanat: adaptable a tots els cicles i etapes a partir de prim\u00e0ria.<a href=\"https:\/\/serveiseducatius.xtec.cat\/cda-ripolles\/wp-content\/uploads\/usu1377\/2023\/05\/cami-de-neva.jpeg\"><\/a><\/li>\n<li style=\"text-align: justify;\">Mat\u00e8ries: medi natural, social i cultural, educaci\u00f3 f\u00edsica, llengua catalana i llengua castellana.<\/li>\n<li style=\"text-align: justify;\">Durada: 3 hores.<\/li>\n<li style=\"text-align: justify;\">Tipus d&#8217;activitat: itinerari a peu circular,&hellip;  <a href=\"https:\/\/serveiseducatius.xtec.cat\/cda-ripolles\/cami-de-neva\/\" title=\"Read Cam\u00ed de Nev\u00e0\">Llegeix m\u00e9s\u00bb<\/a><br \/>\n","protected":false},"author":1,"featured_media":0,"parent":0,"menu_order":0,"comment_status":"closed","ping_status":"closed","template":"","meta":{"_bbp_topic_count":0,"_bbp_reply_count":0,"_bbp_total_topic_count":0,"_bbp_total_reply_count":0,"_bbp_voice_count":0,"_bbp_anonymous_reply_count":0,"_bbp_topic_count_hidden":0,"_bbp_reply_count_hidden":0,"_bbp_forum_subforum_count":0,"footnotes":""},"class_list":["post-8541","page","type-page","status-publish","hentry"],"post_mailing_queue_ids":[],"_links":{"self":[{"href":"https:\/\/serveiseducatius.xtec.cat\/cda-ripolles\/wp-json\/wp\/v2\/pages\/8541","targetHints":{"allow":["GET"]}}],"collection":[{"href":"https:\/\/serveiseducatius.xtec.cat\/cda-ripolles\/wp-json\/wp\/v2\/pages"}],"about":[{"href":"https:\/\/serveiseducatius.xtec.cat\/cda-ripolles\/wp-json\/wp\/v2\/types\/page"}],"author":[{"embeddable":true,"href":"https:\/\/serveiseducatius.xtec.cat\/cda-ripolles\/wp-json\/wp\/v2\/users\/1"}],"replies":[{"embeddable":true,"href":"https:\/\/serveiseducatius.xtec.cat\/cda-ripolles\/wp-json\/wp\/v2\/comments?post=8541"}],"version-history":[{"count":4,"href":"https:\/\/serveiseducatius.xtec.cat\/cda-ripolles\/wp-json\/wp\/v2\/pages\/8541\/revisions"}],"predecessor-version":[{"id":10221,"href":"https:\/\/serveiseducatius.xtec.cat\/cda-ripolles\/wp-json\/wp\/v2\/pages\/8541\/revisions\/10221"}],"wp:attachment":[{"href":"https:\/\/serveiseducatius.xtec.cat\/cda-ripolles\/wp-json\/wp\/v2\/media?parent=8541"}],"curies":[{"name":"wp","href":"https:\/\/api.w.org\/{rel}","templated":true}]}}