{"id":8465,"date":"2016-12-15T11:57:12","date_gmt":"2016-12-15T10:57:12","guid":{"rendered":"http:\/\/serveiseducatius.xtec.cat\/cda-ripolles\/?page_id=8465"},"modified":"2024-05-29T12:56:39","modified_gmt":"2024-05-29T10:56:39","slug":"sociocultural","status":"publish","type":"page","link":"https:\/\/serveiseducatius.xtec.cat\/cda-ripolles\/activitats\/ambits\/sociocultural\/","title":{"rendered":"Sociocultural"},"content":{"rendered":"<p style=\"text-align: justify;\"><a href=\"http:\/\/serveiseducatius.xtec.cat\/cda-ripolles\/wp-content\/uploads\/usu1377\/2016\/12\/Ploma.jpg\"><img loading=\"lazy\" decoding=\"async\" class=\" wp-image-8706 alignright\" src=\"http:\/\/serveiseducatius.xtec.cat\/cda-ripolles\/wp-content\/uploads\/usu1377\/2016\/12\/Ploma.jpg\" alt=\"ploma\" width=\"193\" height=\"178\" \/><\/a>Com es viu al <strong>Pirineu<\/strong>? A qu\u00e8 es dedica la gent que habita en aquests <strong>poblets d&#8217;alta muntanya<\/strong>? Us agradria viure a <strong>Planoles, Plan\u00e8s, Nev\u00e0 o D\u00f2rria<\/strong>?<\/p>\n<p style=\"text-align: justify;\">Des del Camp d&#8217;Aprenentatge del Ripoll\u00e8s oferim la possibilitat d&#8217;estudiar, entendre i viure en un entorn completament diferent al que estem acostumats. Una altra realitat que ens permetr\u00e0 aprofundir en la diversitat i la singularitat del nostre territori.<\/p>\n<p style=\"text-align: left;\">Taula interactiva de totes les activitats de l&#8217;\u00e0mbit sociocultural que s&#8217;ofereixen des del CdA del Ripoll\u00e8s.<\/p>\n<p style=\"text-align: left;\"><strong>Clica<\/strong> sobre una de les activitats per obtenir-ne m\u00e9s informaci\u00f3.<\/p>\n<p style=\"text-align: center;\"><iframe loading=\"lazy\" src=\"https:\/\/docs.google.com\/spreadsheets\/d\/e\/2PACX-1vTUo92WDiPRp5p0cBs-Mj6AiHYBJrTjF-Rw382BXG0tzXNbVfV4O0z9pUEToYfspg\/pubhtml?widget=true&amp;headers=false\" width=\"870\" height=\"710\"><span data-mce-type=\"bookmark\" style=\"display: inline-block; width: 0px; overflow: hidden; line-height: 0;\" class=\"mce_SELRES_start\">\ufeff<\/span><\/iframe><\/p>\n<table style=\"height: 84px;\" width=\"381\">\n<tbody>\n<tr>\n<td bgcolor=\"#B6D7A8\"><strong>\u00a0R<\/strong><\/td>\n<td>Oferta recomanada especialment<\/td>\n<\/tr>\n<tr>\n<td bgcolor=\"#EDDE91\">\u00a0<strong>A<\/strong><\/td>\n<td>Oferta adaptable o redu\u00efda<\/td>\n<\/tr>\n<\/tbody>\n<\/table>\n","protected":false},"excerpt":{"rendered":"<p><a href=\"http:\/\/serveiseducatius.xtec.cat\/cda-ripolles\/wp-content\/uploads\/usu1377\/2016\/12\/Ploma.jpg\"><\/a>Com es viu al Pirineu? A qu\u00e8 es dedica la gent que habita en aquests poblets d&#8217;alta muntanya? Us agradria viure a Planoles, Plan\u00e8s, Nev\u00e0 o D\u00f2rria?<br \/>\nDes del Camp d&#8217;Aprenentatge del Ripoll\u00e8s oferim la possibilitat d&#8217;estudiar, entendre i viure en un entorn completament diferent&hellip;  <a href=\"https:\/\/serveiseducatius.xtec.cat\/cda-ripolles\/activitats\/ambits\/sociocultural\/\" title=\"Read Sociocultural\">Llegeix m\u00e9s\u00bb<\/a><\/p>\n","protected":false},"author":1,"featured_media":0,"parent":8235,"menu_order":40,"comment_status":"closed","ping_status":"closed","template":"page-templates\/side-menu.php","meta":{"_bbp_topic_count":0,"_bbp_reply_count":0,"_bbp_total_topic_count":0,"_bbp_total_reply_count":0,"_bbp_voice_count":0,"_bbp_anonymous_reply_count":0,"_bbp_topic_count_hidden":0,"_bbp_reply_count_hidden":0,"_bbp_forum_subforum_count":0,"footnotes":""},"class_list":["post-8465","page","type-page","status-publish","hentry"],"post_mailing_queue_ids":[],"_links":{"self":[{"href":"https:\/\/serveiseducatius.xtec.cat\/cda-ripolles\/wp-json\/wp\/v2\/pages\/8465","targetHints":{"allow":["GET"]}}],"collection":[{"href":"https:\/\/serveiseducatius.xtec.cat\/cda-ripolles\/wp-json\/wp\/v2\/pages"}],"about":[{"href":"https:\/\/serveiseducatius.xtec.cat\/cda-ripolles\/wp-json\/wp\/v2\/types\/page"}],"author":[{"embeddable":true,"href":"https:\/\/serveiseducatius.xtec.cat\/cda-ripolles\/wp-json\/wp\/v2\/users\/1"}],"replies":[{"embeddable":true,"href":"https:\/\/serveiseducatius.xtec.cat\/cda-ripolles\/wp-json\/wp\/v2\/comments?post=8465"}],"version-history":[{"count":7,"href":"https:\/\/serveiseducatius.xtec.cat\/cda-ripolles\/wp-json\/wp\/v2\/pages\/8465\/revisions"}],"predecessor-version":[{"id":10389,"href":"https:\/\/serveiseducatius.xtec.cat\/cda-ripolles\/wp-json\/wp\/v2\/pages\/8465\/revisions\/10389"}],"up":[{"embeddable":true,"href":"https:\/\/serveiseducatius.xtec.cat\/cda-ripolles\/wp-json\/wp\/v2\/pages\/8235"}],"wp:attachment":[{"href":"https:\/\/serveiseducatius.xtec.cat\/cda-ripolles\/wp-json\/wp\/v2\/media?parent=8465"}],"curies":[{"name":"wp","href":"https:\/\/api.w.org\/{rel}","templated":true}]}}