{"id":8463,"date":"2016-12-15T11:55:34","date_gmt":"2016-12-15T10:55:34","guid":{"rendered":"http:\/\/serveiseducatius.xtec.cat\/cda-ripolles\/?page_id=8463"},"modified":"2023-03-08T13:18:06","modified_gmt":"2023-03-08T12:18:06","slug":"orientacio","status":"publish","type":"page","link":"https:\/\/serveiseducatius.xtec.cat\/cda-ripolles\/activitats\/ambits\/orientacio\/","title":{"rendered":"Orientaci\u00f3"},"content":{"rendered":"<p style=\"text-align: justify;\"><a href=\"http:\/\/serveiseducatius.xtec.cat\/cda-ripolles\/wp-content\/uploads\/usu1377\/2016\/12\/Orientaci\u00f3.jpg\"><img loading=\"lazy\" decoding=\"async\" class=\"wp-image-8703 alignright\" src=\"http:\/\/serveiseducatius.xtec.cat\/cda-ripolles\/wp-content\/uploads\/usu1377\/2016\/12\/Orientaci\u00f3.jpg\" alt=\"orientacio\" width=\"207\" height=\"211\" \/><\/a>Br\u00faixoles, mapes, corbes de nivell, punts cardinals, escales&#8230; Des del Camp d&#8217;Aprenentatge del Ripoll\u00e8s oferim la possibilitat de realitzar activitats d&#8217;orientaci\u00f3 als entorns pr\u00f2xims al CdA adaptant-nos a les necessitats de cada centre i de cada nivell educatiu.<\/p>\n<p style=\"text-align: justify;\">Tamb\u00e9 s&#8217;ofereix la possibilitat d&#8217;introduir conceptes\u00a0 d&#8217;orientaci\u00f3 mentre es realitzen activitats o itineraris de <a href=\"http:\/\/serveiseducatius.xtec.cat\/cda-ripolles\/activitats\/ambits\/natura\/\">natura<\/a>.<\/p>\n<p style=\"text-align: left;\">Taula interactiva de totes les activitats d&#8217;orientaci\u00f3 que s&#8217;ofereixen des del CdA del Ripoll\u00e8s.<\/p>\n<p style=\"text-align: left;\"><strong>Clica<\/strong> sobre una de les activitats per obtenir-ne m\u00e9s informaci\u00f3.<\/p>\n<p style=\"text-align: center;\"><iframe loading=\"lazy\" src=\"https:\/\/docs.google.com\/spreadsheets\/d\/e\/2PACX-1vShJtU0Pdl4oToLquJbE7JFTLO95L83cRCI3XOCwUZOsvvWVxYuh80OtCu77Mv9HA\/pubhtml?widget=true&amp;headers=false\" width=\"770\" height=\"400\"><\/iframe><\/p>\n<table style=\"height: 84px;\" width=\"381\">\n<tbody>\n<tr>\n<td bgcolor=\"#B6D7A8\"><strong>\u00a0R<\/strong><\/td>\n<td>Oferta recomanada especialment<\/td>\n<\/tr>\n<tr>\n<td bgcolor=\"#EDDE91\">\u00a0<strong>A<\/strong><\/td>\n<td>Oferta adaptable o redu\u00efda<\/td>\n<\/tr>\n<\/tbody>\n<\/table>\n","protected":false},"excerpt":{"rendered":"<p><a href=\"http:\/\/serveiseducatius.xtec.cat\/cda-ripolles\/wp-content\/uploads\/usu1377\/2016\/12\/Orientaci\u00f3.jpg\"><\/a>Br\u00faixoles, mapes, corbes de nivell, punts cardinals, escales&#8230; Des del Camp d&#8217;Aprenentatge del Ripoll\u00e8s oferim la possibilitat de realitzar activitats d&#8217;orientaci\u00f3 als entorns pr\u00f2xims al CdA adaptant-nos a les necessitats de cada centre i de cada nivell educatiu.<br \/>\nTamb\u00e9 s&#8217;ofereix la possibilitat d&#8217;introduir conceptes\u00a0 d&#8217;orientaci\u00f3&hellip;  <a href=\"https:\/\/serveiseducatius.xtec.cat\/cda-ripolles\/activitats\/ambits\/orientacio\/\" title=\"Read Orientaci\u00f3\">Llegeix m\u00e9s\u00bb<\/a><\/p>\n","protected":false},"author":1,"featured_media":0,"parent":8235,"menu_order":30,"comment_status":"closed","ping_status":"closed","template":"page-templates\/side-menu.php","meta":{"_bbp_topic_count":0,"_bbp_reply_count":0,"_bbp_total_topic_count":0,"_bbp_total_reply_count":0,"_bbp_voice_count":0,"_bbp_anonymous_reply_count":0,"_bbp_topic_count_hidden":0,"_bbp_reply_count_hidden":0,"_bbp_forum_subforum_count":0,"footnotes":""},"class_list":["post-8463","page","type-page","status-publish","hentry"],"post_mailing_queue_ids":[],"_links":{"self":[{"href":"https:\/\/serveiseducatius.xtec.cat\/cda-ripolles\/wp-json\/wp\/v2\/pages\/8463","targetHints":{"allow":["GET"]}}],"collection":[{"href":"https:\/\/serveiseducatius.xtec.cat\/cda-ripolles\/wp-json\/wp\/v2\/pages"}],"about":[{"href":"https:\/\/serveiseducatius.xtec.cat\/cda-ripolles\/wp-json\/wp\/v2\/types\/page"}],"author":[{"embeddable":true,"href":"https:\/\/serveiseducatius.xtec.cat\/cda-ripolles\/wp-json\/wp\/v2\/users\/1"}],"replies":[{"embeddable":true,"href":"https:\/\/serveiseducatius.xtec.cat\/cda-ripolles\/wp-json\/wp\/v2\/comments?post=8463"}],"version-history":[{"count":4,"href":"https:\/\/serveiseducatius.xtec.cat\/cda-ripolles\/wp-json\/wp\/v2\/pages\/8463\/revisions"}],"predecessor-version":[{"id":10080,"href":"https:\/\/serveiseducatius.xtec.cat\/cda-ripolles\/wp-json\/wp\/v2\/pages\/8463\/revisions\/10080"}],"up":[{"embeddable":true,"href":"https:\/\/serveiseducatius.xtec.cat\/cda-ripolles\/wp-json\/wp\/v2\/pages\/8235"}],"wp:attachment":[{"href":"https:\/\/serveiseducatius.xtec.cat\/cda-ripolles\/wp-json\/wp\/v2\/media?parent=8463"}],"curies":[{"name":"wp","href":"https:\/\/api.w.org\/{rel}","templated":true}]}}