{"id":8461,"date":"2016-12-15T11:54:59","date_gmt":"2016-12-15T10:54:59","guid":{"rendered":"http:\/\/serveiseducatius.xtec.cat\/cda-ripolles\/?page_id=8461"},"modified":"2022-03-22T16:19:16","modified_gmt":"2022-03-22T15:19:16","slug":"natura","status":"publish","type":"page","link":"https:\/\/serveiseducatius.xtec.cat\/cda-ripolles\/activitats\/ambits\/natura\/","title":{"rendered":"Natura"},"content":{"rendered":"<p style=\"text-align: justify;\"><a href=\"http:\/\/serveiseducatius.xtec.cat\/cda-ripolles\/wp-content\/uploads\/usu1377\/2016\/06\/Picot-BN.jpg\"><img loading=\"lazy\" decoding=\"async\" class=\"wp-image-8575 alignright\" src=\"http:\/\/serveiseducatius.xtec.cat\/cda-ripolles\/wp-content\/uploads\/usu1377\/2016\/06\/Picot-BN-722x1024.jpg\" alt=\"picot-bn\" width=\"138\" height=\"196\" srcset=\"https:\/\/serveiseducatius.xtec.cat\/cda-ripolles\/wp-content\/uploads\/usu1377\/2016\/06\/Picot-BN-722x1024.jpg 722w, https:\/\/serveiseducatius.xtec.cat\/cda-ripolles\/wp-content\/uploads\/usu1377\/2016\/06\/Picot-BN-211x300.jpg 211w, https:\/\/serveiseducatius.xtec.cat\/cda-ripolles\/wp-content\/uploads\/usu1377\/2016\/06\/Picot-BN-768x1090.jpg 768w, https:\/\/serveiseducatius.xtec.cat\/cda-ripolles\/wp-content\/uploads\/usu1377\/2016\/06\/Picot-BN.jpg 1748w\" sizes=\"auto, (max-width: 138px) 100vw, 138px\" \/><\/a><\/p>\n<p style=\"text-align: justify;\">Un entorn privilegiat i incomparable , al nord-est de la comarca del <strong>Ripoll\u00e8s<\/strong> i al l\u00edmit del <strong>Parc Natural de les Cap\u00e7aleres del Ter i del Freser <\/strong>que permet \u00a0estudiar, con\u00e8ixer i estimar la riquesa natural que ens envolta.<\/p>\n<p style=\"text-align: justify;\">Des del CdA de Ripoll\u00e8s oferim un ampli ventall d&#8217;activitats, adaptant-nos a les necessitats de cada nivell educatiu i de cada centre perqu\u00e8 els alumnes investiguin, estudi\u00efn i coneguin la natura i els paisatges pirinencs.<\/p>\n<p style=\"text-align: left;\">Taula interactiva de totes les activitats de l&#8217;\u00e0mbit de natura que s&#8217;ofereixen des del CdA del Ripoll\u00e8s.<\/p>\n<p style=\"text-align: left;\"><strong>Clica<\/strong> sobre una de les activitats per obtenir-ne m\u00e9s informaci\u00f3.<\/p>\n<p style=\"text-align: center;\"><iframe loading=\"lazy\" src=\"https:\/\/docs.google.com\/spreadsheets\/d\/e\/2PACX-1vRWTmVxARtbUBs1meqSpdDa7ipJkdmUK8vlCrv0Ke2E-QH66gw8lFrUri2ZFNbtHA\/pubhtml?widget=true&amp;headers=false\" width=\"775\" height=\"400\"><span data-mce-type=\"bookmark\" style=\"display: inline-block; width: 0px; overflow: hidden; line-height: 0;\" class=\"mce_SELRES_start\">\ufeff<\/span><\/iframe><\/p>\n<table style=\"height: 84px; width: 81.4014%;\" width=\"381\">\n<tbody>\n<tr>\n<td style=\"width: 8.85417%;\" bgcolor=\"#B6D7A8\"><strong>\u00a0R<\/strong><\/td>\n<td style=\"width: 144.271%;\">Oferta recomanada especialment<\/td>\n<\/tr>\n<tr>\n<td style=\"width: 8.85417%;\" bgcolor=\"#EDDE91\">\u00a0<strong>A<\/strong><\/td>\n<td style=\"width: 144.271%;\">Oferta adaptable o redu\u00efda<\/td>\n<\/tr>\n<tr>\n<td style=\"width: 8.85417%;\"><\/td>\n<td style=\"width: 144.271%;\">Totes les activitats es poden adaptar segons els interessos dels alumnes i\/o centre<\/td>\n<\/tr>\n<\/tbody>\n<\/table>\n","protected":false},"excerpt":{"rendered":"<p><a href=\"http:\/\/serveiseducatius.xtec.cat\/cda-ripolles\/wp-content\/uploads\/usu1377\/2016\/06\/Picot-BN.jpg\"><\/a><br \/>\nUn entorn privilegiat i incomparable , al nord-est de la comarca del Ripoll\u00e8s i al l\u00edmit del Parc Natural de les Cap\u00e7aleres del Ter i del Freser que permet \u00a0estudiar, con\u00e8ixer i estimar la riquesa natural que ens envolta.<br \/>\nDes del CdA de Ripoll\u00e8s oferim&hellip;  <a href=\"https:\/\/serveiseducatius.xtec.cat\/cda-ripolles\/activitats\/ambits\/natura\/\" title=\"Read Natura\">Llegeix m\u00e9s\u00bb<\/a><\/p>\n","protected":false},"author":1,"featured_media":0,"parent":8235,"menu_order":20,"comment_status":"closed","ping_status":"closed","template":"page-templates\/side-menu.php","meta":{"_bbp_topic_count":0,"_bbp_reply_count":0,"_bbp_total_topic_count":0,"_bbp_total_reply_count":0,"_bbp_voice_count":0,"_bbp_anonymous_reply_count":0,"_bbp_topic_count_hidden":0,"_bbp_reply_count_hidden":0,"_bbp_forum_subforum_count":0,"footnotes":""},"class_list":["post-8461","page","type-page","status-publish","hentry"],"post_mailing_queue_ids":[],"_links":{"self":[{"href":"https:\/\/serveiseducatius.xtec.cat\/cda-ripolles\/wp-json\/wp\/v2\/pages\/8461","targetHints":{"allow":["GET"]}}],"collection":[{"href":"https:\/\/serveiseducatius.xtec.cat\/cda-ripolles\/wp-json\/wp\/v2\/pages"}],"about":[{"href":"https:\/\/serveiseducatius.xtec.cat\/cda-ripolles\/wp-json\/wp\/v2\/types\/page"}],"author":[{"embeddable":true,"href":"https:\/\/serveiseducatius.xtec.cat\/cda-ripolles\/wp-json\/wp\/v2\/users\/1"}],"replies":[{"embeddable":true,"href":"https:\/\/serveiseducatius.xtec.cat\/cda-ripolles\/wp-json\/wp\/v2\/comments?post=8461"}],"version-history":[{"count":4,"href":"https:\/\/serveiseducatius.xtec.cat\/cda-ripolles\/wp-json\/wp\/v2\/pages\/8461\/revisions"}],"predecessor-version":[{"id":9938,"href":"https:\/\/serveiseducatius.xtec.cat\/cda-ripolles\/wp-json\/wp\/v2\/pages\/8461\/revisions\/9938"}],"up":[{"embeddable":true,"href":"https:\/\/serveiseducatius.xtec.cat\/cda-ripolles\/wp-json\/wp\/v2\/pages\/8235"}],"wp:attachment":[{"href":"https:\/\/serveiseducatius.xtec.cat\/cda-ripolles\/wp-json\/wp\/v2\/media?parent=8461"}],"curies":[{"name":"wp","href":"https:\/\/api.w.org\/{rel}","templated":true}]}}