{"id":8458,"date":"2016-12-15T11:52:57","date_gmt":"2016-12-15T10:52:57","guid":{"rendered":"http:\/\/serveiseducatius.xtec.cat\/cda-ripolles\/?page_id=8458"},"modified":"2022-03-22T16:07:24","modified_gmt":"2022-03-22T15:07:24","slug":"romanic","status":"publish","type":"page","link":"https:\/\/serveiseducatius.xtec.cat\/cda-ripolles\/activitats\/ambits\/romanic\/","title":{"rendered":"Rom\u00e0nic"},"content":{"rendered":"<p style=\"text-align: justify;\"><a href=\"http:\/\/serveiseducatius.xtec.cat\/cda-ripolles\/wp-content\/uploads\/usu1377\/2016\/12\/Monestir.jpg\"><br \/>\n<img loading=\"lazy\" decoding=\"async\" class=\" wp-image-8695 alignright\" src=\"http:\/\/serveiseducatius.xtec.cat\/cda-ripolles\/wp-content\/uploads\/usu1377\/2016\/12\/Monestir.jpg\" alt=\"monestir\" width=\"163\" height=\"141\" srcset=\"https:\/\/serveiseducatius.xtec.cat\/cda-ripolles\/wp-content\/uploads\/usu1377\/2016\/12\/Monestir.jpg 347w, https:\/\/serveiseducatius.xtec.cat\/cda-ripolles\/wp-content\/uploads\/usu1377\/2016\/12\/Monestir-300x260.jpg 300w\" sizes=\"auto, (max-width: 163px) 100vw, 163px\" \/><span style=\"color: #000000;\">El Ripoll\u00e8s \u00e9s una c<\/span><\/a>omarca amb <strong>hist\u00f2ria<\/strong>\u00a0plena de <strong>monuments rom\u00e0nics<\/strong> d&#8217;incalculable valor hist\u00f2ric i <strong>indrets plenament singulars <\/strong>on, segons la tradici\u00f3, es va produir el naixement de la <strong>Naci\u00f3 Catalana<\/strong>.<\/p>\n<p style=\"text-align: justify;\">Des del CdA del Ripoll\u00e8s oferim un ampli ventall d&#8217;activitats, adaptant-nos a les necessitats de cada nivell educatiu i de cada centre perqu\u00e8 els alumnes investiguin, estudi\u00efn i coneguin la hist\u00f2ria de la comarca i del pa\u00eds de manera vivencial i enriquidora.<\/p>\n<p style=\"text-align: left;\">Taula interactiva de totes les activitats de l&#8217;\u00e0mbit del rom\u00e0nic que s&#8217;ofereixen des del CdA del Ripoll\u00e8s.<\/p>\n<p style=\"text-align: left;\"><strong>Clica<\/strong> sobre una de les activitats per obtenir-ne m\u00e9s informaci\u00f3.<\/p>\n<p style=\"text-align: center;\"><iframe loading=\"lazy\" src=\"https:\/\/docs.google.com\/spreadsheets\/d\/e\/2PACX-1vThib76uu4N3i3k4EmPAiN87M2BifL2K2-KuWOt9mUytHinheF8q0yD42gIuTPvdvMhHitOm1ubi3wF\/pubhtml?widget=true&amp;headers=false\" width=\"875\" height=\"330\"><span data-mce-type=\"bookmark\" style=\"display: inline-block; width: 0px; overflow: hidden; line-height: 0;\" class=\"mce_SELRES_start\">\ufeff<\/span><span data-mce-type=\"bookmark\" style=\"display: inline-block; width: 0px; overflow: hidden; line-height: 0;\" class=\"mce_SELRES_start\"><span data-mce-type=\"bookmark\" style=\"display: inline-block; width: 0px; overflow: hidden; line-height: 0;\" class=\"mce_SELRES_start\">\ufeff<\/span>\ufeff<\/span><\/iframe><\/p>\n<p>&nbsp;<\/p>\n<table style=\"height: 124px; width: 79.1965%;\" width=\"381\">\n<tbody>\n<tr>\n<td bgcolor=\"#B6D7A8\"><strong>\u00a0R<\/strong><\/td>\n<td>Oferta recomanada especialment<\/td>\n<\/tr>\n<tr>\n<td bgcolor=\"#EDDE91\">\u00a0<strong>A<\/strong><\/td>\n<td>Oferta adaptable o redu\u00efda<\/td>\n<\/tr>\n<tr>\n<td><\/td>\n<td>Totes les activitats es poden adaptar segons els interessos dels alumnes i\/o centre<\/td>\n<\/tr>\n<\/tbody>\n<\/table>\n","protected":false},"excerpt":{"rendered":"<p><a href=\"http:\/\/serveiseducatius.xtec.cat\/cda-ripolles\/wp-content\/uploads\/usu1377\/2016\/12\/Monestir.jpg\"><br \/>\nEl Ripoll\u00e8s \u00e9s una c<\/a>omarca amb hist\u00f2ria\u00a0plena de monuments rom\u00e0nics d&#8217;incalculable valor hist\u00f2ric i indrets plenament singulars on, segons la tradici\u00f3, es va produir el naixement de la Naci\u00f3 Catalana.<br \/>\nDes del CdA del Ripoll\u00e8s oferim un ampli ventall d&#8217;activitats, adaptant-nos a les necessitats de&hellip;  <a href=\"https:\/\/serveiseducatius.xtec.cat\/cda-ripolles\/activitats\/ambits\/romanic\/\" title=\"Read Rom\u00e0nic\">Llegeix m\u00e9s\u00bb<\/a><\/p>\n","protected":false},"author":1,"featured_media":0,"parent":8235,"menu_order":10,"comment_status":"closed","ping_status":"closed","template":"page-templates\/side-menu.php","meta":{"_bbp_topic_count":0,"_bbp_reply_count":0,"_bbp_total_topic_count":0,"_bbp_total_reply_count":0,"_bbp_voice_count":0,"_bbp_anonymous_reply_count":0,"_bbp_topic_count_hidden":0,"_bbp_reply_count_hidden":0,"_bbp_forum_subforum_count":0,"footnotes":""},"class_list":["post-8458","page","type-page","status-publish","hentry"],"post_mailing_queue_ids":[],"_links":{"self":[{"href":"https:\/\/serveiseducatius.xtec.cat\/cda-ripolles\/wp-json\/wp\/v2\/pages\/8458","targetHints":{"allow":["GET"]}}],"collection":[{"href":"https:\/\/serveiseducatius.xtec.cat\/cda-ripolles\/wp-json\/wp\/v2\/pages"}],"about":[{"href":"https:\/\/serveiseducatius.xtec.cat\/cda-ripolles\/wp-json\/wp\/v2\/types\/page"}],"author":[{"embeddable":true,"href":"https:\/\/serveiseducatius.xtec.cat\/cda-ripolles\/wp-json\/wp\/v2\/users\/1"}],"replies":[{"embeddable":true,"href":"https:\/\/serveiseducatius.xtec.cat\/cda-ripolles\/wp-json\/wp\/v2\/comments?post=8458"}],"version-history":[{"count":4,"href":"https:\/\/serveiseducatius.xtec.cat\/cda-ripolles\/wp-json\/wp\/v2\/pages\/8458\/revisions"}],"predecessor-version":[{"id":9934,"href":"https:\/\/serveiseducatius.xtec.cat\/cda-ripolles\/wp-json\/wp\/v2\/pages\/8458\/revisions\/9934"}],"up":[{"embeddable":true,"href":"https:\/\/serveiseducatius.xtec.cat\/cda-ripolles\/wp-json\/wp\/v2\/pages\/8235"}],"wp:attachment":[{"href":"https:\/\/serveiseducatius.xtec.cat\/cda-ripolles\/wp-json\/wp\/v2\/media?parent=8458"}],"curies":[{"name":"wp","href":"https:\/\/api.w.org\/{rel}","templated":true}]}}