{"id":8272,"date":"2016-06-20T17:56:05","date_gmt":"2016-06-20T16:56:05","guid":{"rendered":"http:\/\/serveiseducatius.xtec.cat\/cda-ripolles\/?page_id=8272"},"modified":"2021-02-22T19:01:31","modified_gmt":"2021-02-22T18:01:31","slug":"amb-els-centres","status":"publish","type":"page","link":"https:\/\/serveiseducatius.xtec.cat\/cda-ripolles\/amb-els-centres\/","title":{"rendered":"Amb els centres"},"content":{"rendered":"<p style=\"text-align: justify;\"><a href=\"http:\/\/serveiseducatius.xtec.cat\/cda-ripolles\/wp-content\/uploads\/usu1377\/2017\/01\/20160318_112430.jpg\"><img loading=\"lazy\" decoding=\"async\" class=\"wp-image-8762 alignright\" src=\"http:\/\/serveiseducatius.xtec.cat\/cda-ripolles\/wp-content\/uploads\/usu1377\/2017\/01\/20160318_112430.jpg\" alt=\"20160318_112430\" width=\"305\" height=\"172\" srcset=\"https:\/\/serveiseducatius.xtec.cat\/cda-ripolles\/wp-content\/uploads\/usu1377\/2017\/01\/20160318_112430.jpg 800w, https:\/\/serveiseducatius.xtec.cat\/cda-ripolles\/wp-content\/uploads\/usu1377\/2017\/01\/20160318_112430-300x169.jpg 300w, https:\/\/serveiseducatius.xtec.cat\/cda-ripolles\/wp-content\/uploads\/usu1377\/2017\/01\/20160318_112430-768x432.jpg 768w\" sizes=\"auto, (max-width: 305px) 100vw, 305px\" \/><\/a><\/p>\n<p style=\"text-align: justify;\">La <strong>comunicaci\u00f3<\/strong>, la <strong>informaci\u00f3<\/strong>\u00a0i la <strong>col\u00b7laboraci\u00f3<\/strong> rec\u00edproca entre el centre educatiu i el camp d\u2019aprenentatge \u00e9s clau per tal d&#8217;integrar les activitats que es realitzaran al CdA amb les necessitats educatives del centre i aix\u00ed assolir l&#8217;\u00e8xit educatiu.<\/p>\n<p style=\"text-align: justify;\">En aquest apartat hi trobareu un seguit d&#8217;<strong>informaci\u00f3 d&#8217;utilitat<\/strong> per l&#8217;\u00e8xit de la vostra estada al CdA.<\/p>\n<p style=\"text-align: justify;\">Si teniu algun dubte o q\u00fcesti\u00f3 no dubteu a <a href=\"http:\/\/serveiseducatius.xtec.cat\/cda-ripolles\/el-camp\/contacte\/\">contactar-nos<\/a>.<\/p>\n","protected":false},"excerpt":{"rendered":"<p><a href=\"http:\/\/serveiseducatius.xtec.cat\/cda-ripolles\/wp-content\/uploads\/usu1377\/2017\/01\/20160318_112430.jpg\"><\/a><br \/>\nLa comunicaci\u00f3, la informaci\u00f3\u00a0i la col\u00b7laboraci\u00f3 rec\u00edproca entre el centre educatiu i el camp d\u2019aprenentatge \u00e9s clau per tal d&#8217;integrar les activitats que es realitzaran al CdA amb les necessitats educatives del centre i aix\u00ed assolir l&#8217;\u00e8xit educatiu.<br \/>\nEn aquest apartat hi trobareu un seguit&hellip;  <a href=\"https:\/\/serveiseducatius.xtec.cat\/cda-ripolles\/amb-els-centres\/\" title=\"Read Amb els centres\">Llegeix m\u00e9s\u00bb<\/a><\/p>\n","protected":false},"author":1,"featured_media":0,"parent":0,"menu_order":0,"comment_status":"closed","ping_status":"closed","template":"page-templates\/side-menu.php","meta":{"_bbp_topic_count":0,"_bbp_reply_count":0,"_bbp_total_topic_count":0,"_bbp_total_reply_count":0,"_bbp_voice_count":0,"_bbp_anonymous_reply_count":0,"_bbp_topic_count_hidden":0,"_bbp_reply_count_hidden":0,"_bbp_forum_subforum_count":0,"footnotes":""},"class_list":["post-8272","page","type-page","status-publish","hentry"],"post_mailing_queue_ids":[],"_links":{"self":[{"href":"https:\/\/serveiseducatius.xtec.cat\/cda-ripolles\/wp-json\/wp\/v2\/pages\/8272","targetHints":{"allow":["GET"]}}],"collection":[{"href":"https:\/\/serveiseducatius.xtec.cat\/cda-ripolles\/wp-json\/wp\/v2\/pages"}],"about":[{"href":"https:\/\/serveiseducatius.xtec.cat\/cda-ripolles\/wp-json\/wp\/v2\/types\/page"}],"author":[{"embeddable":true,"href":"https:\/\/serveiseducatius.xtec.cat\/cda-ripolles\/wp-json\/wp\/v2\/users\/1"}],"replies":[{"embeddable":true,"href":"https:\/\/serveiseducatius.xtec.cat\/cda-ripolles\/wp-json\/wp\/v2\/comments?post=8272"}],"version-history":[{"count":4,"href":"https:\/\/serveiseducatius.xtec.cat\/cda-ripolles\/wp-json\/wp\/v2\/pages\/8272\/revisions"}],"predecessor-version":[{"id":9646,"href":"https:\/\/serveiseducatius.xtec.cat\/cda-ripolles\/wp-json\/wp\/v2\/pages\/8272\/revisions\/9646"}],"wp:attachment":[{"href":"https:\/\/serveiseducatius.xtec.cat\/cda-ripolles\/wp-json\/wp\/v2\/media?parent=8272"}],"curies":[{"name":"wp","href":"https:\/\/api.w.org\/{rel}","templated":true}]}}