{"id":8260,"date":"2016-06-20T17:50:46","date_gmt":"2016-06-20T16:50:46","guid":{"rendered":"http:\/\/serveiseducatius.xtec.cat\/cda-ripolles\/?page_id=8260"},"modified":"2024-04-09T12:41:57","modified_gmt":"2024-04-09T10:41:57","slug":"modalitats","status":"publish","type":"page","link":"https:\/\/serveiseducatius.xtec.cat\/cda-ripolles\/activitats\/modalitats\/","title":{"rendered":"Modalitats"},"content":{"rendered":"<p>Les escoles que visiten el CdA del Ripoll\u00e8s, en funci\u00f3 de les seves <strong>necessitats<\/strong> i<strong> objectius curriculars,<\/strong> poden escollir entre les diferents modalitats d&#8217;activitats.\u00a0<strong>Sortides <\/strong>d&#8217;un dia, <strong>estades <\/strong>de varis dies o els <strong>projectes compartits<\/strong> amb el centre educatiu.<\/p>\n<ul>\n<li><a href=\"http:\/\/serveiseducatius.xtec.cat\/cda-ripolles\/activitats\/modalitats\/sortides\/\"><strong>Sortides<\/strong><b> <strong>d\u2019un dia <\/strong><\/b><\/a>de diferents tem\u00e0tiques i adaptades als diferents nivells educatius, a les diferents necessitats i als diferents projectes de cada centre. Estan pensades, sobretot, per les escoles m\u00e9s properes al CdA del Ripoll\u00e8s.<\/li>\n<li><a href=\"http:\/\/serveiseducatius.xtec.cat\/cda-ripolles\/activitats\/modalitats\/estades\/\"><strong>Estades<\/strong> <\/a>de varis dies de tem\u00e0tiques diverses en qu\u00e8 els alumnes aprofundiran en l&#8217;estudi de la natura i\/o el rom\u00e0nic del Pirineu.<\/li>\n<li><a href=\"http:\/\/serveiseducatius.xtec.cat\/cda-ripolles\/activitats\/modalitats\/projectes\/\"><strong>Projectes compartits<\/strong><\/a> amb els centres educatius. El CdA col\u00b7laborar\u00e0 i cooperar\u00e0 amb el centre educatiu per tal d&#8217;assolir l&#8217;\u00e8xit i l&#8217;aprofitament m\u00e0xim del projecte per part dels alumnes.<\/li>\n<li>Per altra banda proposem algunes <a href=\"https:\/\/docs.google.com\/document\/d\/1p4vyoo2u_N5VcO86Hz5VCy_Sh-ulUmjHppzRt4QGHok\/edit?usp=sharing\"><strong>Situacions d&#8217;aprenentatge d&#8217;exemple<\/strong><\/a> a desenvolupar en part al CdA del Ripoll\u00e8s.<\/li>\n<\/ul>\n<p><a href=\"http:\/\/serveiseducatius.xtec.cat\/cda-ripolles\/wp-content\/uploads\/usu1377\/2016\/06\/Sin-t\u00edtulo.jpg\"><img loading=\"lazy\" decoding=\"async\" class=\"wp-image-9009 aligncenter\" src=\"http:\/\/serveiseducatius.xtec.cat\/cda-ripolles\/wp-content\/uploads\/usu1377\/2016\/06\/Sin-t\u00edtulo.jpg\" alt=\"sin-titulo\" width=\"456\" height=\"140\" srcset=\"https:\/\/serveiseducatius.xtec.cat\/cda-ripolles\/wp-content\/uploads\/usu1377\/2016\/06\/Sin-t\u00edtulo.jpg 658w, https:\/\/serveiseducatius.xtec.cat\/cda-ripolles\/wp-content\/uploads\/usu1377\/2016\/06\/Sin-t\u00edtulo-300x92.jpg 300w\" sizes=\"auto, (max-width: 456px) 100vw, 456px\" \/><\/a><\/p>\n<p>&nbsp;<\/p>\n<p>&nbsp;<\/p>\n","protected":false},"excerpt":{"rendered":"<p>Les escoles que visiten el CdA del Ripoll\u00e8s, en funci\u00f3 de les seves necessitats i objectius curriculars, poden escollir entre les diferents modalitats d&#8217;activitats.\u00a0Sortides d&#8217;un dia, estades de varis dies o els projectes compartits amb el centre educatiu.<\/p>\n<ul>\n<li><a href=\"http:\/\/serveiseducatius.xtec.cat\/cda-ripolles\/activitats\/modalitats\/sortides\/\">Sortides d\u2019un dia <\/a>de diferents tem\u00e0tiques i&hellip;  <a href=\"https:\/\/serveiseducatius.xtec.cat\/cda-ripolles\/activitats\/modalitats\/\" title=\"Read Modalitats\">Llegeix m\u00e9s\u00bb<\/a><br \/>\n","protected":false},"author":1,"featured_media":0,"parent":8471,"menu_order":30,"comment_status":"closed","ping_status":"closed","template":"page-templates\/side-menu.php","meta":{"_bbp_topic_count":0,"_bbp_reply_count":0,"_bbp_total_topic_count":0,"_bbp_total_reply_count":0,"_bbp_voice_count":0,"_bbp_anonymous_reply_count":0,"_bbp_topic_count_hidden":0,"_bbp_reply_count_hidden":0,"_bbp_forum_subforum_count":0,"footnotes":""},"class_list":["post-8260","page","type-page","status-publish","hentry"],"post_mailing_queue_ids":[],"_links":{"self":[{"href":"https:\/\/serveiseducatius.xtec.cat\/cda-ripolles\/wp-json\/wp\/v2\/pages\/8260","targetHints":{"allow":["GET"]}}],"collection":[{"href":"https:\/\/serveiseducatius.xtec.cat\/cda-ripolles\/wp-json\/wp\/v2\/pages"}],"about":[{"href":"https:\/\/serveiseducatius.xtec.cat\/cda-ripolles\/wp-json\/wp\/v2\/types\/page"}],"author":[{"embeddable":true,"href":"https:\/\/serveiseducatius.xtec.cat\/cda-ripolles\/wp-json\/wp\/v2\/users\/1"}],"replies":[{"embeddable":true,"href":"https:\/\/serveiseducatius.xtec.cat\/cda-ripolles\/wp-json\/wp\/v2\/comments?post=8260"}],"version-history":[{"count":5,"href":"https:\/\/serveiseducatius.xtec.cat\/cda-ripolles\/wp-json\/wp\/v2\/pages\/8260\/revisions"}],"predecessor-version":[{"id":10335,"href":"https:\/\/serveiseducatius.xtec.cat\/cda-ripolles\/wp-json\/wp\/v2\/pages\/8260\/revisions\/10335"}],"up":[{"embeddable":true,"href":"https:\/\/serveiseducatius.xtec.cat\/cda-ripolles\/wp-json\/wp\/v2\/pages\/8471"}],"wp:attachment":[{"href":"https:\/\/serveiseducatius.xtec.cat\/cda-ripolles\/wp-json\/wp\/v2\/media?parent=8260"}],"curies":[{"name":"wp","href":"https:\/\/api.w.org\/{rel}","templated":true}]}}