{"id":8235,"date":"2016-06-20T17:26:18","date_gmt":"2016-06-20T16:26:18","guid":{"rendered":"http:\/\/serveiseducatius.xtec.cat\/cda-ripolles\/?page_id=8235"},"modified":"2021-02-22T18:35:30","modified_gmt":"2021-02-22T17:35:30","slug":"ambits","status":"publish","type":"page","link":"https:\/\/serveiseducatius.xtec.cat\/cda-ripolles\/activitats\/ambits\/","title":{"rendered":"\u00c0mbits"},"content":{"rendered":"<p style=\"text-align: justify;\"><a href=\"http:\/\/serveiseducatius.xtec.cat\/cda-ripolles\/wp-content\/uploads\/usu1377\/2016\/06\/Arc-e1482408169601.jpg\"><img loading=\"lazy\" decoding=\"async\" class=\" wp-image-8733 alignright\" src=\"http:\/\/serveiseducatius.xtec.cat\/cda-ripolles\/wp-content\/uploads\/usu1377\/2016\/06\/Arc-e1482408169601.jpg\" alt=\"arc\" width=\"250\" height=\"265\" srcset=\"https:\/\/serveiseducatius.xtec.cat\/cda-ripolles\/wp-content\/uploads\/usu1377\/2016\/06\/Arc-e1482408169601.jpg 340w, https:\/\/serveiseducatius.xtec.cat\/cda-ripolles\/wp-content\/uploads\/usu1377\/2016\/06\/Arc-e1482408169601-283x300.jpg 283w\" sizes=\"auto, (max-width: 250px) 100vw, 250px\" \/><\/a>El CdA del Ripoll\u00e8s, a partir dels variats i rics recursos naturals i culturals que l\u2019envolten, divideix les seves activitats pedag\u00f2giques en 4 grans \u00e0mbits: el <strong>rom\u00e0nic<\/strong>, la <strong>natura<\/strong>, l&#8217;<strong>orientaci\u00f3<\/strong> i l&#8217;estudi <strong>sociocultural<\/strong>.<\/p>\n<ul>\n<li style=\"text-align: justify;\">El <strong>rom\u00e0nic<\/strong> i la <strong>natura<\/strong> s\u00f3n els dos \u00e0mbits de treball <strong>principals <\/strong>i poden integrar per ells sols totes les activitats d&#8217;una estada o combinar-se entre ells o amb els complementaris per fer una estada.<\/li>\n<li style=\"text-align: justify;\">Els \u00e0mbits<strong> sociocultural<\/strong> i d&#8217;<strong>orientaci\u00f3<\/strong> s\u00f3n <strong>complementaris<\/strong> i poden complementar les activitats dels \u00e0mbits principals, o ser\u00a0 el contingut de la sortida d&#8217;un dia.<\/li>\n<\/ul>\n<p style=\"text-align: justify;\">Amb la participaci\u00f3 a les <a href=\"http:\/\/serveiseducatius.xtec.cat\/cda-ripolles\/amb-els-centres\/trobades-de-coordinacio\/\">trobades de coordinaci\u00f3<\/a>, i amb una bona col\u00b7laboraci\u00f3 i cooperaci\u00f3 dels centres adaptem les activitats dels diferents \u00e0mbits a les necessitats pedag\u00f2giques de cada centre.<\/p>\n<p style=\"text-align: justify;\">\n","protected":false},"excerpt":{"rendered":"<p><a href=\"http:\/\/serveiseducatius.xtec.cat\/cda-ripolles\/wp-content\/uploads\/usu1377\/2016\/06\/Arc-e1482408169601.jpg\"><\/a>El CdA del Ripoll\u00e8s, a partir dels variats i rics recursos naturals i culturals que l\u2019envolten, divideix les seves activitats pedag\u00f2giques en 4 grans \u00e0mbits: el rom\u00e0nic, la natura, l&#8217;orientaci\u00f3 i l&#8217;estudi sociocultural.<\/p>\n<ul>\n<li style=\"text-align: justify;\">El rom\u00e0nic i la natura s\u00f3n els dos \u00e0mbits de&hellip;  <a href=\"https:\/\/serveiseducatius.xtec.cat\/cda-ripolles\/activitats\/ambits\/\" title=\"Read \u00c0mbits\">Llegeix m\u00e9s\u00bb<\/a><br \/>\n","protected":false},"author":1,"featured_media":0,"parent":8471,"menu_order":0,"comment_status":"closed","ping_status":"closed","template":"page-templates\/side-menu.php","meta":{"_bbp_topic_count":0,"_bbp_reply_count":0,"_bbp_total_topic_count":0,"_bbp_total_reply_count":0,"_bbp_voice_count":0,"_bbp_anonymous_reply_count":0,"_bbp_topic_count_hidden":0,"_bbp_reply_count_hidden":0,"_bbp_forum_subforum_count":0,"footnotes":""},"class_list":["post-8235","page","type-page","status-publish","hentry"],"post_mailing_queue_ids":[],"_links":{"self":[{"href":"https:\/\/serveiseducatius.xtec.cat\/cda-ripolles\/wp-json\/wp\/v2\/pages\/8235","targetHints":{"allow":["GET"]}}],"collection":[{"href":"https:\/\/serveiseducatius.xtec.cat\/cda-ripolles\/wp-json\/wp\/v2\/pages"}],"about":[{"href":"https:\/\/serveiseducatius.xtec.cat\/cda-ripolles\/wp-json\/wp\/v2\/types\/page"}],"author":[{"embeddable":true,"href":"https:\/\/serveiseducatius.xtec.cat\/cda-ripolles\/wp-json\/wp\/v2\/users\/1"}],"replies":[{"embeddable":true,"href":"https:\/\/serveiseducatius.xtec.cat\/cda-ripolles\/wp-json\/wp\/v2\/comments?post=8235"}],"version-history":[{"count":4,"href":"https:\/\/serveiseducatius.xtec.cat\/cda-ripolles\/wp-json\/wp\/v2\/pages\/8235\/revisions"}],"predecessor-version":[{"id":9634,"href":"https:\/\/serveiseducatius.xtec.cat\/cda-ripolles\/wp-json\/wp\/v2\/pages\/8235\/revisions\/9634"}],"up":[{"embeddable":true,"href":"https:\/\/serveiseducatius.xtec.cat\/cda-ripolles\/wp-json\/wp\/v2\/pages\/8471"}],"wp:attachment":[{"href":"https:\/\/serveiseducatius.xtec.cat\/cda-ripolles\/wp-json\/wp\/v2\/media?parent=8235"}],"curies":[{"name":"wp","href":"https:\/\/api.w.org\/{rel}","templated":true}]}}