{"id":8225,"date":"2016-06-20T17:21:25","date_gmt":"2016-06-20T16:21:25","guid":{"rendered":"http:\/\/serveiseducatius.xtec.cat\/cda-ripolles\/?page_id=8225"},"modified":"2021-02-22T19:14:55","modified_gmt":"2021-02-22T18:14:55","slug":"el-camp","status":"publish","type":"page","link":"https:\/\/serveiseducatius.xtec.cat\/cda-ripolles\/el-camp\/","title":{"rendered":"El Camp"},"content":{"rendered":"<p style=\"text-align: justify;\">Els <a href=\"http:\/\/xtec.gencat.cat\/ca\/serveis\/sesc\/cda\/\">Camps i els Entorns d\u2019Aprenentatge<\/a> (CdA\/EdA) s\u00f3n serveis educatius que treballen conjuntament amb els centres educatius per promoure l\u2019aprenentatge de l\u2019alumnat a trav\u00e9s d\u2019oferir <strong>activitats did\u00e0ctiques innovadores realitzades en un medi natural o cultural singular de Catalunya<\/strong> i contribuir a l\u2019aprofundiment de la formaci\u00f3 competencial de l\u2019alumne.<\/p>\n<p style=\"text-align: justify;\">Els camps d&#8217;aprenentatge estan regulats, com a <strong>serveis educatius del Departament d&#8217;Ensenyament<\/strong>, pel <a href=\"https:\/\/portaljuridic.gencat.cat\/ca\/pjur_ocults\/pjur_resultats_fitxa\/?documentId=373891&amp;action=fitxa\">Decret 155\/1994<\/a>.<a href=\"http:\/\/serveiseducatius.xtec.cat\/cda-ripolles\/wp-content\/uploads\/usu1377\/2016\/06\/map.png\"><img loading=\"lazy\" decoding=\"async\" class=\" wp-image-8528 alignright\" src=\"http:\/\/serveiseducatius.xtec.cat\/cda-ripolles\/wp-content\/uploads\/usu1377\/2016\/06\/map.png\" alt=\"map\" width=\"173\" height=\"168\" \/><\/a><\/p>\n<p style=\"text-align: justify;\">Actualment a Catalunya hi ha <strong>16 camps d&#8217;aprenentatge<\/strong> i <strong>4 entorns<\/strong> arreu del territori.<\/p>\n<ul>\n<li style=\"text-align: justify;\"><strong>16 Camps d&#8217;Aprenentatge (CdA&#8217;s):<\/strong> Barcelona, Alt Bergued\u00e0 (Bergued\u00e0), Bages (Bages), Barcelona (Barcelon\u00e8s), Can Santoi (Baix Llobregat), Delta de l&#8217;Ebre (Montsi\u00e0), Emp\u00faries (Alt Empord\u00e0), Garrotxa (Garrotxa), Granja escola de Juneda (Garrigues), Monestirs del Cister (Conca de Barber\u00e0), Noguera (Noguera), Pau Casals (Baix Pened\u00e8s), Ripoll\u00e8s (Ripoll\u00e8s), Ciutat de Tarragona (Tarragon\u00e8s), Vall de Bo\u00ed (Alta Ribagor\u00e7a) i Valls d&#8217;\u00c0neu (Pallars Sobir\u00e0) i Sebes i Meandre de Flix (Ribera d&#8217;Ebre)<\/li>\n<li style=\"text-align: justify;\"><strong>4 Entorns d&#8217;Aprenentatge (EdA&#8217;s):<\/strong> Pujalt (Anoia), , Tremp (Pallars Juss\u00e0), Tuixent (Alt Urgell) i Canig\u00f3 (Prada del Conflent).<\/li>\n<\/ul>\n<p style=\"text-align: justify;\">Els camps i els entorns d\u2019aprenentatge ofereixen activitats did\u00e0ctiques innovadores que poden ser de<strong> m\u00e9s d\u2019un dia (estada) o d\u2019un dia (sortida)<\/strong>. Les activitats de m\u00e9s d\u2019un dia promouen la consolidaci\u00f3 dels aprenentatges dels alumnes. Per tal d\u2019assolir els objectius d\u2019aprenentatge es recomana aquesta tipologia d\u2019estada.<\/p>\n<p style=\"text-align: justify;\">Les activitats d\u2019un dia s\u2019adrecen principalment als centres educatius propers als CdA\/EdA.<\/p>\n<p style=\"text-align: justify;\">Els CdA\/EdA s&#8217;adrecen principalment a alumnes <strong>d&#8217;educaci\u00f3 prim\u00e0ria, de secund\u00e0ria, dels cicles formatius i del batxillerat dels centres educatius de Catalunya<\/strong>. En cas excepcional, condicionat per les activitats col\u2022laboratives concretes i a la disponibilitat del CdA\/ l\u2019EdA, es podran atendre centres educatius p\u00fablics de fora de Catalunya.<a href=\"http:\/\/serveiseducatius.xtec.cat\/cda-ripolles\/wp-content\/uploads\/usu1377\/2013\/11\/Equip.jpg\"><br \/>\n<\/a><\/p>\n","protected":false},"excerpt":{"rendered":"<p>Els <a href=\"http:\/\/xtec.gencat.cat\/ca\/serveis\/sesc\/cda\/\">Camps i els Entorns d\u2019Aprenentatge<\/a> (CdA\/EdA) s\u00f3n serveis educatius que treballen conjuntament amb els centres educatius per promoure l\u2019aprenentatge de l\u2019alumnat a trav\u00e9s d\u2019oferir activitats did\u00e0ctiques innovadores realitzades en un medi natural o cultural singular de Catalunya i contribuir a l\u2019aprofundiment de la&hellip;  <a href=\"https:\/\/serveiseducatius.xtec.cat\/cda-ripolles\/el-camp\/\" title=\"Read El Camp\">Llegeix m\u00e9s\u00bb<\/a><\/p>\n","protected":false},"author":1,"featured_media":0,"parent":0,"menu_order":0,"comment_status":"closed","ping_status":"closed","template":"page-templates\/side-menu.php","meta":{"_bbp_topic_count":0,"_bbp_reply_count":0,"_bbp_total_topic_count":0,"_bbp_total_reply_count":0,"_bbp_voice_count":0,"_bbp_anonymous_reply_count":0,"_bbp_topic_count_hidden":0,"_bbp_reply_count_hidden":0,"_bbp_forum_subforum_count":0,"footnotes":""},"class_list":["post-8225","page","type-page","status-publish","hentry"],"post_mailing_queue_ids":[],"_links":{"self":[{"href":"https:\/\/serveiseducatius.xtec.cat\/cda-ripolles\/wp-json\/wp\/v2\/pages\/8225","targetHints":{"allow":["GET"]}}],"collection":[{"href":"https:\/\/serveiseducatius.xtec.cat\/cda-ripolles\/wp-json\/wp\/v2\/pages"}],"about":[{"href":"https:\/\/serveiseducatius.xtec.cat\/cda-ripolles\/wp-json\/wp\/v2\/types\/page"}],"author":[{"embeddable":true,"href":"https:\/\/serveiseducatius.xtec.cat\/cda-ripolles\/wp-json\/wp\/v2\/users\/1"}],"replies":[{"embeddable":true,"href":"https:\/\/serveiseducatius.xtec.cat\/cda-ripolles\/wp-json\/wp\/v2\/comments?post=8225"}],"version-history":[{"count":4,"href":"https:\/\/serveiseducatius.xtec.cat\/cda-ripolles\/wp-json\/wp\/v2\/pages\/8225\/revisions"}],"predecessor-version":[{"id":9652,"href":"https:\/\/serveiseducatius.xtec.cat\/cda-ripolles\/wp-json\/wp\/v2\/pages\/8225\/revisions\/9652"}],"wp:attachment":[{"href":"https:\/\/serveiseducatius.xtec.cat\/cda-ripolles\/wp-json\/wp\/v2\/media?parent=8225"}],"curies":[{"name":"wp","href":"https:\/\/api.w.org\/{rel}","templated":true}]}}