{"id":71,"date":"2013-11-14T19:47:14","date_gmt":"2013-11-14T18:47:14","guid":{"rendered":"http:\/\/blocs.xtec.cat\/plantillacda\/?page_id=71"},"modified":"2024-05-14T20:55:02","modified_gmt":"2024-05-14T18:55:02","slug":"on-som","status":"publish","type":"page","link":"https:\/\/serveiseducatius.xtec.cat\/cda-ripolles\/el-camp\/on-som\/","title":{"rendered":"El CdA del Ripoll\u00e8s"},"content":{"rendered":"<h4>CdA del Ripoll\u00e8s<\/h4>\n<p style=\"text-align: justify;\">El <strong>Camp d\u2019 Aprenentatge del Ripoll\u00e8s<\/strong> \u00e9s un servei educatiu situat en una comarca pirinenca, el Ripoll\u00e8s,\u00a0 un dels entorns m\u00e9s\u00a0 singulars i diversos de Catalunya, on\u00a0 <strong>natura i cultura <\/strong>s\u00f3n omnipresents.<\/p>\n<p style=\"text-align: justify;\">La vocaci\u00f3 del CdA \u00e9s, a partir dels variats recursos que l\u2019envolten, col\u00b7laborar amb els centres que el visiten en la formaci\u00f3 d\u2019alumnes cultes, sensibles, alegres, curiosos i dotats d\u2019esperit cr\u00edtic.<\/p>\n<p style=\"text-align: justify;\">La seu del CdA est\u00e0 ubicada a <strong>Planoles<\/strong>, compartint instal\u00b7lacions amb l&#8217;Alberg Pere Figuera. Nom\u00e9s a 2 minuts a peu de l&#8217;estaci\u00f3 de RENFE.<\/p>\n<p>&nbsp;<\/p>\n<h4>Com arribar-hi<a href=\"http:\/\/serveiseducatius.xtec.cat\/cda-ripolles\/wp-content\/uploads\/usu1377\/2013\/11\/Mapa.jpg\" rel=\"attachment wp-att-8387\"><img loading=\"lazy\" decoding=\"async\" class=\"wp-image-8387 alignright\" src=\"http:\/\/serveiseducatius.xtec.cat\/cda-ripolles\/wp-content\/uploads\/usu1377\/2013\/11\/Mapa.jpg\" alt=\"Mapa\" width=\"392\" height=\"332\" srcset=\"https:\/\/serveiseducatius.xtec.cat\/cda-ripolles\/wp-content\/uploads\/usu1377\/2013\/11\/Mapa.jpg 370w, https:\/\/serveiseducatius.xtec.cat\/cda-ripolles\/wp-content\/uploads\/usu1377\/2013\/11\/Mapa-300x254.jpg 300w\" sizes=\"auto, (max-width: 392px) 100vw, 392px\" \/><\/a><\/h4>\n<p style=\"text-align: justify;\"><strong>Per carretera<\/strong>: al Camp d&#8217;Aprenentatge del Ripoll\u00e8s s&#8217;hi accedeix a trav\u00e9s de <strong>la Collada de Toses (N-260)<\/strong>, a la <strong>sortida de Planoles<\/strong>. Les instal\u00b7lacions es troben despr\u00e9s de\u00a0 creuar el poble, a pocs metres de l&#8217;estaci\u00f3 de RENFE.<\/p>\n<p style=\"text-align: justify;\"><strong>Amb tren<\/strong>: a trav\u00e9s de la <strong>l\u00ednia R3 de rodalies de RENFE<\/strong>. De la parada de tren a les instal\u00b7lacions del Camp i l&#8217;alberg hi ha 2 minuts a peu.<\/p>\n<h4><\/h4>\n<h4>Mapa<\/h4>\n<p style=\"text-align: justify;\">Ens trobar\u00e0s a la Carretera de Nev\u00e0 Prat Cap Riu s\/n. A Planoles.<\/p>\n<p style=\"text-align: justify;\">Per saber exactament on som pots consultar la nostra ubicaci\u00f3 exacta al seg\u00fcent <a href=\"https:\/\/www.google.es\/maps\/place\/Alberg+Pere+Figuera+-+Xanascat\/@42.31317,2.0980223,17z\/data=!3m1!4b1!4m5!3m4!1s0x12a56ec24f9e1845:0xaf0a7f4b7e97095a!8m2!3d42.31317!4d2.100211\">mapa<\/a>.<\/p>\n<header class=\"entry-header\">\n<h4><\/h4>\n<h4 class=\"entry-title\">Contacte<\/h4>\n<\/header>\n<div class=\"entry-content\">\n<p>Per\u00a0 a qualsevol dubte, pregunta o aclariment que ens vulgueu fer arribar, no ho dubteu en:<\/p>\n<ul>\n<li>Enviar-nos un <strong>correu electr\u00f2nic<\/strong> a b7903054@xtec.cat<\/li>\n<li>Trucar-nos als <strong>tel\u00e8fons<\/strong> 972 73 63 50 \/ 634 765 061<\/li>\n<li>Escriure&#8217;ns un <strong>WhatsApp<\/strong> a 634 765 061<\/li>\n<li>O si ho preferiu, veniu a veure\u2019ns al propi <a href=\"https:\/\/www.google.es\/maps\/place\/Alberg+Pere+Figuera+-+Xanascat\/@42.31317,2.0980223,17z\/data=!3m1!4b1!4m5!3m4!1s0x12a56ec24f9e1845:0xaf0a7f4b7e97095a!8m2!3d42.31317!4d2.100211\"><strong>Camp d\u2019Aprenentatge del Ripoll\u00e8s<\/strong><\/a><\/li>\n<\/ul>\n<\/div>\n<pre><a href=\"https:\/\/serveiseducatius.xtec.cat\/cda-ripolles\/wp-content\/uploads\/usu1377\/2021\/11\/BSLJ3797.jpg\"><img loading=\"lazy\" decoding=\"async\" class=\"alignnone size-medium wp-image-9787\" src=\"https:\/\/serveiseducatius.xtec.cat\/cda-ripolles\/wp-content\/uploads\/usu1377\/2021\/11\/BSLJ3797-300x225.jpg\" alt=\"\" width=\"300\" height=\"225\" srcset=\"https:\/\/serveiseducatius.xtec.cat\/cda-ripolles\/wp-content\/uploads\/usu1377\/2021\/11\/BSLJ3797-300x225.jpg 300w, https:\/\/serveiseducatius.xtec.cat\/cda-ripolles\/wp-content\/uploads\/usu1377\/2021\/11\/BSLJ3797-1024x768.jpg 1024w, https:\/\/serveiseducatius.xtec.cat\/cda-ripolles\/wp-content\/uploads\/usu1377\/2021\/11\/BSLJ3797-768x576.jpg 768w, https:\/\/serveiseducatius.xtec.cat\/cda-ripolles\/wp-content\/uploads\/usu1377\/2021\/11\/BSLJ3797-200x150.jpg 200w, https:\/\/serveiseducatius.xtec.cat\/cda-ripolles\/wp-content\/uploads\/usu1377\/2021\/11\/BSLJ3797.jpg 1175w\" sizes=\"auto, (max-width: 300px) 100vw, 300px\" \/><\/a><\/pre>\n<p>Equip del CdA curs 21-22<\/p>\n","protected":false},"excerpt":{"rendered":"<p>CdA del Ripoll\u00e8s<br \/>\nEl Camp d\u2019 Aprenentatge del Ripoll\u00e8s \u00e9s un servei educatiu situat en una comarca pirinenca, el Ripoll\u00e8s,\u00a0 un dels entorns m\u00e9s\u00a0 singulars i diversos de Catalunya, on\u00a0 natura i cultura s\u00f3n omnipresents.<br \/>\nLa vocaci\u00f3 del CdA \u00e9s, a partir dels variats recursos que l\u2019envolten,&hellip;  <a href=\"https:\/\/serveiseducatius.xtec.cat\/cda-ripolles\/el-camp\/on-som\/\" title=\"Read El CdA del Ripoll\u00e8s\">Llegeix m\u00e9s\u00bb<\/a><\/p>\n","protected":false},"author":1,"featured_media":0,"parent":8225,"menu_order":10,"comment_status":"closed","ping_status":"closed","template":"page-templates\/side-menu.php","meta":{"_bbp_topic_count":0,"_bbp_reply_count":0,"_bbp_total_topic_count":0,"_bbp_total_reply_count":0,"_bbp_voice_count":0,"_bbp_anonymous_reply_count":0,"_bbp_topic_count_hidden":0,"_bbp_reply_count_hidden":0,"_bbp_forum_subforum_count":0,"footnotes":""},"class_list":["post-71","page","type-page","status-publish","hentry"],"post_mailing_queue_ids":[],"_links":{"self":[{"href":"https:\/\/serveiseducatius.xtec.cat\/cda-ripolles\/wp-json\/wp\/v2\/pages\/71","targetHints":{"allow":["GET"]}}],"collection":[{"href":"https:\/\/serveiseducatius.xtec.cat\/cda-ripolles\/wp-json\/wp\/v2\/pages"}],"about":[{"href":"https:\/\/serveiseducatius.xtec.cat\/cda-ripolles\/wp-json\/wp\/v2\/types\/page"}],"author":[{"embeddable":true,"href":"https:\/\/serveiseducatius.xtec.cat\/cda-ripolles\/wp-json\/wp\/v2\/users\/1"}],"replies":[{"embeddable":true,"href":"https:\/\/serveiseducatius.xtec.cat\/cda-ripolles\/wp-json\/wp\/v2\/comments?post=71"}],"version-history":[{"count":6,"href":"https:\/\/serveiseducatius.xtec.cat\/cda-ripolles\/wp-json\/wp\/v2\/pages\/71\/revisions"}],"predecessor-version":[{"id":10372,"href":"https:\/\/serveiseducatius.xtec.cat\/cda-ripolles\/wp-json\/wp\/v2\/pages\/71\/revisions\/10372"}],"up":[{"embeddable":true,"href":"https:\/\/serveiseducatius.xtec.cat\/cda-ripolles\/wp-json\/wp\/v2\/pages\/8225"}],"wp:attachment":[{"href":"https:\/\/serveiseducatius.xtec.cat\/cda-ripolles\/wp-json\/wp\/v2\/media?parent=71"}],"curies":[{"name":"wp","href":"https:\/\/api.w.org\/{rel}","templated":true}]}}