{"id":600,"date":"2013-12-13T12:20:59","date_gmt":"2013-12-13T11:20:59","guid":{"rendered":"http:\/\/blocs.xtec.cat\/plantillacda\/?page_id=600"},"modified":"2023-03-29T12:37:02","modified_gmt":"2023-03-29T10:37:02","slug":"trobades-de-coordinacio","status":"publish","type":"page","link":"https:\/\/serveiseducatius.xtec.cat\/cda-ripolles\/amb-els-centres\/trobades-de-coordinacio\/","title":{"rendered":"Trobades de coordinaci\u00f3"},"content":{"rendered":"<h4><strong><a href=\"http:\/\/serveiseducatius.xtec.cat\/cda-ripolles\/wp-content\/uploads\/usu1377\/2013\/12\/IMG_20161220_095218.jpg\"><img loading=\"lazy\" decoding=\"async\" class=\"size-full wp-image-8565 alignright\" src=\"http:\/\/serveiseducatius.xtec.cat\/cda-ripolles\/wp-content\/uploads\/usu1377\/2013\/12\/IMG_20161220_095218.jpg\" alt=\"img_20161220_095218\" width=\"408\" height=\"306\" srcset=\"https:\/\/serveiseducatius.xtec.cat\/cda-ripolles\/wp-content\/uploads\/usu1377\/2013\/12\/IMG_20161220_095218.jpg 408w, https:\/\/serveiseducatius.xtec.cat\/cda-ripolles\/wp-content\/uploads\/usu1377\/2013\/12\/IMG_20161220_095218-300x225.jpg 300w, https:\/\/serveiseducatius.xtec.cat\/cda-ripolles\/wp-content\/uploads\/usu1377\/2013\/12\/IMG_20161220_095218-200x150.jpg 200w\" sizes=\"auto, (max-width: 408px) 100vw, 408px\" \/><\/a><\/strong><strong>El perqu\u00e8 de les trobades de coordinaci\u00f3:<\/strong><\/h4>\n<p style=\"text-align: justify;\">Estudiar i con\u00e8ixer el medi natural, el medi social, hist\u00f2ric i cultural de Catalunya, aix\u00ed com adquirir consci\u00e8ncia de la import\u00e0ncia de respectar i conservar el medi ambient, s\u00f3n objectius cabdals del Camp d\u2019Aprenentatge del Ripoll\u00e8s.<br \/>\nLes propostes did\u00e0ctiques dels Camps d\u2019Aprenentatge es realitzen de manera que faciliten als estudiants uns esquemes de treball en un medi concret del nostre pa\u00eds. Per aquest motiu proposem tamb\u00e9 un seguit de treballs previs i posteriors sobre els continguts i les compet\u00e8ncies treballades.<\/p>\n<p style=\"text-align: justify;\"><strong>La trobada de coordinaci\u00f3<\/strong> proporciona als docents tota la informaci\u00f3 i la documentaci\u00f3 necess\u00e0ries per a elaborar un pla de treball adequat al seu alumnat.<\/p>\n<p>&nbsp;<\/p>\n<h4><strong>Quan:<\/strong><\/h4>\n<p style=\"text-align: justify;\">Les trobades de coordinaci\u00f3 amb els diferents centres escolars se solen realitzar a principi de curs. Ara b\u00e9, des del Camp d&#8217;Aprenentatge del Ripoll\u00e8s estem oberts a trobar i consensuar una altra data per a la trobada de coordinaci\u00f3.<\/p>\n<p style=\"text-align: justify;\">\u00c9s important que en aquestes trobades hi assisteixin alguns dels docents que acompanyaran els alumnes durant les estades o les activitats que realitzaran. D&#8217;aquesta manera es facilita la feina de tots i s&#8217;aprofundeix molt m\u00e9s en el bon aprofitament de l&#8217;estada.<\/p>\n<h4 style=\"text-align: justify;\"><strong>On:<\/strong><\/h4>\n<p style=\"text-align: justify;\">Fins abans de la pand\u00e8mia les trobades de coordinaci\u00f3 es realitzaven a les instal\u00b7lacions del <a href=\"https:\/\/www.google.es\/maps\/place\/Alberg+Pere+Figuera+-+Xanascat\/@42.31317,2.0980223,17z\/data=!3m1!4b1!4m5!3m4!1s0x12a56ec24f9e1845:0xaf0a7f4b7e97095a!8m2!3d42.31317!4d2.100211\">CdA del Ripoll\u00e8s<\/a> de Planoles, per\u00f2 a partir de llavors les duem a terme telem\u00e0ticament.\u00a0 Tot i aix\u00ed, els docents o centres que ho creguin oport\u00fa poden venir sempre que ho desitgin i veure les instal\u00b7lacions i entrevistar-se amb els docents del camp previ av\u00eds.<\/p>\n<p>&nbsp;<\/p>\n<h4 style=\"text-align: center;\"><span style=\"text-decoration: underline;\"><strong>Material de suport per les jornades de coordinaci\u00f3<\/strong><\/span><\/h4>\n<p style=\"text-align: justify;\">Per assistir a les jornades de coordinaci\u00f3, hi ha una s\u00e8rie de material de suport que seria interessant que es consult\u00e9s:<\/p>\n<ul style=\"list-style-type: disc;\">\n<li style=\"text-align: justify;\">Document de <a href=\"https:\/\/serveiseducatius.xtec.cat\/cda-ripolles\/wp-content\/uploads\/usu1377\/2023\/03\/Preu-public-22-23-3.pdf\">Preu p\u00fablic<\/a>, marcat per la generalitat de Catalunya, en concepte dels serveis del Camp d&#8217;Aprenentatge.<\/li>\n<li style=\"text-align: justify;\">Tota la\u00a0<a href=\"http:\/\/serveiseducatius.xtec.cat\/cda-ripolles\/wp-content\/uploads\/usu1377\/2013\/12\/Documentaci%C3%B3-Alberg-Pere-Figuera-Planoles.pdf\">documentaci\u00f3<\/a> que cal portar a l&#8217;estada.<\/li>\n<li style=\"text-align: justify;\">Tota<a href=\"http:\/\/serveiseducatius.xtec.cat\/cda-ripolles\/wp-content\/uploads\/usu1377\/2013\/12\/INFORMACI\u00d3-PER-A-UNA-BONA-ESTADA.pdf\">\u00a0la informaci\u00f3 que cal con\u00e8ixer per tenir una bona estada<\/a>\u00a0al CdA del Ripoll\u00e8s.<\/li>\n<li style=\"text-align: justify;\">Tota la\u00a0<a href=\"http:\/\/serveiseducatius.xtec.cat\/cda-ripolles\/wp-content\/uploads\/usu1377\/2013\/12\/Documentaci\u00f3-Alberg-Pere-Figuera-Planoles.pdf\">documentaci\u00f3 i normativa<\/a>\u00a0de l&#8217;Alberg Pere Figuera.<\/li>\n<\/ul>\n<p><a href=\"http:\/\/serveiseducatius.xtec.cat\/cda-ripolles\/wp-content\/uploads\/usu1377\/2013\/12\/Trobades.jpg\"><img loading=\"lazy\" decoding=\"async\" class=\"size-full wp-image-8559 aligncenter\" src=\"http:\/\/serveiseducatius.xtec.cat\/cda-ripolles\/wp-content\/uploads\/usu1377\/2013\/12\/Trobades.jpg\" alt=\"trobades\" width=\"883\" height=\"402\" srcset=\"https:\/\/serveiseducatius.xtec.cat\/cda-ripolles\/wp-content\/uploads\/usu1377\/2013\/12\/Trobades.jpg 883w, https:\/\/serveiseducatius.xtec.cat\/cda-ripolles\/wp-content\/uploads\/usu1377\/2013\/12\/Trobades-300x137.jpg 300w, https:\/\/serveiseducatius.xtec.cat\/cda-ripolles\/wp-content\/uploads\/usu1377\/2013\/12\/Trobades-768x350.jpg 768w\" sizes=\"auto, (max-width: 883px) 100vw, 883px\" \/><\/a><\/p>\n","protected":false},"excerpt":{"rendered":"<p><a href=\"http:\/\/serveiseducatius.xtec.cat\/cda-ripolles\/wp-content\/uploads\/usu1377\/2013\/12\/IMG_20161220_095218.jpg\"><\/a>El perqu\u00e8 de les trobades de coordinaci\u00f3:<br \/>\nEstudiar i con\u00e8ixer el medi natural, el medi social, hist\u00f2ric i cultural de Catalunya, aix\u00ed com adquirir consci\u00e8ncia de la import\u00e0ncia de respectar i conservar el medi ambient, s\u00f3n objectius cabdals del Camp d\u2019Aprenentatge del Ripoll\u00e8s.<br \/>\nLes propostes did\u00e0ctiques&hellip;  <a href=\"https:\/\/serveiseducatius.xtec.cat\/cda-ripolles\/amb-els-centres\/trobades-de-coordinacio\/\" title=\"Read Trobades de coordinaci\u00f3\">Llegeix m\u00e9s\u00bb<\/a><\/p>\n","protected":false},"author":1,"featured_media":0,"parent":8272,"menu_order":20,"comment_status":"closed","ping_status":"closed","template":"page-templates\/side-menu.php","meta":{"_bbp_topic_count":0,"_bbp_reply_count":0,"_bbp_total_topic_count":0,"_bbp_total_reply_count":0,"_bbp_voice_count":0,"_bbp_anonymous_reply_count":0,"_bbp_topic_count_hidden":0,"_bbp_reply_count_hidden":0,"_bbp_forum_subforum_count":0,"footnotes":""},"class_list":["post-600","page","type-page","status-publish","hentry"],"post_mailing_queue_ids":[],"_links":{"self":[{"href":"https:\/\/serveiseducatius.xtec.cat\/cda-ripolles\/wp-json\/wp\/v2\/pages\/600","targetHints":{"allow":["GET"]}}],"collection":[{"href":"https:\/\/serveiseducatius.xtec.cat\/cda-ripolles\/wp-json\/wp\/v2\/pages"}],"about":[{"href":"https:\/\/serveiseducatius.xtec.cat\/cda-ripolles\/wp-json\/wp\/v2\/types\/page"}],"author":[{"embeddable":true,"href":"https:\/\/serveiseducatius.xtec.cat\/cda-ripolles\/wp-json\/wp\/v2\/users\/1"}],"replies":[{"embeddable":true,"href":"https:\/\/serveiseducatius.xtec.cat\/cda-ripolles\/wp-json\/wp\/v2\/comments?post=600"}],"version-history":[{"count":4,"href":"https:\/\/serveiseducatius.xtec.cat\/cda-ripolles\/wp-json\/wp\/v2\/pages\/600\/revisions"}],"predecessor-version":[{"id":10141,"href":"https:\/\/serveiseducatius.xtec.cat\/cda-ripolles\/wp-json\/wp\/v2\/pages\/600\/revisions\/10141"}],"up":[{"embeddable":true,"href":"https:\/\/serveiseducatius.xtec.cat\/cda-ripolles\/wp-json\/wp\/v2\/pages\/8272"}],"wp:attachment":[{"href":"https:\/\/serveiseducatius.xtec.cat\/cda-ripolles\/wp-json\/wp\/v2\/media?parent=600"}],"curies":[{"name":"wp","href":"https:\/\/api.w.org\/{rel}","templated":true}]}}