{"id":549,"date":"2013-12-12T09:25:27","date_gmt":"2013-12-12T08:25:27","guid":{"rendered":"http:\/\/blocs.xtec.cat\/plantillacda\/?page_id=549"},"modified":"2021-02-22T19:02:07","modified_gmt":"2021-02-22T18:02:07","slug":"preparacio","status":"publish","type":"page","link":"https:\/\/serveiseducatius.xtec.cat\/cda-ripolles\/amb-els-centres\/preparacio\/","title":{"rendered":"Preparaci\u00f3"},"content":{"rendered":"<h4 style=\"text-align: justify;\"><strong>Preparaci\u00f3 de l&#8217;Estada<\/strong><\/h4>\n<p style=\"text-align: justify;\">\u00c9s imprescindible per a la <strong>preparaci\u00f3<\/strong> de l\u2019estada i per a una bona <strong>organitzaci\u00f3<\/strong> i <strong>funcionament<\/strong> durant la mateixa:<\/p>\n<ul style=\"text-align: justify;\">\n<li style=\"text-align: justify;\">Assistir a les<a href=\"http:\/\/serveiseducatius.xtec.cat\/cda-ripolles\/amb-els-centres\/trobades-de-coordinacio\/\"><strong>\u00a0Trobada de coordinaci\u00f3<\/strong><\/a>\u00a0( Moment 1).<\/li>\n<li style=\"text-align: justify;\">Mantenir un<a href=\"http:\/\/serveiseducatius.xtec.cat\/cda-ripolles\/el-camp\/contacte\/\"><strong> contacte regular<\/strong><\/a> amb el tutor\/a assignat pel CdA.<\/li>\n<li style=\"text-align: justify;\">Elaborar un <strong>Pla de Treball<\/strong>, consensuat amb el tutor\/a del CdA, que constar\u00e0 de l\u2019 horari d\u2019activitats, \u00a0l\u2019objectiu de l\u2019estada, les r\u00fabriques, les compet\u00e8ncies i continguts que es treballaran i la proposata d&#8217;avaluaci\u00f3.<\/li>\n<li style=\"text-align: justify;\">Realitzar els <strong>treballs previs i posteriors<\/strong> facilitats pel CdA.<\/li>\n<\/ul>\n<p style=\"text-align: justify;\">\n","protected":false},"excerpt":{"rendered":"<p>Preparaci\u00f3 de l&#8217;Estada<br \/>\n\u00c9s imprescindible per a la preparaci\u00f3 de l\u2019estada i per a una bona organitzaci\u00f3 i funcionament durant la mateixa:<\/p>\n<ul style=\"text-align: justify;\">\n<li style=\"text-align: justify;\">Assistir a les<a href=\"http:\/\/serveiseducatius.xtec.cat\/cda-ripolles\/amb-els-centres\/trobades-de-coordinacio\/\">\u00a0Trobada de coordinaci\u00f3<\/a>\u00a0( Moment 1).<\/li>\n<li style=\"text-align: justify;\">Mantenir un<a href=\"http:\/\/serveiseducatius.xtec.cat\/cda-ripolles\/el-camp\/contacte\/\"> contacte regular<\/a> amb el tutor\/a assignat pel CdA.<\/li>\n<li style=\"text-align:&hellip;  <a href=\"https:\/\/serveiseducatius.xtec.cat\/cda-ripolles\/amb-els-centres\/preparacio\/\" title=\"Read Preparaci\u00f3\">Llegeix m\u00e9s\u00bb<\/a><br \/>\n","protected":false},"author":1,"featured_media":0,"parent":8272,"menu_order":10,"comment_status":"closed","ping_status":"closed","template":"page-templates\/side-menu.php","meta":{"_bbp_topic_count":0,"_bbp_reply_count":0,"_bbp_total_topic_count":0,"_bbp_total_reply_count":0,"_bbp_voice_count":0,"_bbp_anonymous_reply_count":0,"_bbp_topic_count_hidden":0,"_bbp_reply_count_hidden":0,"_bbp_forum_subforum_count":0,"footnotes":""},"class_list":["post-549","page","type-page","status-publish","hentry"],"post_mailing_queue_ids":[],"_links":{"self":[{"href":"https:\/\/serveiseducatius.xtec.cat\/cda-ripolles\/wp-json\/wp\/v2\/pages\/549","targetHints":{"allow":["GET"]}}],"collection":[{"href":"https:\/\/serveiseducatius.xtec.cat\/cda-ripolles\/wp-json\/wp\/v2\/pages"}],"about":[{"href":"https:\/\/serveiseducatius.xtec.cat\/cda-ripolles\/wp-json\/wp\/v2\/types\/page"}],"author":[{"embeddable":true,"href":"https:\/\/serveiseducatius.xtec.cat\/cda-ripolles\/wp-json\/wp\/v2\/users\/1"}],"replies":[{"embeddable":true,"href":"https:\/\/serveiseducatius.xtec.cat\/cda-ripolles\/wp-json\/wp\/v2\/comments?post=549"}],"version-history":[{"count":4,"href":"https:\/\/serveiseducatius.xtec.cat\/cda-ripolles\/wp-json\/wp\/v2\/pages\/549\/revisions"}],"predecessor-version":[{"id":8835,"href":"https:\/\/serveiseducatius.xtec.cat\/cda-ripolles\/wp-json\/wp\/v2\/pages\/549\/revisions\/8835"}],"up":[{"embeddable":true,"href":"https:\/\/serveiseducatius.xtec.cat\/cda-ripolles\/wp-json\/wp\/v2\/pages\/8272"}],"wp:attachment":[{"href":"https:\/\/serveiseducatius.xtec.cat\/cda-ripolles\/wp-json\/wp\/v2\/media?parent=549"}],"curies":[{"name":"wp","href":"https:\/\/api.w.org\/{rel}","templated":true}]}}