{"id":359,"date":"2013-11-18T10:16:41","date_gmt":"2013-11-18T09:16:41","guid":{"rendered":"http:\/\/blocs.xtec.cat\/cdaaltbergueda\/?page_id=359"},"modified":"2024-04-30T11:57:34","modified_gmt":"2024-04-30T09:57:34","slug":"formulari-de-valoracio","status":"publish","type":"page","link":"https:\/\/serveiseducatius.xtec.cat\/cda-ripolles\/amb-els-centres\/formulari-de-valoracio\/","title":{"rendered":"Valoracions"},"content":{"rendered":"<p style=\"text-align: justify;\">Les opinions i suggeriments s\u00f3n molt \u00fatils per seguir millorant les estades i sortides que realitzem amb els centres educatius. \u00c9s per aix\u00f2 que demanem una mica de temps i la col\u00b7laboraci\u00f3 als docents que participen de les estades o sortides per omplir la valoraci\u00f3\/enquesta de l&#8217;estada pel que fa al camp d&#8217;aprenentatge.\u00a0 Aquesta s&#8217;acostuma a enviar a la persona de refer\u00e8ncia del centre educatiu, la qual s&#8217;ha estat en contacte per definir l&#8217;estada o sortida amb el camp d&#8217;aprenentatge.<\/p>\n<p style=\"text-align: justify;\">Moltes gr\u00e0cies.<\/p>\n<p>&nbsp;<\/p>\n","protected":false},"excerpt":{"rendered":"<p>Les opinions i suggeriments s\u00f3n molt \u00fatils per seguir millorant les estades i sortides que realitzem amb els centres educatius. \u00c9s per aix\u00f2 que demanem una mica de temps i la col\u00b7laboraci\u00f3 als docents que participen de les estades o sortides per omplir la valoraci\u00f3\/enquesta&hellip;  <a href=\"https:\/\/serveiseducatius.xtec.cat\/cda-ripolles\/amb-els-centres\/formulari-de-valoracio\/\" title=\"Read Valoracions\">Llegeix m\u00e9s\u00bb<\/a><\/p>\n","protected":false},"author":1,"featured_media":0,"parent":8272,"menu_order":40,"comment_status":"closed","ping_status":"closed","template":"page-templates\/side-menu.php","meta":{"_bbp_topic_count":0,"_bbp_reply_count":0,"_bbp_total_topic_count":0,"_bbp_total_reply_count":0,"_bbp_voice_count":0,"_bbp_anonymous_reply_count":0,"_bbp_topic_count_hidden":0,"_bbp_reply_count_hidden":0,"_bbp_forum_subforum_count":0,"footnotes":""},"class_list":["post-359","page","type-page","status-publish","hentry"],"post_mailing_queue_ids":[],"_links":{"self":[{"href":"https:\/\/serveiseducatius.xtec.cat\/cda-ripolles\/wp-json\/wp\/v2\/pages\/359","targetHints":{"allow":["GET"]}}],"collection":[{"href":"https:\/\/serveiseducatius.xtec.cat\/cda-ripolles\/wp-json\/wp\/v2\/pages"}],"about":[{"href":"https:\/\/serveiseducatius.xtec.cat\/cda-ripolles\/wp-json\/wp\/v2\/types\/page"}],"author":[{"embeddable":true,"href":"https:\/\/serveiseducatius.xtec.cat\/cda-ripolles\/wp-json\/wp\/v2\/users\/1"}],"replies":[{"embeddable":true,"href":"https:\/\/serveiseducatius.xtec.cat\/cda-ripolles\/wp-json\/wp\/v2\/comments?post=359"}],"version-history":[{"count":5,"href":"https:\/\/serveiseducatius.xtec.cat\/cda-ripolles\/wp-json\/wp\/v2\/pages\/359\/revisions"}],"predecessor-version":[{"id":10356,"href":"https:\/\/serveiseducatius.xtec.cat\/cda-ripolles\/wp-json\/wp\/v2\/pages\/359\/revisions\/10356"}],"up":[{"embeddable":true,"href":"https:\/\/serveiseducatius.xtec.cat\/cda-ripolles\/wp-json\/wp\/v2\/pages\/8272"}],"wp:attachment":[{"href":"https:\/\/serveiseducatius.xtec.cat\/cda-ripolles\/wp-json\/wp\/v2\/media?parent=359"}],"curies":[{"name":"wp","href":"https:\/\/api.w.org\/{rel}","templated":true}]}}