{"id":157,"date":"2013-11-15T13:22:03","date_gmt":"2013-11-15T12:22:03","guid":{"rendered":"http:\/\/blocs.xtec.cat\/plantillacda\/?page_id=157"},"modified":"2023-03-29T11:29:40","modified_gmt":"2023-03-29T09:29:40","slug":"estades","status":"publish","type":"page","link":"https:\/\/serveiseducatius.xtec.cat\/cda-ripolles\/activitats\/modalitats\/estades\/","title":{"rendered":"Estades"},"content":{"rendered":"<p>Segons el que anuncien els centres en el moment de les inscripcions, i el que n&#8217;extraiem de la primera trobada de coordinaci\u00f3, des del CdA proposarem un <strong>model d&#8217;estada. A continuaci\u00f3 en podeu veure una mostra de diferents tem\u00e0tiques.<\/strong>\u00a0 A partir d&#8217;aquestes propostes, coma servei educatiu que som, estem totalment oberts a consensuar els canvis que faci falta en les activitats\u00a0 i el discurs que millor s&#8217;adapti a les necessitats de cada centre.\u00a0 Recomanem que es faci una ullada a l&#8217;apartat <a href=\"https:\/\/serveiseducatius.xtec.cat\/cda-ripolles\/activitats\/\">ACTIVITATS<\/a> d&#8217;aquesta web per tal de dissenyar una bona estada.<\/p>\n<p>El\u00a0<strong>cost<\/strong> d\u2019aquestes activitats \u00e9s de de <strong>3\u20ac<\/strong> per alumne\/dia amb diferents possibilitats de descomptes i exempcions. Podeu trobar-ne m\u00e9s informaci\u00f3 a l\u2019apartat del <a href=\"http:\/\/serveiseducatius.xtec.cat\/cda-ripolles\/amb-els-centres\/preu-public\/\">preu p\u00fablic<\/a>.<\/p>\n<p>En cas que tingueu algun dubte, q\u00fcesti\u00f3 o necessitat, no dubteu a\u00a0<a href=\"http:\/\/serveiseducatius.xtec.cat\/cda-ripolles\/el-camp\/contacte\/\">contactar-nos<\/a>.<\/p>\n<h4><\/h4>\n<h4>Proposta d&#8217;estada de <span style=\"color: #808000;\">NATURA<\/span><\/h4>\n<p><a href=\"http:\/\/serveiseducatius.xtec.cat\/cda-ripolles\/wp-content\/uploads\/usu1377\/2013\/11\/Mostra-Natura.pdf\"><img loading=\"lazy\" decoding=\"async\" class=\"wp-image-8713 aligncenter\" src=\"http:\/\/serveiseducatius.xtec.cat\/cda-ripolles\/wp-content\/uploads\/usu1377\/2013\/11\/Natura.jpg\" alt=\"natura\" width=\"520\" height=\"342\" srcset=\"https:\/\/serveiseducatius.xtec.cat\/cda-ripolles\/wp-content\/uploads\/usu1377\/2013\/11\/Natura.jpg 1018w, https:\/\/serveiseducatius.xtec.cat\/cda-ripolles\/wp-content\/uploads\/usu1377\/2013\/11\/Natura-300x197.jpg 300w, https:\/\/serveiseducatius.xtec.cat\/cda-ripolles\/wp-content\/uploads\/usu1377\/2013\/11\/Natura-768x505.jpg 768w\" sizes=\"auto, (max-width: 520px) 100vw, 520px\" \/><\/a><\/p>\n<p>&nbsp;<\/p>\n<h4>Proposta d&#8217;estada de <span style=\"color: #993300;\">ROM\u00c0NIC<\/span><\/h4>\n<p><a href=\"http:\/\/serveiseducatius.xtec.cat\/cda-ripolles\/wp-content\/uploads\/usu1377\/2013\/11\/Rom\u00e0nic.jpg\"><img loading=\"lazy\" decoding=\"async\" class=\"wp-image-8714 aligncenter\" src=\"http:\/\/serveiseducatius.xtec.cat\/cda-ripolles\/wp-content\/uploads\/usu1377\/2013\/11\/Rom\u00e0nic-1024x671.jpg\" alt=\"romanic\" width=\"522\" height=\"342\" srcset=\"https:\/\/serveiseducatius.xtec.cat\/cda-ripolles\/wp-content\/uploads\/usu1377\/2013\/11\/Rom\u00e0nic-1024x671.jpg 1024w, https:\/\/serveiseducatius.xtec.cat\/cda-ripolles\/wp-content\/uploads\/usu1377\/2013\/11\/Rom\u00e0nic-300x197.jpg 300w, https:\/\/serveiseducatius.xtec.cat\/cda-ripolles\/wp-content\/uploads\/usu1377\/2013\/11\/Rom\u00e0nic-768x504.jpg 768w, https:\/\/serveiseducatius.xtec.cat\/cda-ripolles\/wp-content\/uploads\/usu1377\/2013\/11\/Rom\u00e0nic.jpg 1037w\" sizes=\"auto, (max-width: 522px) 100vw, 522px\" \/><\/a><\/p>\n<h4><\/h4>\n<h4>Proposta d&#8217;estada <span style=\"color: #666699;\">MIXTA<\/span><\/h4>\n<p><a href=\"http:\/\/serveiseducatius.xtec.cat\/cda-ripolles\/wp-content\/uploads\/usu1377\/2013\/11\/Mostra-Mixta.pdf\"><img loading=\"lazy\" decoding=\"async\" class=\"wp-image-8717 aligncenter\" src=\"http:\/\/serveiseducatius.xtec.cat\/cda-ripolles\/wp-content\/uploads\/usu1377\/2013\/11\/Mixta.jpg\" alt=\"mixta\" width=\"522\" height=\"358\" srcset=\"https:\/\/serveiseducatius.xtec.cat\/cda-ripolles\/wp-content\/uploads\/usu1377\/2013\/11\/Mixta.jpg 999w, https:\/\/serveiseducatius.xtec.cat\/cda-ripolles\/wp-content\/uploads\/usu1377\/2013\/11\/Mixta-300x206.jpg 300w, https:\/\/serveiseducatius.xtec.cat\/cda-ripolles\/wp-content\/uploads\/usu1377\/2013\/11\/Mixta-768x527.jpg 768w\" sizes=\"auto, (max-width: 522px) 100vw, 522px\" \/><\/a><\/p>\n<p>&nbsp;<\/p>\n","protected":false},"excerpt":{"rendered":"<p>Segons el que anuncien els centres en el moment de les inscripcions, i el que n&#8217;extraiem de la primera trobada de coordinaci\u00f3, des del CdA proposarem un model d&#8217;estada. A continuaci\u00f3 en podeu veure una mostra de diferents tem\u00e0tiques.\u00a0 A partir d&#8217;aquestes propostes, coma servei&hellip;  <a href=\"https:\/\/serveiseducatius.xtec.cat\/cda-ripolles\/activitats\/modalitats\/estades\/\" title=\"Read Estades\">Llegeix m\u00e9s\u00bb<\/a><\/p>\n","protected":false},"author":1,"featured_media":0,"parent":8260,"menu_order":20,"comment_status":"closed","ping_status":"closed","template":"page-templates\/side-menu.php","meta":{"_bbp_topic_count":0,"_bbp_reply_count":0,"_bbp_total_topic_count":0,"_bbp_total_reply_count":0,"_bbp_voice_count":0,"_bbp_anonymous_reply_count":0,"_bbp_topic_count_hidden":0,"_bbp_reply_count_hidden":0,"_bbp_forum_subforum_count":0,"footnotes":""},"class_list":["post-157","page","type-page","status-publish","hentry"],"post_mailing_queue_ids":[],"_links":{"self":[{"href":"https:\/\/serveiseducatius.xtec.cat\/cda-ripolles\/wp-json\/wp\/v2\/pages\/157","targetHints":{"allow":["GET"]}}],"collection":[{"href":"https:\/\/serveiseducatius.xtec.cat\/cda-ripolles\/wp-json\/wp\/v2\/pages"}],"about":[{"href":"https:\/\/serveiseducatius.xtec.cat\/cda-ripolles\/wp-json\/wp\/v2\/types\/page"}],"author":[{"embeddable":true,"href":"https:\/\/serveiseducatius.xtec.cat\/cda-ripolles\/wp-json\/wp\/v2\/users\/1"}],"replies":[{"embeddable":true,"href":"https:\/\/serveiseducatius.xtec.cat\/cda-ripolles\/wp-json\/wp\/v2\/comments?post=157"}],"version-history":[{"count":3,"href":"https:\/\/serveiseducatius.xtec.cat\/cda-ripolles\/wp-json\/wp\/v2\/pages\/157\/revisions"}],"predecessor-version":[{"id":10132,"href":"https:\/\/serveiseducatius.xtec.cat\/cda-ripolles\/wp-json\/wp\/v2\/pages\/157\/revisions\/10132"}],"up":[{"embeddable":true,"href":"https:\/\/serveiseducatius.xtec.cat\/cda-ripolles\/wp-json\/wp\/v2\/pages\/8260"}],"wp:attachment":[{"href":"https:\/\/serveiseducatius.xtec.cat\/cda-ripolles\/wp-json\/wp\/v2\/media?parent=157"}],"curies":[{"name":"wp","href":"https:\/\/api.w.org\/{rel}","templated":true}]}}