{"id":10383,"date":"2024-05-29T12:49:29","date_gmt":"2024-05-29T10:49:29","guid":{"rendered":"https:\/\/serveiseducatius.xtec.cat\/cda-ripolles\/?page_id=10383"},"modified":"2024-05-29T12:49:29","modified_gmt":"2024-05-29T10:49:29","slug":"visita-al-museu-miner-i-les-mines-de-carbo-dogassa","status":"publish","type":"page","link":"https:\/\/serveiseducatius.xtec.cat\/cda-ripolles\/visita-al-museu-miner-i-les-mines-de-carbo-dogassa\/","title":{"rendered":"Visita al museu miner i les mines de carb\u00f3 d&#8217;Ogassa"},"content":{"rendered":"<h4><span style=\"color: #ff6600;\"><strong>Fitxa did\u00e0ctica<a href=\"https:\/\/serveiseducatius.xtec.cat\/cda-ripolles\/wp-content\/uploads\/usu1377\/2024\/05\/IMG_6323.jpg\"><img loading=\"lazy\" decoding=\"async\" class=\" wp-image-10384 alignright\" src=\"https:\/\/serveiseducatius.xtec.cat\/cda-ripolles\/wp-content\/uploads\/usu1377\/2024\/05\/IMG_6323-225x300.jpg\" alt=\"\" width=\"316\" height=\"421\" srcset=\"https:\/\/serveiseducatius.xtec.cat\/cda-ripolles\/wp-content\/uploads\/usu1377\/2024\/05\/IMG_6323-225x300.jpg 225w, https:\/\/serveiseducatius.xtec.cat\/cda-ripolles\/wp-content\/uploads\/usu1377\/2024\/05\/IMG_6323-768x1024.jpg 768w, https:\/\/serveiseducatius.xtec.cat\/cda-ripolles\/wp-content\/uploads\/usu1377\/2024\/05\/IMG_6323-1152x1536.jpg 1152w, https:\/\/serveiseducatius.xtec.cat\/cda-ripolles\/wp-content\/uploads\/usu1377\/2024\/05\/IMG_6323.jpg 1512w\" sizes=\"auto, (max-width: 316px) 100vw, 316px\" \/><\/a><\/strong><\/span><\/h4>\n<ul>\n<li style=\"text-align: justify;\"><strong>Nivell educatiu:<\/strong> a partir de prim\u00e0ria en endavant.<\/li>\n<li style=\"text-align: justify;\"><strong>Mat\u00e8ries:<\/strong> coneixement del medi social i cultural.<\/li>\n<li style=\"text-align: justify;\"><strong>Durada:<\/strong> 1,5 hores<\/li>\n<li style=\"text-align: left;\"><strong>Tipus d\u2019activitat:<\/strong>\u00a0 Visita comentada al museu miner i la mina Dol\u00e7a.<\/li>\n<li style=\"text-align: justify;\"><strong>Aportacions a les compet\u00e8ncies:<\/strong>\n<ul>\n<li>\u00c0mbit social (ci\u00e8ncies socials)<\/li>\n<li>\u00c0mbit personal i social.<\/li>\n<li>\u00c0mbit cultura i valors.<\/li>\n<\/ul>\n<\/li>\n<li style=\"text-align: justify;\"><strong>Objectius:<\/strong>\n<ul>\n<li>Con\u00e8ixer el passat hist\u00f2ric a trav\u00e9s d&#8217;infraestructures i hist\u00f2ries de diferents persones.<\/li>\n<\/ul>\n<\/li>\n<li><strong>Descripci\u00f3 de l\u2019activitat:<\/strong>\n<ul>\n<li><strong>Activitats pr\u00e8vies a l&#8217;estada:<\/strong>\n<ul>\n<li>Tipus de mines, tipus de materials que es poden extreure de les mines, el carb\u00f3 i altres combustibles f\u00f2ssils, el sectors econ\u00f2mics, la industrialitzaci\u00f3 de les zones de muntanya, les vies de comunicaci\u00f3, riscos laborals, etc.<\/li>\n<\/ul>\n<\/li>\n<li><strong>Activitat durant l&#8217;estada:<\/strong>\n<ul>\n<li style=\"text-align: justify;\">L&#8217;activitat comen\u00e7a a l&#8217;entrada del museu on hi ha es fa una introducci\u00f3 general al m\u00f3n miner d&#8217;Ogassa. Despr\u00e9s, per grups es fa la visita al museu i a la mina Dol\u00e7a.\n<ul>\n<li><strong>Propostes post activitat:<\/strong>\n<ul>\n<li>Tipus de mines, tipus de materials que es poden extreure de les mines, el carb\u00f3 i altres combustibles f\u00f2ssils, el sectors econ\u00f2mics, la industrialitzaci\u00f3 de les zones de muntanya, les vies de comunicaci\u00f3, riscos laborals, etc.<\/li>\n<\/ul>\n<ul>\n<li><strong>Material que han de dur els alumnes:<\/strong> no es necessita material espec\u00edfic.<\/li>\n<li><strong>Observacions:<\/strong> es recomana complementar el dia a Ogassa i\/o voltants amb activitats com ara: descoberta del poble d&#8217;Ogassa (1,5h) o l&#8217;itinerari de les vagonetes (1h). Per altra banda, per tal d&#8217;evitar despla\u00e7aments es preferible dur a terme aquesta activitat amb centres que pernoctin a l&#8217;alberg de St. Joan de les Abadesses.<\/li>\n<\/ul>\n<\/li>\n<\/ul>\n<\/li>\n<\/ul>\n<\/li>\n<\/ul>\n<\/li>\n<\/ul>\n","protected":false},"excerpt":{"rendered":"<p>Fitxa did\u00e0ctica<a href=\"https:\/\/serveiseducatius.xtec.cat\/cda-ripolles\/wp-content\/uploads\/usu1377\/2024\/05\/IMG_6323.jpg\"><\/a><\/p>\n<ul>\n<li style=\"text-align: justify;\">Nivell educatiu: a partir de prim\u00e0ria en endavant.<\/li>\n<li style=\"text-align: justify;\">Mat\u00e8ries: coneixement del medi social i cultural.<\/li>\n<li style=\"text-align: justify;\">Durada: 1,5 hores<\/li>\n<li style=\"text-align: left;\">Tipus d\u2019activitat:\u00a0 Visita comentada al museu miner i la mina Dol\u00e7a.<\/li>\n<li style=\"text-align: justify;\">Aportacions a les compet\u00e8ncies:\n<ul>\n<li>\u00c0mbit social (ci\u00e8ncies socials)<\/li>\n<li>\u00c0mbit personal&hellip;  <a href=\"https:\/\/serveiseducatius.xtec.cat\/cda-ripolles\/visita-al-museu-miner-i-les-mines-de-carbo-dogassa\/\" title=\"Read Visita al museu miner i les mines de carb\u00f3 d&#8217;Ogassa\">Llegeix m\u00e9s\u00bb<\/a><br \/>\n","protected":false},"author":1,"featured_media":0,"parent":0,"menu_order":0,"comment_status":"closed","ping_status":"closed","template":"","meta":{"_bbp_topic_count":0,"_bbp_reply_count":0,"_bbp_total_topic_count":0,"_bbp_total_reply_count":0,"_bbp_voice_count":0,"_bbp_anonymous_reply_count":0,"_bbp_topic_count_hidden":0,"_bbp_reply_count_hidden":0,"_bbp_forum_subforum_count":0,"footnotes":""},"class_list":["post-10383","page","type-page","status-publish","hentry"],"post_mailing_queue_ids":[],"_links":{"self":[{"href":"https:\/\/serveiseducatius.xtec.cat\/cda-ripolles\/wp-json\/wp\/v2\/pages\/10383","targetHints":{"allow":["GET"]}}],"collection":[{"href":"https:\/\/serveiseducatius.xtec.cat\/cda-ripolles\/wp-json\/wp\/v2\/pages"}],"about":[{"href":"https:\/\/serveiseducatius.xtec.cat\/cda-ripolles\/wp-json\/wp\/v2\/types\/page"}],"author":[{"embeddable":true,"href":"https:\/\/serveiseducatius.xtec.cat\/cda-ripolles\/wp-json\/wp\/v2\/users\/1"}],"replies":[{"embeddable":true,"href":"https:\/\/serveiseducatius.xtec.cat\/cda-ripolles\/wp-json\/wp\/v2\/comments?post=10383"}],"version-history":[{"count":2,"href":"https:\/\/serveiseducatius.xtec.cat\/cda-ripolles\/wp-json\/wp\/v2\/pages\/10383\/revisions"}],"predecessor-version":[{"id":10386,"href":"https:\/\/serveiseducatius.xtec.cat\/cda-ripolles\/wp-json\/wp\/v2\/pages\/10383\/revisions\/10386"}],"wp:attachment":[{"href":"https:\/\/serveiseducatius.xtec.cat\/cda-ripolles\/wp-json\/wp\/v2\/media?parent=10383"}],"curies":[{"name":"wp","href":"https:\/\/api.w.org\/{rel}","templated":true}]}}