{"id":10340,"date":"2024-04-09T12:53:55","date_gmt":"2024-04-09T10:53:55","guid":{"rendered":"https:\/\/serveiseducatius.xtec.cat\/cda-ripolles\/?page_id=10340"},"modified":"2025-03-03T17:45:26","modified_gmt":"2025-03-03T16:45:26","slug":"situacions-daprenentatge","status":"publish","type":"page","link":"https:\/\/serveiseducatius.xtec.cat\/cda-ripolles\/activitats\/modalitats\/situacions-daprenentatge\/","title":{"rendered":"Situacions d&#8217;aprenentatge"},"content":{"rendered":"<div class=\"wp-block-column is-layout-flow wp-block-column-is-layout-flow\">\n<p><a href=\"https:\/\/serveiseducatius.xtec.cat\/altcamp\/wp-content\/uploads\/usu1130\/2023\/02\/Infografia-SA.pdf\"><img loading=\"lazy\" decoding=\"async\" class=\" wp-image-10345 alignright\" src=\"https:\/\/serveiseducatius.xtec.cat\/cda-ripolles\/wp-content\/uploads\/usu1377\/2024\/04\/situacions-410x1024-1-120x300.jpg\" alt=\"\" width=\"163\" height=\"408\" srcset=\"https:\/\/serveiseducatius.xtec.cat\/cda-ripolles\/wp-content\/uploads\/usu1377\/2024\/04\/situacions-410x1024-1-120x300.jpg 120w, https:\/\/serveiseducatius.xtec.cat\/cda-ripolles\/wp-content\/uploads\/usu1377\/2024\/04\/situacions-410x1024-1.jpg 410w\" sizes=\"auto, (max-width: 163px) 100vw, 163px\" \/><\/a>A banda de presentar les activitats de forma a\u00efllada perqu\u00e8 cada centre o docent pugui organitzar la seva estada al camp d&#8217;aprenentatge del Ripoll\u00e8s, tamb\u00e9 hem creat un document viu amb\u00a0 <strong><a href=\"https:\/\/docs.google.com\/document\/d\/1p4vyoo2u_N5VcO86Hz5VCy_Sh-ulUmjHppzRt4QGHok\/edit?usp=sharing\">propostes de situacions d&#8217;aprenentatge<\/a><\/strong> que es poden dur a terme al nostre camp.\u00a0 En aquest document trobareu els t\u00edtols classificats en els \u00e0mbits amb una breu explicaci\u00f3\/justificaci\u00f3, les activitats del cat\u00e0leg que s&#8217;hi poden associar per dur-lo a terme, alguns recursos per treballar abans o despr\u00e9s de l&#8217;estada al Ripoll\u00e8s, altres camps o entorns d&#8217;aprenentatge que lliguen amb les SA i els nivells recomanats per portar-les a terme.\u00a0 Amb aquest document i la resta d&#8217;informaci\u00f3 que hi ha en l&#8217;apartat <a href=\"https:\/\/serveiseducatius.xtec.cat\/cda-ripolles\/activitats\/\">ACTIVITATS<\/a> d&#8217;aquesta web\/nodes esperem que puguem dissenyar entre tots l&#8217;estada que millor s&#8217;adapti a les vostres necessitats i la dels vostres alumnes.<\/p>\n<p>Usem el terme situaci\u00f3 d\u2019aprenentatge per referir-nos a aquelles <strong>experi\u00e8ncies<\/strong>\u00a0que, independentment de la forma en qu\u00e8 es presenten, parteixen d\u2019un\u00a0<strong>context<\/strong>\u00a0i plantegen un\u00a0<strong>repte<\/strong> a la persona que apr\u00e8n. <span style=\"font-family: inherit; font-size: 1em;\">El fet que l\u2019aprenentatge es fonamenti en la resoluci\u00f3 d\u2019un <\/span><span style=\"font-family: inherit; font-size: 1em;\">repte o d\u2019una problem\u00e0tica real provoca que l\u2019aprenent hagi de dur a terme amb efic\u00e0cia una acci\u00f3 o un seguit d\u2019accions que impliquen una o m\u00e9s capacitats per a les quals s\u00f3n imprescindibles els sabers d\u2019un o m\u00e9s camps de coneixement; per aix\u00f2 diem que les situacions d\u2019aprenentatge s\u2019orienten a l\u2019assoliment de compet\u00e8ncies. <\/span><em><span style=\"font-family: inherit; font-size: 1em;\">(extret de <a href=\"https:\/\/projectes.xtec.cat\/nou-curriculum\/educacio-basica\/situacions-aprenentatge\/\">El nou curr\u00edculum &#8211; Departament d&#8217;Educaci\u00f3<\/a>)<\/span><\/em><\/p>\n<\/div>\n","protected":false},"excerpt":{"rendered":"<p><a href=\"https:\/\/serveiseducatius.xtec.cat\/altcamp\/wp-content\/uploads\/usu1130\/2023\/02\/Infografia-SA.pdf\"><\/a>A banda de presentar les activitats de forma a\u00efllada perqu\u00e8 cada centre o docent pugui organitzar la seva estada al camp d&#8217;aprenentatge del Ripoll\u00e8s, tamb\u00e9 hem creat un document viu amb\u00a0 <a href=\"https:\/\/docs.google.com\/document\/d\/1p4vyoo2u_N5VcO86Hz5VCy_Sh-ulUmjHppzRt4QGHok\/edit?usp=sharing\">propostes de situacions d&#8217;aprenentatge<\/a> que es poden dur a terme al nostre&hellip;  <a href=\"https:\/\/serveiseducatius.xtec.cat\/cda-ripolles\/activitats\/modalitats\/situacions-daprenentatge\/\" title=\"Read Situacions d&#8217;aprenentatge\">Llegeix m\u00e9s\u00bb<\/a><\/p>\n","protected":false},"author":1,"featured_media":0,"parent":8260,"menu_order":40,"comment_status":"closed","ping_status":"closed","template":"page-templates\/side-menu.php","meta":{"_bbp_topic_count":0,"_bbp_reply_count":0,"_bbp_total_topic_count":0,"_bbp_total_reply_count":0,"_bbp_voice_count":0,"_bbp_anonymous_reply_count":0,"_bbp_topic_count_hidden":0,"_bbp_reply_count_hidden":0,"_bbp_forum_subforum_count":0,"footnotes":""},"class_list":["post-10340","page","type-page","status-publish","hentry"],"post_mailing_queue_ids":[],"_links":{"self":[{"href":"https:\/\/serveiseducatius.xtec.cat\/cda-ripolles\/wp-json\/wp\/v2\/pages\/10340","targetHints":{"allow":["GET"]}}],"collection":[{"href":"https:\/\/serveiseducatius.xtec.cat\/cda-ripolles\/wp-json\/wp\/v2\/pages"}],"about":[{"href":"https:\/\/serveiseducatius.xtec.cat\/cda-ripolles\/wp-json\/wp\/v2\/types\/page"}],"author":[{"embeddable":true,"href":"https:\/\/serveiseducatius.xtec.cat\/cda-ripolles\/wp-json\/wp\/v2\/users\/1"}],"replies":[{"embeddable":true,"href":"https:\/\/serveiseducatius.xtec.cat\/cda-ripolles\/wp-json\/wp\/v2\/comments?post=10340"}],"version-history":[{"count":3,"href":"https:\/\/serveiseducatius.xtec.cat\/cda-ripolles\/wp-json\/wp\/v2\/pages\/10340\/revisions"}],"predecessor-version":[{"id":10346,"href":"https:\/\/serveiseducatius.xtec.cat\/cda-ripolles\/wp-json\/wp\/v2\/pages\/10340\/revisions\/10346"}],"up":[{"embeddable":true,"href":"https:\/\/serveiseducatius.xtec.cat\/cda-ripolles\/wp-json\/wp\/v2\/pages\/8260"}],"wp:attachment":[{"href":"https:\/\/serveiseducatius.xtec.cat\/cda-ripolles\/wp-json\/wp\/v2\/media?parent=10340"}],"curies":[{"name":"wp","href":"https:\/\/api.w.org\/{rel}","templated":true}]}}