{"id":10330,"date":"2024-04-08T13:03:47","date_gmt":"2024-04-08T11:03:47","guid":{"rendered":"https:\/\/serveiseducatius.xtec.cat\/cda-ripolles\/?page_id=10330"},"modified":"2024-04-08T13:03:47","modified_gmt":"2024-04-08T11:03:47","slug":"pastors-i-transhumancia","status":"publish","type":"page","link":"https:\/\/serveiseducatius.xtec.cat\/cda-ripolles\/pastors-i-transhumancia\/","title":{"rendered":"Pastors i transhum\u00e0ncia"},"content":{"rendered":"<h4><strong>Fitxa did\u00e0ctica<\/strong><\/h4>\n<ul>\n<li><strong>Nivell educatiu recomanat:<\/strong>\u00a0adaptable a tots els cicles i etapes a partir de prim\u00e0ria.<a href=\"https:\/\/serveiseducatius.xtec.cat\/cda-ripolles\/wp-content\/uploads\/usu1377\/2023\/01\/IMG_85092.jpg\"><img loading=\"lazy\" decoding=\"async\" class=\" wp-image-10020 alignright\" src=\"https:\/\/serveiseducatius.xtec.cat\/cda-ripolles\/wp-content\/uploads\/usu1377\/2023\/01\/IMG_85092-225x300.jpg\" alt=\"\" width=\"352\" height=\"470\" srcset=\"https:\/\/serveiseducatius.xtec.cat\/cda-ripolles\/wp-content\/uploads\/usu1377\/2023\/01\/IMG_85092-225x300.jpg 225w, https:\/\/serveiseducatius.xtec.cat\/cda-ripolles\/wp-content\/uploads\/usu1377\/2023\/01\/IMG_85092-768x1024.jpg 768w, https:\/\/serveiseducatius.xtec.cat\/cda-ripolles\/wp-content\/uploads\/usu1377\/2023\/01\/IMG_85092.jpg 960w\" sizes=\"auto, (max-width: 352px) 100vw, 352px\" \/><\/a><\/li>\n<li><strong>Mat\u00e8ries principals:<\/strong> medi natural, social i cultural, educaci\u00f3 f\u00edsica.<\/li>\n<li><strong>Durada:<\/strong> tot el dia.<\/li>\n<li><strong>Tipus d&#8217;activitat:<\/strong> fer con\u00e8ixer la transhum\u00e0ncia seguint l&#8217;itinerari a peu de Planoles a D\u00f2rria, coneixent un poble d&#8217;alta muntanya i visitant el museu del pastor de Fornells de la muntanya.<\/li>\n<li><strong>Aportaci\u00f3 a les compet\u00e8ncies:<\/strong>\n<ul>\n<li>\u00c0mbit cultura i valors<\/li>\n<li>\u00c0mbit ling\u00fc\u00edstic<\/li>\n<li>\u00c0mbit social (ci\u00e8ncies socials)<\/li>\n<li>\u00c0mbit personal i social<\/li>\n<li>\u00c0mbit de l&#8217;educaci\u00f3 f\u00edsica<\/li>\n<\/ul>\n<\/li>\n<li><strong>Objectius:<\/strong>\n<ul>\n<li><span style=\"font-weight: 400;\">Con\u00e8ixer els tipus de boscos i principals arbres i arbustos del cam\u00ed.<\/span><\/li>\n<li><span style=\"font-weight: 400;\">Trobar i veure rastres d\u2019animals, humans i natura. (feixes, edificacions, excrements, petjades, caus, fruits d\u2019arbres, gal\u00b7les, itineraris marcats, etc.)<\/span><\/li>\n<li><span style=\"font-weight: 400;\">Con\u00e8ixer l\u2019evoluci\u00f3 cultural i hist\u00f2rica de les zones de l\u2019itinerari de la sortida.<\/span><\/li>\n<li>Con\u00e8ixer la manera de viure de la gent d\u2019un poble d\u2019alta muntanya al llarg del temps.<\/li>\n<li>Con\u00e8ixer el passat hist\u00f2ric de Catalunya en el recorregut, el poble, l&#8217;esgl\u00e9sia i museu.<\/li>\n<li><span style=\"font-weight: 400;\">Gaudir d\u2019una sortida a l\u2019entorn proper amb un m\u00ednim d\u2019exig\u00e8ncia f\u00edsica.<\/span><\/li>\n<\/ul>\n<\/li>\n<li><strong>Descripci\u00f3 de l\u2019activitat:<\/strong>\n<ul>\n<li><strong>Treball previ a l\u2019escola:<\/strong>\n<ul>\n<li>El CdA pot facilitar materials per treballar pr\u00e8viament a l&#8217;aula si el centre ho desitja.<\/li>\n<\/ul>\n<\/li>\n<li><strong>Durant l\u2019activitat:<\/strong>\n<ul>\n<li>L&#8217;activitat es divideix en tres parts.\u00a0 La primera \u00e9s el recorregut a peu de Planoles fins a D\u00f2rria seguint el GR o un dels antics camins de transhum\u00e0ncia.\u00a0 La segona \u00e9s la visita al poble i l&#8217;esgl\u00e9sia de D\u00f2rria. Al migdia es baixar\u00e0 amb bus fins a Fornells de la muntanya i es dur\u00e0 a terme la visita al museu del pastor.\u00a0 Un cop acabada l&#8217;activitat es retornar\u00e0 a Planoles amb bus.<\/li>\n<li>Recorregut Planoles &#8211; D\u00f2rria: <a href=\"https:\/\/ca.wikiloc.com\/rutes-senderisme\/planoles-dorria-planoles-30181303\">https:\/\/ca.wikiloc.com\/rutes-a-peu\/sant-bartomeu-94394004<\/a><\/li>\n<\/ul>\n<\/li>\n<li><strong>Propostes d&#8217;activitats posterior:<\/strong>\n<ul>\n<li>Buscar recorreguts marcats o no, propers al centre i treballar-los. Destacar-los en un mapa, interconnexi\u00f3 amb altres camins, usos al llarg de la hist\u00f2ria, punts d&#8217;inter\u00e8s, actuaci\u00f3 de manteniment, difusi\u00f3, etc.<\/li>\n<li>Els i les pastores avui.<\/li>\n<li>Tractament i gesti\u00f3 d&#8217;animals abans i ara.<\/li>\n<li style=\"font-weight: 400;\" aria-level=\"1\"><span style=\"font-weight: 400;\">Busquem, treballem i ens desplacem per rutes transhumants properes al centre.<\/span><\/li>\n<li style=\"font-weight: 400;\" aria-level=\"1\"><span style=\"font-weight: 400;\">Sectors econ\u00f2mics al llarg dels temps. Perqu\u00e8 varien? Els que desapareixen es poden recuperar? Com?<\/span><\/li>\n<li style=\"font-weight: 400;\" aria-level=\"1\"><span style=\"font-weight: 400;\">Com podem adaptar la transhum\u00e0ncia a l\u2019actualitat? En podem treure algun profit? La transhum\u00e0ncia del futur.<\/span><\/li>\n<li style=\"font-weight: 400;\" aria-level=\"1\"><span style=\"font-weight: 400;\">Festes i tradicions catalanes basades en la transhum\u00e0ncia.<\/span><\/li>\n<\/ul>\n<\/li>\n<\/ul>\n<\/li>\n<li><strong>Material que han de dur els alumnes:<\/strong> motxilla, cantimplora, roba adequada a l\u2019\u00e8poca de l\u2019any i cal\u00e7at c\u00f2mode. Important portar impermeable encara que les previsions meteorol\u00f2giques no marquin pluja.<\/li>\n<li><strong>Observacions:<\/strong> \u00c9s necess\u00e0ria una m\u00ednima condici\u00f3 f\u00edsica.\u00a0 El recorregut no est\u00e0 adaptat.\u00a0 L&#8217;activitat pot variar degut a la meteorologia.<\/li>\n<li><strong>Variants:<\/strong> Hi ha la possibilitat de dur a terme l&#8217;activitat al rev\u00e9s de com ha estat dissenyada.\u00a0 Al mat\u00ed comen\u00e7ar pel museu del pastor, D\u00f2rria, i a la tarda fer la baixada a peu fins a Planoles.<\/li>\n<\/ul>\n","protected":false},"excerpt":{"rendered":"<p>Fitxa did\u00e0ctica<\/p>\n<ul>\n<li>Nivell educatiu recomanat:\u00a0adaptable a tots els cicles i etapes a partir de prim\u00e0ria.<a href=\"https:\/\/serveiseducatius.xtec.cat\/cda-ripolles\/wp-content\/uploads\/usu1377\/2023\/01\/IMG_85092.jpg\"><\/a><\/li>\n<li>Mat\u00e8ries principals: medi natural, social i cultural, educaci\u00f3 f\u00edsica.<\/li>\n<li>Durada: tot el dia.<\/li>\n<li>Tipus d&#8217;activitat: fer con\u00e8ixer la transhum\u00e0ncia seguint l&#8217;itinerari a peu de Planoles a D\u00f2rria, coneixent un poble d&#8217;alta muntanya i&hellip;  <a href=\"https:\/\/serveiseducatius.xtec.cat\/cda-ripolles\/pastors-i-transhumancia\/\" title=\"Read Pastors i transhum\u00e0ncia\">Llegeix m\u00e9s\u00bb<\/a><br \/>\n","protected":false},"author":1,"featured_media":0,"parent":0,"menu_order":0,"comment_status":"closed","ping_status":"closed","template":"","meta":{"_bbp_topic_count":0,"_bbp_reply_count":0,"_bbp_total_topic_count":0,"_bbp_total_reply_count":0,"_bbp_voice_count":0,"_bbp_anonymous_reply_count":0,"_bbp_topic_count_hidden":0,"_bbp_reply_count_hidden":0,"_bbp_forum_subforum_count":0,"footnotes":""},"class_list":["post-10330","page","type-page","status-publish","hentry"],"post_mailing_queue_ids":[],"_links":{"self":[{"href":"https:\/\/serveiseducatius.xtec.cat\/cda-ripolles\/wp-json\/wp\/v2\/pages\/10330","targetHints":{"allow":["GET"]}}],"collection":[{"href":"https:\/\/serveiseducatius.xtec.cat\/cda-ripolles\/wp-json\/wp\/v2\/pages"}],"about":[{"href":"https:\/\/serveiseducatius.xtec.cat\/cda-ripolles\/wp-json\/wp\/v2\/types\/page"}],"author":[{"embeddable":true,"href":"https:\/\/serveiseducatius.xtec.cat\/cda-ripolles\/wp-json\/wp\/v2\/users\/1"}],"replies":[{"embeddable":true,"href":"https:\/\/serveiseducatius.xtec.cat\/cda-ripolles\/wp-json\/wp\/v2\/comments?post=10330"}],"version-history":[{"count":1,"href":"https:\/\/serveiseducatius.xtec.cat\/cda-ripolles\/wp-json\/wp\/v2\/pages\/10330\/revisions"}],"predecessor-version":[{"id":10332,"href":"https:\/\/serveiseducatius.xtec.cat\/cda-ripolles\/wp-json\/wp\/v2\/pages\/10330\/revisions\/10332"}],"wp:attachment":[{"href":"https:\/\/serveiseducatius.xtec.cat\/cda-ripolles\/wp-json\/wp\/v2\/media?parent=10330"}],"curies":[{"name":"wp","href":"https:\/\/api.w.org\/{rel}","templated":true}]}}