{"id":10294,"date":"2024-02-05T12:19:56","date_gmt":"2024-02-05T11:19:56","guid":{"rendered":"https:\/\/serveiseducatius.xtec.cat\/cda-ripolles\/?page_id=10294"},"modified":"2024-02-05T12:19:56","modified_gmt":"2024-02-05T11:19:56","slug":"la-farga-catalana-farga-palau-de-ripoll","status":"publish","type":"page","link":"https:\/\/serveiseducatius.xtec.cat\/cda-ripolles\/la-farga-catalana-farga-palau-de-ripoll\/","title":{"rendered":"La Farga Catalana. Farga Palau de Ripoll"},"content":{"rendered":"<h4><span style=\"color: #808080;\"><strong>Fitxa did\u00e0ctica<\/strong><\/span><\/h4>\n<ul>\n<li><strong>Nivell educatiu recomanat:<\/strong>\u00a0 CS de prim\u00e0ria i ESO.<img loading=\"lazy\" decoding=\"async\" class=\" alignright\" src=\"https:\/\/lh3.googleusercontent.com\/p\/AF1QipMi8QB-chMsAr5-T00qMXsr9qjJmaioN6dxdG20=s680-w680-h510\" width=\"274\" height=\"154\" \/><\/li>\n<li><strong>Mat\u00e8ries:<\/strong> Coneixement del medi social i cultural, hist\u00f2ria, llengua i literatura catalanes.<\/li>\n<li><strong>Durada:<\/strong> 1 hora aprox.<\/li>\n<li><strong>Tipus d&#8217;activitat: <\/strong>Visita comentada a exposici\u00f3. permanent.<\/li>\n<li><strong>Aportaci\u00f3 a les compet\u00e8ncies:<\/strong>\n<ul>\n<li>\u00c0mbit cultura i valors<\/li>\n<li>\u00c0mbit ling\u00fc\u00edstic<\/li>\n<li>\u00c0mbit social (ci\u00e8ncies socials)<\/li>\n<li>\u00c0mbit personal i social<\/li>\n<\/ul>\n<\/li>\n<li><strong>Objectius:<\/strong>\n<ul>\n<li style=\"text-align: justify;\">Con\u00e8ixer el passat hist\u00f2ric.<\/li>\n<li>Fomentar l&#8217;observaci\u00f3 atenta del patrimoni cultural.<\/li>\n<li>Aprendre a observar, identificar, descriure i valorar elements significatius i b\u00e9ns que componen el patrimoni cultural.<\/li>\n<\/ul>\n<\/li>\n<li><strong>Descripci\u00f3 de l&#8217;activitat:<\/strong>\n<ul>\n<li><strong>Durant l&#8217;estada:<\/strong>\n<ul>\n<li><\/li>\n<\/ul>\n<\/li>\n<li><strong>Proposta d&#8217;activitats posteriors:<\/strong>\n<ul>\n<li style=\"font-weight: 400;\" aria-level=\"1\"><\/li>\n<\/ul>\n<\/li>\n<\/ul>\n<\/li>\n<li><strong>Material que han de dur els alumnes:\u00a0<\/strong> res en concret. Dependr\u00e0 de les necessitats del centre visitant.<\/li>\n<\/ul>\n","protected":false},"excerpt":{"rendered":"<p>Fitxa did\u00e0ctica<\/p>\n<ul>\n<li>Nivell educatiu recomanat:\u00a0 CS de prim\u00e0ria i ESO.<\/li>\n<li>Mat\u00e8ries: Coneixement del medi social i cultural, hist\u00f2ria, llengua i literatura catalanes.<\/li>\n<li>Durada: 1 hora aprox.<\/li>\n<li>Tipus d&#8217;activitat: Visita comentada a exposici\u00f3. permanent.<\/li>\n<li>Aportaci\u00f3 a les compet\u00e8ncies:\n<ul>\n<li>\u00c0mbit cultura i valors<\/li>\n<li>\u00c0mbit ling\u00fc\u00edstic<\/li>\n<li>\u00c0mbit social (ci\u00e8ncies socials)<\/li>\n<li>\u00c0mbit personal i social<\/li>\n<\/ul>\n<\/li>\n<li>Objectius:\n<ul>\n<li style=\"text-align: justify;\">Con\u00e8ixer el&hellip;  <a href=\"https:\/\/serveiseducatius.xtec.cat\/cda-ripolles\/la-farga-catalana-farga-palau-de-ripoll\/\" title=\"Read La Farga Catalana. Farga Palau de Ripoll\">Llegeix m\u00e9s\u00bb<\/a><br \/>\n","protected":false},"author":1,"featured_media":0,"parent":0,"menu_order":0,"comment_status":"closed","ping_status":"closed","template":"","meta":{"_bbp_topic_count":0,"_bbp_reply_count":0,"_bbp_total_topic_count":0,"_bbp_total_reply_count":0,"_bbp_voice_count":0,"_bbp_anonymous_reply_count":0,"_bbp_topic_count_hidden":0,"_bbp_reply_count_hidden":0,"_bbp_forum_subforum_count":0,"footnotes":""},"class_list":["post-10294","page","type-page","status-publish","hentry"],"post_mailing_queue_ids":[],"_links":{"self":[{"href":"https:\/\/serveiseducatius.xtec.cat\/cda-ripolles\/wp-json\/wp\/v2\/pages\/10294","targetHints":{"allow":["GET"]}}],"collection":[{"href":"https:\/\/serveiseducatius.xtec.cat\/cda-ripolles\/wp-json\/wp\/v2\/pages"}],"about":[{"href":"https:\/\/serveiseducatius.xtec.cat\/cda-ripolles\/wp-json\/wp\/v2\/types\/page"}],"author":[{"embeddable":true,"href":"https:\/\/serveiseducatius.xtec.cat\/cda-ripolles\/wp-json\/wp\/v2\/users\/1"}],"replies":[{"embeddable":true,"href":"https:\/\/serveiseducatius.xtec.cat\/cda-ripolles\/wp-json\/wp\/v2\/comments?post=10294"}],"version-history":[{"count":1,"href":"https:\/\/serveiseducatius.xtec.cat\/cda-ripolles\/wp-json\/wp\/v2\/pages\/10294\/revisions"}],"predecessor-version":[{"id":10296,"href":"https:\/\/serveiseducatius.xtec.cat\/cda-ripolles\/wp-json\/wp\/v2\/pages\/10294\/revisions\/10296"}],"wp:attachment":[{"href":"https:\/\/serveiseducatius.xtec.cat\/cda-ripolles\/wp-json\/wp\/v2\/media?parent=10294"}],"curies":[{"name":"wp","href":"https:\/\/api.w.org\/{rel}","templated":true}]}}