{"id":10105,"date":"2023-03-14T13:43:56","date_gmt":"2023-03-14T12:43:56","guid":{"rendered":"https:\/\/serveiseducatius.xtec.cat\/cda-ripolles\/?page_id=10105"},"modified":"2025-09-17T11:46:20","modified_gmt":"2025-09-17T09:46:20","slug":"la-desaparicio-de-la-mare-de-deu-de-nuria","status":"publish","type":"page","link":"https:\/\/serveiseducatius.xtec.cat\/cda-ripolles\/la-desaparicio-de-la-mare-de-deu-de-nuria\/","title":{"rendered":"La desaparici\u00f3 de la mare de D\u00e9u de N\u00faria"},"content":{"rendered":"<h4 style=\"text-align: justify;\"><span style=\"color: #993300;\"><strong>Fitxa did\u00e0ctica <a href=\"https:\/\/serveiseducatius.xtec.cat\/cda-ripolles\/wp-content\/uploads\/usu1377\/2023\/03\/descoberta-talla-mare-de-Deu-Nuria.jpg\"><img loading=\"lazy\" decoding=\"async\" class=\" wp-image-10086 alignright\" src=\"https:\/\/serveiseducatius.xtec.cat\/cda-ripolles\/wp-content\/uploads\/usu1377\/2023\/03\/descoberta-talla-mare-de-Deu-Nuria-300x300.jpg\" alt=\"\" width=\"464\" height=\"464\" srcset=\"https:\/\/serveiseducatius.xtec.cat\/cda-ripolles\/wp-content\/uploads\/usu1377\/2023\/03\/descoberta-talla-mare-de-Deu-Nuria-300x300.jpg 300w, https:\/\/serveiseducatius.xtec.cat\/cda-ripolles\/wp-content\/uploads\/usu1377\/2023\/03\/descoberta-talla-mare-de-Deu-Nuria-150x150.jpg 150w, https:\/\/serveiseducatius.xtec.cat\/cda-ripolles\/wp-content\/uploads\/usu1377\/2023\/03\/descoberta-talla-mare-de-Deu-Nuria-768x766.jpg 768w, https:\/\/serveiseducatius.xtec.cat\/cda-ripolles\/wp-content\/uploads\/usu1377\/2023\/03\/descoberta-talla-mare-de-Deu-Nuria.jpg 834w\" sizes=\"auto, (max-width: 464px) 100vw, 464px\" \/><\/a><\/strong><\/span><\/h4>\n<ul>\n<li style=\"text-align: justify;\"><strong>Nivell educatiu recomanat:<\/strong> a partir d\u2019ESO, batxillerat i cicles formatius.<\/li>\n<li style=\"text-align: justify;\"><strong>Mat\u00e8ries<\/strong>: ci\u00e8ncies socials, ci\u00e8ncies naturals, ci\u00e8ncies de la terra i medi ambient, llengua catalana i educaci\u00f3 f\u00edsica.<\/li>\n<li style=\"text-align: justify;\"><strong>Durada:<\/strong> tot el dia.<\/li>\n<li style=\"text-align: justify;\"><strong>Tipus d\u2019activitat:<\/strong> gimcana per descobrir els racons i la historia de la Vall de N\u00faria.<\/li>\n<li><b>Localitzaci\u00f3:<\/b> Vall de N\u00faria<\/li>\n<li style=\"text-align: justify;\"><strong>Aportaci\u00f3 a les compet\u00e8ncies:<\/strong>\n<ul>\n<li>\u00c0mbit de la cultura i valors.<\/li>\n<li>\u00c0mbit social (ci\u00e8ncies socials)<\/li>\n<li>\u00c0mbit cientificotecnol\u00f2gic (ci\u00e8ncies de la natura)<\/li>\n<li>\u00c0mbit personal i social.<\/li>\n<li>\u00c0mbit cultura i valors.<\/li>\n<li>\u00c0mbit de l\u2019educaci\u00f3 f\u00edsica.<\/li>\n<\/ul>\n<\/li>\n<li style=\"text-align: justify;\"><strong>Objectius:<\/strong>\n<ul>\n<li>Con\u00e8ixer la historia de la vall de N\u00faria dins del context de la historia d\u2019Espanya.<\/li>\n<li>Analitzar els possibles riscos i els impactes ambientals de tota acci\u00f3 sobre el territori.<\/li>\n<\/ul>\n<\/li>\n<li style=\"text-align: justify;\"><strong>Descripci\u00f3 de l\u2019activitat:<\/strong>\n<ul>\n<li><strong>Treball previ a l&#8217;institut:<\/strong> El CdA facilitar\u00e0 al centre una presentaci\u00f3 per sensibilitzar i posar en context als i les alumnes.<\/li>\n<li><strong>Activitat durant l&#8217;estada: <\/strong>Exposarem la situaci\u00f3 de que ha desaparegut la talla de la mare de D\u00e9u de N\u00faria i que l\u2019han de trobar. La informaci\u00f3 que els demana la fitxa que els entenguem els ajudar\u00e0 a resoldre el misteri a trav\u00e9s de con\u00e8ixer les anteriors vegades que ha desaparegut la mare de D\u00e9u.<\/li>\n<li><strong>Propostes de treball posterior:<\/strong>\n<ul>\n<li>Esbrinar quins fets es van donar al seu poble o ciutat entorn el cop d\u2019estat del 1936, la guerra civil i durant la dictadura Franquista. Preguntar a gent gran de la seva fam\u00edlia o del seu entorn si van viure aquella \u00e8poca o quines an\u00e8cdotes els van explicar els seus pares.<\/li>\n<li>Explorar la mitigaci\u00f3 del canvi clim\u00e0tic. Amb quins canvis es poden comprometre a nivell individual, col\u00b7lectiu, i que poden demanar a nivell empresarial i governamental.<\/li>\n<\/ul>\n<\/li>\n<\/ul>\n<\/li>\n<li style=\"text-align: justify;\"><strong>Material que han de dur els alumnes:<\/strong> Roba adequada a l\u2019\u00e8poca de l\u2019any i cal\u00e7at c\u00f2mode. Important portar impermeable encara que les previsions meteorol\u00f2giques no marquin pluja.<\/li>\n<li>Activitat amb cost afegit pel fet del viatge amb cremallera. Preu especial alumne camp d&#8217;aprenentatge. Consultar amb el CdA..<\/li>\n<\/ul>\n","protected":false},"excerpt":{"rendered":"<p>Fitxa did\u00e0ctica <a href=\"https:\/\/serveiseducatius.xtec.cat\/cda-ripolles\/wp-content\/uploads\/usu1377\/2023\/03\/descoberta-talla-mare-de-Deu-Nuria.jpg\"><\/a><\/p>\n<ul>\n<li style=\"text-align: justify;\">Nivell educatiu recomanat: a partir d\u2019ESO, batxillerat i cicles formatius.<\/li>\n<li style=\"text-align: justify;\">Mat\u00e8ries: ci\u00e8ncies socials, ci\u00e8ncies naturals, ci\u00e8ncies de la terra i medi ambient, llengua catalana i educaci\u00f3 f\u00edsica.<\/li>\n<li style=\"text-align: justify;\">Durada: tot el dia.<\/li>\n<li style=\"text-align: justify;\">Tipus d\u2019activitat: gimcana per descobrir els&hellip;  <a href=\"https:\/\/serveiseducatius.xtec.cat\/cda-ripolles\/la-desaparicio-de-la-mare-de-deu-de-nuria\/\" title=\"Read La desaparici\u00f3 de la mare de D\u00e9u de N\u00faria\">Llegeix m\u00e9s\u00bb<\/a><br \/>\n","protected":false},"author":1,"featured_media":0,"parent":0,"menu_order":0,"comment_status":"closed","ping_status":"closed","template":"","meta":{"_bbp_topic_count":0,"_bbp_reply_count":0,"_bbp_total_topic_count":0,"_bbp_total_reply_count":0,"_bbp_voice_count":0,"_bbp_anonymous_reply_count":0,"_bbp_topic_count_hidden":0,"_bbp_reply_count_hidden":0,"_bbp_forum_subforum_count":0,"footnotes":""},"class_list":["post-10105","page","type-page","status-publish","hentry"],"post_mailing_queue_ids":[],"_links":{"self":[{"href":"https:\/\/serveiseducatius.xtec.cat\/cda-ripolles\/wp-json\/wp\/v2\/pages\/10105","targetHints":{"allow":["GET"]}}],"collection":[{"href":"https:\/\/serveiseducatius.xtec.cat\/cda-ripolles\/wp-json\/wp\/v2\/pages"}],"about":[{"href":"https:\/\/serveiseducatius.xtec.cat\/cda-ripolles\/wp-json\/wp\/v2\/types\/page"}],"author":[{"embeddable":true,"href":"https:\/\/serveiseducatius.xtec.cat\/cda-ripolles\/wp-json\/wp\/v2\/users\/1"}],"replies":[{"embeddable":true,"href":"https:\/\/serveiseducatius.xtec.cat\/cda-ripolles\/wp-json\/wp\/v2\/comments?post=10105"}],"version-history":[{"count":3,"href":"https:\/\/serveiseducatius.xtec.cat\/cda-ripolles\/wp-json\/wp\/v2\/pages\/10105\/revisions"}],"predecessor-version":[{"id":10539,"href":"https:\/\/serveiseducatius.xtec.cat\/cda-ripolles\/wp-json\/wp\/v2\/pages\/10105\/revisions\/10539"}],"wp:attachment":[{"href":"https:\/\/serveiseducatius.xtec.cat\/cda-ripolles\/wp-json\/wp\/v2\/media?parent=10105"}],"curies":[{"name":"wp","href":"https:\/\/api.w.org\/{rel}","templated":true}]}}