{"id":10082,"date":"2023-03-08T15:02:17","date_gmt":"2023-03-08T14:02:17","guid":{"rendered":"https:\/\/serveiseducatius.xtec.cat\/cda-ripolles\/?page_id=10082"},"modified":"2023-05-22T10:23:12","modified_gmt":"2023-05-22T08:23:12","slug":"taller-de-bruixeria","status":"publish","type":"page","link":"https:\/\/serveiseducatius.xtec.cat\/cda-ripolles\/taller-de-bruixeria\/","title":{"rendered":"Taller de bruixeria"},"content":{"rendered":"<h4><strong>Fitxa did\u00e0ctica<a href=\"https:\/\/serveiseducatius.xtec.cat\/cda-ripolles\/wp-content\/uploads\/usu1377\/2023\/03\/PHOTO-2023-03-14-13-16-38.jpg\"><img loading=\"lazy\" decoding=\"async\" class=\" wp-image-10101 alignright\" src=\"https:\/\/serveiseducatius.xtec.cat\/cda-ripolles\/wp-content\/uploads\/usu1377\/2023\/03\/PHOTO-2023-03-14-13-16-38-300x225.jpg\" alt=\"\" width=\"440\" height=\"330\" srcset=\"https:\/\/serveiseducatius.xtec.cat\/cda-ripolles\/wp-content\/uploads\/usu1377\/2023\/03\/PHOTO-2023-03-14-13-16-38-300x225.jpg 300w, https:\/\/serveiseducatius.xtec.cat\/cda-ripolles\/wp-content\/uploads\/usu1377\/2023\/03\/PHOTO-2023-03-14-13-16-38-1024x768.jpg 1024w, https:\/\/serveiseducatius.xtec.cat\/cda-ripolles\/wp-content\/uploads\/usu1377\/2023\/03\/PHOTO-2023-03-14-13-16-38-768x576.jpg 768w, https:\/\/serveiseducatius.xtec.cat\/cda-ripolles\/wp-content\/uploads\/usu1377\/2023\/03\/PHOTO-2023-03-14-13-16-38-1536x1152.jpg 1536w, https:\/\/serveiseducatius.xtec.cat\/cda-ripolles\/wp-content\/uploads\/usu1377\/2023\/03\/PHOTO-2023-03-14-13-16-38-200x150.jpg 200w, https:\/\/serveiseducatius.xtec.cat\/cda-ripolles\/wp-content\/uploads\/usu1377\/2023\/03\/PHOTO-2023-03-14-13-16-38.jpg 1600w\" sizes=\"auto, (max-width: 440px) 100vw, 440px\" \/><\/a><\/strong><\/h4>\n<ul>\n<li><strong>Nivell educatiu recomanat :<\/strong> cicle superior de prim\u00e0ria<\/li>\n<li><strong>Mat\u00e8ries:<\/strong> Coneixement del medi social, hist\u00f2ria i llengua catalana.<\/li>\n<li><strong>Durada:<\/strong> Un mat\u00ed o una tarda combinat amb altres tallers de vida medieval: jocs medievals i arquitectura medieval, en aquest s\u2019explicar\u00e0 la llegenda de les bruixes que van ajudar a construir l&#8217;esgl\u00e9sia de Fustany\u00e0.<\/li>\n<li><strong>Tipus d\u2019activitat:<\/strong> Inclou buscar els ingredients amagats, l\u2019experiment de fer una poci\u00f3, contacontes d\u2019una llegenda i col\u00b7loqui sobre l\u2019\u00e8poca medieval, les bruixes i la seva persecuci\u00f3 a l\u2019\u00e8poca moderna.<\/li>\n<li><strong>Aportaci\u00f3 a les compet\u00e8ncies:<\/strong>\n<ul>\n<li>\u00c0mbit cultura i valors<\/li>\n<li>\u00c0mbit social (ci\u00e8ncies socials)<\/li>\n<li>\u00c0mbit cientificotecnol\u00f2gic (biologia i geologia)<\/li>\n<li>\u00c0mbit personal i social.<\/li>\n<li>\u00c0mbit cultura i valors.<\/li>\n<li>\u00c0mbit de l\u2019educaci\u00f3 f\u00edsica.<\/li>\n<\/ul>\n<\/li>\n<li><strong>Objectius:<\/strong>\n<ul>\n<li>Con\u00e8ixer en quin context se les va perseguir<\/li>\n<li>Aprendre d\u2019aquest boc expiatori per no reproduir-ho a l\u2019escola amb l\u2019assetjament escolar, o en general a la societat amb col\u00b7lectius discriminats.<\/li>\n<\/ul>\n<\/li>\n<li><strong>Descripci\u00f3 de l\u2019activitat:<\/strong>\n<ul>\n<li><strong>Treball previ a l&#8217;escola:<\/strong>\n<ul>\n<li>Treball sobre l\u2019\u00e8poca medieval i l\u2019\u00e8poca moderna<\/li>\n<\/ul>\n<\/li>\n<li><strong>Activitat durant l\u2019estada:<\/strong>\n<ul>\n<li>Es buscaran els ingredients de la poci\u00f3 amagats pel jard\u00ed de l\u2019alberg de Planoles.<\/li>\n<li>Es far\u00e0 l\u2019experiment de barrejar-los.<\/li>\n<li>S\u2019explicar\u00e0 la llegenda de l\u2019Ares.<\/li>\n<li>S&#8217;extrauran les conclusions de com va canviar a finals de l\u2019\u00e8poca medieval la vida per aquestes persones que vivien al marge de les normes socials, per\u00f2 sobretot entrada l\u2019edat moderna.<\/li>\n<\/ul>\n<\/li>\n<li><strong>Material que han de dur els alumnes:<\/strong>\n<ul>\n<li>Roba adequada a l\u2019\u00e8poca de l\u2019any i cal\u00e7at c\u00f2mode. Important portar impermeable encara que les previsions meteorol\u00f2giques no marquin pluja.<\/li>\n<\/ul>\n<\/li>\n<li><strong>Proposta de treball posterior:<\/strong>\n<ul>\n<li style=\"font-weight: 400;\" aria-level=\"1\"><span style=\"font-weight: 400;\">Lectura del c\u00f2mic Bruixes 1671 l\u2019any del diluvi.<\/span><\/li>\n<li style=\"font-weight: 400;\" aria-level=\"1\"><span style=\"font-weight: 400;\">Experiments i simulacions diverses a partir de reaccions qu\u00edmiques.<\/span><\/li>\n<li style=\"font-weight: 400;\" aria-level=\"1\"><span style=\"font-weight: 400;\">Les bruixes entre el mite i la realitat. Qu\u00e8 hi ha de cert en tot plegat? Debats, treballs, exposicions, recerques v\u00e0ries aclarint conceptes.<\/span><\/li>\n<\/ul>\n<\/li>\n<\/ul>\n<\/li>\n<\/ul>\n","protected":false},"excerpt":{"rendered":"<p>Fitxa did\u00e0ctica<a href=\"https:\/\/serveiseducatius.xtec.cat\/cda-ripolles\/wp-content\/uploads\/usu1377\/2023\/03\/PHOTO-2023-03-14-13-16-38.jpg\"><\/a><\/p>\n<ul>\n<li>Nivell educatiu recomanat : cicle superior de prim\u00e0ria<\/li>\n<li>Mat\u00e8ries: Coneixement del medi social, hist\u00f2ria i llengua catalana.<\/li>\n<li>Durada: Un mat\u00ed o una tarda combinat amb altres tallers de vida medieval: jocs medievals i arquitectura medieval, en aquest s\u2019explicar\u00e0 la llegenda de les bruixes que van&hellip;  <a href=\"https:\/\/serveiseducatius.xtec.cat\/cda-ripolles\/taller-de-bruixeria\/\" title=\"Read Taller de bruixeria\">Llegeix m\u00e9s\u00bb<\/a><br \/>\n","protected":false},"author":1,"featured_media":0,"parent":0,"menu_order":0,"comment_status":"closed","ping_status":"closed","template":"","meta":{"_bbp_topic_count":0,"_bbp_reply_count":0,"_bbp_total_topic_count":0,"_bbp_total_reply_count":0,"_bbp_voice_count":0,"_bbp_anonymous_reply_count":0,"_bbp_topic_count_hidden":0,"_bbp_reply_count_hidden":0,"_bbp_forum_subforum_count":0,"footnotes":""},"class_list":["post-10082","page","type-page","status-publish","hentry"],"post_mailing_queue_ids":[],"_links":{"self":[{"href":"https:\/\/serveiseducatius.xtec.cat\/cda-ripolles\/wp-json\/wp\/v2\/pages\/10082","targetHints":{"allow":["GET"]}}],"collection":[{"href":"https:\/\/serveiseducatius.xtec.cat\/cda-ripolles\/wp-json\/wp\/v2\/pages"}],"about":[{"href":"https:\/\/serveiseducatius.xtec.cat\/cda-ripolles\/wp-json\/wp\/v2\/types\/page"}],"author":[{"embeddable":true,"href":"https:\/\/serveiseducatius.xtec.cat\/cda-ripolles\/wp-json\/wp\/v2\/users\/1"}],"replies":[{"embeddable":true,"href":"https:\/\/serveiseducatius.xtec.cat\/cda-ripolles\/wp-json\/wp\/v2\/comments?post=10082"}],"version-history":[{"count":4,"href":"https:\/\/serveiseducatius.xtec.cat\/cda-ripolles\/wp-json\/wp\/v2\/pages\/10082\/revisions"}],"predecessor-version":[{"id":10211,"href":"https:\/\/serveiseducatius.xtec.cat\/cda-ripolles\/wp-json\/wp\/v2\/pages\/10082\/revisions\/10211"}],"wp:attachment":[{"href":"https:\/\/serveiseducatius.xtec.cat\/cda-ripolles\/wp-json\/wp\/v2\/media?parent=10082"}],"curies":[{"name":"wp","href":"https:\/\/api.w.org\/{rel}","templated":true}]}}