{"id":10068,"date":"2023-03-08T12:29:06","date_gmt":"2023-03-08T11:29:06","guid":{"rendered":"https:\/\/serveiseducatius.xtec.cat\/cda-ripolles\/?page_id=10068"},"modified":"2023-04-11T12:24:47","modified_gmt":"2023-04-11T10:24:47","slug":"itinerari-guerra-civil-a-ripoll","status":"publish","type":"page","link":"https:\/\/serveiseducatius.xtec.cat\/cda-ripolles\/itinerari-guerra-civil-a-ripoll\/","title":{"rendered":"Itinerari guerra civil a Ripoll"},"content":{"rendered":"<p><span style=\"color: #ff0000;\"><strong>En construcci\u00f3<\/strong><\/span><\/p>\n<h4><span style=\"color: #808080;\"><strong>Fitxa did\u00e0ctica<\/strong><\/span><\/h4>\n<ul>\n<li><strong>Nivell educatiu recomanat:<\/strong><\/li>\n<li><strong>Mat\u00e8ries:<\/strong> Coneixement del medi natural, social i cultural, hist\u00f2ria, llengua i literatura catalanes.<\/li>\n<li><strong>Durada:<\/strong> 2 hores aprox.<\/li>\n<li><strong>Tipus d&#8217;activitat:<\/strong> Itinerari a peu.<\/li>\n<li><strong>Aportaci\u00f3 a les compet\u00e8ncies:<\/strong>\n<ul>\n<li>\u00c0mbit cultura i valors<\/li>\n<li>\u00c0mbit ling\u00fc\u00edstic<\/li>\n<li>\u00c0mbit social (ci\u00e8ncies socials)<\/li>\n<li>\u00c0mbit personal i social<\/li>\n<\/ul>\n<\/li>\n<li><strong>Objectius:<\/strong>\n<ul>\n<li><\/li>\n<\/ul>\n<\/li>\n<li><strong>Descripci\u00f3 de l&#8217;activitat:<\/strong>\n<ul>\n<li><\/li>\n<\/ul>\n<\/li>\n<li><strong>Material que han de dur els alumnes:\u00a0<\/strong> motxilla, cantimplora, roba adequada a l&#8217;\u00e8poca de l&#8217;any i cal\u00e7at c\u00f2mode. Important portar impermeable encara que les previsions meteorol\u00f2giques no marquin pluja.<\/li>\n<li><span style=\"font-family: inherit; font-size: 1em;\"><strong><a href=\"https:\/\/ca.wikiloc.com\/rutes-a-peu\/guerra-civil-a-ripoll-20489875\">Itinerari<\/a><\/strong>\u00a0<\/span><\/li>\n<\/ul>\n","protected":false},"excerpt":{"rendered":"<p>En construcci\u00f3<br \/>\nFitxa did\u00e0ctica<\/p>\n<ul>\n<li>Nivell educatiu recomanat:<\/li>\n<li>Mat\u00e8ries: Coneixement del medi natural, social i cultural, hist\u00f2ria, llengua i literatura catalanes.<\/li>\n<li>Durada: 2 hores aprox.<\/li>\n<li>Tipus d&#8217;activitat: Itinerari a peu.<\/li>\n<li>Aportaci\u00f3 a les compet\u00e8ncies:\n<ul>\n<li>\u00c0mbit cultura i valors<\/li>\n<li>\u00c0mbit ling\u00fc\u00edstic<\/li>\n<li>\u00c0mbit social (ci\u00e8ncies socials)<\/li>\n<li>\u00c0mbit personal i social<\/li>\n<\/ul>\n<\/li>\n<li>Objectius:\n<ul>\n<li><\/li>\n<\/ul>\n<\/li>\n<li>Descripci\u00f3 de l&#8217;activitat:\n<ul>\n<li><\/li>\n<\/ul>\n<\/li>\n<li>Material que han de dur els alumnes:\u00a0&hellip;  <a href=\"https:\/\/serveiseducatius.xtec.cat\/cda-ripolles\/itinerari-guerra-civil-a-ripoll\/\" title=\"Read Itinerari guerra civil a Ripoll\">Llegeix m\u00e9s\u00bb<\/a><br \/>\n","protected":false},"author":1,"featured_media":0,"parent":0,"menu_order":0,"comment_status":"closed","ping_status":"closed","template":"","meta":{"_bbp_topic_count":0,"_bbp_reply_count":0,"_bbp_total_topic_count":0,"_bbp_total_reply_count":0,"_bbp_voice_count":0,"_bbp_anonymous_reply_count":0,"_bbp_topic_count_hidden":0,"_bbp_reply_count_hidden":0,"_bbp_forum_subforum_count":0,"footnotes":""},"class_list":["post-10068","page","type-page","status-publish","hentry"],"post_mailing_queue_ids":[],"_links":{"self":[{"href":"https:\/\/serveiseducatius.xtec.cat\/cda-ripolles\/wp-json\/wp\/v2\/pages\/10068","targetHints":{"allow":["GET"]}}],"collection":[{"href":"https:\/\/serveiseducatius.xtec.cat\/cda-ripolles\/wp-json\/wp\/v2\/pages"}],"about":[{"href":"https:\/\/serveiseducatius.xtec.cat\/cda-ripolles\/wp-json\/wp\/v2\/types\/page"}],"author":[{"embeddable":true,"href":"https:\/\/serveiseducatius.xtec.cat\/cda-ripolles\/wp-json\/wp\/v2\/users\/1"}],"replies":[{"embeddable":true,"href":"https:\/\/serveiseducatius.xtec.cat\/cda-ripolles\/wp-json\/wp\/v2\/comments?post=10068"}],"version-history":[{"count":3,"href":"https:\/\/serveiseducatius.xtec.cat\/cda-ripolles\/wp-json\/wp\/v2\/pages\/10068\/revisions"}],"predecessor-version":[{"id":10147,"href":"https:\/\/serveiseducatius.xtec.cat\/cda-ripolles\/wp-json\/wp\/v2\/pages\/10068\/revisions\/10147"}],"wp:attachment":[{"href":"https:\/\/serveiseducatius.xtec.cat\/cda-ripolles\/wp-json\/wp\/v2\/media?parent=10068"}],"curies":[{"name":"wp","href":"https:\/\/api.w.org\/{rel}","templated":true}]}}