{"id":10053,"date":"2023-03-08T12:13:38","date_gmt":"2023-03-08T11:13:38","guid":{"rendered":"https:\/\/serveiseducatius.xtec.cat\/cda-ripolles\/?page_id=10053"},"modified":"2023-03-27T14:25:31","modified_gmt":"2023-03-27T12:25:31","slug":"refugi-antiaeri-de-ripoll","status":"publish","type":"page","link":"https:\/\/serveiseducatius.xtec.cat\/cda-ripolles\/refugi-antiaeri-de-ripoll\/","title":{"rendered":"Refugi antiaeri de Ripoll"},"content":{"rendered":"<h4><span style=\"color: #ff6600;\"><strong>Fitxa did\u00e0ctica<a href=\"https:\/\/serveiseducatius.xtec.cat\/cda-ripolles\/wp-content\/uploads\/usu1377\/2023\/03\/1CA5E10C-DD50-428B-9803-21B2A670A28B.jpg\"><img loading=\"lazy\" decoding=\"async\" class=\" wp-image-10121 alignright\" src=\"https:\/\/serveiseducatius.xtec.cat\/cda-ripolles\/wp-content\/uploads\/usu1377\/2023\/03\/1CA5E10C-DD50-428B-9803-21B2A670A28B-300x225.jpg\" alt=\"\" width=\"395\" height=\"296\" srcset=\"https:\/\/serveiseducatius.xtec.cat\/cda-ripolles\/wp-content\/uploads\/usu1377\/2023\/03\/1CA5E10C-DD50-428B-9803-21B2A670A28B-300x225.jpg 300w, https:\/\/serveiseducatius.xtec.cat\/cda-ripolles\/wp-content\/uploads\/usu1377\/2023\/03\/1CA5E10C-DD50-428B-9803-21B2A670A28B-1024x768.jpg 1024w, https:\/\/serveiseducatius.xtec.cat\/cda-ripolles\/wp-content\/uploads\/usu1377\/2023\/03\/1CA5E10C-DD50-428B-9803-21B2A670A28B-768x576.jpg 768w, https:\/\/serveiseducatius.xtec.cat\/cda-ripolles\/wp-content\/uploads\/usu1377\/2023\/03\/1CA5E10C-DD50-428B-9803-21B2A670A28B-1536x1152.jpg 1536w, https:\/\/serveiseducatius.xtec.cat\/cda-ripolles\/wp-content\/uploads\/usu1377\/2023\/03\/1CA5E10C-DD50-428B-9803-21B2A670A28B-200x150.jpg 200w, https:\/\/serveiseducatius.xtec.cat\/cda-ripolles\/wp-content\/uploads\/usu1377\/2023\/03\/1CA5E10C-DD50-428B-9803-21B2A670A28B.jpg 2016w\" sizes=\"auto, (max-width: 395px) 100vw, 395px\" \/><\/a> <\/strong><\/span><\/h4>\n<ul>\n<li style=\"text-align: justify;\"><strong>Nivell educatiu:<\/strong> a partir de secund\u00e0ria, per\u00f2 adaptable a CS de prim\u00e0ria.<\/li>\n<li style=\"text-align: justify;\"><strong>Mat\u00e8ries:<\/strong> coneixement del medi social i cultural.<\/li>\n<li style=\"text-align: justify;\"><strong>Durada:<\/strong> 1 hora<\/li>\n<li style=\"text-align: left;\"><strong>Tipus d\u2019activitat:<\/strong>\u00a0 Visita comentada al refugi antiaeri.<\/li>\n<li style=\"text-align: justify;\"><strong>Aportacions a les compet\u00e8ncies:<\/strong>\n<ul>\n<li>\u00c0mbit social (ci\u00e8ncies socials)<\/li>\n<li>\u00c0mbit personal i social.<\/li>\n<li>\u00c0mbit cultura i valors.<\/li>\n<\/ul>\n<\/li>\n<li style=\"text-align: justify;\"><strong>Objectius:<\/strong>\n<ul>\n<li>Con\u00e8ixer el passat hist\u00f2ric a trav\u00e9s d&#8217;infraestructures i hist\u00f2ries de diferents persones.<\/li>\n<\/ul>\n<\/li>\n<li><strong>Descripci\u00f3 de l\u2019activitat:<\/strong>\n<ul>\n<li><strong>Activitats pr\u00e8vies a l&#8217;estada:<\/strong>\n<ul>\n<li>Si el centre ho desitja es poden enviar imatges i v\u00eddeos de l&#8217;\u00e8poca i actuals amb testimonis de l&#8217;\u00e8poca per comentar a l&#8217;aula.<\/li>\n<\/ul>\n<\/li>\n<li><strong>Activitat durant l&#8217;estada:<\/strong>\n<ul>\n<li style=\"text-align: justify;\">L&#8217;activitat comen\u00e7a al vest\u00edbul del museu on hi ha objectes dels anys de la guerra civil espanyola a Ripoll per posar en context. Es continua fins l&#8217;est\u00e0tua del 27 de maig per recordar diferents guerres i com es van viure a Ripoll.\u00a0 Per acabar s&#8217;entra al refugi antiaeri on s&#8217;explica com est\u00e0 fet, qui el va fer i experi\u00e8ncies documentades v\u00e0ries.<\/li>\n<\/ul>\n<\/li>\n<li><strong>Propostes post activitat:<\/strong>\n<ul>\n<li style=\"list-style-type: none;\"><\/li>\n<li>Com viuen la guerra diferents personatges m\u00e9s enll\u00e0 dels b\u00e0ndols (infant, jove, pares, obrer, empresari, pol\u00edtic, etc.)\u00a0 Infraestructures de guerra.\u00a0 Post guerra.\u00a0 Localitzacions significatives de la guerra civil properes al centre educatiu d&#8217;origen i a Catalunya, etc.<\/li>\n<\/ul>\n<ul>\n<li><strong>Material que han de dur els alumnes:<\/strong> no es necessita material espec\u00edfic.<\/li>\n<li><strong>Observacions:<\/strong> es recomana complementar el dia a Ripoll amb alguna altra activitat d&#8217;inter\u00e8s pel centre.\u00a0\u00a0Complement de l&#8217;itinerari de Ripoll en guerra civil i altres activitats de la comarca.\u00a0 Activitat pertanyent al <a href=\"https:\/\/projectes.xtec.cat\/camps\/categoria\/grups-de-treball\/guerra-civil-i-exili\/\">grup de treball de la guerra civil i exili dels camps i entorns d&#8217;aprenentatge.<\/a><\/li>\n<\/ul>\n<\/li>\n<\/ul>\n<\/li>\n<\/ul>\n","protected":false},"excerpt":{"rendered":"<p>Fitxa did\u00e0ctica<a href=\"https:\/\/serveiseducatius.xtec.cat\/cda-ripolles\/wp-content\/uploads\/usu1377\/2023\/03\/1CA5E10C-DD50-428B-9803-21B2A670A28B.jpg\"><\/a> <\/p>\n<ul>\n<li style=\"text-align: justify;\">Nivell educatiu: a partir de secund\u00e0ria, per\u00f2 adaptable a CS de prim\u00e0ria.<\/li>\n<li style=\"text-align: justify;\">Mat\u00e8ries: coneixement del medi social i cultural.<\/li>\n<li style=\"text-align: justify;\">Durada: 1 hora<\/li>\n<li style=\"text-align: left;\">Tipus d\u2019activitat:\u00a0 Visita comentada al refugi antiaeri.<\/li>\n<li style=\"text-align: justify;\">Aportacions a les compet\u00e8ncies:\n<ul>\n<li>\u00c0mbit social (ci\u00e8ncies socials)<\/li>\n<li>\u00c0mbit&hellip;  <a href=\"https:\/\/serveiseducatius.xtec.cat\/cda-ripolles\/refugi-antiaeri-de-ripoll\/\" title=\"Read Refugi antiaeri de Ripoll\">Llegeix m\u00e9s\u00bb<\/a><br \/>\n","protected":false},"author":1,"featured_media":0,"parent":0,"menu_order":0,"comment_status":"closed","ping_status":"closed","template":"","meta":{"_bbp_topic_count":0,"_bbp_reply_count":0,"_bbp_total_topic_count":0,"_bbp_total_reply_count":0,"_bbp_voice_count":0,"_bbp_anonymous_reply_count":0,"_bbp_topic_count_hidden":0,"_bbp_reply_count_hidden":0,"_bbp_forum_subforum_count":0,"footnotes":""},"class_list":["post-10053","page","type-page","status-publish","hentry"],"post_mailing_queue_ids":[],"_links":{"self":[{"href":"https:\/\/serveiseducatius.xtec.cat\/cda-ripolles\/wp-json\/wp\/v2\/pages\/10053","targetHints":{"allow":["GET"]}}],"collection":[{"href":"https:\/\/serveiseducatius.xtec.cat\/cda-ripolles\/wp-json\/wp\/v2\/pages"}],"about":[{"href":"https:\/\/serveiseducatius.xtec.cat\/cda-ripolles\/wp-json\/wp\/v2\/types\/page"}],"author":[{"embeddable":true,"href":"https:\/\/serveiseducatius.xtec.cat\/cda-ripolles\/wp-json\/wp\/v2\/users\/1"}],"replies":[{"embeddable":true,"href":"https:\/\/serveiseducatius.xtec.cat\/cda-ripolles\/wp-json\/wp\/v2\/comments?post=10053"}],"version-history":[{"count":4,"href":"https:\/\/serveiseducatius.xtec.cat\/cda-ripolles\/wp-json\/wp\/v2\/pages\/10053\/revisions"}],"predecessor-version":[{"id":10130,"href":"https:\/\/serveiseducatius.xtec.cat\/cda-ripolles\/wp-json\/wp\/v2\/pages\/10053\/revisions\/10130"}],"wp:attachment":[{"href":"https:\/\/serveiseducatius.xtec.cat\/cda-ripolles\/wp-json\/wp\/v2\/media?parent=10053"}],"curies":[{"name":"wp","href":"https:\/\/api.w.org\/{rel}","templated":true}]}}