{"id":8197,"date":"2013-11-15T13:39:26","date_gmt":"2013-11-15T12:39:26","guid":{"rendered":"http:\/\/blocs.xtec.cat\/plantillacda\/?page_id=171"},"modified":"2016-06-21T11:03:53","modified_gmt":"2016-06-21T10:03:53","slug":"el-riu","status":"publish","type":"page","link":"https:\/\/serveiseducatius.xtec.cat\/cda-paucasals\/ambits\/el-riu\/","title":{"rendered":"El riu"},"content":{"rendered":"<p><a href=\"http:\/\/serveiseducatius.xtec.cat\/cda-paucasals\/wp-content\/uploads\/usu133\/2013\/11\/capc_riusalabr2.jpg\" rel=\"attachment wp-att-8307\"><img loading=\"lazy\" decoding=\"async\" class=\"alignnone  wp-image-8307\" src=\"http:\/\/serveiseducatius.xtec.cat\/cda-paucasals\/wp-content\/uploads\/usu133\/2013\/11\/capc_riusalabr2.jpg\" alt=\"capc_riusalabr2\" width=\"725\" height=\"162\" srcset=\"https:\/\/serveiseducatius.xtec.cat\/cda-paucasals\/wp-content\/uploads\/usu133\/2013\/11\/capc_riusalabr2.jpg 1000w, https:\/\/serveiseducatius.xtec.cat\/cda-paucasals\/wp-content\/uploads\/usu133\/2013\/11\/capc_riusalabr2-300x67.jpg 300w, https:\/\/serveiseducatius.xtec.cat\/cda-paucasals\/wp-content\/uploads\/usu133\/2013\/11\/capc_riusalabr2-768x172.jpg 768w\" sizes=\"auto, (max-width: 725px) 100vw, 725px\" \/><\/a><\/p>\n<p><strong>Activitats relacionades:<\/strong><\/p>\n<ul>\n<li><a title=\"les fonts del llobregat\" href=\"http:\/\/serveiseducatius.xtec.cat\/cda-paucasals\/ambits\/totes-les-activitats\/fongs-bolets\/\"><span style=\"line-height: 15px;\">Les fonts del Llobregat<\/span><\/a><\/li>\n<li>An\u00e0lisi f\u00edsica i qu\u00edmica aigua riu<\/li>\n<li>An\u00e0lisi f\u00edsica i qu\u00edmica i biol\u00f2gica aigua riu<\/li>\n<\/ul>\n<p><strong>Recursos relacionats:<\/strong><\/p>\n<ul>\n<li>Activitats interactives (Webquest, etc)<\/li>\n<li>Dossiers<\/li>\n<li>Enlla\u00e7os a p\u00e0gines externes<\/li>\n<\/ul>\n<h1><\/h1>\n","protected":false},"excerpt":{"rendered":"<p><a href=\"http:\/\/serveiseducatius.xtec.cat\/cda-paucasals\/wp-content\/uploads\/usu133\/2013\/11\/capc_riusalabr2.jpg\" rel=\"attachment wp-att-8307\"><\/a><br \/>\nActivitats relacionades:<\/p>\n<ul>\n<li><a title=\"les fonts del llobregat\" href=\"http:\/\/serveiseducatius.xtec.cat\/cda-paucasals\/ambits\/totes-les-activitats\/fongs-bolets\/\">Les fonts del Llobregat<\/a><\/li>\n<li>An\u00e0lisi f\u00edsica i qu\u00edmica aigua riu<\/li>\n<li>An\u00e0lisi f\u00edsica i qu\u00edmica i biol\u00f2gica aigua riu<\/li>\n<\/ul>\n<p>Recursos relacionats:<\/p>\n<ul>\n<li>Activitats interactives (Webquest, etc)<\/li>\n<li>Dossiers<\/li>\n<li>Enlla\u00e7os a p\u00e0gines externes<\/li>\n<\/ul>\n","protected":false},"author":1,"featured_media":0,"parent":8235,"menu_order":10,"comment_status":"open","ping_status":"open","template":"page-templates\/side-menu.php","meta":{"_bbp_topic_count":0,"_bbp_reply_count":0,"_bbp_total_topic_count":0,"_bbp_total_reply_count":0,"_bbp_voice_count":0,"_bbp_anonymous_reply_count":0,"_bbp_topic_count_hidden":0,"_bbp_reply_count_hidden":0,"_bbp_forum_subforum_count":0,"footnotes":""},"class_list":["post-8197","page","type-page","status-publish","hentry"],"post_mailing_queue_ids":[],"_links":{"self":[{"href":"https:\/\/serveiseducatius.xtec.cat\/cda-paucasals\/wp-json\/wp\/v2\/pages\/8197","targetHints":{"allow":["GET"]}}],"collection":[{"href":"https:\/\/serveiseducatius.xtec.cat\/cda-paucasals\/wp-json\/wp\/v2\/pages"}],"about":[{"href":"https:\/\/serveiseducatius.xtec.cat\/cda-paucasals\/wp-json\/wp\/v2\/types\/page"}],"author":[{"embeddable":true,"href":"https:\/\/serveiseducatius.xtec.cat\/cda-paucasals\/wp-json\/wp\/v2\/users\/1"}],"replies":[{"embeddable":true,"href":"https:\/\/serveiseducatius.xtec.cat\/cda-paucasals\/wp-json\/wp\/v2\/comments?post=8197"}],"version-history":[{"count":0,"href":"https:\/\/serveiseducatius.xtec.cat\/cda-paucasals\/wp-json\/wp\/v2\/pages\/8197\/revisions"}],"up":[{"embeddable":true,"href":"https:\/\/serveiseducatius.xtec.cat\/cda-paucasals\/wp-json\/wp\/v2\/pages\/8235"}],"wp:attachment":[{"href":"https:\/\/serveiseducatius.xtec.cat\/cda-paucasals\/wp-json\/wp\/v2\/media?parent=8197"}],"curies":[{"name":"wp","href":"https:\/\/api.w.org\/{rel}","templated":true}]}}