{"id":71,"date":"2013-11-14T19:47:14","date_gmt":"2013-11-14T18:47:14","guid":{"rendered":"http:\/\/blocs.xtec.cat\/plantillacda\/?page_id=71"},"modified":"2016-06-21T11:21:05","modified_gmt":"2016-06-21T10:21:05","slug":"on-som","status":"publish","type":"page","link":"https:\/\/serveiseducatius.xtec.cat\/cda-paucasals\/el-camp\/on-som\/","title":{"rendered":"On som"},"content":{"rendered":"<p>La seu del CdA est\u00e0 ubicada a <strong>Guardiola de Bergued\u00e0<\/strong> i la casa on es realitzen les estades a <strong>4km<\/strong> de <strong>La Pobla de Lillet<\/strong>.<\/p>\n<p><iframe loading=\"lazy\" style=\"border: 0;\" src=\"https:\/\/www.google.com\/maps\/embed?pb=!1m18!1m12!1m3!1d47865.917017106796!2d2.0617567482464763!3d41.42577094572662!2m3!1f0!2f0!3f0!3m2!1i1024!2i768!4f13.1!3m3!1m2!1s0x12a490bd9b7b01ed%3A0x4535064cf8aa1b44!2sCamp+d'Aprenentatge+Can+Santoi!5e0!3m2!1sca!2ses!4v1466504449089\" width=\"600\" height=\"450\" frameborder=\"0\" allowfullscreen=\"allowfullscreen\"><\/iframe><br \/>\n<small><a style=\"color: #0000ff; text-align: left;\" href=\"https:\/\/maps.google.es\/maps?f=q&amp;source=embed&amp;hl=ca&amp;geocode=&amp;q=Camp+d'Aprenentatge+Alt+bergueda&amp;aq=t&amp;sll=41.39479,2.148768&amp;sspn=0.208873,0.305901&amp;ie=UTF8&amp;hq=Camp+d'Aprenentatge+Alt+bergueda&amp;hnear=&amp;radius=15000&amp;t=m&amp;cid=6859762148946524423&amp;ll=42.350425,1.950073&amp;spn=0.487159,0.878906&amp;z=10&amp;iwloc=A\">Mostra un mapa m\u00e9s gran<\/a><\/small><\/p>\n<h4>Com arribar-hi<\/h4>\n<p>Al Camp d&#8217;Aprenentatge de l&#8217;Alt Bergued\u00e0 s&#8217;hi accedeix <strong>a trav\u00e9s de l&#8217;Eix del Llobregat (C-16)<\/strong>, a la <strong>sortida de Guardiola de Bergued\u00e0<\/strong>. Les instal\u00b7lacions es troben just a l&#8217;entrada del poble, a m\u00e0 dreta compartint edifici amb el CEIP Sant Lloren\u00e7.<\/p>\n<p>{Si aplica, explicar com arribar en transport p\u00fablic}<\/p>\n<h4>Instal\u00b7lacions<\/h4>\n<p>Disposem de dues aules de treball i un laboratori.<\/p>\n<h4>Al\u00b7lotjament<\/h4>\n<p>Per anar a <strong>la casa de La Sala<\/strong>, on fareu l&#8217;estada, no cal entrar a Guardiola. S&#8217;ha de seguir uns 200 metres m\u00e9s, per la C-16, i agafar la sortida cap a La Pobla de Lillet. Al cap d&#8217;uns sis quil\u00f2metres, a m\u00e0 esquerra, es troba el trencant que porta a la casa. M\u00e9s informaci\u00f3 a la nostre secci\u00f3 <a title=\"Al\u00b7lotjament\" href=\"http:\/\/serveiseducatius.xtec.cat\/cda-paucasals\/el-camp\/al%c2%b7lotjament\/\">Al\u00b7lotjament<\/a>.<\/p>\n<p><a href=\"http:\/\/www.xtec.cat\/cda-altbergueda\/informacio\/mapa\/planol%20arribada.gif\"> <img decoding=\"async\" src=\"http:\/\/www.xtec.cat\/cda-altbergueda\/informacio\/mapa\/planol%20arribada.gif\" alt=\"\" width=\"400px\" \/><\/a><\/p>\n","protected":false},"excerpt":{"rendered":"<p>La seu del CdA est\u00e0 ubicada a Guardiola de Bergued\u00e0 i la casa on es realitzen les estades a 4km de La Pobla de Lillet.<\/p>\n<p><a style=\"color: #0000ff; text-align: left;\" href=\"https:\/\/maps.google.es\/maps?f=q&amp;source=embed&amp;hl=ca&amp;geocode=&amp;q=Camp+d'Aprenentatge+Alt+bergueda&amp;aq=t&amp;sll=41.39479,2.148768&amp;sspn=0.208873,0.305901&amp;ie=UTF8&amp;hq=Camp+d'Aprenentatge+Alt+bergueda&amp;hnear=&amp;radius=15000&amp;t=m&amp;cid=6859762148946524423&amp;ll=42.350425,1.950073&amp;spn=0.487159,0.878906&amp;z=10&amp;iwloc=A\">Mostra un mapa m\u00e9s gran<\/a><br \/>\nCom arribar-hi<br \/>\nAl Camp d&#8217;Aprenentatge de l&#8217;Alt Bergued\u00e0 s&#8217;hi accedeix a trav\u00e9s de&hellip;  <a href=\"https:\/\/serveiseducatius.xtec.cat\/cda-paucasals\/el-camp\/on-som\/\" title=\"Read On som\">Llegeix m\u00e9s\u00bb<\/a><\/p>\n","protected":false},"author":1,"featured_media":0,"parent":8225,"menu_order":30,"comment_status":"closed","ping_status":"closed","template":"page-templates\/side-menu.php","meta":{"_bbp_topic_count":0,"_bbp_reply_count":0,"_bbp_total_topic_count":0,"_bbp_total_reply_count":0,"_bbp_voice_count":0,"_bbp_anonymous_reply_count":0,"_bbp_topic_count_hidden":0,"_bbp_reply_count_hidden":0,"_bbp_forum_subforum_count":0,"footnotes":""},"class_list":["post-71","page","type-page","status-publish","hentry"],"post_mailing_queue_ids":[],"_links":{"self":[{"href":"https:\/\/serveiseducatius.xtec.cat\/cda-paucasals\/wp-json\/wp\/v2\/pages\/71","targetHints":{"allow":["GET"]}}],"collection":[{"href":"https:\/\/serveiseducatius.xtec.cat\/cda-paucasals\/wp-json\/wp\/v2\/pages"}],"about":[{"href":"https:\/\/serveiseducatius.xtec.cat\/cda-paucasals\/wp-json\/wp\/v2\/types\/page"}],"author":[{"embeddable":true,"href":"https:\/\/serveiseducatius.xtec.cat\/cda-paucasals\/wp-json\/wp\/v2\/users\/1"}],"replies":[{"embeddable":true,"href":"https:\/\/serveiseducatius.xtec.cat\/cda-paucasals\/wp-json\/wp\/v2\/comments?post=71"}],"version-history":[{"count":0,"href":"https:\/\/serveiseducatius.xtec.cat\/cda-paucasals\/wp-json\/wp\/v2\/pages\/71\/revisions"}],"up":[{"embeddable":true,"href":"https:\/\/serveiseducatius.xtec.cat\/cda-paucasals\/wp-json\/wp\/v2\/pages\/8225"}],"wp:attachment":[{"href":"https:\/\/serveiseducatius.xtec.cat\/cda-paucasals\/wp-json\/wp\/v2\/media?parent=71"}],"curies":[{"name":"wp","href":"https:\/\/api.w.org\/{rel}","templated":true}]}}