{"id":54,"date":"2013-11-14T18:56:33","date_gmt":"2013-11-14T17:56:33","guid":{"rendered":"http:\/\/blocs.xtec.cat\/plantillacda\/?page_id=54"},"modified":"2016-06-22T10:45:31","modified_gmt":"2016-06-22T09:45:31","slug":"presentacio","status":"publish","type":"page","link":"https:\/\/serveiseducatius.xtec.cat\/cda-paucasals\/el-camp\/presentacio\/","title":{"rendered":"Presentaci\u00f3"},"content":{"rendered":"<p>El <strong>Camp d\u2019Aprenentatge<sup>1<\/sup> de l\u2019Alt Bergued\u00e0<\/strong> est\u00e0 situat al Prepirineu catal\u00e0, en una zona de muntanya mitjana i alta, al costat del <strong>Parc Natural Cad\u00ed-Moixer\u00f3<\/strong> i\u00a0t\u00e9 com a \u00e0mbits de treball m\u00e9s significatius:<\/p>\n<ul>\n<li><strong>el riu<\/strong> (morfologia, vegetaci\u00f3 de ribera i qualitat de l&#8217;aigua)<\/li>\n<li><strong>el bosc<\/strong> (vegetaci\u00f3 i rastres animals)<\/li>\n<li>els <strong>fongs<\/strong> i els <strong>bolets<\/strong> (morfologia i identificaci\u00f3)<\/li>\n<li>l&#8217;estudi del <strong>Pedraforca<\/strong>, <strong>la cova de la Tuta<\/strong> i <strong><strong>les fonts del Llobregat<\/strong><\/strong><\/li>\n<\/ul>\n<p><iframe loading=\"lazy\" src=\"\/\/www.youtube.com\/embed\/u7vJ1HAqYYE\" width=\"640\" height=\"480\" frameborder=\"0\" allowfullscreen=\"allowfullscreen\"><\/iframe><\/p>\n<p>Les activitats d&#8217;aquest camp s\u00f3n adequades als alumnes dels seg\u00fcents nivells educatius:<\/p>\n<p><a href=\"http:\/\/serveiseducatius.xtec.cat\/cda-paucasals\/wp-content\/uploads\/usu133\/2013\/11\/2013-11-17_1231.png\"><img loading=\"lazy\" decoding=\"async\" class=\"size-full wp-image-275 aligncenter\" src=\"http:\/\/serveiseducatius.xtec.cat\/cda-paucasals\/wp-content\/uploads\/usu133\/2013\/11\/2013-11-17_1231.png\" alt=\"graella nivells educatius\" width=\"656\" height=\"110\" srcset=\"https:\/\/serveiseducatius.xtec.cat\/cda-paucasals\/wp-content\/uploads\/usu133\/2013\/11\/2013-11-17_1231.png 656w, https:\/\/serveiseducatius.xtec.cat\/cda-paucasals\/wp-content\/uploads\/usu133\/2013\/11\/2013-11-17_1231-300x50.png 300w\" sizes=\"auto, (max-width: 656px) 100vw, 656px\" \/><\/a><\/p>\n<h4><strong>Una mica d&#8217;historia<\/strong><\/h4>\n<p>El CdA Els Monestirs es va crear durant el curs 1990-1991 per una acord entre Departament d&#8217;Ensenyament i el llavors Abat de Poblet Dom Maur Esteva per a descobrir els monestirs. Actualment comparteix el Servei i ha ampliat les activitats amb el Paratge Natural d\u2019Inter\u00e8s Nacional de Poblet (PNIN).<\/p>\n<h4>Qui som<\/h4>\n<p>Actualment hi treballem tres mestres de prim\u00e0ria (<span style=\"color: #000000;\">Nom1<\/span>, Nom2, Nom3) i una professora de secund\u00e0ria (Nom4) del Departament d&#8217;Educaci\u00f3 de la Generalitat. \u00a0La nostra tasca docent amb els alumnes es desenvolupa seguint l&#8217;horari escolar, aproximadament les 9 del mat\u00ed fins a les 5 de la tarda.<\/p>\n<p>Els centres educatius que fan estada de tres a cinc dies al nostre Camp, s&#8217;allotgen i realitzen les activitats programades a <strong>la casa de La Sala<\/strong>, situada entre <strong>Guardiola de Bergued\u00e0<\/strong> i <strong>La Pobla de Lillet<\/strong>. Podeu trobar m\u00e9s informaci\u00f3 sobre el nostre camp a les seccions de <a title=\"On som\" href=\"http:\/\/blocs.xtec.cat\/plantillacda\/on-som\/\">On Som<\/a>\u00a0i <a title=\"Al\u00b7lotjament\" href=\"http:\/\/blocs.xtec.cat\/plantillacda\/al%c2%b7lotjament\/\">Allotjament<\/a>.<\/p>\n<p><a href=\"http:\/\/serveiseducatius.xtec.cat\/cda-paucasals\/wp-content\/uploads\/usu133\/2013\/11\/cda-qui-som2.png\"><img loading=\"lazy\" decoding=\"async\" class=\"size-full wp-image-484 aligncenter\" src=\"http:\/\/serveiseducatius.xtec.cat\/cda-paucasals\/wp-content\/uploads\/usu133\/2013\/11\/cda-qui-som2.png\" alt=\"cda-qui-som\" width=\"711\" height=\"291\" srcset=\"https:\/\/serveiseducatius.xtec.cat\/cda-paucasals\/wp-content\/uploads\/usu133\/2013\/11\/cda-qui-som2.png 711w, https:\/\/serveiseducatius.xtec.cat\/cda-paucasals\/wp-content\/uploads\/usu133\/2013\/11\/cda-qui-som2-300x123.png 300w\" sizes=\"auto, (max-width: 711px) 100vw, 711px\" \/><\/a><\/p>\n<h4>Objectius<\/h4>\n<ul>\n<li>Posar a l\u2019abast dels centres els mitjans did\u00e0ctics necessaris per al coneixement i la comprensi\u00f3 de les restes d\u2019una ciutat que canvia i evoluciona al llarg del temps: \u00e8poca romana, medieval, etc.<\/li>\n<li>Fer con\u00e8ixer als alumnes la necessitat de les relacions i la interdepend\u00e8ncia de la ciutat amb el seu territori.<\/li>\n<li>Con\u00e8ixer i comprendre l\u2019estructura urbana d\u2019una ciutat.<\/li>\n<li>Entendre la ciutat com a ecosistema.<\/li>\n<li>Potenciar el treball de camp com una eina did\u00e0ctica b\u00e0sica per al coneixement de l\u2019entorn.<\/li>\n<li>Sensibilitzar als estudiants vers la necessitat de con\u00e8ixer, respectar i estimar el medi que ens envolta.<\/li>\n<li>Posar els nois\/es en contacte amb el medi f\u00edsic, econ\u00f2mic, industrial i social de la ciutat i el seu camp d\u2019influ\u00e8ncia.<\/li>\n<li>Procurar que els alumnes desenvolupin t\u00e8cniques d\u2019investigaci\u00f3 i de treball cient\u00edfic conforme les indicacions del Departament d\u2019Educaci\u00f3.<\/li>\n<\/ul>\n<p><strong><span style=\"font-size: large;\">Us hi esperem!<\/span><\/strong><\/p>\n<hr \/>\n<p><span style=\"color: #808080;\"><span style=\"font-size: small;\"><sup>1<\/sup><\/span><span style=\"font-size: small;\">Els camps d&#8217;aprenentatge s\u00f3n serveis educatius del Departament d&#8217;Ensenyament que ofereixen al professorat i als centres docents la possibilitat de desenvolupar projectes de treball per a l&#8217;estudi i l&#8217;experimentaci\u00f3 en un medi singular de Catalunya; s&#8217;adrecen principalment a alumnes d&#8217;educaci\u00f3 prim\u00e0ria, secund\u00e0ria, cicles formatius i batxillerat. Podeu trobar m\u00e9s informaci\u00f3 a:\u00a0<a href=\"http:\/\/xtec.gencat.cat\/ca\/serveis\/cda\/queson\/\" target=\"_blank\">http:\/\/xtec.gencat.cat\/ca\/serveis\/cda\/queson\/<\/a><\/span><\/span><\/p>\n","protected":false},"excerpt":{"rendered":"<p>El Camp d\u2019Aprenentatge1 de l\u2019Alt Bergued\u00e0 est\u00e0 situat al Prepirineu catal\u00e0, en una zona de muntanya mitjana i alta, al costat del Parc Natural Cad\u00ed-Moixer\u00f3 i\u00a0t\u00e9 com a \u00e0mbits de treball m\u00e9s significatius:<\/p>\n<ul>\n<li>el riu (morfologia, vegetaci\u00f3 de ribera i qualitat de l&#8217;aigua)<\/li>\n<li>el bosc (vegetaci\u00f3 i&hellip;  <a href=\"https:\/\/serveiseducatius.xtec.cat\/cda-paucasals\/el-camp\/presentacio\/\" title=\"Read Presentaci\u00f3\">Llegeix m\u00e9s\u00bb<\/a><br \/>\n","protected":false},"author":1,"featured_media":0,"parent":8225,"menu_order":10,"comment_status":"closed","ping_status":"closed","template":"page-templates\/side-menu.php","meta":{"_bbp_topic_count":0,"_bbp_reply_count":0,"_bbp_total_topic_count":0,"_bbp_total_reply_count":0,"_bbp_voice_count":0,"_bbp_anonymous_reply_count":0,"_bbp_topic_count_hidden":0,"_bbp_reply_count_hidden":0,"_bbp_forum_subforum_count":0,"footnotes":""},"class_list":["post-54","page","type-page","status-publish","hentry"],"post_mailing_queue_ids":[],"_links":{"self":[{"href":"https:\/\/serveiseducatius.xtec.cat\/cda-paucasals\/wp-json\/wp\/v2\/pages\/54","targetHints":{"allow":["GET"]}}],"collection":[{"href":"https:\/\/serveiseducatius.xtec.cat\/cda-paucasals\/wp-json\/wp\/v2\/pages"}],"about":[{"href":"https:\/\/serveiseducatius.xtec.cat\/cda-paucasals\/wp-json\/wp\/v2\/types\/page"}],"author":[{"embeddable":true,"href":"https:\/\/serveiseducatius.xtec.cat\/cda-paucasals\/wp-json\/wp\/v2\/users\/1"}],"replies":[{"embeddable":true,"href":"https:\/\/serveiseducatius.xtec.cat\/cda-paucasals\/wp-json\/wp\/v2\/comments?post=54"}],"version-history":[{"count":0,"href":"https:\/\/serveiseducatius.xtec.cat\/cda-paucasals\/wp-json\/wp\/v2\/pages\/54\/revisions"}],"up":[{"embeddable":true,"href":"https:\/\/serveiseducatius.xtec.cat\/cda-paucasals\/wp-json\/wp\/v2\/pages\/8225"}],"wp:attachment":[{"href":"https:\/\/serveiseducatius.xtec.cat\/cda-paucasals\/wp-json\/wp\/v2\/media?parent=54"}],"curies":[{"name":"wp","href":"https:\/\/api.w.org\/{rel}","templated":true}]}}